{"id":13638,"date":"2022-01-25T16:17:41","date_gmt":"2022-01-25T15:17:41","guid":{"rendered":"https:\/\/tourisme-terrestouloises.com\/praktische-infos-und-anreise\/oeffnungszeiten-und-kontakt\/"},"modified":"2025-04-30T17:44:58","modified_gmt":"2025-04-30T15:44:58","slug":"oeffnungszeiten-und-kontakt","status":"publish","type":"page","link":"https:\/\/tourisme-terrestouloises.com\/de\/meinen-aufenthalt-vorbereiten\/praktische-infos-und-anreise\/oeffnungszeiten-und-kontakt\/","title":{"rendered":"\u00d6ffnungszeiten und kontakt"},"content":{"rendered":"\t\t<div data-elementor-type=\"wp-page\" data-elementor-id=\"13638\" class=\"elementor elementor-13638 elementor-772\" data-elementor-post-type=\"page\">\n\t\t\t\t\t\t<section class=\"elementor-section elementor-top-section elementor-element elementor-element-3eba01f elementor-section-boxed elementor-section-height-default elementor-section-height-default\" data-id=\"3eba01f\" data-element_type=\"section\" data-e-type=\"section\" data-settings=\"{&quot;background_background&quot;:&quot;classic&quot;}\">\n\t\t\t\t\t\t<div class=\"elementor-container elementor-column-gap-default\">\n\t\t\t\t\t<div class=\"elementor-column elementor-col-33 elementor-top-column elementor-element elementor-element-8dee438\" data-id=\"8dee438\" data-element_type=\"column\" data-e-type=\"column\">\n\t\t\t<div class=\"elementor-widget-wrap elementor-element-populated\">\n\t\t\t\t\t\t<div class=\"elementor-element elementor-element-3767570 elementor-invisible elementor-widget elementor-widget-heading\" data-id=\"3767570\" data-element_type=\"widget\" data-e-type=\"widget\" data-settings=\"{&quot;_animation&quot;:&quot;fadeIn&quot;}\" data-widget_type=\"heading.default\">\n\t\t\t\t<div class=\"elementor-widget-container\">\n\t\t\t\t\t<h2 class=\"elementor-heading-title elementor-size-default\">\u00d6ffnungszeiten<\/h2>\t\t\t\t<\/div>\n\t\t\t\t<\/div>\n\t\t\t\t<div class=\"elementor-element elementor-element-95421ac elementor-widget elementor-widget-text-editor\" data-id=\"95421ac\" data-element_type=\"widget\" data-e-type=\"widget\" data-widget_type=\"text-editor.default\">\n\t\t\t\t<div class=\"elementor-widget-container\">\n\t\t\t\t\t\t\t\t\t<p><strong>DAS HAUS DES TOURISMUS STEHT IHNEN RUND UMS JAHR ZUR VERF\u00dcGUNG<\/strong><br \/>1, place Charles-de-Gaulle 54205 Toul Cedex<\/p><p><strong>\u00d6ffnungszeiten vom 1. Oktober bis 30. April<\/strong><br \/>Montags 14.00 \u2013 17.30 Uhr\u00a0 \u00a0 \u00a0 \u00a0 \u00a0 \u00a0 \u00a0 \u00a0 \u00a0 \u00a0 \u00a0 \u00a0 \u00a0 \u00a0 \u00a0 \u00a0 \u00a0 \u00a0 \u00a0 \u00a0 \u00a0 \u00a0 \u00a0 \u00a0 Dienstags \u2013 samstags 10.00 \u2013 12.00 Uhr und 14.00 \u2013 17.30 Uhr<\/p><p><strong>\u00d6ffnungszeiten vom 1. Mai bis 30. September<\/strong><br \/>Montags \u2013 samstags 10.00 \u2013 12.30 Uhr und 14.00 \u2013 18.00 Uhr<br \/>Sonntags und Feiertage 14.00 \u2013 18.00 Uhr\u00a0<\/p><p><strong>Per Telefon:<\/strong><br \/><a href=\"tel:+33383649060\">+33 (0)3 83 64 90 60<\/a><\/p>\t\t\t\t\t\t\t\t<\/div>\n\t\t\t\t<\/div>\n\t\t\t\t<div class=\"elementor-element elementor-element-3996d5f elementor-widget elementor-widget-html\" data-id=\"3996d5f\" data-element_type=\"widget\" data-e-type=\"widget\" data-widget_type=\"html.default\">\n\t\t\t\t<div class=\"elementor-widget-container\">\n\t\t\t\t\t<script>jQuery(document).on('click', '#button-tel-contact', function(){\n        jQuery('#btn-tel .elementor-button-text').text('00 33 (0)3 83 64 90 60');\n    });\n<\/script>\t\t\t\t<\/div>\n\t\t\t\t<\/div>\n\t\t\t\t\t<\/div>\n\t\t<\/div>\n\t\t\t\t<div class=\"elementor-column elementor-col-66 elementor-top-column elementor-element elementor-element-1077321\" data-id=\"1077321\" data-element_type=\"column\" data-e-type=\"column\">\n\t\t\t<div class=\"elementor-widget-wrap elementor-element-populated\">\n\t\t\t\t\t\t<div class=\"elementor-element elementor-element-7fd2905 elementor-widget elementor-widget-google_maps\" data-id=\"7fd2905\" data-element_type=\"widget\" data-e-type=\"widget\" data-widget_type=\"google_maps.default\">\n\t\t\t\t<div class=\"elementor-widget-container\">\n\t\t\t\t\t\t\t<div class=\"elementor-custom-embed\">\n\t\t\t<iframe loading=\"lazy\"\n\t\t\t\t\tsrc=\"https:\/\/maps.google.com\/maps?q=La%20maison%20du%20tourisme%201%20place%20Charles%20de%20Gaulle%20Toul&#038;t=m&#038;z=14&#038;output=embed&#038;iwloc=near\"\n\t\t\t\t\ttitle=\"La maison du tourisme 1 place Charles de Gaulle Toul\"\n\t\t\t\t\taria-label=\"La maison du tourisme 1 place Charles de Gaulle Toul\"\n\t\t\t><\/iframe>\n\t\t<\/div>\n\t\t\t\t\t\t<\/div>\n\t\t\t\t<\/div>\n\t\t\t\t\t<\/div>\n\t\t<\/div>\n\t\t\t\t\t<\/div>\n\t\t<\/section>\n\t\t\t\t<section class=\"elementor-section elementor-top-section elementor-element elementor-element-d3a858b elementor-section-content-middle elementor-section-boxed elementor-section-height-default elementor-section-height-default\" data-id=\"d3a858b\" data-element_type=\"section\" data-e-type=\"section\" data-settings=\"{&quot;background_background&quot;:&quot;classic&quot;}\">\n\t\t\t\t\t\t<div class=\"elementor-container elementor-column-gap-default\">\n\t\t\t\t\t<div class=\"elementor-column elementor-col-50 elementor-top-column elementor-element elementor-element-fcc8872\" data-id=\"fcc8872\" data-element_type=\"column\" data-e-type=\"column\">\n\t\t\t<div class=\"elementor-widget-wrap elementor-element-populated\">\n\t\t\t\t\t\t<div class=\"elementor-element elementor-element-7ad07ca elementor-invisible elementor-widget elementor-widget-heading\" data-id=\"7ad07ca\" data-element_type=\"widget\" data-e-type=\"widget\" data-settings=\"{&quot;_animation&quot;:&quot;fadeIn&quot;}\" data-widget_type=\"heading.default\">\n\t\t\t\t<div class=\"elementor-widget-container\">\n\t\t\t\t\t<h2 class=\"elementor-heading-title elementor-size-default\">Kontaktaufnahme<\/h2>\t\t\t\t<\/div>\n\t\t\t\t<\/div>\n\t\t\t\t<div class=\"elementor-element elementor-element-7faf2e9 elementor-widget elementor-widget-text-editor\" data-id=\"7faf2e9\" data-element_type=\"widget\" data-e-type=\"widget\" data-widget_type=\"text-editor.default\">\n\t\t\t\t<div class=\"elementor-widget-container\">\n\t\t\t\t\t\t\t\t\t<iframe id=\"frame-avizi-widget1\" src=\"https:\/\/app.avizi.fr\/widgets\/public\/9de19bf2d94f6bbf02ac749549b36104\/2929\" width=\"100%\" height=\"1300px\" frameborder=\"0\"><\/iframe>\t\t\t\t\t\t\t\t<\/div>\n\t\t\t\t<\/div>\n\t\t\t\t\t<\/div>\n\t\t<\/div>\n\t\t\t\t<div class=\"elementor-column elementor-col-50 elementor-top-column elementor-element elementor-element-8c1c965\" data-id=\"8c1c965\" data-element_type=\"column\" data-e-type=\"column\">\n\t\t\t<div class=\"elementor-widget-wrap elementor-element-populated\">\n\t\t\t\t\t\t<div class=\"elementor-element elementor-element-c59edbb elementor-widget elementor-widget-image\" data-id=\"c59edbb\" data-element_type=\"widget\" data-e-type=\"widget\" data-widget_type=\"image.default\">\n\t\t\t\t<div class=\"elementor-widget-container\">\n\t\t\t\t\t\t\t\t\t\t\t\t<figure class=\"wp-caption\">\n\t\t\t\t\t\t\t\t\t\t<img decoding=\"async\" src=\"https:\/\/tourisme-terrestouloises.com\/wp-content\/uploads\/elementor\/thumbs\/Office-MDT-facade-\u00a9MDT-Copie-3-min-q801i11mfmjbdmenndlzfe0vlr6frmilcqkudv3ysi.png\" title=\"Office MDT facade \u00a9MDT &#8211; Copie (3)-min\" alt=\"Terres Touloises Maison du Tourisme\" loading=\"lazy\" \/>\t\t\t\t\t\t\t\t\t\t\t<figcaption class=\"widget-image-caption wp-caption-text\">\u00a9 MDT<\/figcaption>\n\t\t\t\t\t\t\t\t\t\t<\/figure>\n\t\t\t\t\t\t\t\t\t<\/div>\n\t\t\t\t<\/div>\n\t\t\t\t\t<\/div>\n\t\t<\/div>\n\t\t\t\t\t<\/div>\n\t\t<\/section>\n\t\t\t\t<\/div>\n\t\t","protected":false},"excerpt":{"rendered":"<p>\u00d6ffnungszeiten DAS HAUS DES TOURISMUS STEHT IHNEN RUND UMS JAHR ZUR VERF\u00dcGUNG1, place Charles-de-Gaulle 54205 Toul Cedex \u00d6ffnungszeiten vom 1. Oktober bis 30. AprilMontags 14.00 \u2013 17.30 Uhr\u00a0 \u00a0 \u00a0 \u00a0 \u00a0 \u00a0 \u00a0 \u00a0 \u00a0 \u00a0 \u00a0 \u00a0 \u00a0 \u00a0 \u00a0 \u00a0 \u00a0 \u00a0 \u00a0 \u00a0 \u00a0 \u00a0 \u00a0 \u00a0 Dienstags \u2013 samstags 10.00 [&hellip;]<\/p>\n","protected":false},"author":1,"featured_media":0,"parent":13634,"menu_order":0,"comment_status":"closed","ping_status":"closed","template":"","meta":{"_acf_changed":false,"footnotes":""},"class_list":["post-13638","page","type-page","status-publish","hentry"],"acf":[],"yoast_head":"<!-- This site is optimized with the Yoast SEO plugin v27.4 - https:\/\/yoast.com\/product\/yoast-seo-wordpress\/ -->\n<title>\u00d6ffnungszeiten und kontakt - Tourismusb\u00fcro Terres Touloises<\/title>\n<meta name=\"description\" content=\"Das Maison du Tourisme de Toul empf\u00e4ngt Sie das ganze Jahr \u00fcber am Fu\u00dfe der Kathedrale Saint-Etienne, um Ihnen die Region Toulois n\u00e4her zu bringen!\" \/>\n<meta name=\"robots\" content=\"index, follow, max-snippet:-1, max-image-preview:large, max-video-preview:-1\" \/>\n<link rel=\"canonical\" href=\"https:\/\/tourisme-terrestouloises.com\/de\/meinen-aufenthalt-vorbereiten\/praktische-infos-und-anreise\/oeffnungszeiten-und-kontakt\/\" \/>\n<meta property=\"og:locale\" content=\"de_DE\" \/>\n<meta property=\"og:type\" content=\"article\" \/>\n<meta property=\"og:title\" content=\"\u00d6ffnungszeiten und kontakt - Tourismusb\u00fcro Terres Touloises\" \/>\n<meta property=\"og:description\" content=\"Das Maison du Tourisme de Toul empf\u00e4ngt Sie das ganze Jahr \u00fcber am Fu\u00dfe der Kathedrale Saint-Etienne, um Ihnen die Region Toulois n\u00e4her zu bringen!\" \/>\n<meta property=\"og:url\" content=\"https:\/\/tourisme-terrestouloises.com\/de\/meinen-aufenthalt-vorbereiten\/praktische-infos-und-anreise\/oeffnungszeiten-und-kontakt\/\" \/>\n<meta property=\"og:site_name\" content=\"Tourismusb\u00fcro Terres Touloises\" \/>\n<meta property=\"article:modified_time\" content=\"2025-04-30T15:44:58+00:00\" \/>\n<meta name=\"twitter:card\" content=\"summary_large_image\" \/>\n<meta name=\"twitter:label1\" content=\"Gesch\u00e4tzte Lesezeit\" \/>\n\t<meta name=\"twitter:data1\" content=\"1\u00a0Minute\" \/>\n<script type=\"application\/ld+json\" class=\"yoast-schema-graph\">{\"@context\":\"https:\\\/\\\/schema.org\",\"@graph\":[{\"@type\":\"WebPage\",\"@id\":\"https:\\\/\\\/tourisme-terrestouloises.com\\\/de\\\/meinen-aufenthalt-vorbereiten\\\/praktische-infos-und-anreise\\\/oeffnungszeiten-und-kontakt\\\/\",\"url\":\"https:\\\/\\\/tourisme-terrestouloises.com\\\/de\\\/meinen-aufenthalt-vorbereiten\\\/praktische-infos-und-anreise\\\/oeffnungszeiten-und-kontakt\\\/\",\"name\":\"\u00d6ffnungszeiten und kontakt - Tourismusb\u00fcro Terres Touloises\",\"isPartOf\":{\"@id\":\"https:\\\/\\\/tourisme-terrestouloises.com\\\/de\\\/#website\"},\"datePublished\":\"2022-01-25T15:17:41+00:00\",\"dateModified\":\"2025-04-30T15:44:58+00:00\",\"description\":\"Das Maison du Tourisme de Toul empf\u00e4ngt Sie das ganze Jahr \u00fcber am Fu\u00dfe der Kathedrale Saint-Etienne, um Ihnen die Region Toulois n\u00e4her zu bringen!\",\"breadcrumb\":{\"@id\":\"https:\\\/\\\/tourisme-terrestouloises.com\\\/de\\\/meinen-aufenthalt-vorbereiten\\\/praktische-infos-und-anreise\\\/oeffnungszeiten-und-kontakt\\\/#breadcrumb\"},\"inLanguage\":\"de\",\"potentialAction\":[{\"@type\":\"ReadAction\",\"target\":[\"https:\\\/\\\/tourisme-terrestouloises.com\\\/de\\\/meinen-aufenthalt-vorbereiten\\\/praktische-infos-und-anreise\\\/oeffnungszeiten-und-kontakt\\\/\"]}]},{\"@type\":\"BreadcrumbList\",\"@id\":\"https:\\\/\\\/tourisme-terrestouloises.com\\\/de\\\/meinen-aufenthalt-vorbereiten\\\/praktische-infos-und-anreise\\\/oeffnungszeiten-und-kontakt\\\/#breadcrumb\",\"itemListElement\":[{\"@type\":\"ListItem\",\"position\":1,\"name\":\"Accueil\",\"item\":\"https:\\\/\\\/tourisme-terrestouloises.com\\\/de\\\/\"},{\"@type\":\"ListItem\",\"position\":2,\"name\":\"Meinen Aufenthalt vorbereiten\",\"item\":\"https:\\\/\\\/tourisme-terrestouloises.com\\\/de\\\/meinen-aufenthalt-vorbereiten\\\/\"},{\"@type\":\"ListItem\",\"position\":3,\"name\":\"Praktische Infos und Anreise\",\"item\":\"https:\\\/\\\/tourisme-terrestouloises.com\\\/de\\\/meinen-aufenthalt-vorbereiten\\\/praktische-infos-und-anreise\\\/\"},{\"@type\":\"ListItem\",\"position\":4,\"name\":\"\u00d6ffnungszeiten und kontakt\"}]},{\"@type\":\"WebSite\",\"@id\":\"https:\\\/\\\/tourisme-terrestouloises.com\\\/de\\\/#website\",\"url\":\"https:\\\/\\\/tourisme-terrestouloises.com\\\/de\\\/\",\"name\":\"Tourismusb\u00fcro Terres Touloises\",\"description\":\"Bienvenue en Terres Touloises\",\"publisher\":{\"@id\":\"https:\\\/\\\/tourisme-terrestouloises.com\\\/de\\\/#organization\"},\"potentialAction\":[{\"@type\":\"SearchAction\",\"target\":{\"@type\":\"EntryPoint\",\"urlTemplate\":\"https:\\\/\\\/tourisme-terrestouloises.com\\\/de\\\/?s={search_term_string}\"},\"query-input\":{\"@type\":\"PropertyValueSpecification\",\"valueRequired\":true,\"valueName\":\"search_term_string\"}}],\"inLanguage\":\"de\"},{\"@type\":\"Organization\",\"@id\":\"https:\\\/\\\/tourisme-terrestouloises.com\\\/de\\\/#organization\",\"name\":\"Tourismusb\u00fcro Terres Touloises\",\"url\":\"https:\\\/\\\/tourisme-terrestouloises.com\\\/de\\\/\",\"logo\":{\"@type\":\"ImageObject\",\"inLanguage\":\"de\",\"@id\":\"https:\\\/\\\/tourisme-terrestouloises.com\\\/de\\\/#\\\/schema\\\/logo\\\/image\\\/\",\"url\":\"https:\\\/\\\/tourisme-terrestouloises.com\\\/wp-content\\\/uploads\\\/2021\\\/11\\\/TerresTouloises_Tourisme.svg\",\"contentUrl\":\"https:\\\/\\\/tourisme-terrestouloises.com\\\/wp-content\\\/uploads\\\/2021\\\/11\\\/TerresTouloises_Tourisme.svg\",\"width\":126,\"height\":166,\"caption\":\"Tourismusb\u00fcro Terres Touloises\"},\"image\":{\"@id\":\"https:\\\/\\\/tourisme-terrestouloises.com\\\/de\\\/#\\\/schema\\\/logo\\\/image\\\/\"}}]}<\/script>\n<!-- \/ Yoast SEO plugin. -->","yoast_head_json":{"title":"\u00d6ffnungszeiten und kontakt - Tourismusb\u00fcro Terres Touloises","description":"Das Maison du Tourisme de Toul empf\u00e4ngt Sie das ganze Jahr \u00fcber am Fu\u00dfe der Kathedrale Saint-Etienne, um Ihnen die Region Toulois n\u00e4her zu bringen!","robots":{"index":"index","follow":"follow","max-snippet":"max-snippet:-1","max-image-preview":"max-image-preview:large","max-video-preview":"max-video-preview:-1"},"canonical":"https:\/\/tourisme-terrestouloises.com\/de\/meinen-aufenthalt-vorbereiten\/praktische-infos-und-anreise\/oeffnungszeiten-und-kontakt\/","og_locale":"de_DE","og_type":"article","og_title":"\u00d6ffnungszeiten und kontakt - Tourismusb\u00fcro Terres Touloises","og_description":"Das Maison du Tourisme de Toul empf\u00e4ngt Sie das ganze Jahr \u00fcber am Fu\u00dfe der Kathedrale Saint-Etienne, um Ihnen die Region Toulois n\u00e4her zu bringen!","og_url":"https:\/\/tourisme-terrestouloises.com\/de\/meinen-aufenthalt-vorbereiten\/praktische-infos-und-anreise\/oeffnungszeiten-und-kontakt\/","og_site_name":"Tourismusb\u00fcro Terres Touloises","article_modified_time":"2025-04-30T15:44:58+00:00","twitter_card":"summary_large_image","twitter_misc":{"Gesch\u00e4tzte Lesezeit":"1\u00a0Minute"},"schema":{"@context":"https:\/\/schema.org","@graph":[{"@type":"WebPage","@id":"https:\/\/tourisme-terrestouloises.com\/de\/meinen-aufenthalt-vorbereiten\/praktische-infos-und-anreise\/oeffnungszeiten-und-kontakt\/","url":"https:\/\/tourisme-terrestouloises.com\/de\/meinen-aufenthalt-vorbereiten\/praktische-infos-und-anreise\/oeffnungszeiten-und-kontakt\/","name":"\u00d6ffnungszeiten und kontakt - Tourismusb\u00fcro Terres Touloises","isPartOf":{"@id":"https:\/\/tourisme-terrestouloises.com\/de\/#website"},"datePublished":"2022-01-25T15:17:41+00:00","dateModified":"2025-04-30T15:44:58+00:00","description":"Das Maison du Tourisme de Toul empf\u00e4ngt Sie das ganze Jahr \u00fcber am Fu\u00dfe der Kathedrale Saint-Etienne, um Ihnen die Region Toulois n\u00e4her zu bringen!","breadcrumb":{"@id":"https:\/\/tourisme-terrestouloises.com\/de\/meinen-aufenthalt-vorbereiten\/praktische-infos-und-anreise\/oeffnungszeiten-und-kontakt\/#breadcrumb"},"inLanguage":"de","potentialAction":[{"@type":"ReadAction","target":["https:\/\/tourisme-terrestouloises.com\/de\/meinen-aufenthalt-vorbereiten\/praktische-infos-und-anreise\/oeffnungszeiten-und-kontakt\/"]}]},{"@type":"BreadcrumbList","@id":"https:\/\/tourisme-terrestouloises.com\/de\/meinen-aufenthalt-vorbereiten\/praktische-infos-und-anreise\/oeffnungszeiten-und-kontakt\/#breadcrumb","itemListElement":[{"@type":"ListItem","position":1,"name":"Accueil","item":"https:\/\/tourisme-terrestouloises.com\/de\/"},{"@type":"ListItem","position":2,"name":"Meinen Aufenthalt vorbereiten","item":"https:\/\/tourisme-terrestouloises.com\/de\/meinen-aufenthalt-vorbereiten\/"},{"@type":"ListItem","position":3,"name":"Praktische Infos und Anreise","item":"https:\/\/tourisme-terrestouloises.com\/de\/meinen-aufenthalt-vorbereiten\/praktische-infos-und-anreise\/"},{"@type":"ListItem","position":4,"name":"\u00d6ffnungszeiten und kontakt"}]},{"@type":"WebSite","@id":"https:\/\/tourisme-terrestouloises.com\/de\/#website","url":"https:\/\/tourisme-terrestouloises.com\/de\/","name":"Tourismusb\u00fcro Terres Touloises","description":"Bienvenue en Terres Touloises","publisher":{"@id":"https:\/\/tourisme-terrestouloises.com\/de\/#organization"},"potentialAction":[{"@type":"SearchAction","target":{"@type":"EntryPoint","urlTemplate":"https:\/\/tourisme-terrestouloises.com\/de\/?s={search_term_string}"},"query-input":{"@type":"PropertyValueSpecification","valueRequired":true,"valueName":"search_term_string"}}],"inLanguage":"de"},{"@type":"Organization","@id":"https:\/\/tourisme-terrestouloises.com\/de\/#organization","name":"Tourismusb\u00fcro Terres Touloises","url":"https:\/\/tourisme-terrestouloises.com\/de\/","logo":{"@type":"ImageObject","inLanguage":"de","@id":"https:\/\/tourisme-terrestouloises.com\/de\/#\/schema\/logo\/image\/","url":"https:\/\/tourisme-terrestouloises.com\/wp-content\/uploads\/2021\/11\/TerresTouloises_Tourisme.svg","contentUrl":"https:\/\/tourisme-terrestouloises.com\/wp-content\/uploads\/2021\/11\/TerresTouloises_Tourisme.svg","width":126,"height":166,"caption":"Tourismusb\u00fcro Terres Touloises"},"image":{"@id":"https:\/\/tourisme-terrestouloises.com\/de\/#\/schema\/logo\/image\/"}}]}},"_links":{"self":[{"href":"https:\/\/tourisme-terrestouloises.com\/de\/wp-json\/wp\/v2\/pages\/13638","targetHints":{"allow":["GET"]}}],"collection":[{"href":"https:\/\/tourisme-terrestouloises.com\/de\/wp-json\/wp\/v2\/pages"}],"about":[{"href":"https:\/\/tourisme-terrestouloises.com\/de\/wp-json\/wp\/v2\/types\/page"}],"author":[{"embeddable":true,"href":"https:\/\/tourisme-terrestouloises.com\/de\/wp-json\/wp\/v2\/users\/1"}],"replies":[{"embeddable":true,"href":"https:\/\/tourisme-terrestouloises.com\/de\/wp-json\/wp\/v2\/comments?post=13638"}],"version-history":[{"count":22,"href":"https:\/\/tourisme-terrestouloises.com\/de\/wp-json\/wp\/v2\/pages\/13638\/revisions"}],"predecessor-version":[{"id":525493,"href":"https:\/\/tourisme-terrestouloises.com\/de\/wp-json\/wp\/v2\/pages\/13638\/revisions\/525493"}],"up":[{"embeddable":true,"href":"https:\/\/tourisme-terrestouloises.com\/de\/wp-json\/wp\/v2\/pages\/13634"}],"wp:attachment":[{"href":"https:\/\/tourisme-terrestouloises.com\/de\/wp-json\/wp\/v2\/media?parent=13638"}],"curies":[{"name":"wp","href":"https:\/\/api.w.org\/{rel}","templated":true}]}}