{"id":13656,"date":"2022-03-18T17:17:02","date_gmt":"2022-03-18T16:17:02","guid":{"rendered":"https:\/\/tourisme-terrestouloises.com\/das-cerfav\/"},"modified":"2024-06-27T11:19:48","modified_gmt":"2024-06-27T09:19:48","slug":"das-cerfav","status":"publish","type":"page","link":"https:\/\/tourisme-terrestouloises.com\/de\/in-der-umgebung\/das-cerfav\/","title":{"rendered":"Das Cerfav"},"content":{"rendered":"\t\t<div data-elementor-type=\"wp-page\" data-elementor-id=\"13656\" class=\"elementor elementor-13656 elementor-2400\" data-elementor-post-type=\"page\">\n\t\t\t\t\t\t<section class=\"elementor-section elementor-top-section elementor-element elementor-element-64c13c2 elementor-section-content-top elementor-reverse-mobile elementor-section-boxed elementor-section-height-default elementor-section-height-default\" data-id=\"64c13c2\" data-element_type=\"section\" data-e-type=\"section\" data-settings=\"{&quot;background_background&quot;:&quot;classic&quot;}\">\n\t\t\t\t\t\t<div class=\"elementor-container elementor-column-gap-default\">\n\t\t\t\t\t<div class=\"elementor-column elementor-col-50 elementor-top-column elementor-element elementor-element-1eac529\" data-id=\"1eac529\" data-element_type=\"column\" data-e-type=\"column\">\n\t\t\t<div class=\"elementor-widget-wrap elementor-element-populated\">\n\t\t\t\t\t\t<div class=\"elementor-element elementor-element-d1430fb elementor-invisible elementor-widget elementor-widget-image\" data-id=\"d1430fb\" data-element_type=\"widget\" data-e-type=\"widget\" data-settings=\"{&quot;_animation&quot;:&quot;fadeInLeft&quot;,&quot;_animation_mobile&quot;:&quot;fadeIn&quot;}\" data-widget_type=\"image.default\">\n\t\t\t\t<div class=\"elementor-widget-container\">\n\t\t\t\t\t\t\t\t\t\t\t\t<figure class=\"wp-caption\">\n\t\t\t\t\t\t\t\t\t\t<img fetchpriority=\"high\" decoding=\"async\" width=\"640\" height=\"427\" src=\"https:\/\/tourisme-terrestouloises.com\/wp-content\/uploads\/2022\/03\/CERFAV-\u00a9Laetitia-Lhermite-min-1024x683.jpg\" class=\"attachment-large size-large wp-image-2473\" alt=\"Le Centre Europ\u00e9en de Recherche et de Formation aux Arts Verriers (CERFAV)\" srcset=\"https:\/\/tourisme-terrestouloises.com\/wp-content\/uploads\/2022\/03\/CERFAV-\u00a9Laetitia-Lhermite-min-1024x683.jpg 1024w, https:\/\/tourisme-terrestouloises.com\/wp-content\/uploads\/2022\/03\/CERFAV-\u00a9Laetitia-Lhermite-min-300x200.jpg 300w, https:\/\/tourisme-terrestouloises.com\/wp-content\/uploads\/2022\/03\/CERFAV-\u00a9Laetitia-Lhermite-min-768x512.jpg 768w, https:\/\/tourisme-terrestouloises.com\/wp-content\/uploads\/2022\/03\/CERFAV-\u00a9Laetitia-Lhermite-min-1536x1024.jpg 1536w, https:\/\/tourisme-terrestouloises.com\/wp-content\/uploads\/2022\/03\/CERFAV-\u00a9Laetitia-Lhermite-min-254x169.jpg 254w, https:\/\/tourisme-terrestouloises.com\/wp-content\/uploads\/2022\/03\/CERFAV-\u00a9Laetitia-Lhermite-min-24x16.jpg 24w, https:\/\/tourisme-terrestouloises.com\/wp-content\/uploads\/2022\/03\/CERFAV-\u00a9Laetitia-Lhermite-min-36x24.jpg 36w, https:\/\/tourisme-terrestouloises.com\/wp-content\/uploads\/2022\/03\/CERFAV-\u00a9Laetitia-Lhermite-min-48x32.jpg 48w, https:\/\/tourisme-terrestouloises.com\/wp-content\/uploads\/2022\/03\/CERFAV-\u00a9Laetitia-Lhermite-min.jpg 2048w\" sizes=\"(max-width: 640px) 100vw, 640px\" \/>\t\t\t\t\t\t\t\t\t\t\t<figcaption class=\"widget-image-caption wp-caption-text\">\u00a9Laetitia-Lhermite<\/figcaption>\n\t\t\t\t\t\t\t\t\t\t<\/figure>\n\t\t\t\t\t\t\t\t\t<\/div>\n\t\t\t\t<\/div>\n\t\t\t\t\t<\/div>\n\t\t<\/div>\n\t\t\t\t<div class=\"elementor-column elementor-col-50 elementor-top-column elementor-element elementor-element-0f8be0b\" data-id=\"0f8be0b\" data-element_type=\"column\" data-e-type=\"column\" data-settings=\"{&quot;background_background&quot;:&quot;classic&quot;}\">\n\t\t\t<div class=\"elementor-widget-wrap elementor-element-populated\">\n\t\t\t\t\t\t<div class=\"elementor-element elementor-element-5208e05 elementor-widget elementor-widget-heading\" data-id=\"5208e05\" data-element_type=\"widget\" data-e-type=\"widget\" data-widget_type=\"heading.default\">\n\t\t\t\t<div class=\"elementor-widget-container\">\n\t\t\t\t\t<h3 class=\"elementor-heading-title elementor-size-default\">Das Cerfav<\/h3>\t\t\t\t<\/div>\n\t\t\t\t<\/div>\n\t\t\t\t<section class=\"elementor-section elementor-inner-section elementor-element elementor-element-ea093fe elementor-section-boxed elementor-section-height-default elementor-section-height-default\" data-id=\"ea093fe\" data-element_type=\"section\" data-e-type=\"section\" data-settings=\"{&quot;background_background&quot;:&quot;classic&quot;}\">\n\t\t\t\t\t\t<div class=\"elementor-container elementor-column-gap-default\">\n\t\t\t\t\t<div class=\"elementor-column elementor-col-100 elementor-inner-column elementor-element elementor-element-f452e10\" data-id=\"f452e10\" data-element_type=\"column\" data-e-type=\"column\">\n\t\t\t<div class=\"elementor-widget-wrap elementor-element-populated\">\n\t\t\t\t\t\t<div class=\"elementor-element elementor-element-23374cb elementor-widget elementor-widget-text-editor\" data-id=\"23374cb\" data-element_type=\"widget\" data-e-type=\"widget\" data-widget_type=\"text-editor.default\">\n\t\t\t\t<div class=\"elementor-widget-container\">\n\t\t\t\t\t\t\t\t\t<p>Das europ\u00e4ische Forschungs- und Ausbildungszentrum f\u00fcr Glaskunst (CERFAV) hei\u00dft als Erbe einer industriellen Tradition aus dem 18. Jahrhundert die Besucher ganzj\u00e4hrig mit Veranstaltungen, Vorf\u00fchrungen und einem Shop willkommen, in dem die Kreationen geladener K\u00fcnstler angeboten werden.<\/p>\n\t\t\t\t\t\t\t\t<\/div>\n\t\t\t\t<\/div>\n\t\t\t\t<div class=\"elementor-element elementor-element-d1aec05 elementor-align-center elementor-mobile-align-center elementor-invisible elementor-widget elementor-widget-button\" data-id=\"d1aec05\" data-element_type=\"widget\" data-e-type=\"widget\" data-settings=\"{&quot;_animation&quot;:&quot;fadeIn&quot;}\" data-widget_type=\"button.default\">\n\t\t\t\t<div class=\"elementor-widget-container\">\n\t\t\t\t\t\t\t\t\t<div class=\"elementor-button-wrapper\">\n\t\t\t\t\t<a class=\"elementor-button elementor-button-link elementor-size-sm\" href=\"https:\/\/www.cerfav.fr\/\" target=\"_blank\">\n\t\t\t\t\t\t<span class=\"elementor-button-content-wrapper\">\n\t\t\t\t\t\t\t\t\t<span class=\"elementor-button-text\">Weitere Infos<\/span>\n\t\t\t\t\t<\/span>\n\t\t\t\t\t<\/a>\n\t\t\t\t<\/div>\n\t\t\t\t\t\t\t\t<\/div>\n\t\t\t\t<\/div>\n\t\t\t\t\t<\/div>\n\t\t<\/div>\n\t\t\t\t\t<\/div>\n\t\t<\/section>\n\t\t\t\t\t<\/div>\n\t\t<\/div>\n\t\t\t\t\t<\/div>\n\t\t<\/section>\n\t\t\t\t<\/div>\n\t\t","protected":false},"excerpt":{"rendered":"<p>\u00a9 Laetitia-Lhermite Das Cerfav Das europ\u00e4ische Forschungs- und Ausbildungszentrum f\u00fcr Glaskunst (CERFAV) hei\u00dft als Erbe einer industriellen Tradition aus dem 18. Jahrhundert die Besucher ganzj\u00e4hrig mit Veranstaltungen, Vorf\u00fchrungen und einem Shop willkommen, in dem die Kreationen geladener K\u00fcnstler angeboten werden. Weitere Infos<\/p>\n","protected":false},"author":1,"featured_media":2473,"parent":523180,"menu_order":0,"comment_status":"closed","ping_status":"closed","template":"elementor_header_footer","meta":{"_acf_changed":false,"footnotes":""},"class_list":["post-13656","page","type-page","status-publish","has-post-thumbnail","hentry"],"acf":[],"yoast_head":"<!-- This site is optimized with the Yoast SEO plugin v27.3 - https:\/\/yoast.com\/product\/yoast-seo-wordpress\/ -->\n<title>Das Cerfav - Tourismusb\u00fcro Terres Touloises<\/title>\n<meta name=\"description\" content=\"Entdecken Sie das Centre Europ\u00e9en de Recherche et de Formation aux Arts Verriers (CERFAV) in der Umgebung von Toul im Departement Meurthe-et-Moselle.\" \/>\n<meta name=\"robots\" content=\"index, follow, max-snippet:-1, max-image-preview:large, max-video-preview:-1\" \/>\n<link rel=\"canonical\" href=\"https:\/\/tourisme-terrestouloises.com\/de\/in-der-umgebung\/das-cerfav\/\" \/>\n<meta property=\"og:locale\" content=\"de_DE\" \/>\n<meta property=\"og:type\" content=\"article\" \/>\n<meta property=\"og:title\" content=\"Das Cerfav - Tourismusb\u00fcro Terres Touloises\" \/>\n<meta property=\"og:description\" content=\"Entdecken Sie das Centre Europ\u00e9en de Recherche et de Formation aux Arts Verriers (CERFAV) in der Umgebung von Toul im Departement Meurthe-et-Moselle.\" \/>\n<meta property=\"og:url\" content=\"https:\/\/tourisme-terrestouloises.com\/de\/in-der-umgebung\/das-cerfav\/\" \/>\n<meta property=\"og:site_name\" content=\"Tourismusb\u00fcro Terres Touloises\" \/>\n<meta property=\"article:modified_time\" content=\"2024-06-27T09:19:48+00:00\" \/>\n<meta property=\"og:image\" content=\"https:\/\/tourisme-terrestouloises.com\/wp-content\/uploads\/2022\/03\/CERFAV-\u00a9Laetitia-Lhermite-min.jpg\" \/>\n\t<meta property=\"og:image:width\" content=\"2048\" \/>\n\t<meta property=\"og:image:height\" content=\"1365\" \/>\n\t<meta property=\"og:image:type\" content=\"image\/jpeg\" \/>\n<meta name=\"twitter:card\" content=\"summary_large_image\" \/>\n<script type=\"application\/ld+json\" class=\"yoast-schema-graph\">{\"@context\":\"https:\\\/\\\/schema.org\",\"@graph\":[{\"@type\":\"WebPage\",\"@id\":\"https:\\\/\\\/tourisme-terrestouloises.com\\\/de\\\/in-der-umgebung\\\/das-cerfav\\\/\",\"url\":\"https:\\\/\\\/tourisme-terrestouloises.com\\\/de\\\/in-der-umgebung\\\/das-cerfav\\\/\",\"name\":\"Das Cerfav - Tourismusb\u00fcro Terres Touloises\",\"isPartOf\":{\"@id\":\"https:\\\/\\\/tourisme-terrestouloises.com\\\/de\\\/#website\"},\"primaryImageOfPage\":{\"@id\":\"https:\\\/\\\/tourisme-terrestouloises.com\\\/de\\\/in-der-umgebung\\\/das-cerfav\\\/#primaryimage\"},\"image\":{\"@id\":\"https:\\\/\\\/tourisme-terrestouloises.com\\\/de\\\/in-der-umgebung\\\/das-cerfav\\\/#primaryimage\"},\"thumbnailUrl\":\"https:\\\/\\\/tourisme-terrestouloises.com\\\/wp-content\\\/uploads\\\/2022\\\/03\\\/CERFAV-\u00a9Laetitia-Lhermite-min.jpg\",\"datePublished\":\"2022-03-18T16:17:02+00:00\",\"dateModified\":\"2024-06-27T09:19:48+00:00\",\"description\":\"Entdecken Sie das Centre Europ\u00e9en de Recherche et de Formation aux Arts Verriers (CERFAV) in der Umgebung von Toul im Departement Meurthe-et-Moselle.\",\"breadcrumb\":{\"@id\":\"https:\\\/\\\/tourisme-terrestouloises.com\\\/de\\\/in-der-umgebung\\\/das-cerfav\\\/#breadcrumb\"},\"inLanguage\":\"de\",\"potentialAction\":[{\"@type\":\"ReadAction\",\"target\":[\"https:\\\/\\\/tourisme-terrestouloises.com\\\/de\\\/in-der-umgebung\\\/das-cerfav\\\/\"]}]},{\"@type\":\"ImageObject\",\"inLanguage\":\"de\",\"@id\":\"https:\\\/\\\/tourisme-terrestouloises.com\\\/de\\\/in-der-umgebung\\\/das-cerfav\\\/#primaryimage\",\"url\":\"https:\\\/\\\/tourisme-terrestouloises.com\\\/wp-content\\\/uploads\\\/2022\\\/03\\\/CERFAV-\u00a9Laetitia-Lhermite-min.jpg\",\"contentUrl\":\"https:\\\/\\\/tourisme-terrestouloises.com\\\/wp-content\\\/uploads\\\/2022\\\/03\\\/CERFAV-\u00a9Laetitia-Lhermite-min.jpg\",\"width\":2048,\"height\":1365,\"caption\":\"\u00a9Laetitia-Lhermite\"},{\"@type\":\"BreadcrumbList\",\"@id\":\"https:\\\/\\\/tourisme-terrestouloises.com\\\/de\\\/in-der-umgebung\\\/das-cerfav\\\/#breadcrumb\",\"itemListElement\":[{\"@type\":\"ListItem\",\"position\":1,\"name\":\"Accueil\",\"item\":\"https:\\\/\\\/tourisme-terrestouloises.com\\\/de\\\/\"},{\"@type\":\"ListItem\",\"position\":2,\"name\":\"In der Umgebung\",\"item\":\"https:\\\/\\\/tourisme-terrestouloises.com\\\/de\\\/in-der-umgebung\\\/\"},{\"@type\":\"ListItem\",\"position\":3,\"name\":\"Das Cerfav\"}]},{\"@type\":\"WebSite\",\"@id\":\"https:\\\/\\\/tourisme-terrestouloises.com\\\/de\\\/#website\",\"url\":\"https:\\\/\\\/tourisme-terrestouloises.com\\\/de\\\/\",\"name\":\"Tourismusb\u00fcro Terres Touloises\",\"description\":\"Bienvenue en Terres Touloises\",\"publisher\":{\"@id\":\"https:\\\/\\\/tourisme-terrestouloises.com\\\/de\\\/#organization\"},\"potentialAction\":[{\"@type\":\"SearchAction\",\"target\":{\"@type\":\"EntryPoint\",\"urlTemplate\":\"https:\\\/\\\/tourisme-terrestouloises.com\\\/de\\\/?s={search_term_string}\"},\"query-input\":{\"@type\":\"PropertyValueSpecification\",\"valueRequired\":true,\"valueName\":\"search_term_string\"}}],\"inLanguage\":\"de\"},{\"@type\":\"Organization\",\"@id\":\"https:\\\/\\\/tourisme-terrestouloises.com\\\/de\\\/#organization\",\"name\":\"Tourismusb\u00fcro Terres Touloises\",\"url\":\"https:\\\/\\\/tourisme-terrestouloises.com\\\/de\\\/\",\"logo\":{\"@type\":\"ImageObject\",\"inLanguage\":\"de\",\"@id\":\"https:\\\/\\\/tourisme-terrestouloises.com\\\/de\\\/#\\\/schema\\\/logo\\\/image\\\/\",\"url\":\"https:\\\/\\\/tourisme-terrestouloises.com\\\/wp-content\\\/uploads\\\/2021\\\/11\\\/TerresTouloises_Tourisme.svg\",\"contentUrl\":\"https:\\\/\\\/tourisme-terrestouloises.com\\\/wp-content\\\/uploads\\\/2021\\\/11\\\/TerresTouloises_Tourisme.svg\",\"width\":126,\"height\":166,\"caption\":\"Tourismusb\u00fcro Terres Touloises\"},\"image\":{\"@id\":\"https:\\\/\\\/tourisme-terrestouloises.com\\\/de\\\/#\\\/schema\\\/logo\\\/image\\\/\"}}]}<\/script>\n<!-- \/ Yoast SEO plugin. -->","yoast_head_json":{"title":"Das Cerfav - Tourismusb\u00fcro Terres Touloises","description":"Entdecken Sie das Centre Europ\u00e9en de Recherche et de Formation aux Arts Verriers (CERFAV) in der Umgebung von Toul im Departement Meurthe-et-Moselle.","robots":{"index":"index","follow":"follow","max-snippet":"max-snippet:-1","max-image-preview":"max-image-preview:large","max-video-preview":"max-video-preview:-1"},"canonical":"https:\/\/tourisme-terrestouloises.com\/de\/in-der-umgebung\/das-cerfav\/","og_locale":"de_DE","og_type":"article","og_title":"Das Cerfav - Tourismusb\u00fcro Terres Touloises","og_description":"Entdecken Sie das Centre Europ\u00e9en de Recherche et de Formation aux Arts Verriers (CERFAV) in der Umgebung von Toul im Departement Meurthe-et-Moselle.","og_url":"https:\/\/tourisme-terrestouloises.com\/de\/in-der-umgebung\/das-cerfav\/","og_site_name":"Tourismusb\u00fcro Terres Touloises","article_modified_time":"2024-06-27T09:19:48+00:00","og_image":[{"width":2048,"height":1365,"url":"https:\/\/tourisme-terrestouloises.com\/wp-content\/uploads\/2022\/03\/CERFAV-\u00a9Laetitia-Lhermite-min.jpg","type":"image\/jpeg"}],"twitter_card":"summary_large_image","schema":{"@context":"https:\/\/schema.org","@graph":[{"@type":"WebPage","@id":"https:\/\/tourisme-terrestouloises.com\/de\/in-der-umgebung\/das-cerfav\/","url":"https:\/\/tourisme-terrestouloises.com\/de\/in-der-umgebung\/das-cerfav\/","name":"Das Cerfav - Tourismusb\u00fcro Terres Touloises","isPartOf":{"@id":"https:\/\/tourisme-terrestouloises.com\/de\/#website"},"primaryImageOfPage":{"@id":"https:\/\/tourisme-terrestouloises.com\/de\/in-der-umgebung\/das-cerfav\/#primaryimage"},"image":{"@id":"https:\/\/tourisme-terrestouloises.com\/de\/in-der-umgebung\/das-cerfav\/#primaryimage"},"thumbnailUrl":"https:\/\/tourisme-terrestouloises.com\/wp-content\/uploads\/2022\/03\/CERFAV-\u00a9Laetitia-Lhermite-min.jpg","datePublished":"2022-03-18T16:17:02+00:00","dateModified":"2024-06-27T09:19:48+00:00","description":"Entdecken Sie das Centre Europ\u00e9en de Recherche et de Formation aux Arts Verriers (CERFAV) in der Umgebung von Toul im Departement Meurthe-et-Moselle.","breadcrumb":{"@id":"https:\/\/tourisme-terrestouloises.com\/de\/in-der-umgebung\/das-cerfav\/#breadcrumb"},"inLanguage":"de","potentialAction":[{"@type":"ReadAction","target":["https:\/\/tourisme-terrestouloises.com\/de\/in-der-umgebung\/das-cerfav\/"]}]},{"@type":"ImageObject","inLanguage":"de","@id":"https:\/\/tourisme-terrestouloises.com\/de\/in-der-umgebung\/das-cerfav\/#primaryimage","url":"https:\/\/tourisme-terrestouloises.com\/wp-content\/uploads\/2022\/03\/CERFAV-\u00a9Laetitia-Lhermite-min.jpg","contentUrl":"https:\/\/tourisme-terrestouloises.com\/wp-content\/uploads\/2022\/03\/CERFAV-\u00a9Laetitia-Lhermite-min.jpg","width":2048,"height":1365,"caption":"\u00a9Laetitia-Lhermite"},{"@type":"BreadcrumbList","@id":"https:\/\/tourisme-terrestouloises.com\/de\/in-der-umgebung\/das-cerfav\/#breadcrumb","itemListElement":[{"@type":"ListItem","position":1,"name":"Accueil","item":"https:\/\/tourisme-terrestouloises.com\/de\/"},{"@type":"ListItem","position":2,"name":"In der Umgebung","item":"https:\/\/tourisme-terrestouloises.com\/de\/in-der-umgebung\/"},{"@type":"ListItem","position":3,"name":"Das Cerfav"}]},{"@type":"WebSite","@id":"https:\/\/tourisme-terrestouloises.com\/de\/#website","url":"https:\/\/tourisme-terrestouloises.com\/de\/","name":"Tourismusb\u00fcro Terres Touloises","description":"Bienvenue en Terres Touloises","publisher":{"@id":"https:\/\/tourisme-terrestouloises.com\/de\/#organization"},"potentialAction":[{"@type":"SearchAction","target":{"@type":"EntryPoint","urlTemplate":"https:\/\/tourisme-terrestouloises.com\/de\/?s={search_term_string}"},"query-input":{"@type":"PropertyValueSpecification","valueRequired":true,"valueName":"search_term_string"}}],"inLanguage":"de"},{"@type":"Organization","@id":"https:\/\/tourisme-terrestouloises.com\/de\/#organization","name":"Tourismusb\u00fcro Terres Touloises","url":"https:\/\/tourisme-terrestouloises.com\/de\/","logo":{"@type":"ImageObject","inLanguage":"de","@id":"https:\/\/tourisme-terrestouloises.com\/de\/#\/schema\/logo\/image\/","url":"https:\/\/tourisme-terrestouloises.com\/wp-content\/uploads\/2021\/11\/TerresTouloises_Tourisme.svg","contentUrl":"https:\/\/tourisme-terrestouloises.com\/wp-content\/uploads\/2021\/11\/TerresTouloises_Tourisme.svg","width":126,"height":166,"caption":"Tourismusb\u00fcro Terres Touloises"},"image":{"@id":"https:\/\/tourisme-terrestouloises.com\/de\/#\/schema\/logo\/image\/"}}]}},"_links":{"self":[{"href":"https:\/\/tourisme-terrestouloises.com\/de\/wp-json\/wp\/v2\/pages\/13656","targetHints":{"allow":["GET"]}}],"collection":[{"href":"https:\/\/tourisme-terrestouloises.com\/de\/wp-json\/wp\/v2\/pages"}],"about":[{"href":"https:\/\/tourisme-terrestouloises.com\/de\/wp-json\/wp\/v2\/types\/page"}],"author":[{"embeddable":true,"href":"https:\/\/tourisme-terrestouloises.com\/de\/wp-json\/wp\/v2\/users\/1"}],"replies":[{"embeddable":true,"href":"https:\/\/tourisme-terrestouloises.com\/de\/wp-json\/wp\/v2\/comments?post=13656"}],"version-history":[{"count":3,"href":"https:\/\/tourisme-terrestouloises.com\/de\/wp-json\/wp\/v2\/pages\/13656\/revisions"}],"predecessor-version":[{"id":523074,"href":"https:\/\/tourisme-terrestouloises.com\/de\/wp-json\/wp\/v2\/pages\/13656\/revisions\/523074"}],"up":[{"embeddable":true,"href":"https:\/\/tourisme-terrestouloises.com\/de\/wp-json\/wp\/v2\/pages\/523180"}],"wp:featuredmedia":[{"embeddable":true,"href":"https:\/\/tourisme-terrestouloises.com\/de\/wp-json\/wp\/v2\/media\/2473"}],"wp:attachment":[{"href":"https:\/\/tourisme-terrestouloises.com\/de\/wp-json\/wp\/v2\/media?parent=13656"}],"curies":[{"name":"wp","href":"https:\/\/api.w.org\/{rel}","templated":true}]}}