{"id":13682,"date":"2022-03-17T09:49:37","date_gmt":"2022-03-17T08:49:37","guid":{"rendered":"https:\/\/tourisme-terrestouloises.com\/gruppen\/danke-gruppen\/"},"modified":"2022-05-02T12:14:01","modified_gmt":"2022-05-02T10:14:01","slug":"danke-gruppen","status":"publish","type":"page","link":"https:\/\/tourisme-terrestouloises.com\/de\/gruppen\/danke-gruppen\/","title":{"rendered":"Danke Gruppen"},"content":{"rendered":"\t\t<div data-elementor-type=\"wp-page\" data-elementor-id=\"13682\" class=\"elementor elementor-13682 elementor-2124\" data-elementor-post-type=\"page\">\n\t\t\t\t\t\t<section class=\"elementor-section elementor-top-section elementor-element elementor-element-ff4e1d3 elementor-section-height-min-height elementor-section-items-stretch elementor-section-boxed elementor-section-height-default\" data-id=\"ff4e1d3\" data-element_type=\"section\" data-e-type=\"section\" data-settings=\"{&quot;background_background&quot;:&quot;classic&quot;}\">\n\t\t\t\t\t\t\t<div class=\"elementor-background-overlay\"><\/div>\n\t\t\t\t\t\t\t<div class=\"elementor-container elementor-column-gap-default\">\n\t\t\t\t\t<div class=\"elementor-column elementor-col-100 elementor-top-column elementor-element elementor-element-efa31fd\" data-id=\"efa31fd\" data-element_type=\"column\" data-e-type=\"column\">\n\t\t\t<div class=\"elementor-widget-wrap elementor-element-populated\">\n\t\t\t\t\t\t<div class=\"elementor-element elementor-element-11072a0 elementor-invisible elementor-widget elementor-widget-heading\" data-id=\"11072a0\" data-element_type=\"widget\" data-e-type=\"widget\" data-settings=\"{&quot;_animation&quot;:&quot;fadeIn&quot;}\" data-widget_type=\"heading.default\">\n\t\t\t\t<div class=\"elementor-widget-container\">\n\t\t\t\t\t<h1 class=\"elementor-heading-title elementor-size-default\">Danke<\/h1>\t\t\t\t<\/div>\n\t\t\t\t<\/div>\n\t\t\t\t<div class=\"elementor-element elementor-element-f04e726 elementor-absolute elementor-view-default elementor-invisible elementor-widget elementor-widget-icon\" data-id=\"f04e726\" data-element_type=\"widget\" data-e-type=\"widget\" data-settings=\"{&quot;_position&quot;:&quot;absolute&quot;,&quot;_animation&quot;:&quot;pulse&quot;}\" data-widget_type=\"icon.default\">\n\t\t\t\t<div class=\"elementor-widget-container\">\n\t\t\t\t\t\t\t<div class=\"elementor-icon-wrapper\">\n\t\t\t<a class=\"elementor-icon\" href=\"#content\">\n\t\t\t<svg xmlns=\"http:\/\/www.w3.org\/2000\/svg\" width=\"39.471\" height=\"39.471\" viewBox=\"0 0 39.471 39.471\"><g id=\"Icon_ionic-ios-arrow-dropdown\" data-name=\"Icon ionic-ios-arrow-dropdown\" transform=\"translate(-3.375 -3.375)\"><path id=\"Trac&#xE9;_91\" data-name=\"Trac&#xE9; 91\" d=\"M10.516,14.955a1.838,1.838,0,0,0,0,2.59L19.6,26.6a1.829,1.829,0,0,0,2.524.057l8.947-8.919a1.828,1.828,0,1,0-2.581-2.59L20.8,22.717l-7.695-7.771A1.83,1.83,0,0,0,10.516,14.955Z\" transform=\"translate(2.309 3.857)\" fill=\"#fff\"><\/path><path id=\"Trac&#xE9;_92\" data-name=\"Trac&#xE9; 92\" d=\"M3.375,23.11A19.735,19.735,0,1,0,23.11,3.375,19.732,19.732,0,0,0,3.375,23.11Zm31.539-11.8A16.692,16.692,0,1,1,11.307,34.914,16.692,16.692,0,1,1,34.914,11.307Z\" fill=\"#fff\"><\/path><\/g><\/svg>\t\t\t<\/a>\n\t\t<\/div>\n\t\t\t\t\t\t<\/div>\n\t\t\t\t<\/div>\n\t\t\t\t\t<\/div>\n\t\t<\/div>\n\t\t\t\t\t<\/div>\n\t\t<\/section>\n\t\t\t\t<section class=\"elementor-section elementor-top-section elementor-element elementor-element-f5920a8 elementor-section-full_width elementor-section-height-default elementor-section-height-default\" data-id=\"f5920a8\" data-element_type=\"section\" data-e-type=\"section\">\n\t\t\t\t\t\t<div class=\"elementor-container elementor-column-gap-default\">\n\t\t\t\t\t<div class=\"elementor-column elementor-col-100 elementor-top-column elementor-element elementor-element-336574a\" data-id=\"336574a\" data-element_type=\"column\" data-e-type=\"column\">\n\t\t\t<div class=\"elementor-widget-wrap elementor-element-populated\">\n\t\t\t\t\t\t<div class=\"elementor-element elementor-element-361a07e elementor-widget elementor-widget-heading\" data-id=\"361a07e\" data-element_type=\"widget\" data-e-type=\"widget\" data-widget_type=\"heading.default\">\n\t\t\t\t<div class=\"elementor-widget-container\">\n\t\t\t\t\t<span class=\"elementor-heading-title elementor-size-default\">\u00a9 Unsplash<\/span>\t\t\t\t<\/div>\n\t\t\t\t<\/div>\n\t\t\t\t\t<\/div>\n\t\t<\/div>\n\t\t\t\t\t<\/div>\n\t\t<\/section>\n\t\t\t\t<section class=\"elementor-section elementor-top-section elementor-element elementor-element-3eba01f elementor-section-boxed elementor-section-height-default elementor-section-height-default\" data-id=\"3eba01f\" data-element_type=\"section\" data-e-type=\"section\" data-settings=\"{&quot;background_background&quot;:&quot;classic&quot;}\">\n\t\t\t\t\t\t<div class=\"elementor-container elementor-column-gap-default\">\n\t\t\t\t\t<div class=\"elementor-column elementor-col-100 elementor-top-column elementor-element elementor-element-8dee438\" data-id=\"8dee438\" data-element_type=\"column\" data-e-type=\"column\">\n\t\t\t<div class=\"elementor-widget-wrap elementor-element-populated\">\n\t\t\t\t\t\t<div class=\"elementor-element elementor-element-3767570 elementor-invisible elementor-widget elementor-widget-heading\" data-id=\"3767570\" data-element_type=\"widget\" data-e-type=\"widget\" data-settings=\"{&quot;_animation&quot;:&quot;fadeIn&quot;}\" data-widget_type=\"heading.default\">\n\t\t\t\t<div class=\"elementor-widget-container\">\n\t\t\t\t\t<h2 class=\"elementor-heading-title elementor-size-default\">Danke <\/h2>\t\t\t\t<\/div>\n\t\t\t\t<\/div>\n\t\t\t\t<div class=\"elementor-element elementor-element-95421ac elementor-widget elementor-widget-text-editor\" data-id=\"95421ac\" data-element_type=\"widget\" data-e-type=\"widget\" data-widget_type=\"text-editor.default\">\n\t\t\t\t<div class=\"elementor-widget-container\">\n\t\t\t\t\t\t\t\t\t<p><b>Ihre Anfrage wurde erfolgreich versendet.<\/b><\/p><p>Wir werden Ihnen so bald wie m\u00f6glich antworten.<\/p>\t\t\t\t\t\t\t\t<\/div>\n\t\t\t\t<\/div>\n\t\t\t\t<div class=\"elementor-element elementor-element-2e32763 elementor-align-left elementor-invisible elementor-widget elementor-widget-button\" data-id=\"2e32763\" data-element_type=\"widget\" data-e-type=\"widget\" data-settings=\"{&quot;_animation&quot;:&quot;fadeIn&quot;}\" data-widget_type=\"button.default\">\n\t\t\t\t<div class=\"elementor-widget-container\">\n\t\t\t\t\t\t\t\t\t<div class=\"elementor-button-wrapper\">\n\t\t\t\t\t<a class=\"elementor-button elementor-button-link elementor-size-sm\" href=\"https:\/\/tourisme-terrestouloises.com\/de\/\">\n\t\t\t\t\t\t<span class=\"elementor-button-content-wrapper\">\n\t\t\t\t\t\t\t\t\t<span class=\"elementor-button-text\">Zur\u00fcck zur Startseite<\/span>\n\t\t\t\t\t<\/span>\n\t\t\t\t\t<\/a>\n\t\t\t\t<\/div>\n\t\t\t\t\t\t\t\t<\/div>\n\t\t\t\t<\/div>\n\t\t\t\t<div class=\"elementor-element elementor-element-3996d5f elementor-widget elementor-widget-html\" data-id=\"3996d5f\" data-element_type=\"widget\" data-e-type=\"widget\" data-widget_type=\"html.default\">\n\t\t\t\t<div class=\"elementor-widget-container\">\n\t\t\t\t\t<script>jQuery(document).on('click', '#button-tel-contact', function(){\n        jQuery('#btn-tel .elementor-button-text').text('00 33 (0)3 83 64 90 60');\n    });\n<\/script>\t\t\t\t<\/div>\n\t\t\t\t<\/div>\n\t\t\t\t\t<\/div>\n\t\t<\/div>\n\t\t\t\t\t<\/div>\n\t\t<\/section>\n\t\t\t\t<\/div>\n\t\t","protected":false},"excerpt":{"rendered":"<p>Danke \u00a9 Unsplash Danke Ihre Anfrage wurde erfolgreich versendet. Wir werden Ihnen so bald wie m\u00f6glich antworten. Zur\u00fcck zur Startseite<\/p>\n","protected":false},"author":1,"featured_media":0,"parent":13648,"menu_order":0,"comment_status":"closed","ping_status":"closed","template":"elementor_header_footer","meta":{"_acf_changed":false,"footnotes":""},"class_list":["post-13682","page","type-page","status-publish","hentry"],"acf":[],"yoast_head":"<!-- This site is optimized with the Yoast SEO plugin v27.5 - https:\/\/yoast.com\/product\/yoast-seo-wordpress\/ -->\n<title>Danke Gruppen - Tourismusb\u00fcro Terres Touloises<\/title>\n<meta name=\"description\" content=\"Das Maison du Tourisme de Toul empf\u00e4ngt Sie das ganze Jahr \u00fcber am Fu\u00dfe der Kathedrale Saint-Etienne, um Ihnen die Region Toulois n\u00e4her zu bringen!\" \/>\n<meta name=\"robots\" content=\"index, follow, max-snippet:-1, max-image-preview:large, max-video-preview:-1\" \/>\n<link rel=\"canonical\" href=\"https:\/\/tourisme-terrestouloises.com\/de\/gruppen\/danke-gruppen\/\" \/>\n<meta property=\"og:locale\" content=\"de_DE\" \/>\n<meta property=\"og:type\" content=\"article\" \/>\n<meta property=\"og:title\" content=\"Danke Gruppen - Tourismusb\u00fcro Terres Touloises\" \/>\n<meta property=\"og:description\" content=\"Das Maison du Tourisme de Toul empf\u00e4ngt Sie das ganze Jahr \u00fcber am Fu\u00dfe der Kathedrale Saint-Etienne, um Ihnen die Region Toulois n\u00e4her zu bringen!\" \/>\n<meta property=\"og:url\" content=\"https:\/\/tourisme-terrestouloises.com\/de\/gruppen\/danke-gruppen\/\" \/>\n<meta property=\"og:site_name\" content=\"Tourismusb\u00fcro Terres Touloises\" \/>\n<meta property=\"article:modified_time\" content=\"2022-05-02T10:14:01+00:00\" \/>\n<meta name=\"twitter:card\" content=\"summary_large_image\" \/>\n<script type=\"application\/ld+json\" class=\"yoast-schema-graph\">{\"@context\":\"https:\\\/\\\/schema.org\",\"@graph\":[{\"@type\":\"WebPage\",\"@id\":\"https:\\\/\\\/tourisme-terrestouloises.com\\\/de\\\/gruppen\\\/danke-gruppen\\\/\",\"url\":\"https:\\\/\\\/tourisme-terrestouloises.com\\\/de\\\/gruppen\\\/danke-gruppen\\\/\",\"name\":\"Danke Gruppen - Tourismusb\u00fcro Terres Touloises\",\"isPartOf\":{\"@id\":\"https:\\\/\\\/tourisme-terrestouloises.com\\\/de\\\/#website\"},\"datePublished\":\"2022-03-17T08:49:37+00:00\",\"dateModified\":\"2022-05-02T10:14:01+00:00\",\"description\":\"Das Maison du Tourisme de Toul empf\u00e4ngt Sie das ganze Jahr \u00fcber am Fu\u00dfe der Kathedrale Saint-Etienne, um Ihnen die Region Toulois n\u00e4her zu bringen!\",\"breadcrumb\":{\"@id\":\"https:\\\/\\\/tourisme-terrestouloises.com\\\/de\\\/gruppen\\\/danke-gruppen\\\/#breadcrumb\"},\"inLanguage\":\"de\",\"potentialAction\":[{\"@type\":\"ReadAction\",\"target\":[\"https:\\\/\\\/tourisme-terrestouloises.com\\\/de\\\/gruppen\\\/danke-gruppen\\\/\"]}]},{\"@type\":\"BreadcrumbList\",\"@id\":\"https:\\\/\\\/tourisme-terrestouloises.com\\\/de\\\/gruppen\\\/danke-gruppen\\\/#breadcrumb\",\"itemListElement\":[{\"@type\":\"ListItem\",\"position\":1,\"name\":\"Accueil\",\"item\":\"https:\\\/\\\/tourisme-terrestouloises.com\\\/de\\\/\"},{\"@type\":\"ListItem\",\"position\":2,\"name\":\"Gruppen\",\"item\":\"https:\\\/\\\/tourisme-terrestouloises.com\\\/de\\\/gruppen\\\/\"},{\"@type\":\"ListItem\",\"position\":3,\"name\":\"Danke Gruppen\"}]},{\"@type\":\"WebSite\",\"@id\":\"https:\\\/\\\/tourisme-terrestouloises.com\\\/de\\\/#website\",\"url\":\"https:\\\/\\\/tourisme-terrestouloises.com\\\/de\\\/\",\"name\":\"Tourismusb\u00fcro Terres Touloises\",\"description\":\"Bienvenue en Terres Touloises\",\"publisher\":{\"@id\":\"https:\\\/\\\/tourisme-terrestouloises.com\\\/de\\\/#organization\"},\"potentialAction\":[{\"@type\":\"SearchAction\",\"target\":{\"@type\":\"EntryPoint\",\"urlTemplate\":\"https:\\\/\\\/tourisme-terrestouloises.com\\\/de\\\/?s={search_term_string}\"},\"query-input\":{\"@type\":\"PropertyValueSpecification\",\"valueRequired\":true,\"valueName\":\"search_term_string\"}}],\"inLanguage\":\"de\"},{\"@type\":\"Organization\",\"@id\":\"https:\\\/\\\/tourisme-terrestouloises.com\\\/de\\\/#organization\",\"name\":\"Tourismusb\u00fcro Terres Touloises\",\"url\":\"https:\\\/\\\/tourisme-terrestouloises.com\\\/de\\\/\",\"logo\":{\"@type\":\"ImageObject\",\"inLanguage\":\"de\",\"@id\":\"https:\\\/\\\/tourisme-terrestouloises.com\\\/de\\\/#\\\/schema\\\/logo\\\/image\\\/\",\"url\":\"https:\\\/\\\/tourisme-terrestouloises.com\\\/wp-content\\\/uploads\\\/2021\\\/11\\\/TerresTouloises_Tourisme.svg\",\"contentUrl\":\"https:\\\/\\\/tourisme-terrestouloises.com\\\/wp-content\\\/uploads\\\/2021\\\/11\\\/TerresTouloises_Tourisme.svg\",\"width\":126,\"height\":166,\"caption\":\"Tourismusb\u00fcro Terres Touloises\"},\"image\":{\"@id\":\"https:\\\/\\\/tourisme-terrestouloises.com\\\/de\\\/#\\\/schema\\\/logo\\\/image\\\/\"}}]}<\/script>\n<!-- \/ Yoast SEO plugin. -->","yoast_head_json":{"title":"Danke Gruppen - Tourismusb\u00fcro Terres Touloises","description":"Das Maison du Tourisme de Toul empf\u00e4ngt Sie das ganze Jahr \u00fcber am Fu\u00dfe der Kathedrale Saint-Etienne, um Ihnen die Region Toulois n\u00e4her zu bringen!","robots":{"index":"index","follow":"follow","max-snippet":"max-snippet:-1","max-image-preview":"max-image-preview:large","max-video-preview":"max-video-preview:-1"},"canonical":"https:\/\/tourisme-terrestouloises.com\/de\/gruppen\/danke-gruppen\/","og_locale":"de_DE","og_type":"article","og_title":"Danke Gruppen - Tourismusb\u00fcro Terres Touloises","og_description":"Das Maison du Tourisme de Toul empf\u00e4ngt Sie das ganze Jahr \u00fcber am Fu\u00dfe der Kathedrale Saint-Etienne, um Ihnen die Region Toulois n\u00e4her zu bringen!","og_url":"https:\/\/tourisme-terrestouloises.com\/de\/gruppen\/danke-gruppen\/","og_site_name":"Tourismusb\u00fcro Terres Touloises","article_modified_time":"2022-05-02T10:14:01+00:00","twitter_card":"summary_large_image","schema":{"@context":"https:\/\/schema.org","@graph":[{"@type":"WebPage","@id":"https:\/\/tourisme-terrestouloises.com\/de\/gruppen\/danke-gruppen\/","url":"https:\/\/tourisme-terrestouloises.com\/de\/gruppen\/danke-gruppen\/","name":"Danke Gruppen - Tourismusb\u00fcro Terres Touloises","isPartOf":{"@id":"https:\/\/tourisme-terrestouloises.com\/de\/#website"},"datePublished":"2022-03-17T08:49:37+00:00","dateModified":"2022-05-02T10:14:01+00:00","description":"Das Maison du Tourisme de Toul empf\u00e4ngt Sie das ganze Jahr \u00fcber am Fu\u00dfe der Kathedrale Saint-Etienne, um Ihnen die Region Toulois n\u00e4her zu bringen!","breadcrumb":{"@id":"https:\/\/tourisme-terrestouloises.com\/de\/gruppen\/danke-gruppen\/#breadcrumb"},"inLanguage":"de","potentialAction":[{"@type":"ReadAction","target":["https:\/\/tourisme-terrestouloises.com\/de\/gruppen\/danke-gruppen\/"]}]},{"@type":"BreadcrumbList","@id":"https:\/\/tourisme-terrestouloises.com\/de\/gruppen\/danke-gruppen\/#breadcrumb","itemListElement":[{"@type":"ListItem","position":1,"name":"Accueil","item":"https:\/\/tourisme-terrestouloises.com\/de\/"},{"@type":"ListItem","position":2,"name":"Gruppen","item":"https:\/\/tourisme-terrestouloises.com\/de\/gruppen\/"},{"@type":"ListItem","position":3,"name":"Danke Gruppen"}]},{"@type":"WebSite","@id":"https:\/\/tourisme-terrestouloises.com\/de\/#website","url":"https:\/\/tourisme-terrestouloises.com\/de\/","name":"Tourismusb\u00fcro Terres Touloises","description":"Bienvenue en Terres Touloises","publisher":{"@id":"https:\/\/tourisme-terrestouloises.com\/de\/#organization"},"potentialAction":[{"@type":"SearchAction","target":{"@type":"EntryPoint","urlTemplate":"https:\/\/tourisme-terrestouloises.com\/de\/?s={search_term_string}"},"query-input":{"@type":"PropertyValueSpecification","valueRequired":true,"valueName":"search_term_string"}}],"inLanguage":"de"},{"@type":"Organization","@id":"https:\/\/tourisme-terrestouloises.com\/de\/#organization","name":"Tourismusb\u00fcro Terres Touloises","url":"https:\/\/tourisme-terrestouloises.com\/de\/","logo":{"@type":"ImageObject","inLanguage":"de","@id":"https:\/\/tourisme-terrestouloises.com\/de\/#\/schema\/logo\/image\/","url":"https:\/\/tourisme-terrestouloises.com\/wp-content\/uploads\/2021\/11\/TerresTouloises_Tourisme.svg","contentUrl":"https:\/\/tourisme-terrestouloises.com\/wp-content\/uploads\/2021\/11\/TerresTouloises_Tourisme.svg","width":126,"height":166,"caption":"Tourismusb\u00fcro Terres Touloises"},"image":{"@id":"https:\/\/tourisme-terrestouloises.com\/de\/#\/schema\/logo\/image\/"}}]}},"_links":{"self":[{"href":"https:\/\/tourisme-terrestouloises.com\/de\/wp-json\/wp\/v2\/pages\/13682","targetHints":{"allow":["GET"]}}],"collection":[{"href":"https:\/\/tourisme-terrestouloises.com\/de\/wp-json\/wp\/v2\/pages"}],"about":[{"href":"https:\/\/tourisme-terrestouloises.com\/de\/wp-json\/wp\/v2\/types\/page"}],"author":[{"embeddable":true,"href":"https:\/\/tourisme-terrestouloises.com\/de\/wp-json\/wp\/v2\/users\/1"}],"replies":[{"embeddable":true,"href":"https:\/\/tourisme-terrestouloises.com\/de\/wp-json\/wp\/v2\/comments?post=13682"}],"version-history":[{"count":0,"href":"https:\/\/tourisme-terrestouloises.com\/de\/wp-json\/wp\/v2\/pages\/13682\/revisions"}],"up":[{"embeddable":true,"href":"https:\/\/tourisme-terrestouloises.com\/de\/wp-json\/wp\/v2\/pages\/13648"}],"wp:attachment":[{"href":"https:\/\/tourisme-terrestouloises.com\/de\/wp-json\/wp\/v2\/media?parent=13682"}],"curies":[{"name":"wp","href":"https:\/\/api.w.org\/{rel}","templated":true}]}}