{"id":17555,"date":"2022-04-08T14:54:45","date_gmt":"2022-04-08T12:54:45","guid":{"rendered":"https:\/\/tourisme-terrestouloises.com\/weinprobebereich\/"},"modified":"2024-06-27T11:45:01","modified_gmt":"2024-06-27T09:45:01","slug":"weinprobebereich","status":"publish","type":"page","link":"https:\/\/tourisme-terrestouloises.com\/de\/die-must-haves\/der-tourismusweg-der-cotes-de-toul\/weinprobebereich\/","title":{"rendered":"Weinprobebereich"},"content":{"rendered":"\t\t<div data-elementor-type=\"wp-page\" data-elementor-id=\"17555\" class=\"elementor elementor-17555 elementor-3584\" data-elementor-post-type=\"page\">\n\t\t\t\t\t\t<section class=\"elementor-section elementor-top-section elementor-element elementor-element-2b3f902 elementor-section-boxed elementor-section-height-default elementor-section-height-default\" data-id=\"2b3f902\" data-element_type=\"section\" data-e-type=\"section\" data-settings=\"{&quot;background_background&quot;:&quot;classic&quot;}\">\n\t\t\t\t\t\t<div class=\"elementor-container elementor-column-gap-default\">\n\t\t\t\t\t<div class=\"elementor-column elementor-col-100 elementor-top-column elementor-element elementor-element-96d2640\" data-id=\"96d2640\" data-element_type=\"column\" data-e-type=\"column\" id=\"content\">\n\t\t\t<div class=\"elementor-widget-wrap elementor-element-populated\">\n\t\t\t\t\t\t<section class=\"elementor-section elementor-inner-section elementor-element elementor-element-ab51505 elementor-section-boxed elementor-section-height-default elementor-section-height-default\" data-id=\"ab51505\" data-element_type=\"section\" data-e-type=\"section\">\n\t\t\t\t\t\t<div class=\"elementor-container elementor-column-gap-default\">\n\t\t\t\t\t<div class=\"elementor-column elementor-col-50 elementor-inner-column elementor-element elementor-element-3f17d01\" data-id=\"3f17d01\" data-element_type=\"column\" data-e-type=\"column\">\n\t\t\t<div class=\"elementor-widget-wrap elementor-element-populated\">\n\t\t\t\t\t\t<div class=\"elementor-element elementor-element-3a1127d elementor-invisible elementor-widget elementor-widget-image\" data-id=\"3a1127d\" data-element_type=\"widget\" data-e-type=\"widget\" data-settings=\"{&quot;_animation&quot;:&quot;fadeInLeft&quot;,&quot;_animation_mobile&quot;:&quot;fadeIn&quot;}\" data-widget_type=\"image.default\">\n\t\t\t\t<div class=\"elementor-widget-container\">\n\t\t\t\t\t\t\t\t\t\t\t\t<figure class=\"wp-caption\">\n\t\t\t\t\t\t\t\t\t\t<img fetchpriority=\"high\" decoding=\"async\" width=\"640\" height=\"480\" src=\"https:\/\/tourisme-terrestouloises.com\/wp-content\/uploads\/2022\/04\/20211015_154900-min-1024x768.jpg\" class=\"attachment-large size-large wp-image-3594\" alt=\"\" srcset=\"https:\/\/tourisme-terrestouloises.com\/wp-content\/uploads\/2022\/04\/20211015_154900-min-1024x768.jpg 1024w, https:\/\/tourisme-terrestouloises.com\/wp-content\/uploads\/2022\/04\/20211015_154900-min-300x225.jpg 300w, https:\/\/tourisme-terrestouloises.com\/wp-content\/uploads\/2022\/04\/20211015_154900-min-768x576.jpg 768w, https:\/\/tourisme-terrestouloises.com\/wp-content\/uploads\/2022\/04\/20211015_154900-min-1536x1152.jpg 1536w, https:\/\/tourisme-terrestouloises.com\/wp-content\/uploads\/2022\/04\/20211015_154900-min-2048x1536.jpg 2048w, https:\/\/tourisme-terrestouloises.com\/wp-content\/uploads\/2022\/04\/20211015_154900-min-24x18.jpg 24w, https:\/\/tourisme-terrestouloises.com\/wp-content\/uploads\/2022\/04\/20211015_154900-min-36x27.jpg 36w, https:\/\/tourisme-terrestouloises.com\/wp-content\/uploads\/2022\/04\/20211015_154900-min-48x36.jpg 48w\" sizes=\"(max-width: 640px) 100vw, 640px\" \/>\t\t\t\t\t\t\t\t\t\t\t<figcaption class=\"widget-image-caption wp-caption-text\">\u00a9 J. WEBER \/ MDT<\/figcaption>\n\t\t\t\t\t\t\t\t\t\t<\/figure>\n\t\t\t\t\t\t\t\t\t<\/div>\n\t\t\t\t<\/div>\n\t\t\t\t\t<\/div>\n\t\t<\/div>\n\t\t\t\t<div class=\"elementor-column elementor-col-50 elementor-inner-column elementor-element elementor-element-eb121af elementor-invisible\" data-id=\"eb121af\" data-element_type=\"column\" data-e-type=\"column\" data-settings=\"{&quot;background_background&quot;:&quot;classic&quot;,&quot;animation&quot;:&quot;fadeIn&quot;}\">\n\t\t\t<div class=\"elementor-widget-wrap elementor-element-populated\">\n\t\t\t\t\t\t<div class=\"elementor-element elementor-element-adc1738 elementor-widget elementor-widget-heading\" data-id=\"adc1738\" data-element_type=\"widget\" data-e-type=\"widget\" data-widget_type=\"heading.default\">\n\t\t\t\t<div class=\"elementor-widget-container\">\n\t\t\t\t\t<h3 class=\"elementor-heading-title elementor-size-default\">Oenomatic<\/h3>\t\t\t\t<\/div>\n\t\t\t\t<\/div>\n\t\t\t\t<div class=\"elementor-element elementor-element-0042218 elementor-widget elementor-widget-text-editor\" data-id=\"0042218\" data-element_type=\"widget\" data-e-type=\"widget\" data-widget_type=\"text-editor.default\">\n\t\t\t\t<div class=\"elementor-widget-container\">\n\t\t\t\t\t\t\t\t\t<p>Direkt an der Kathedrale m\u00fcssen Sie unbedingt die C\u00f4tes de Toul-Weine im ganzj\u00e4hrig ge\u00f6ffneten Verkostungsbereich des Maison du Tourisme kennenlernen. Verkosten Sie mit den hiesigen Winzern eine Auswahl an Vin Gris aus Toul, Auxerrois und Pinot Noir der Appellation C\u00f4tes de Toul. <\/p>\n<p>Der Verkostungsbereich ist als Vorreiter im Grand Est mit einem Enomatic-Weinausgabesystem im Glas ausgestattet, das optimale Verkostungsbedingungen gew\u00e4hrleistet. Sie k\u00f6nnen auch alle Weine kaufen, die bei der Weinprobe angeboten werden. <\/p>\n<p><em>5 \u20ac f\u00fcr drei Weinproben<\/em><\/p>\n\t\t\t\t\t\t\t\t<\/div>\n\t\t\t\t<\/div>\n\t\t\t\t\t<\/div>\n\t\t<\/div>\n\t\t\t\t\t<\/div>\n\t\t<\/section>\n\t\t\t\t\t<\/div>\n\t\t<\/div>\n\t\t\t\t\t<\/div>\n\t\t<\/section>\n\t\t\t\t<section class=\"elementor-section elementor-top-section elementor-element elementor-element-d0e3144 elementor-section-boxed elementor-section-height-default elementor-section-height-default\" data-id=\"d0e3144\" data-element_type=\"section\" data-e-type=\"section\" data-settings=\"{&quot;background_background&quot;:&quot;classic&quot;}\">\n\t\t\t\t\t\t<div class=\"elementor-container elementor-column-gap-default\">\n\t\t\t\t\t<div class=\"elementor-column elementor-col-100 elementor-top-column elementor-element elementor-element-335e05a\" data-id=\"335e05a\" data-element_type=\"column\" data-e-type=\"column\">\n\t\t\t<div class=\"elementor-widget-wrap elementor-element-populated\">\n\t\t\t\t\t\t<section class=\"elementor-section elementor-inner-section elementor-element elementor-element-d6ead7e elementor-section-boxed elementor-section-height-default elementor-section-height-default\" data-id=\"d6ead7e\" data-element_type=\"section\" data-e-type=\"section\">\n\t\t\t\t\t\t<div class=\"elementor-container elementor-column-gap-default\">\n\t\t\t\t\t<div class=\"elementor-column elementor-col-50 elementor-inner-column elementor-element elementor-element-b36a52e\" data-id=\"b36a52e\" data-element_type=\"column\" data-e-type=\"column\">\n\t\t\t<div class=\"elementor-widget-wrap elementor-element-populated\">\n\t\t\t\t\t\t<div class=\"elementor-element elementor-element-f707a32 elementor-invisible elementor-widget elementor-widget-image\" data-id=\"f707a32\" data-element_type=\"widget\" data-e-type=\"widget\" data-settings=\"{&quot;_animation_mobile&quot;:&quot;fadeIn&quot;,&quot;_animation&quot;:&quot;fadeIn&quot;}\" data-widget_type=\"image.default\">\n\t\t\t\t<div class=\"elementor-widget-container\">\n\t\t\t\t\t\t\t\t\t\t\t\t<figure class=\"wp-caption\">\n\t\t\t\t\t\t\t\t\t\t<img decoding=\"async\" width=\"640\" height=\"334\" src=\"https:\/\/tourisme-terrestouloises.com\/wp-content\/uploads\/2022\/04\/20210704_114714-min-1-1024x534.jpg\" class=\"attachment-large size-large wp-image-3603\" alt=\"\" srcset=\"https:\/\/tourisme-terrestouloises.com\/wp-content\/uploads\/2022\/04\/20210704_114714-min-1-1024x534.jpg 1024w, https:\/\/tourisme-terrestouloises.com\/wp-content\/uploads\/2022\/04\/20210704_114714-min-1-300x157.jpg 300w, https:\/\/tourisme-terrestouloises.com\/wp-content\/uploads\/2022\/04\/20210704_114714-min-1-768x401.jpg 768w, https:\/\/tourisme-terrestouloises.com\/wp-content\/uploads\/2022\/04\/20210704_114714-min-1-1536x802.jpg 1536w, https:\/\/tourisme-terrestouloises.com\/wp-content\/uploads\/2022\/04\/20210704_114714-min-1-2048x1069.jpg 2048w, https:\/\/tourisme-terrestouloises.com\/wp-content\/uploads\/2022\/04\/20210704_114714-min-1-24x13.jpg 24w, https:\/\/tourisme-terrestouloises.com\/wp-content\/uploads\/2022\/04\/20210704_114714-min-1-36x19.jpg 36w, https:\/\/tourisme-terrestouloises.com\/wp-content\/uploads\/2022\/04\/20210704_114714-min-1-48x25.jpg 48w\" sizes=\"(max-width: 640px) 100vw, 640px\" \/>\t\t\t\t\t\t\t\t\t\t\t<figcaption class=\"widget-image-caption wp-caption-text\">\u00a9 J. WEBER \/ MDT<\/figcaption>\n\t\t\t\t\t\t\t\t\t\t<\/figure>\n\t\t\t\t\t\t\t\t\t<\/div>\n\t\t\t\t<\/div>\n\t\t\t\t\t<\/div>\n\t\t<\/div>\n\t\t\t\t<div class=\"elementor-column elementor-col-50 elementor-inner-column elementor-element elementor-element-8759178 elementor-invisible\" data-id=\"8759178\" data-element_type=\"column\" data-e-type=\"column\" data-settings=\"{&quot;background_background&quot;:&quot;classic&quot;,&quot;animation&quot;:&quot;fadeIn&quot;}\">\n\t\t\t<div class=\"elementor-widget-wrap elementor-element-populated\">\n\t\t\t\t\t\t<div class=\"elementor-element elementor-element-6a4d4ff elementor-widget elementor-widget-heading\" data-id=\"6a4d4ff\" data-element_type=\"widget\" data-e-type=\"widget\" data-widget_type=\"heading.default\">\n\t\t\t\t<div class=\"elementor-widget-container\">\n\t\t\t\t\t<h3 class=\"elementor-heading-title elementor-size-default\">Vin Gris, Wei\u00dfweine, Rotweine<\/h3>\t\t\t\t<\/div>\n\t\t\t\t<\/div>\n\t\t\t\t<div class=\"elementor-element elementor-element-fc8b8c3 elementor-widget elementor-widget-text-editor\" data-id=\"fc8b8c3\" data-element_type=\"widget\" data-e-type=\"widget\" data-widget_type=\"text-editor.default\">\n\t\t\t\t<div class=\"elementor-widget-container\">\n\t\t\t\t\t\t\t\t\t<p><strong>Gris de Toul<\/strong><br \/>Der Gris de Toul ist ein echtes Wahrzeichen seines Terroirs und wird durch sofortiges Pressen der Rebsorten Gamay und Pinot Noir gewonnen. Er zeichnet sich durch ein sch\u00f6nes Goldros\u00e9 aus und \u00fcberzeugt die Nase durch Frische und eine blumig-raffinierte Note. Am Gaumen ist er k\u00f6stlich und lebendig.<\/p>\n<p><strong>Rotwein \u2013 Pinot Noir<\/strong> <br \/>Der Pinot Noir ist ein vollmundiger Wein mit feinen Tanninen. Sein Bouquet roter Fr\u00fcchte verleiht ihm kraftvolle Intensit\u00e4t.<\/p>\n<p><strong>Wei\u00dfwein \u2013 Auxerrois<\/strong> <br \/>Der Wei\u00dfwein der C\u00f4tes de Toul wird aus der lokalen Rebsorte Auxerrois gekeltert. Er pr\u00e4sentiert sich mit zarten gr\u00fcn-goldenen Reflexen. Der leichte Wein ist elegant und fruchtig mit einer Note von Zitrusfr\u00fcchten.<\/p>\n\t\t\t\t\t\t\t\t<\/div>\n\t\t\t\t<\/div>\n\t\t\t\t\t<\/div>\n\t\t<\/div>\n\t\t\t\t\t<\/div>\n\t\t<\/section>\n\t\t\t\t\t<\/div>\n\t\t<\/div>\n\t\t\t\t\t<\/div>\n\t\t<\/section>\n\t\t\t\t<section class=\"elementor-section elementor-top-section elementor-element elementor-element-9f1818a elementor-section-full_width elementor-section-height-default elementor-section-height-default\" data-id=\"9f1818a\" data-element_type=\"section\" data-e-type=\"section\" data-settings=\"{&quot;background_background&quot;:&quot;classic&quot;}\">\n\t\t\t\t\t\t<div class=\"elementor-container elementor-column-gap-default\">\n\t\t\t\t\t<div class=\"elementor-column elementor-col-100 elementor-top-column elementor-element elementor-element-4455130\" data-id=\"4455130\" data-element_type=\"column\" data-e-type=\"column\">\n\t\t\t<div class=\"elementor-widget-wrap elementor-element-populated\">\n\t\t\t\t\t\t<div class=\"elementor-element elementor-element-e0a6987 elementor-widget elementor-widget-heading\" data-id=\"e0a6987\" data-element_type=\"widget\" data-e-type=\"widget\" data-widget_type=\"heading.default\">\n\t\t\t\t<div class=\"elementor-widget-container\">\n\t\t\t\t\t<span class=\"elementor-heading-title elementor-size-default\">\u00a9 J. WEBER \/ MDT<\/span>\t\t\t\t<\/div>\n\t\t\t\t<\/div>\n\t\t\t\t\t<\/div>\n\t\t<\/div>\n\t\t\t\t\t<\/div>\n\t\t<\/section>\n\t\t\t\t<section class=\"elementor-section elementor-top-section elementor-element elementor-element-f27809e elementor-section-height-min-height elementor-section-boxed elementor-section-height-default elementor-section-items-middle\" data-id=\"f27809e\" data-element_type=\"section\" data-e-type=\"section\" data-settings=\"{&quot;background_background&quot;:&quot;classic&quot;}\">\n\t\t\t\t\t\t<div class=\"elementor-container elementor-column-gap-default\">\n\t\t\t\t\t<div class=\"elementor-column elementor-col-100 elementor-top-column elementor-element elementor-element-977e8f7\" data-id=\"977e8f7\" data-element_type=\"column\" data-e-type=\"column\">\n\t\t\t<div class=\"elementor-widget-wrap\">\n\t\t\t\t\t\t\t<\/div>\n\t\t<\/div>\n\t\t\t\t\t<\/div>\n\t\t<\/section>\n\t\t\t\t<\/div>\n\t\t","protected":false},"excerpt":{"rendered":"<p>\u00a9 J. WEBER \/ MDT Oenomatic Direkt an der Kathedrale m\u00fcssen Sie unbedingt die C\u00f4tes de Toul-Weine im ganzj\u00e4hrig ge\u00f6ffneten Verkostungsbereich des Maison du Tourisme kennenlernen. Verkosten Sie mit den hiesigen Winzern eine Auswahl an Vin Gris aus Toul, Auxerrois und Pinot Noir der Appellation C\u00f4tes de Toul. Der Verkostungsbereich ist als Vorreiter im Grand [&hellip;]<\/p>\n","protected":false},"author":1,"featured_media":1278,"parent":13662,"menu_order":60,"comment_status":"closed","ping_status":"closed","template":"","meta":{"_acf_changed":false,"footnotes":""},"class_list":["post-17555","page","type-page","status-publish","has-post-thumbnail","hentry"],"acf":[],"yoast_head":"<!-- This site is optimized with the Yoast SEO plugin v27.4 - https:\/\/yoast.com\/product\/yoast-seo-wordpress\/ -->\n<title>Weinprobebereich - Tourismusb\u00fcro Terres Touloises<\/title>\n<meta name=\"description\" content=\"Direkt an der Kathedrale m\u00fcssen Sie unbedingt die C\u00f4tes de Toul-Weine im ganzj\u00e4hrig ge\u00f6ffneten Verkostungsbereich des Maison du Tourisme kennenlernen.\" \/>\n<meta name=\"robots\" content=\"index, follow, max-snippet:-1, max-image-preview:large, max-video-preview:-1\" \/>\n<link rel=\"canonical\" href=\"https:\/\/tourisme-terrestouloises.com\/de\/die-must-haves\/der-tourismusweg-der-cotes-de-toul\/weinprobebereich\/\" \/>\n<meta property=\"og:locale\" content=\"de_DE\" \/>\n<meta property=\"og:type\" content=\"article\" \/>\n<meta property=\"og:title\" content=\"Weinprobebereich - Tourismusb\u00fcro Terres Touloises\" \/>\n<meta property=\"og:description\" content=\"Direkt an der Kathedrale m\u00fcssen Sie unbedingt die C\u00f4tes de Toul-Weine im ganzj\u00e4hrig ge\u00f6ffneten Verkostungsbereich des Maison du Tourisme kennenlernen.\" \/>\n<meta property=\"og:url\" content=\"https:\/\/tourisme-terrestouloises.com\/de\/die-must-haves\/der-tourismusweg-der-cotes-de-toul\/weinprobebereich\/\" \/>\n<meta property=\"og:site_name\" content=\"Tourismusb\u00fcro Terres Touloises\" \/>\n<meta property=\"article:modified_time\" content=\"2024-06-27T09:45:01+00:00\" \/>\n<meta property=\"og:image\" content=\"https:\/\/tourisme-terrestouloises.com\/wp-content\/uploads\/2022\/01\/espace-degustation-header-min-scaled.jpg\" \/>\n\t<meta property=\"og:image:width\" content=\"2560\" \/>\n\t<meta property=\"og:image:height\" content=\"1441\" \/>\n\t<meta property=\"og:image:type\" content=\"image\/jpeg\" \/>\n<meta name=\"twitter:card\" content=\"summary_large_image\" \/>\n<meta name=\"twitter:label1\" content=\"Gesch\u00e4tzte Lesezeit\" \/>\n\t<meta name=\"twitter:data1\" content=\"2\u00a0Minuten\" \/>\n<script type=\"application\/ld+json\" class=\"yoast-schema-graph\">{\"@context\":\"https:\\\/\\\/schema.org\",\"@graph\":[{\"@type\":\"WebPage\",\"@id\":\"https:\\\/\\\/tourisme-terrestouloises.com\\\/de\\\/die-must-haves\\\/der-tourismusweg-der-cotes-de-toul\\\/weinprobebereich\\\/\",\"url\":\"https:\\\/\\\/tourisme-terrestouloises.com\\\/de\\\/die-must-haves\\\/der-tourismusweg-der-cotes-de-toul\\\/weinprobebereich\\\/\",\"name\":\"Weinprobebereich - Tourismusb\u00fcro Terres Touloises\",\"isPartOf\":{\"@id\":\"https:\\\/\\\/tourisme-terrestouloises.com\\\/de\\\/#website\"},\"primaryImageOfPage\":{\"@id\":\"https:\\\/\\\/tourisme-terrestouloises.com\\\/de\\\/die-must-haves\\\/der-tourismusweg-der-cotes-de-toul\\\/weinprobebereich\\\/#primaryimage\"},\"image\":{\"@id\":\"https:\\\/\\\/tourisme-terrestouloises.com\\\/de\\\/die-must-haves\\\/der-tourismusweg-der-cotes-de-toul\\\/weinprobebereich\\\/#primaryimage\"},\"thumbnailUrl\":\"https:\\\/\\\/tourisme-terrestouloises.com\\\/wp-content\\\/uploads\\\/2022\\\/01\\\/espace-degustation-header-min-scaled.jpg\",\"datePublished\":\"2022-04-08T12:54:45+00:00\",\"dateModified\":\"2024-06-27T09:45:01+00:00\",\"description\":\"Direkt an der Kathedrale m\u00fcssen Sie unbedingt die C\u00f4tes de Toul-Weine im ganzj\u00e4hrig ge\u00f6ffneten Verkostungsbereich des Maison du Tourisme kennenlernen.\",\"breadcrumb\":{\"@id\":\"https:\\\/\\\/tourisme-terrestouloises.com\\\/de\\\/die-must-haves\\\/der-tourismusweg-der-cotes-de-toul\\\/weinprobebereich\\\/#breadcrumb\"},\"inLanguage\":\"de\",\"potentialAction\":[{\"@type\":\"ReadAction\",\"target\":[\"https:\\\/\\\/tourisme-terrestouloises.com\\\/de\\\/die-must-haves\\\/der-tourismusweg-der-cotes-de-toul\\\/weinprobebereich\\\/\"]}]},{\"@type\":\"ImageObject\",\"inLanguage\":\"de\",\"@id\":\"https:\\\/\\\/tourisme-terrestouloises.com\\\/de\\\/die-must-haves\\\/der-tourismusweg-der-cotes-de-toul\\\/weinprobebereich\\\/#primaryimage\",\"url\":\"https:\\\/\\\/tourisme-terrestouloises.com\\\/wp-content\\\/uploads\\\/2022\\\/01\\\/espace-degustation-header-min-scaled.jpg\",\"contentUrl\":\"https:\\\/\\\/tourisme-terrestouloises.com\\\/wp-content\\\/uploads\\\/2022\\\/01\\\/espace-degustation-header-min-scaled.jpg\",\"width\":2560,\"height\":1441,\"caption\":\"\u00a9 MDT\"},{\"@type\":\"BreadcrumbList\",\"@id\":\"https:\\\/\\\/tourisme-terrestouloises.com\\\/de\\\/die-must-haves\\\/der-tourismusweg-der-cotes-de-toul\\\/weinprobebereich\\\/#breadcrumb\",\"itemListElement\":[{\"@type\":\"ListItem\",\"position\":1,\"name\":\"Accueil\",\"item\":\"https:\\\/\\\/tourisme-terrestouloises.com\\\/de\\\/\"},{\"@type\":\"ListItem\",\"position\":2,\"name\":\"Weinprobebereich\"}]},{\"@type\":\"WebSite\",\"@id\":\"https:\\\/\\\/tourisme-terrestouloises.com\\\/de\\\/#website\",\"url\":\"https:\\\/\\\/tourisme-terrestouloises.com\\\/de\\\/\",\"name\":\"Tourismusb\u00fcro Terres Touloises\",\"description\":\"Bienvenue en Terres Touloises\",\"publisher\":{\"@id\":\"https:\\\/\\\/tourisme-terrestouloises.com\\\/de\\\/#organization\"},\"potentialAction\":[{\"@type\":\"SearchAction\",\"target\":{\"@type\":\"EntryPoint\",\"urlTemplate\":\"https:\\\/\\\/tourisme-terrestouloises.com\\\/de\\\/?s={search_term_string}\"},\"query-input\":{\"@type\":\"PropertyValueSpecification\",\"valueRequired\":true,\"valueName\":\"search_term_string\"}}],\"inLanguage\":\"de\"},{\"@type\":\"Organization\",\"@id\":\"https:\\\/\\\/tourisme-terrestouloises.com\\\/de\\\/#organization\",\"name\":\"Tourismusb\u00fcro Terres Touloises\",\"url\":\"https:\\\/\\\/tourisme-terrestouloises.com\\\/de\\\/\",\"logo\":{\"@type\":\"ImageObject\",\"inLanguage\":\"de\",\"@id\":\"https:\\\/\\\/tourisme-terrestouloises.com\\\/de\\\/#\\\/schema\\\/logo\\\/image\\\/\",\"url\":\"https:\\\/\\\/tourisme-terrestouloises.com\\\/wp-content\\\/uploads\\\/2021\\\/11\\\/TerresTouloises_Tourisme.svg\",\"contentUrl\":\"https:\\\/\\\/tourisme-terrestouloises.com\\\/wp-content\\\/uploads\\\/2021\\\/11\\\/TerresTouloises_Tourisme.svg\",\"width\":126,\"height\":166,\"caption\":\"Tourismusb\u00fcro Terres Touloises\"},\"image\":{\"@id\":\"https:\\\/\\\/tourisme-terrestouloises.com\\\/de\\\/#\\\/schema\\\/logo\\\/image\\\/\"}}]}<\/script>\n<!-- \/ Yoast SEO plugin. -->","yoast_head_json":{"title":"Weinprobebereich - Tourismusb\u00fcro Terres Touloises","description":"Direkt an der Kathedrale m\u00fcssen Sie unbedingt die C\u00f4tes de Toul-Weine im ganzj\u00e4hrig ge\u00f6ffneten Verkostungsbereich des Maison du Tourisme kennenlernen.","robots":{"index":"index","follow":"follow","max-snippet":"max-snippet:-1","max-image-preview":"max-image-preview:large","max-video-preview":"max-video-preview:-1"},"canonical":"https:\/\/tourisme-terrestouloises.com\/de\/die-must-haves\/der-tourismusweg-der-cotes-de-toul\/weinprobebereich\/","og_locale":"de_DE","og_type":"article","og_title":"Weinprobebereich - Tourismusb\u00fcro Terres Touloises","og_description":"Direkt an der Kathedrale m\u00fcssen Sie unbedingt die C\u00f4tes de Toul-Weine im ganzj\u00e4hrig ge\u00f6ffneten Verkostungsbereich des Maison du Tourisme kennenlernen.","og_url":"https:\/\/tourisme-terrestouloises.com\/de\/die-must-haves\/der-tourismusweg-der-cotes-de-toul\/weinprobebereich\/","og_site_name":"Tourismusb\u00fcro Terres Touloises","article_modified_time":"2024-06-27T09:45:01+00:00","og_image":[{"width":2560,"height":1441,"url":"https:\/\/tourisme-terrestouloises.com\/wp-content\/uploads\/2022\/01\/espace-degustation-header-min-scaled.jpg","type":"image\/jpeg"}],"twitter_card":"summary_large_image","twitter_misc":{"Gesch\u00e4tzte Lesezeit":"2\u00a0Minuten"},"schema":{"@context":"https:\/\/schema.org","@graph":[{"@type":"WebPage","@id":"https:\/\/tourisme-terrestouloises.com\/de\/die-must-haves\/der-tourismusweg-der-cotes-de-toul\/weinprobebereich\/","url":"https:\/\/tourisme-terrestouloises.com\/de\/die-must-haves\/der-tourismusweg-der-cotes-de-toul\/weinprobebereich\/","name":"Weinprobebereich - Tourismusb\u00fcro Terres Touloises","isPartOf":{"@id":"https:\/\/tourisme-terrestouloises.com\/de\/#website"},"primaryImageOfPage":{"@id":"https:\/\/tourisme-terrestouloises.com\/de\/die-must-haves\/der-tourismusweg-der-cotes-de-toul\/weinprobebereich\/#primaryimage"},"image":{"@id":"https:\/\/tourisme-terrestouloises.com\/de\/die-must-haves\/der-tourismusweg-der-cotes-de-toul\/weinprobebereich\/#primaryimage"},"thumbnailUrl":"https:\/\/tourisme-terrestouloises.com\/wp-content\/uploads\/2022\/01\/espace-degustation-header-min-scaled.jpg","datePublished":"2022-04-08T12:54:45+00:00","dateModified":"2024-06-27T09:45:01+00:00","description":"Direkt an der Kathedrale m\u00fcssen Sie unbedingt die C\u00f4tes de Toul-Weine im ganzj\u00e4hrig ge\u00f6ffneten Verkostungsbereich des Maison du Tourisme kennenlernen.","breadcrumb":{"@id":"https:\/\/tourisme-terrestouloises.com\/de\/die-must-haves\/der-tourismusweg-der-cotes-de-toul\/weinprobebereich\/#breadcrumb"},"inLanguage":"de","potentialAction":[{"@type":"ReadAction","target":["https:\/\/tourisme-terrestouloises.com\/de\/die-must-haves\/der-tourismusweg-der-cotes-de-toul\/weinprobebereich\/"]}]},{"@type":"ImageObject","inLanguage":"de","@id":"https:\/\/tourisme-terrestouloises.com\/de\/die-must-haves\/der-tourismusweg-der-cotes-de-toul\/weinprobebereich\/#primaryimage","url":"https:\/\/tourisme-terrestouloises.com\/wp-content\/uploads\/2022\/01\/espace-degustation-header-min-scaled.jpg","contentUrl":"https:\/\/tourisme-terrestouloises.com\/wp-content\/uploads\/2022\/01\/espace-degustation-header-min-scaled.jpg","width":2560,"height":1441,"caption":"\u00a9 MDT"},{"@type":"BreadcrumbList","@id":"https:\/\/tourisme-terrestouloises.com\/de\/die-must-haves\/der-tourismusweg-der-cotes-de-toul\/weinprobebereich\/#breadcrumb","itemListElement":[{"@type":"ListItem","position":1,"name":"Accueil","item":"https:\/\/tourisme-terrestouloises.com\/de\/"},{"@type":"ListItem","position":2,"name":"Weinprobebereich"}]},{"@type":"WebSite","@id":"https:\/\/tourisme-terrestouloises.com\/de\/#website","url":"https:\/\/tourisme-terrestouloises.com\/de\/","name":"Tourismusb\u00fcro Terres Touloises","description":"Bienvenue en Terres Touloises","publisher":{"@id":"https:\/\/tourisme-terrestouloises.com\/de\/#organization"},"potentialAction":[{"@type":"SearchAction","target":{"@type":"EntryPoint","urlTemplate":"https:\/\/tourisme-terrestouloises.com\/de\/?s={search_term_string}"},"query-input":{"@type":"PropertyValueSpecification","valueRequired":true,"valueName":"search_term_string"}}],"inLanguage":"de"},{"@type":"Organization","@id":"https:\/\/tourisme-terrestouloises.com\/de\/#organization","name":"Tourismusb\u00fcro Terres Touloises","url":"https:\/\/tourisme-terrestouloises.com\/de\/","logo":{"@type":"ImageObject","inLanguage":"de","@id":"https:\/\/tourisme-terrestouloises.com\/de\/#\/schema\/logo\/image\/","url":"https:\/\/tourisme-terrestouloises.com\/wp-content\/uploads\/2021\/11\/TerresTouloises_Tourisme.svg","contentUrl":"https:\/\/tourisme-terrestouloises.com\/wp-content\/uploads\/2021\/11\/TerresTouloises_Tourisme.svg","width":126,"height":166,"caption":"Tourismusb\u00fcro Terres Touloises"},"image":{"@id":"https:\/\/tourisme-terrestouloises.com\/de\/#\/schema\/logo\/image\/"}}]}},"_links":{"self":[{"href":"https:\/\/tourisme-terrestouloises.com\/de\/wp-json\/wp\/v2\/pages\/17555","targetHints":{"allow":["GET"]}}],"collection":[{"href":"https:\/\/tourisme-terrestouloises.com\/de\/wp-json\/wp\/v2\/pages"}],"about":[{"href":"https:\/\/tourisme-terrestouloises.com\/de\/wp-json\/wp\/v2\/types\/page"}],"author":[{"embeddable":true,"href":"https:\/\/tourisme-terrestouloises.com\/de\/wp-json\/wp\/v2\/users\/1"}],"replies":[{"embeddable":true,"href":"https:\/\/tourisme-terrestouloises.com\/de\/wp-json\/wp\/v2\/comments?post=17555"}],"version-history":[{"count":5,"href":"https:\/\/tourisme-terrestouloises.com\/de\/wp-json\/wp\/v2\/pages\/17555\/revisions"}],"predecessor-version":[{"id":523323,"href":"https:\/\/tourisme-terrestouloises.com\/de\/wp-json\/wp\/v2\/pages\/17555\/revisions\/523323"}],"up":[{"embeddable":true,"href":"https:\/\/tourisme-terrestouloises.com\/de\/wp-json\/wp\/v2\/pages\/13662"}],"wp:featuredmedia":[{"embeddable":true,"href":"https:\/\/tourisme-terrestouloises.com\/de\/wp-json\/wp\/v2\/media\/1278"}],"wp:attachment":[{"href":"https:\/\/tourisme-terrestouloises.com\/de\/wp-json\/wp\/v2\/media?parent=17555"}],"curies":[{"name":"wp","href":"https:\/\/api.w.org\/{rel}","templated":true}]}}