{"id":3319,"date":"2021-11-23T15:28:04","date_gmt":"2021-11-23T14:28:04","guid":{"rendered":"https:\/\/tourisme-terrestouloises.com\/datenschutzrichtlinie\/"},"modified":"2024-06-27T11:25:20","modified_gmt":"2024-06-27T09:25:20","slug":"datenschutzrichtlinien","status":"publish","type":"page","link":"https:\/\/tourisme-terrestouloises.com\/de\/datenschutzrichtlinien\/","title":{"rendered":"Datenschutzrichtlinien"},"content":{"rendered":"\t\t<div data-elementor-type=\"wp-page\" data-elementor-id=\"3319\" class=\"elementor elementor-3319 elementor-3\" data-elementor-post-type=\"page\">\n\t\t\t\t\t\t<section class=\"elementor-section elementor-top-section elementor-element elementor-element-4ee4c65d elementor-section-boxed elementor-section-height-default elementor-section-height-default\" data-id=\"4ee4c65d\" data-element_type=\"section\" data-e-type=\"section\">\n\t\t\t\t\t\t<div class=\"elementor-container elementor-column-gap-default\">\n\t\t\t\t\t<div class=\"elementor-column elementor-col-100 elementor-top-column elementor-element elementor-element-72a03def\" data-id=\"72a03def\" data-element_type=\"column\" data-e-type=\"column\">\n\t\t\t<div class=\"elementor-widget-wrap elementor-element-populated\">\n\t\t\t\t\t\t<div class=\"elementor-element elementor-element-694a1bf2 elementor-widget elementor-widget-text-editor\" data-id=\"694a1bf2\" data-element_type=\"widget\" data-e-type=\"widget\" id=\"content\" data-widget_type=\"text-editor.default\">\n\t\t\t\t<div class=\"elementor-widget-container\">\n\t\t\t\t\t\t\t\t\t<h2>Nutzungsbedingungen der Website des Maison du Tourisme Terres Touloises<\/h2><p>Das Maison du Tourisme Terres Touloises dankt Ihnen f\u00fcr Ihren Besuch. Mit der Navigation \u00fcber die Seiten der Website best\u00e4tigt der Besucher, die Haftungsbeschr\u00e4nkungen und Nutzungsbedingungen der Website gelesen und angenommen zu haben.<\/p><h3>INHALT DER WEBSITE<\/h3><p>Die auf der Website des Maison du Tourisme Terres Touloises ver\u00f6ffentlichten Daten dienen \u2013 mit Ausnahme des Tabs &#8222;Tickets&#8220; \u2013 Informationszwecken, um touristische Ziele der Terres Touloises bekannt zu machen und wirtschaftlich zu entwickeln.<\/p><p>Diese Informationen sind nicht vertragsbindend und erheben keinen Anspruch auf Vollst\u00e4ndigkeit. Die Preise werden zur Orientierung angegeben.<\/p><p>Im Rahmen der M\u00f6glichkeiten vergewissert sich das Maison du Tourisme Terres Touloises vor der Ver\u00f6ffentlichung von Informationen, dass die auf der Website zur Verf\u00fcgung gestellten Inhalte und Angaben richtig sind und mit der Situation vor Ort \u00fcbereinstimmen.<\/p><p>Das Maison du Tourisme Terres Touloises beh\u00e4lt sich das Recht vor, nach eigenem Ermessen und ohne Verpflichtung seine Dienstleistungen und Angaben auf der Website insgesamt oder in Teilen zu l\u00f6schen, zu verbessern oder zu korrigieren und kann f\u00fcr Ungenauigkeiten, Fehler oder Auslassungen von Informationen, die es auf seiner Website ver\u00f6ffentlicht, nicht verantwortlich gemacht werden. Dabei schenkt das Maison du Tourisme Terres Touloises der Genauigkeit der Angaben gro\u00dfe Aufmerksamkeit. Sollten Sie also eine unrichtige oder fehlerhafte Information auf unseren Seiten bemerken, danken wir Ihnen f\u00fcr eine entsprechende Benachrichtigung (wenden Sie sich an uns unter <a href=\"mailto:communication@tourisme-terrestouloises.com\">communication@tourisme-terrestouloises.com<\/a>).<\/p><h3>URHEBERRECHTE<\/h3><p>Alle Bestandteile der Website <a href=\"https:\/\/www.tourisme-terrestouloises.com\">www.tourisme-terrestouloises.com<\/a>, Texte, Illustrationen, Vorstellungen, Fotografien, Karten, das Layout und ganz allgemein alle Ver\u00f6ffentlichungsbestandteile der Website sind abgesehen von \u00f6ffentlichen Dokumenten und Zusatzinformationen ausschlie\u00dflich geistiges Eigentum des Maison du Tourisme Terres Touloises oder seiner Kooperationspartner.<\/p><p>Diesbez\u00fcglich ist ihre Vervielf\u00e4ltigung, Nutzung und Verwertung insgesamt oder in Teilen ohne vorangehende Zustimmung ihrer Autoren untersagt. Der Versto\u00df gegen dieses Verbot bildet eine Nachahmung, deren Verursacher zivil- und strafrechtlich daf\u00fcr haftbar gemacht werden kann und die von den Artikeln L.335-2 ff. des Gesetzes zum geistigen Eigentum geahndet wird.<\/p><p>In jedem Falle ist auf allen genehmigten Vervielf\u00e4ltigungen des Inhalts dieser Website insgesamt oder in Teilen der Vermerk &#8222;\u00a9 Maison du Tourisme Terres Touloises. Alle Rechte vorbehalten&#8220; anzubringen.<\/p><p>Dar\u00fcber hinaus sind Darstellungen, Vervielf\u00e4ltigungen, Einbindungen, Ver\u00f6ffentlichungen oder Weiterleitungen der auf der Website <a href=\"https:\/\/www.tourisme-terrestouloises.com\">www.tourisme-terrestouloises.com<\/a> verwendeten Datenbank insgesamt oder in Teilen gem\u00e4\u00df den Bestimmungen des Gesetzes vom 1. Juli 1998 zur Umsetzung der europ\u00e4ischen Richtlinie vom 11. M\u00e4rz 1996 \u00fcber den rechtlichen Schutz von Datenbanken in das Gesetz zum Schutz geistigen Eigentum untersagt.<\/p><h3>HYPERTEXT-LINK<\/h3><p>Das Vorhandensein von Hypertext-Links zu anderen Websites stellt keine Garantie f\u00fcr die Qualit\u00e4t des Inhalts und die ordnungsgem\u00e4\u00dfe Funktion der besagten Websites dar. Das Maison du Tourisme Terres Touloises kann f\u00fcr den Inhalt dieser Websites nicht haftbar gemacht werden. Der Internetbenutzer muss diese Informationen mit der \u00fcblichen Vorsicht verwenden.<\/p><p>F\u00fcr die Ver\u00f6ffentlichung des Links dieser Website <a href=\"https:\/\/www.tourisme-terrestouloises.com\">www.tourisme-terrestouloises.com<\/a> ist eine vorhergehende Zustimmung des Maison du Tourisme einzuholen.<\/p><h3>GESAMMELTE PERSONENBEZOGENE DATEN<\/h3><p>Die personenbezogenen Daten unterliegen dem Schutz durch das Gesetz Nr. 78-87 vom 6. Januar 1978, Nr. 2004-801 vom 6. August 2004, durch den Artikel L. 226-13 des Strafgesetzes und die Europ\u00e4ische Richtlinie vom 24. Oktober 1995.<br>In jedem Falle sammelt das Maison du Tourisme Terres Touloises personenbezogene Informationen \u00fcber den Nutzer (Name, E-Mail-Adresse, Telefonnummer) nur zum Zweck der auf der Website angebotenen Dienstleistungen.<\/p><p>BERICHTIGUNG GESAMMELTER PERSONENBEZOGENER DATEN<\/p><p>Gem\u00e4\u00df den Bestimmungen des Artikels 34 des Gesetzes Nr. 48-87 vom 6. Januar 1978 verf\u00fcgt der Nutzer \u00fcber ein Recht auf \u00c4nderung der ihn betreffenden, gesammelten personenbezogenen Daten. Zu diesem Zweck sendet der Nutzer dem Maison du Tourisme Terres Touloises:<br>&#8211; eine E-Mail an die Adresse <a href=\"mailto:communication@tourisme-terrestouloises.com\">communication@tourisme-terrestouloises.com<\/a>,<br>&#8211; ein Schreiben an die Adresse BP70135, 54205 TOUL Cedex, Frankreich, unter Angabe seines Namens oder seiner Firmierung, seiner postalischen und\/oder elektronischen Kontaktdaten.<\/p><p>Die \u00c4nderung erfolgt innerhalb einer angemessenen Zeit nach Eingang der Anforderung durch den Nutzer.<\/p>\t\t\t\t\t\t\t\t<\/div>\n\t\t\t\t<\/div>\n\t\t\t\t\t<\/div>\n\t\t<\/div>\n\t\t\t\t\t<\/div>\n\t\t<\/section>\n\t\t\t\t<\/div>\n\t\t","protected":false},"excerpt":{"rendered":"<p>Nutzungsbedingungen der Website des Maison du Tourisme Terres Touloises Das Maison du Tourisme Terres Touloises dankt Ihnen f\u00fcr Ihren Besuch. Mit der Navigation \u00fcber die Seiten der Website best\u00e4tigt der Besucher, die Haftungsbeschr\u00e4nkungen und Nutzungsbedingungen der Website gelesen und angenommen zu haben. INHALT DER WEBSITE Die auf der Website des Maison du Tourisme Terres Touloises [&hellip;]<\/p>\n","protected":false},"author":1,"featured_media":0,"parent":0,"menu_order":70,"comment_status":"closed","ping_status":"closed","template":"","meta":{"_acf_changed":false,"footnotes":""},"class_list":["post-3319","page","type-page","status-publish","hentry"],"acf":[],"yoast_head":"<!-- This site is optimized with the Yoast SEO plugin v27.3 - https:\/\/yoast.com\/product\/yoast-seo-wordpress\/ -->\n<title>Datenschutzrichtlinien - Tourismusb\u00fcro Terres Touloises<\/title>\n<meta name=\"robots\" content=\"index, follow, max-snippet:-1, max-image-preview:large, max-video-preview:-1\" \/>\n<link rel=\"canonical\" href=\"https:\/\/tourisme-terrestouloises.com\/de\/datenschutzrichtlinien\/\" \/>\n<meta property=\"og:locale\" content=\"de_DE\" \/>\n<meta property=\"og:type\" content=\"article\" \/>\n<meta property=\"og:title\" content=\"Datenschutzrichtlinien - Tourismusb\u00fcro Terres Touloises\" \/>\n<meta property=\"og:description\" content=\"Nutzungsbedingungen der Website des Maison du Tourisme Terres Touloises Das Maison du Tourisme Terres Touloises dankt Ihnen f\u00fcr Ihren Besuch. Mit der Navigation \u00fcber die Seiten der Website best\u00e4tigt der Besucher, die Haftungsbeschr\u00e4nkungen und Nutzungsbedingungen der Website gelesen und angenommen zu haben. INHALT DER WEBSITE Die auf der Website des Maison du Tourisme Terres Touloises [&hellip;]\" \/>\n<meta property=\"og:url\" content=\"https:\/\/tourisme-terrestouloises.com\/de\/datenschutzrichtlinien\/\" \/>\n<meta property=\"og:site_name\" content=\"Tourismusb\u00fcro Terres Touloises\" \/>\n<meta property=\"article:modified_time\" content=\"2024-06-27T09:25:20+00:00\" \/>\n<meta name=\"twitter:card\" content=\"summary_large_image\" \/>\n<meta name=\"twitter:label1\" content=\"Gesch\u00e4tzte Lesezeit\" \/>\n\t<meta name=\"twitter:data1\" content=\"4\u00a0Minuten\" \/>\n<script type=\"application\/ld+json\" class=\"yoast-schema-graph\">{\"@context\":\"https:\\\/\\\/schema.org\",\"@graph\":[{\"@type\":\"WebPage\",\"@id\":\"https:\\\/\\\/tourisme-terrestouloises.com\\\/de\\\/datenschutzrichtlinien\\\/\",\"url\":\"https:\\\/\\\/tourisme-terrestouloises.com\\\/de\\\/datenschutzrichtlinien\\\/\",\"name\":\"Datenschutzrichtlinien - Tourismusb\u00fcro Terres Touloises\",\"isPartOf\":{\"@id\":\"https:\\\/\\\/tourisme-terrestouloises.com\\\/de\\\/#website\"},\"datePublished\":\"2021-11-23T14:28:04+00:00\",\"dateModified\":\"2024-06-27T09:25:20+00:00\",\"breadcrumb\":{\"@id\":\"https:\\\/\\\/tourisme-terrestouloises.com\\\/de\\\/datenschutzrichtlinien\\\/#breadcrumb\"},\"inLanguage\":\"de\",\"potentialAction\":[{\"@type\":\"ReadAction\",\"target\":[\"https:\\\/\\\/tourisme-terrestouloises.com\\\/de\\\/datenschutzrichtlinien\\\/\"]}]},{\"@type\":\"BreadcrumbList\",\"@id\":\"https:\\\/\\\/tourisme-terrestouloises.com\\\/de\\\/datenschutzrichtlinien\\\/#breadcrumb\",\"itemListElement\":[{\"@type\":\"ListItem\",\"position\":1,\"name\":\"Accueil\",\"item\":\"https:\\\/\\\/tourisme-terrestouloises.com\\\/de\\\/\"},{\"@type\":\"ListItem\",\"position\":2,\"name\":\"Datenschutzrichtlinien\"}]},{\"@type\":\"WebSite\",\"@id\":\"https:\\\/\\\/tourisme-terrestouloises.com\\\/de\\\/#website\",\"url\":\"https:\\\/\\\/tourisme-terrestouloises.com\\\/de\\\/\",\"name\":\"Tourismusb\u00fcro Terres Touloises\",\"description\":\"Bienvenue en Terres Touloises\",\"publisher\":{\"@id\":\"https:\\\/\\\/tourisme-terrestouloises.com\\\/de\\\/#organization\"},\"potentialAction\":[{\"@type\":\"SearchAction\",\"target\":{\"@type\":\"EntryPoint\",\"urlTemplate\":\"https:\\\/\\\/tourisme-terrestouloises.com\\\/de\\\/?s={search_term_string}\"},\"query-input\":{\"@type\":\"PropertyValueSpecification\",\"valueRequired\":true,\"valueName\":\"search_term_string\"}}],\"inLanguage\":\"de\"},{\"@type\":\"Organization\",\"@id\":\"https:\\\/\\\/tourisme-terrestouloises.com\\\/de\\\/#organization\",\"name\":\"Tourismusb\u00fcro Terres Touloises\",\"url\":\"https:\\\/\\\/tourisme-terrestouloises.com\\\/de\\\/\",\"logo\":{\"@type\":\"ImageObject\",\"inLanguage\":\"de\",\"@id\":\"https:\\\/\\\/tourisme-terrestouloises.com\\\/de\\\/#\\\/schema\\\/logo\\\/image\\\/\",\"url\":\"https:\\\/\\\/tourisme-terrestouloises.com\\\/wp-content\\\/uploads\\\/2021\\\/11\\\/TerresTouloises_Tourisme.svg\",\"contentUrl\":\"https:\\\/\\\/tourisme-terrestouloises.com\\\/wp-content\\\/uploads\\\/2021\\\/11\\\/TerresTouloises_Tourisme.svg\",\"width\":126,\"height\":166,\"caption\":\"Tourismusb\u00fcro Terres Touloises\"},\"image\":{\"@id\":\"https:\\\/\\\/tourisme-terrestouloises.com\\\/de\\\/#\\\/schema\\\/logo\\\/image\\\/\"}}]}<\/script>\n<!-- \/ Yoast SEO plugin. -->","yoast_head_json":{"title":"Datenschutzrichtlinien - Tourismusb\u00fcro Terres Touloises","robots":{"index":"index","follow":"follow","max-snippet":"max-snippet:-1","max-image-preview":"max-image-preview:large","max-video-preview":"max-video-preview:-1"},"canonical":"https:\/\/tourisme-terrestouloises.com\/de\/datenschutzrichtlinien\/","og_locale":"de_DE","og_type":"article","og_title":"Datenschutzrichtlinien - Tourismusb\u00fcro Terres Touloises","og_description":"Nutzungsbedingungen der Website des Maison du Tourisme Terres Touloises Das Maison du Tourisme Terres Touloises dankt Ihnen f\u00fcr Ihren Besuch. Mit der Navigation \u00fcber die Seiten der Website best\u00e4tigt der Besucher, die Haftungsbeschr\u00e4nkungen und Nutzungsbedingungen der Website gelesen und angenommen zu haben. INHALT DER WEBSITE Die auf der Website des Maison du Tourisme Terres Touloises [&hellip;]","og_url":"https:\/\/tourisme-terrestouloises.com\/de\/datenschutzrichtlinien\/","og_site_name":"Tourismusb\u00fcro Terres Touloises","article_modified_time":"2024-06-27T09:25:20+00:00","twitter_card":"summary_large_image","twitter_misc":{"Gesch\u00e4tzte Lesezeit":"4\u00a0Minuten"},"schema":{"@context":"https:\/\/schema.org","@graph":[{"@type":"WebPage","@id":"https:\/\/tourisme-terrestouloises.com\/de\/datenschutzrichtlinien\/","url":"https:\/\/tourisme-terrestouloises.com\/de\/datenschutzrichtlinien\/","name":"Datenschutzrichtlinien - Tourismusb\u00fcro Terres Touloises","isPartOf":{"@id":"https:\/\/tourisme-terrestouloises.com\/de\/#website"},"datePublished":"2021-11-23T14:28:04+00:00","dateModified":"2024-06-27T09:25:20+00:00","breadcrumb":{"@id":"https:\/\/tourisme-terrestouloises.com\/de\/datenschutzrichtlinien\/#breadcrumb"},"inLanguage":"de","potentialAction":[{"@type":"ReadAction","target":["https:\/\/tourisme-terrestouloises.com\/de\/datenschutzrichtlinien\/"]}]},{"@type":"BreadcrumbList","@id":"https:\/\/tourisme-terrestouloises.com\/de\/datenschutzrichtlinien\/#breadcrumb","itemListElement":[{"@type":"ListItem","position":1,"name":"Accueil","item":"https:\/\/tourisme-terrestouloises.com\/de\/"},{"@type":"ListItem","position":2,"name":"Datenschutzrichtlinien"}]},{"@type":"WebSite","@id":"https:\/\/tourisme-terrestouloises.com\/de\/#website","url":"https:\/\/tourisme-terrestouloises.com\/de\/","name":"Tourismusb\u00fcro Terres Touloises","description":"Bienvenue en Terres Touloises","publisher":{"@id":"https:\/\/tourisme-terrestouloises.com\/de\/#organization"},"potentialAction":[{"@type":"SearchAction","target":{"@type":"EntryPoint","urlTemplate":"https:\/\/tourisme-terrestouloises.com\/de\/?s={search_term_string}"},"query-input":{"@type":"PropertyValueSpecification","valueRequired":true,"valueName":"search_term_string"}}],"inLanguage":"de"},{"@type":"Organization","@id":"https:\/\/tourisme-terrestouloises.com\/de\/#organization","name":"Tourismusb\u00fcro Terres Touloises","url":"https:\/\/tourisme-terrestouloises.com\/de\/","logo":{"@type":"ImageObject","inLanguage":"de","@id":"https:\/\/tourisme-terrestouloises.com\/de\/#\/schema\/logo\/image\/","url":"https:\/\/tourisme-terrestouloises.com\/wp-content\/uploads\/2021\/11\/TerresTouloises_Tourisme.svg","contentUrl":"https:\/\/tourisme-terrestouloises.com\/wp-content\/uploads\/2021\/11\/TerresTouloises_Tourisme.svg","width":126,"height":166,"caption":"Tourismusb\u00fcro Terres Touloises"},"image":{"@id":"https:\/\/tourisme-terrestouloises.com\/de\/#\/schema\/logo\/image\/"}}]}},"_links":{"self":[{"href":"https:\/\/tourisme-terrestouloises.com\/de\/wp-json\/wp\/v2\/pages\/3319","targetHints":{"allow":["GET"]}}],"collection":[{"href":"https:\/\/tourisme-terrestouloises.com\/de\/wp-json\/wp\/v2\/pages"}],"about":[{"href":"https:\/\/tourisme-terrestouloises.com\/de\/wp-json\/wp\/v2\/types\/page"}],"author":[{"embeddable":true,"href":"https:\/\/tourisme-terrestouloises.com\/de\/wp-json\/wp\/v2\/users\/1"}],"replies":[{"embeddable":true,"href":"https:\/\/tourisme-terrestouloises.com\/de\/wp-json\/wp\/v2\/comments?post=3319"}],"version-history":[{"count":3,"href":"https:\/\/tourisme-terrestouloises.com\/de\/wp-json\/wp\/v2\/pages\/3319\/revisions"}],"predecessor-version":[{"id":523272,"href":"https:\/\/tourisme-terrestouloises.com\/de\/wp-json\/wp\/v2\/pages\/3319\/revisions\/523272"}],"wp:attachment":[{"href":"https:\/\/tourisme-terrestouloises.com\/de\/wp-json\/wp\/v2\/media?parent=3319"}],"curies":[{"name":"wp","href":"https:\/\/api.w.org\/{rel}","templated":true}]}}