{"id":523172,"date":"2024-06-25T16:19:00","date_gmt":"2024-06-25T14:19:00","guid":{"rendered":"https:\/\/tourisme-terrestouloises.com\/meinen-aufenthalt-vorbereiten\/unterkuenfte\/hotels\/"},"modified":"2024-06-27T11:03:24","modified_gmt":"2024-06-27T09:03:24","slug":"hotels","status":"publish","type":"page","link":"https:\/\/tourisme-terrestouloises.com\/de\/meinen-aufenthalt-vorbereiten\/unterkuenfte\/hotels\/","title":{"rendered":"Hotels"},"content":{"rendered":"\t\t<div data-elementor-type=\"wp-page\" data-elementor-id=\"523172\" class=\"elementor elementor-523172 elementor-522859\" data-elementor-post-type=\"page\">\n\t\t\t\t\t\t<section class=\"elementor-section elementor-top-section elementor-element elementor-element-5629e3d elementor-section-boxed elementor-section-height-default elementor-section-height-default\" data-id=\"5629e3d\" data-element_type=\"section\" data-e-type=\"section\">\n\t\t\t\t\t\t<div class=\"elementor-container elementor-column-gap-default\">\n\t\t\t\t\t<div class=\"elementor-column elementor-col-100 elementor-top-column elementor-element elementor-element-cb8a789\" data-id=\"cb8a789\" data-element_type=\"column\" data-e-type=\"column\">\n\t\t\t<div class=\"elementor-widget-wrap elementor-element-populated\">\n\t\t\t\t\t\t<div class=\"elementor-element elementor-element-df93a62 elementor-widget elementor-widget-illico-sit_liste_dynamique\" data-id=\"df93a62\" data-element_type=\"widget\" data-e-type=\"widget\" data-widget_type=\"illico-sit_liste_dynamique.default\">\n\t\t\t\t<div class=\"elementor-widget-container\">\n\t\t\t\t\t    <div class=\"sit-div\" id=\"95276\">\n        <div class=\"form_flux\" id=\"form_flux\" data-alea=\"95276\" style=\"display:none;\">\n            <form action=\"javascript:void(0);\" method=\"POST\" id=\"ChoixDate95276\" class=\"ChoixDate\">\n                <div class=\"bloc-titre\">\n                    <h2>Filter<\/h2>\n                    <button class=\"filter-button\" id=\"filter-close-button\" onclick=\"toggleFilter(95276)\">Ergebnisse anzeigen<img decoding=\"async\" src=\"https:\/\/tourisme-terrestouloises.com\/wp-content\/plugins\/Illico-GestionDonnees\/\/assets\/images\/right.svg\" alt=\"Voir les r\u00e9sultats\" title=\"Voir les r\u00e9sultats\"><\/button>\n                <\/div>\n                <div class=\"form_mandatory_value\">\n                    <input type=\"hidden\" id=\"form_page_id\" name =\"form_page_id\" value='0'>\n                    <input type=\"hidden\" id=\"form_sit_id\" name =\"form_sit_id\" value='522752'>\n                    <input type=\"hidden\" id=\"alea\" name=\"alea\" value=\"95276\">\n                <\/div>\n                \n            <div class=\"form_optional_value\">\n                <div class=\"form_section communes_global\">\n    <span class=\"form_section_title\">Gemeinden<\/span>\n    <div class=\"form_section_content\">\n        <select id=\"lacuidad\" name=\"lacuidad\"><option value=\"\">W\u00e4hlen Sie eine Gemeinde<\/option><option value=\"TOUL\">TOUL<\/option><\/select>\n    <\/div>\n<\/div>\n                \n                \n                    <div class=\"form_section periodes_global disponibilites_periodes\">\n        <span class=\"form_section_title\">Verf\u00fcgbarkeit<\/span>\n        <div class=\"form_section_content\">\n            <div class=\"dates_start_end\">\n                <div class=\"dates_start_end\">\n                    <div class=\"date_start\"><span class=\"form_span_text\">Von <\/span><input type=\"date\" class=\"form_input_date\" id=\"periode_start\" name=\"periode_start\" value=\"\"><\/div>\n                    <div class=\"date_end\"><span class=\"form_span_text\"> bis <\/span><input type=\"date\" class=\"form_input_date\" id=\"periode_end\" name=\"periode_end\" value=\"\"><\/div>\n                <\/div>\n            <\/div>\n        <\/div>\n    <\/div>\n                \n                <div class=\"recherche_mots_cles\">\n                    <div class=\"recherche_mots_cles_input\">\n                        <span class=\"form_section_title\">Suche nach Schl\u00fcsselw\u00f6rtern<\/span>\n                        <input type=\"text\" id=\"recherche_mots_cles\" name=\"recherche_mots_cles\">\n                    <\/div>\n                <\/div>\n            <\/div>\n            <input type=\"button\" class=\"btn btn-reset\" onclick=\"clearAllFormValue(this.form, 95276, 1)\" value=\"Zur\u00fccksetzen\">\n                <button class=\"filter-button filter-button-bottom\" id=\"filter-close-button-footer\" onclick=\"toggleFilter(95276)\">Ergebnisse anzeigen<img decoding=\"async\" src=\"https:\/\/tourisme-terrestouloises.com\/wp-content\/plugins\/Illico-GestionDonnees\/\/assets\/images\/right.svg\" alt=\"Voir les r\u00e9sultats\" title=\"Voir les r\u00e9sultats\"><\/button>\n            <\/form>\n        <\/div>\n        <div class=\"filter-preview\" id=\"filter-preview\"><\/div>\n        <div class=\"global_result\" id=\"global_result95276\">\n            <div class=\"btn-nb\" id=\"btn-nb\">\n    <div class=\"nb-result\" id=\"nb-result\"><\/div>\n    <div class=\"div-button\">\n        <button class=\"filter-button\" id=\"filter-button\" onclick=\"toggleFilter(95276)\">Filter <img decoding=\"async\" src=\"https:\/\/tourisme-terrestouloises.com\/wp-content\/plugins\/Illico-GestionDonnees\/\/assets\/images\/filtres.svg\" alt=\"Filter\" title=\"Filter\"><\/button>\n        \n            <button class=\"map-button\" id=\"map-button\" onclick=\"toggleMap(95276)\">\n                <span class=\"toggle-off\"><i class=\"fas fa-toggle-off\"><\/i>Karte anzeigen<\/span>\n                <span class=\"toggle-on\"><i class=\"fas fa-toggle-on\"><\/i>Karte ausblenden<\/span>\n            <\/button>\n    <\/div>\n<\/div>\n            <div class=\"div-list\" id=\"95276\">\n                <div class=\"left-column\" id=\"left-column\">\n                    <div class=\"loader\">\n                        <div class=\"circle\"><\/div>\n                        <div class=\"circle\"><\/div>\n                        <div class=\"circle\"><\/div>\n                        <div class=\"circle\"><\/div>\n                    <\/div>\n                <\/div>\n                <div class=\"right-column\" id=\"right-column\"><div id=\"mapid95276\" class=\"MapNumero\"><\/div><\/div>\n            <\/div>\n        <\/div>\n    <\/div>            <script>\n                window.addEventListener('pageshow', function(event) {\n                    setupMap(95276);\n                });\n            <\/script>\t\t\t\t<\/div>\n\t\t\t\t<\/div>\n\t\t\t\t\t<\/div>\n\t\t<\/div>\n\t\t\t\t\t<\/div>\n\t\t<\/section>\n\t\t\t\t<\/div>\n\t\t","protected":false},"excerpt":{"rendered":"<p>Filtres Voir les r\u00e9sultats Communes S\u00e9lectionner une communeGONDREVILLETOUL Disponibilit\u00e9s Du au Tarifs Devises Especes CB Recherche par mots-cl\u00e9s Voir les r\u00e9sultats Filtres Afficher la carte Masquer la carte<\/p>\n","protected":false},"author":6,"featured_media":1244,"parent":13619,"menu_order":0,"comment_status":"closed","ping_status":"closed","template":"","meta":{"_acf_changed":false,"footnotes":""},"class_list":["post-523172","page","type-page","status-publish","has-post-thumbnail","hentry"],"acf":[],"yoast_head":"<!-- This site is optimized with the Yoast SEO plugin v27.3 - https:\/\/yoast.com\/product\/yoast-seo-wordpress\/ -->\n<title>Hotels - Tourismusb\u00fcro Terres Touloises<\/title>\n<meta name=\"robots\" content=\"index, follow, max-snippet:-1, max-image-preview:large, max-video-preview:-1\" \/>\n<link rel=\"canonical\" href=\"https:\/\/tourisme-terrestouloises.com\/de\/meinen-aufenthalt-vorbereiten\/unterkuenfte\/hotels\/\" \/>\n<meta property=\"og:locale\" content=\"de_DE\" \/>\n<meta property=\"og:type\" content=\"article\" \/>\n<meta property=\"og:title\" content=\"Hotels - Tourismusb\u00fcro Terres Touloises\" \/>\n<meta property=\"og:description\" content=\"Filtres Voir les r\u00e9sultats Communes S\u00e9lectionner une communeGONDREVILLETOUL Disponibilit\u00e9s Du au Tarifs Devises Especes CB Recherche par mots-cl\u00e9s Voir les r\u00e9sultats Filtres Afficher la carte Masquer la carte\" \/>\n<meta property=\"og:url\" content=\"https:\/\/tourisme-terrestouloises.com\/de\/meinen-aufenthalt-vorbereiten\/unterkuenfte\/hotels\/\" \/>\n<meta property=\"og:site_name\" content=\"Tourismusb\u00fcro Terres Touloises\" \/>\n<meta property=\"article:modified_time\" content=\"2024-06-27T09:03:24+00:00\" \/>\n<meta property=\"og:image\" content=\"https:\/\/tourisme-terrestouloises.com\/wp-content\/uploads\/2022\/01\/hotel-header-min-scaled.jpg\" \/>\n\t<meta property=\"og:image:width\" content=\"2560\" \/>\n\t<meta property=\"og:image:height\" content=\"1441\" \/>\n\t<meta property=\"og:image:type\" content=\"image\/jpeg\" \/>\n<meta name=\"twitter:card\" content=\"summary_large_image\" \/>\n<script type=\"application\/ld+json\" class=\"yoast-schema-graph\">{\"@context\":\"https:\\\/\\\/schema.org\",\"@graph\":[{\"@type\":\"WebPage\",\"@id\":\"https:\\\/\\\/tourisme-terrestouloises.com\\\/de\\\/meinen-aufenthalt-vorbereiten\\\/unterkuenfte\\\/hotels\\\/\",\"url\":\"https:\\\/\\\/tourisme-terrestouloises.com\\\/de\\\/meinen-aufenthalt-vorbereiten\\\/unterkuenfte\\\/hotels\\\/\",\"name\":\"Hotels - Tourismusb\u00fcro Terres Touloises\",\"isPartOf\":{\"@id\":\"https:\\\/\\\/tourisme-terrestouloises.com\\\/de\\\/#website\"},\"primaryImageOfPage\":{\"@id\":\"https:\\\/\\\/tourisme-terrestouloises.com\\\/de\\\/meinen-aufenthalt-vorbereiten\\\/unterkuenfte\\\/hotels\\\/#primaryimage\"},\"image\":{\"@id\":\"https:\\\/\\\/tourisme-terrestouloises.com\\\/de\\\/meinen-aufenthalt-vorbereiten\\\/unterkuenfte\\\/hotels\\\/#primaryimage\"},\"thumbnailUrl\":\"https:\\\/\\\/tourisme-terrestouloises.com\\\/wp-content\\\/uploads\\\/2022\\\/01\\\/hotel-header-min-scaled.jpg\",\"datePublished\":\"2024-06-25T14:19:00+00:00\",\"dateModified\":\"2024-06-27T09:03:24+00:00\",\"breadcrumb\":{\"@id\":\"https:\\\/\\\/tourisme-terrestouloises.com\\\/de\\\/meinen-aufenthalt-vorbereiten\\\/unterkuenfte\\\/hotels\\\/#breadcrumb\"},\"inLanguage\":\"de\",\"potentialAction\":[{\"@type\":\"ReadAction\",\"target\":[\"https:\\\/\\\/tourisme-terrestouloises.com\\\/de\\\/meinen-aufenthalt-vorbereiten\\\/unterkuenfte\\\/hotels\\\/\"]}]},{\"@type\":\"ImageObject\",\"inLanguage\":\"de\",\"@id\":\"https:\\\/\\\/tourisme-terrestouloises.com\\\/de\\\/meinen-aufenthalt-vorbereiten\\\/unterkuenfte\\\/hotels\\\/#primaryimage\",\"url\":\"https:\\\/\\\/tourisme-terrestouloises.com\\\/wp-content\\\/uploads\\\/2022\\\/01\\\/hotel-header-min-scaled.jpg\",\"contentUrl\":\"https:\\\/\\\/tourisme-terrestouloises.com\\\/wp-content\\\/uploads\\\/2022\\\/01\\\/hotel-header-min-scaled.jpg\",\"width\":2560,\"height\":1441,\"caption\":\"\u00a9 Unsplash\"},{\"@type\":\"BreadcrumbList\",\"@id\":\"https:\\\/\\\/tourisme-terrestouloises.com\\\/de\\\/meinen-aufenthalt-vorbereiten\\\/unterkuenfte\\\/hotels\\\/#breadcrumb\",\"itemListElement\":[{\"@type\":\"ListItem\",\"position\":1,\"name\":\"Accueil\",\"item\":\"https:\\\/\\\/tourisme-terrestouloises.com\\\/de\\\/\"},{\"@type\":\"ListItem\",\"position\":2,\"name\":\"Meinen Aufenthalt vorbereiten\",\"item\":\"https:\\\/\\\/tourisme-terrestouloises.com\\\/de\\\/meinen-aufenthalt-vorbereiten\\\/\"},{\"@type\":\"ListItem\",\"position\":3,\"name\":\"Unterk\u00fcnfte\",\"item\":\"https:\\\/\\\/tourisme-terrestouloises.com\\\/de\\\/meinen-aufenthalt-vorbereiten\\\/unterkuenfte\\\/\"},{\"@type\":\"ListItem\",\"position\":4,\"name\":\"Hotels\"}]},{\"@type\":\"WebSite\",\"@id\":\"https:\\\/\\\/tourisme-terrestouloises.com\\\/de\\\/#website\",\"url\":\"https:\\\/\\\/tourisme-terrestouloises.com\\\/de\\\/\",\"name\":\"Tourismusb\u00fcro Terres Touloises\",\"description\":\"Bienvenue en Terres Touloises\",\"publisher\":{\"@id\":\"https:\\\/\\\/tourisme-terrestouloises.com\\\/de\\\/#organization\"},\"potentialAction\":[{\"@type\":\"SearchAction\",\"target\":{\"@type\":\"EntryPoint\",\"urlTemplate\":\"https:\\\/\\\/tourisme-terrestouloises.com\\\/de\\\/?s={search_term_string}\"},\"query-input\":{\"@type\":\"PropertyValueSpecification\",\"valueRequired\":true,\"valueName\":\"search_term_string\"}}],\"inLanguage\":\"de\"},{\"@type\":\"Organization\",\"@id\":\"https:\\\/\\\/tourisme-terrestouloises.com\\\/de\\\/#organization\",\"name\":\"Tourismusb\u00fcro Terres Touloises\",\"url\":\"https:\\\/\\\/tourisme-terrestouloises.com\\\/de\\\/\",\"logo\":{\"@type\":\"ImageObject\",\"inLanguage\":\"de\",\"@id\":\"https:\\\/\\\/tourisme-terrestouloises.com\\\/de\\\/#\\\/schema\\\/logo\\\/image\\\/\",\"url\":\"https:\\\/\\\/tourisme-terrestouloises.com\\\/wp-content\\\/uploads\\\/2021\\\/11\\\/TerresTouloises_Tourisme.svg\",\"contentUrl\":\"https:\\\/\\\/tourisme-terrestouloises.com\\\/wp-content\\\/uploads\\\/2021\\\/11\\\/TerresTouloises_Tourisme.svg\",\"width\":126,\"height\":166,\"caption\":\"Tourismusb\u00fcro Terres Touloises\"},\"image\":{\"@id\":\"https:\\\/\\\/tourisme-terrestouloises.com\\\/de\\\/#\\\/schema\\\/logo\\\/image\\\/\"}}]}<\/script>\n<!-- \/ Yoast SEO plugin. -->","yoast_head_json":{"title":"Hotels - Tourismusb\u00fcro Terres Touloises","robots":{"index":"index","follow":"follow","max-snippet":"max-snippet:-1","max-image-preview":"max-image-preview:large","max-video-preview":"max-video-preview:-1"},"canonical":"https:\/\/tourisme-terrestouloises.com\/de\/meinen-aufenthalt-vorbereiten\/unterkuenfte\/hotels\/","og_locale":"de_DE","og_type":"article","og_title":"Hotels - Tourismusb\u00fcro Terres Touloises","og_description":"Filtres Voir les r\u00e9sultats Communes S\u00e9lectionner une communeGONDREVILLETOUL Disponibilit\u00e9s Du au Tarifs Devises Especes CB Recherche par mots-cl\u00e9s Voir les r\u00e9sultats Filtres Afficher la carte Masquer la carte","og_url":"https:\/\/tourisme-terrestouloises.com\/de\/meinen-aufenthalt-vorbereiten\/unterkuenfte\/hotels\/","og_site_name":"Tourismusb\u00fcro Terres Touloises","article_modified_time":"2024-06-27T09:03:24+00:00","og_image":[{"width":2560,"height":1441,"url":"https:\/\/tourisme-terrestouloises.com\/wp-content\/uploads\/2022\/01\/hotel-header-min-scaled.jpg","type":"image\/jpeg"}],"twitter_card":"summary_large_image","schema":{"@context":"https:\/\/schema.org","@graph":[{"@type":"WebPage","@id":"https:\/\/tourisme-terrestouloises.com\/de\/meinen-aufenthalt-vorbereiten\/unterkuenfte\/hotels\/","url":"https:\/\/tourisme-terrestouloises.com\/de\/meinen-aufenthalt-vorbereiten\/unterkuenfte\/hotels\/","name":"Hotels - Tourismusb\u00fcro Terres Touloises","isPartOf":{"@id":"https:\/\/tourisme-terrestouloises.com\/de\/#website"},"primaryImageOfPage":{"@id":"https:\/\/tourisme-terrestouloises.com\/de\/meinen-aufenthalt-vorbereiten\/unterkuenfte\/hotels\/#primaryimage"},"image":{"@id":"https:\/\/tourisme-terrestouloises.com\/de\/meinen-aufenthalt-vorbereiten\/unterkuenfte\/hotels\/#primaryimage"},"thumbnailUrl":"https:\/\/tourisme-terrestouloises.com\/wp-content\/uploads\/2022\/01\/hotel-header-min-scaled.jpg","datePublished":"2024-06-25T14:19:00+00:00","dateModified":"2024-06-27T09:03:24+00:00","breadcrumb":{"@id":"https:\/\/tourisme-terrestouloises.com\/de\/meinen-aufenthalt-vorbereiten\/unterkuenfte\/hotels\/#breadcrumb"},"inLanguage":"de","potentialAction":[{"@type":"ReadAction","target":["https:\/\/tourisme-terrestouloises.com\/de\/meinen-aufenthalt-vorbereiten\/unterkuenfte\/hotels\/"]}]},{"@type":"ImageObject","inLanguage":"de","@id":"https:\/\/tourisme-terrestouloises.com\/de\/meinen-aufenthalt-vorbereiten\/unterkuenfte\/hotels\/#primaryimage","url":"https:\/\/tourisme-terrestouloises.com\/wp-content\/uploads\/2022\/01\/hotel-header-min-scaled.jpg","contentUrl":"https:\/\/tourisme-terrestouloises.com\/wp-content\/uploads\/2022\/01\/hotel-header-min-scaled.jpg","width":2560,"height":1441,"caption":"\u00a9 Unsplash"},{"@type":"BreadcrumbList","@id":"https:\/\/tourisme-terrestouloises.com\/de\/meinen-aufenthalt-vorbereiten\/unterkuenfte\/hotels\/#breadcrumb","itemListElement":[{"@type":"ListItem","position":1,"name":"Accueil","item":"https:\/\/tourisme-terrestouloises.com\/de\/"},{"@type":"ListItem","position":2,"name":"Meinen Aufenthalt vorbereiten","item":"https:\/\/tourisme-terrestouloises.com\/de\/meinen-aufenthalt-vorbereiten\/"},{"@type":"ListItem","position":3,"name":"Unterk\u00fcnfte","item":"https:\/\/tourisme-terrestouloises.com\/de\/meinen-aufenthalt-vorbereiten\/unterkuenfte\/"},{"@type":"ListItem","position":4,"name":"Hotels"}]},{"@type":"WebSite","@id":"https:\/\/tourisme-terrestouloises.com\/de\/#website","url":"https:\/\/tourisme-terrestouloises.com\/de\/","name":"Tourismusb\u00fcro Terres Touloises","description":"Bienvenue en Terres Touloises","publisher":{"@id":"https:\/\/tourisme-terrestouloises.com\/de\/#organization"},"potentialAction":[{"@type":"SearchAction","target":{"@type":"EntryPoint","urlTemplate":"https:\/\/tourisme-terrestouloises.com\/de\/?s={search_term_string}"},"query-input":{"@type":"PropertyValueSpecification","valueRequired":true,"valueName":"search_term_string"}}],"inLanguage":"de"},{"@type":"Organization","@id":"https:\/\/tourisme-terrestouloises.com\/de\/#organization","name":"Tourismusb\u00fcro Terres Touloises","url":"https:\/\/tourisme-terrestouloises.com\/de\/","logo":{"@type":"ImageObject","inLanguage":"de","@id":"https:\/\/tourisme-terrestouloises.com\/de\/#\/schema\/logo\/image\/","url":"https:\/\/tourisme-terrestouloises.com\/wp-content\/uploads\/2021\/11\/TerresTouloises_Tourisme.svg","contentUrl":"https:\/\/tourisme-terrestouloises.com\/wp-content\/uploads\/2021\/11\/TerresTouloises_Tourisme.svg","width":126,"height":166,"caption":"Tourismusb\u00fcro Terres Touloises"},"image":{"@id":"https:\/\/tourisme-terrestouloises.com\/de\/#\/schema\/logo\/image\/"}}]}},"_links":{"self":[{"href":"https:\/\/tourisme-terrestouloises.com\/de\/wp-json\/wp\/v2\/pages\/523172","targetHints":{"allow":["GET"]}}],"collection":[{"href":"https:\/\/tourisme-terrestouloises.com\/de\/wp-json\/wp\/v2\/pages"}],"about":[{"href":"https:\/\/tourisme-terrestouloises.com\/de\/wp-json\/wp\/v2\/types\/page"}],"author":[{"embeddable":true,"href":"https:\/\/tourisme-terrestouloises.com\/de\/wp-json\/wp\/v2\/users\/6"}],"replies":[{"embeddable":true,"href":"https:\/\/tourisme-terrestouloises.com\/de\/wp-json\/wp\/v2\/comments?post=523172"}],"version-history":[{"count":5,"href":"https:\/\/tourisme-terrestouloises.com\/de\/wp-json\/wp\/v2\/pages\/523172\/revisions"}],"predecessor-version":[{"id":523189,"href":"https:\/\/tourisme-terrestouloises.com\/de\/wp-json\/wp\/v2\/pages\/523172\/revisions\/523189"}],"up":[{"embeddable":true,"href":"https:\/\/tourisme-terrestouloises.com\/de\/wp-json\/wp\/v2\/pages\/13619"}],"wp:featuredmedia":[{"embeddable":true,"href":"https:\/\/tourisme-terrestouloises.com\/de\/wp-json\/wp\/v2\/media\/1244"}],"wp:attachment":[{"href":"https:\/\/tourisme-terrestouloises.com\/de\/wp-json\/wp\/v2\/media?parent=523172"}],"curies":[{"name":"wp","href":"https:\/\/api.w.org\/{rel}","templated":true}]}}