{"id":523181,"date":"2024-06-25T16:36:38","date_gmt":"2024-06-25T14:36:38","guid":{"rendered":"https:\/\/tourisme-terrestouloises.com\/meinen-aufenthalt-vorbereiten\/unterkuenfte\/gaestezimmer\/"},"modified":"2024-06-27T15:25:00","modified_gmt":"2024-06-27T13:25:00","slug":"gaestezimmer","status":"publish","type":"page","link":"https:\/\/tourisme-terrestouloises.com\/de\/meinen-aufenthalt-vorbereiten\/unterkuenfte\/gaestezimmer\/","title":{"rendered":"Ferienh\u00e4user und G\u00e4stezimmer"},"content":{"rendered":"\t\t<div data-elementor-type=\"wp-page\" data-elementor-id=\"523181\" class=\"elementor elementor-523181 elementor-522884\" data-elementor-post-type=\"page\">\n\t\t\t\t\t\t<section class=\"elementor-section elementor-top-section elementor-element elementor-element-5629e3d elementor-section-boxed elementor-section-height-default elementor-section-height-default\" data-id=\"5629e3d\" data-element_type=\"section\" data-e-type=\"section\">\n\t\t\t\t\t\t<div class=\"elementor-container elementor-column-gap-default\">\n\t\t\t\t\t<div class=\"elementor-column elementor-col-100 elementor-top-column elementor-element elementor-element-cb8a789\" data-id=\"cb8a789\" data-element_type=\"column\" data-e-type=\"column\">\n\t\t\t<div class=\"elementor-widget-wrap elementor-element-populated\">\n\t\t\t\t\t\t<div class=\"elementor-element elementor-element-df93a62 elementor-widget elementor-widget-illico-sit_liste_dynamique\" data-id=\"df93a62\" data-element_type=\"widget\" data-e-type=\"widget\" data-widget_type=\"illico-sit_liste_dynamique.default\">\n\t\t\t\t<div class=\"elementor-widget-container\">\n\t\t\t\t\t    <div class=\"sit-div\" id=\"26291\">\n        <div class=\"form_flux\" id=\"form_flux\" data-alea=\"26291\" style=\"display:none;\">\n            <form action=\"javascript:void(0);\" method=\"POST\" id=\"ChoixDate26291\" class=\"ChoixDate\">\n                <div class=\"bloc-titre\">\n                    <h2>Filter<\/h2>\n                    <button class=\"filter-button\" id=\"filter-close-button\" onclick=\"toggleFilter(26291)\">Ergebnisse anzeigen<img decoding=\"async\" src=\"https:\/\/tourisme-terrestouloises.com\/wp-content\/plugins\/Illico-GestionDonnees\/\/assets\/images\/right.svg\" alt=\"Voir les r\u00e9sultats\" title=\"Voir les r\u00e9sultats\"><\/button>\n                <\/div>\n                <div class=\"form_mandatory_value\">\n                    <input type=\"hidden\" id=\"form_page_id\" name =\"form_page_id\" value='0'>\n                    <input type=\"hidden\" id=\"form_sit_id\" name =\"form_sit_id\" value='522882'>\n                    <input type=\"hidden\" id=\"alea\" name=\"alea\" value=\"26291\">\n                <\/div>\n                \n            <div class=\"form_optional_value\">\n                <div class=\"form_section communes_global\">\n    <span class=\"form_section_title\">Gemeinden<\/span>\n    <div class=\"form_section_content\">\n        <div class=\"checkbox_global\"><input type=\"checkbox\" id=\"lacuidad!AVRAINVILLE\" name=\"lacuidad!AVRAINVILLE\" value=\"toCheck\"><label for=\"lacuidad!AVRAINVILLE\">AVRAINVILLE<\/label><\/div><div class=\"checkbox_global\"><input type=\"checkbox\" id=\"lacuidad!BOIS%2BDE%2BHAYE\" name=\"lacuidad!BOIS%2BDE%2BHAYE\" value=\"toCheck\"><label for=\"lacuidad!BOIS%2BDE%2BHAYE\">BOIS DE HAYE<\/label><\/div><div class=\"checkbox_global\"><input type=\"checkbox\" id=\"lacuidad!BRULEY\" name=\"lacuidad!BRULEY\" value=\"toCheck\"><label for=\"lacuidad!BRULEY\">BRULEY<\/label><\/div><div class=\"checkbox_global\"><input type=\"checkbox\" id=\"lacuidad!CHOLOY%2BMENILLOT\" name=\"lacuidad!CHOLOY%2BMENILLOT\" value=\"toCheck\"><label for=\"lacuidad!CHOLOY%2BMENILLOT\">CHOLOY MENILLOT<\/label><\/div><div class=\"checkbox_global\"><input type=\"checkbox\" id=\"lacuidad!DOMMARTIN%2BLES%2BTOUL\" name=\"lacuidad!DOMMARTIN%2BLES%2BTOUL\" value=\"toCheck\"><label for=\"lacuidad!DOMMARTIN%2BLES%2BTOUL\">DOMMARTIN LES TOUL<\/label><\/div><div class=\"checkbox_global\"><input type=\"checkbox\" id=\"lacuidad!ECROUVES\" name=\"lacuidad!ECROUVES\" value=\"toCheck\"><label for=\"lacuidad!ECROUVES\">ECROUVES<\/label><\/div><div class=\"checkbox_global\"><input type=\"checkbox\" id=\"lacuidad!LAGNEY\" name=\"lacuidad!LAGNEY\" value=\"toCheck\"><label for=\"lacuidad!LAGNEY\">LAGNEY<\/label><\/div><div class=\"checkbox_global\"><input type=\"checkbox\" id=\"lacuidad!MANONVILLE\" name=\"lacuidad!MANONVILLE\" value=\"toCheck\"><label for=\"lacuidad!MANONVILLE\">MANONVILLE<\/label><\/div><div class=\"checkbox_global\"><input type=\"checkbox\" id=\"lacuidad!TOUL\" name=\"lacuidad!TOUL\" value=\"toCheck\"><label for=\"lacuidad!TOUL\">TOUL<\/label><\/div><div class=\"checkbox_global\"><input type=\"checkbox\" id=\"lacuidad!VILLEY%2BLE%2BSEC\" name=\"lacuidad!VILLEY%2BLE%2BSEC\" value=\"toCheck\"><label for=\"lacuidad!VILLEY%2BLE%2BSEC\">VILLEY LE SEC<\/label><\/div>\n    <\/div>\n<\/div>\n                \n                \n                \n                <div class=\"form_section\">\n    <span class=\"form_section_title\">Classement<\/span>\n    <div class=\"form_section_content\">\n        \n                <div class=\"checkbox_global\">\n                    <input type=\"checkbox\" id=\"repeater_filter_1\" name=\"repeater_filter_1\" value=\"109\" data-sit=\"true\" data-critere=\"736000089\" data-name=\"1 \u00e9toile\">\n                    <img decoding=\"async\" src=\"https:\/\/tourisme-terrestouloises.com\/wp-content\/uploads\/2024\/06\/1-etoile.svg\" alt=\"1 \u00e9toile\" title=\"1 \u00e9toile\"><\/img>\n                <\/div>\n                <div class=\"checkbox_global\">\n                    <input type=\"checkbox\" id=\"repeater_filter_2\" name=\"repeater_filter_2\" value=\"110\" data-sit=\"true\" data-critere=\"736000089\" data-name=\"2 \u00e9toiles\">\n                    <img decoding=\"async\" src=\"https:\/\/tourisme-terrestouloises.com\/wp-content\/uploads\/2024\/06\/2-etoiles.svg\" alt=\"2 \u00e9toiles\" title=\"2 \u00e9toiles\"><\/img>\n                <\/div>\n                <div class=\"checkbox_global\">\n                    <input type=\"checkbox\" id=\"repeater_filter_3\" name=\"repeater_filter_3\" value=\"111\" data-sit=\"true\" data-critere=\"736000089\" data-name=\"3 \u00e9toiles\">\n                    <img decoding=\"async\" src=\"https:\/\/tourisme-terrestouloises.com\/wp-content\/uploads\/2024\/06\/3-etoiles.svg\" alt=\"3 \u00e9toiles\" title=\"3 \u00e9toiles\"><\/img>\n                <\/div>\n                <div class=\"checkbox_global\">\n                    <input type=\"checkbox\" id=\"repeater_filter_4\" name=\"repeater_filter_4\" value=\"112\" data-sit=\"true\" data-critere=\"736000089\" data-name=\"4 \u00e9toiles\">\n                    <img decoding=\"async\" src=\"https:\/\/tourisme-terrestouloises.com\/wp-content\/uploads\/2024\/06\/4-etoiles.svg\" alt=\"4 \u00e9toiles\" title=\"4 \u00e9toiles\"><\/img>\n                <\/div>\n                <div class=\"checkbox_global\">\n                    <input type=\"checkbox\" id=\"repeater_filter_5\" name=\"repeater_filter_5\" value=\"115\" data-sit=\"true\" data-critere=\"736000089\" data-name=\"5 \u00e9toiles\">\n                    <img decoding=\"async\" src=\"https:\/\/tourisme-terrestouloises.com\/wp-content\/uploads\/2024\/06\/5-etoiles.svg\" alt=\"5 \u00e9toiles\" title=\"5 \u00e9toiles\"><\/img>\n                <\/div>\n    <\/div>\n<\/div><div class=\"form_section\">\n    <span class=\"form_section_title\">Classement G\u00eetes de France<\/span>\n    <div class=\"form_section_content\">\n        \n                <div class=\"checkbox_global\">\n                    <input type=\"checkbox\" id=\"repeater_filter_6\" name=\"repeater_filter_6\" value=\"1\" data-sit=\"true\" data-critere=\"736001102\" data-name=\"1 \u00e9pi\">\n                    <img decoding=\"async\" src=\"https:\/\/tourisme-terrestouloises.com\/wp-content\/uploads\/2024\/07\/1epis.svg\" alt=\"1 \u00e9pi\" title=\"1 \u00e9pi\"><\/img>\n                <\/div>\n                <div class=\"checkbox_global\">\n                    <input type=\"checkbox\" id=\"repeater_filter_7\" name=\"repeater_filter_7\" value=\"2\" data-sit=\"true\" data-critere=\"736001102\" data-name=\"2 \u00e9pis\">\n                    <img decoding=\"async\" src=\"https:\/\/tourisme-terrestouloises.com\/wp-content\/uploads\/2024\/07\/2epis.svg\" alt=\"2 \u00e9pis\" title=\"2 \u00e9pis\"><\/img>\n                <\/div>\n                <div class=\"checkbox_global\">\n                    <input type=\"checkbox\" id=\"repeater_filter_8\" name=\"repeater_filter_8\" value=\"3\" data-sit=\"true\" data-critere=\"736001102\" data-name=\"3 \u00e9pis\">\n                    <img decoding=\"async\" src=\"https:\/\/tourisme-terrestouloises.com\/wp-content\/uploads\/2024\/07\/3epis.svg\" alt=\"3 \u00e9pis\" title=\"3 \u00e9pis\"><\/img>\n                <\/div>\n                <div class=\"checkbox_global\">\n                    <input type=\"checkbox\" id=\"repeater_filter_9\" name=\"repeater_filter_9\" value=\"4\" data-sit=\"true\" data-critere=\"736001102\" data-name=\"4 \u00e9pis\">\n                    <img decoding=\"async\" src=\"https:\/\/tourisme-terrestouloises.com\/wp-content\/uploads\/2024\/07\/4epis.svg\" alt=\"4 \u00e9pis\" title=\"4 \u00e9pis\"><\/img>\n                <\/div>\n                <div class=\"checkbox_global\">\n                    <input type=\"checkbox\" id=\"repeater_filter_10\" name=\"repeater_filter_10\" value=\"4000474\" data-sit=\"true\" data-critere=\"736001102\" data-name=\"5 \u00e9pis\">\n                    <img decoding=\"async\" src=\"https:\/\/tourisme-terrestouloises.com\/wp-content\/uploads\/2024\/07\/5epis.svg\" alt=\"5 \u00e9pis\" title=\"5 \u00e9pis\"><\/img>\n                <\/div>\n    <\/div>\n<\/div>\n                <div class=\"recherche_mots_cles\">\n                    <div class=\"recherche_mots_cles_input\">\n                        <span class=\"form_section_title\">Suche nach Schl\u00fcsselw\u00f6rtern<\/span>\n                        <input type=\"text\" id=\"recherche_mots_cles\" name=\"recherche_mots_cles\">\n                    <\/div>\n                <\/div>\n            <\/div>\n            <input type=\"button\" class=\"btn btn-reset\" onclick=\"clearAllFormValue(this.form, 26291, 1)\" value=\"Zur\u00fccksetzen\">\n                <button class=\"filter-button filter-button-bottom\" id=\"filter-close-button-footer\" onclick=\"toggleFilter(26291)\">Ergebnisse anzeigen<img decoding=\"async\" src=\"https:\/\/tourisme-terrestouloises.com\/wp-content\/plugins\/Illico-GestionDonnees\/\/assets\/images\/right.svg\" alt=\"Voir les r\u00e9sultats\" title=\"Voir les r\u00e9sultats\"><\/button>\n            <\/form>\n        <\/div>\n        <div class=\"filter-preview\" id=\"filter-preview\"><\/div>\n        <div class=\"global_result\" id=\"global_result26291\">\n            <div class=\"btn-nb\" id=\"btn-nb\">\n    <div class=\"nb-result\" id=\"nb-result\"><\/div>\n    <div class=\"div-button\">\n        <button class=\"filter-button\" id=\"filter-button\" onclick=\"toggleFilter(26291)\">Filter <img decoding=\"async\" src=\"https:\/\/tourisme-terrestouloises.com\/wp-content\/plugins\/Illico-GestionDonnees\/\/assets\/images\/filtres.svg\" alt=\"Filter\" title=\"Filter\"><\/button>\n        \n            <button class=\"map-button\" id=\"map-button\" onclick=\"toggleMap(26291)\">\n                <span class=\"toggle-off\"><i class=\"fas fa-toggle-off\"><\/i>Karte anzeigen<\/span>\n                <span class=\"toggle-on\"><i class=\"fas fa-toggle-on\"><\/i>Karte ausblenden<\/span>\n            <\/button>\n    <\/div>\n<\/div>\n            <div class=\"div-list\" id=\"26291\">\n                <div class=\"left-column\" id=\"left-column\">\n                    <div class=\"loader\">\n                        <div class=\"circle\"><\/div>\n                        <div class=\"circle\"><\/div>\n                        <div class=\"circle\"><\/div>\n                        <div class=\"circle\"><\/div>\n                    <\/div>\n                <\/div>\n                <div class=\"right-column\" id=\"right-column\"><div id=\"mapid26291\" class=\"MapNumero\"><\/div><\/div>\n            <\/div>\n        <\/div>\n    <\/div>            <script>\n                window.addEventListener('pageshow', function(event) {\n                    setupMap(26291);\n                });\n            <\/script>\t\t\t\t<\/div>\n\t\t\t\t<\/div>\n\t\t\t\t\t<\/div>\n\t\t<\/div>\n\t\t\t\t\t<\/div>\n\t\t<\/section>\n\t\t\t\t<\/div>\n\t\t","protected":false},"excerpt":{"rendered":"<p>Filtres Voir les r\u00e9sultats Communes S\u00e9lectionner une communeAVRAINVILLEBOIS DE HAYEBRULEYCHOLOY MENILLOTFONTENOY SUR MOSELLEGONDREVILLEMANONVILLETOULVILLEY LE SEC Disponibilit\u00e9s Du au Tarifs Devises Especes CB Recherche par mots-cl\u00e9s Voir les r\u00e9sultats Filtres Afficher la carte Masquer la carte<\/p>\n","protected":false},"author":6,"featured_media":524461,"parent":13619,"menu_order":0,"comment_status":"closed","ping_status":"closed","template":"","meta":{"_acf_changed":false,"footnotes":""},"class_list":["post-523181","page","type-page","status-publish","has-post-thumbnail","hentry"],"acf":[],"yoast_head":"<!-- This site is optimized with the Yoast SEO plugin v27.3 - https:\/\/yoast.com\/product\/yoast-seo-wordpress\/ -->\n<title>Ferienh\u00e4user und G\u00e4stezimmer - Tourismusb\u00fcro Terres Touloises<\/title>\n<meta name=\"robots\" content=\"index, follow, max-snippet:-1, max-image-preview:large, max-video-preview:-1\" \/>\n<link rel=\"canonical\" href=\"https:\/\/tourisme-terrestouloises.com\/de\/meinen-aufenthalt-vorbereiten\/unterkuenfte\/gaestezimmer\/\" \/>\n<meta property=\"og:locale\" content=\"de_DE\" \/>\n<meta property=\"og:type\" content=\"article\" \/>\n<meta property=\"og:title\" content=\"Ferienh\u00e4user und G\u00e4stezimmer - Tourismusb\u00fcro Terres Touloises\" \/>\n<meta property=\"og:description\" content=\"Filtres Voir les r\u00e9sultats Communes S\u00e9lectionner une communeAVRAINVILLEBOIS DE HAYEBRULEYCHOLOY MENILLOTFONTENOY SUR MOSELLEGONDREVILLEMANONVILLETOULVILLEY LE SEC Disponibilit\u00e9s Du au Tarifs Devises Especes CB Recherche par mots-cl\u00e9s Voir les r\u00e9sultats Filtres Afficher la carte Masquer la carte\" \/>\n<meta property=\"og:url\" content=\"https:\/\/tourisme-terrestouloises.com\/de\/meinen-aufenthalt-vorbereiten\/unterkuenfte\/gaestezimmer\/\" \/>\n<meta property=\"og:site_name\" content=\"Tourismusb\u00fcro Terres Touloises\" \/>\n<meta property=\"article:modified_time\" content=\"2024-06-27T13:25:00+00:00\" \/>\n<meta property=\"og:image\" content=\"https:\/\/tourisme-terrestouloises.com\/wp-content\/uploads\/2022\/01\/gite-header-min-scaled.jpg\" \/>\n\t<meta property=\"og:image:width\" content=\"2560\" \/>\n\t<meta property=\"og:image:height\" content=\"1440\" \/>\n\t<meta property=\"og:image:type\" content=\"image\/jpeg\" \/>\n<meta name=\"twitter:card\" content=\"summary_large_image\" \/>\n<script type=\"application\/ld+json\" class=\"yoast-schema-graph\">{\"@context\":\"https:\\\/\\\/schema.org\",\"@graph\":[{\"@type\":\"WebPage\",\"@id\":\"https:\\\/\\\/tourisme-terrestouloises.com\\\/de\\\/meinen-aufenthalt-vorbereiten\\\/unterkuenfte\\\/gaestezimmer\\\/\",\"url\":\"https:\\\/\\\/tourisme-terrestouloises.com\\\/de\\\/meinen-aufenthalt-vorbereiten\\\/unterkuenfte\\\/gaestezimmer\\\/\",\"name\":\"Ferienh\u00e4user und G\u00e4stezimmer - Tourismusb\u00fcro Terres Touloises\",\"isPartOf\":{\"@id\":\"https:\\\/\\\/tourisme-terrestouloises.com\\\/de\\\/#website\"},\"primaryImageOfPage\":{\"@id\":\"https:\\\/\\\/tourisme-terrestouloises.com\\\/de\\\/meinen-aufenthalt-vorbereiten\\\/unterkuenfte\\\/gaestezimmer\\\/#primaryimage\"},\"image\":{\"@id\":\"https:\\\/\\\/tourisme-terrestouloises.com\\\/de\\\/meinen-aufenthalt-vorbereiten\\\/unterkuenfte\\\/gaestezimmer\\\/#primaryimage\"},\"thumbnailUrl\":\"https:\\\/\\\/tourisme-terrestouloises.com\\\/wp-content\\\/uploads\\\/2024\\\/07\\\/nathan-bird-D7j9MVKThj0-unsplash-scaled.jpg\",\"datePublished\":\"2024-06-25T14:36:38+00:00\",\"dateModified\":\"2024-06-27T13:25:00+00:00\",\"breadcrumb\":{\"@id\":\"https:\\\/\\\/tourisme-terrestouloises.com\\\/de\\\/meinen-aufenthalt-vorbereiten\\\/unterkuenfte\\\/gaestezimmer\\\/#breadcrumb\"},\"inLanguage\":\"de\",\"potentialAction\":[{\"@type\":\"ReadAction\",\"target\":[\"https:\\\/\\\/tourisme-terrestouloises.com\\\/de\\\/meinen-aufenthalt-vorbereiten\\\/unterkuenfte\\\/gaestezimmer\\\/\"]}]},{\"@type\":\"ImageObject\",\"inLanguage\":\"de\",\"@id\":\"https:\\\/\\\/tourisme-terrestouloises.com\\\/de\\\/meinen-aufenthalt-vorbereiten\\\/unterkuenfte\\\/gaestezimmer\\\/#primaryimage\",\"url\":\"https:\\\/\\\/tourisme-terrestouloises.com\\\/wp-content\\\/uploads\\\/2024\\\/07\\\/nathan-bird-D7j9MVKThj0-unsplash-scaled.jpg\",\"contentUrl\":\"https:\\\/\\\/tourisme-terrestouloises.com\\\/wp-content\\\/uploads\\\/2024\\\/07\\\/nathan-bird-D7j9MVKThj0-unsplash-scaled.jpg\",\"width\":2560,\"height\":1692,\"caption\":\"\u00a9Unsplash\"},{\"@type\":\"BreadcrumbList\",\"@id\":\"https:\\\/\\\/tourisme-terrestouloises.com\\\/de\\\/meinen-aufenthalt-vorbereiten\\\/unterkuenfte\\\/gaestezimmer\\\/#breadcrumb\",\"itemListElement\":[{\"@type\":\"ListItem\",\"position\":1,\"name\":\"Accueil\",\"item\":\"https:\\\/\\\/tourisme-terrestouloises.com\\\/de\\\/\"},{\"@type\":\"ListItem\",\"position\":2,\"name\":\"Meinen Aufenthalt vorbereiten\",\"item\":\"https:\\\/\\\/tourisme-terrestouloises.com\\\/de\\\/meinen-aufenthalt-vorbereiten\\\/\"},{\"@type\":\"ListItem\",\"position\":3,\"name\":\"Unterk\u00fcnfte\",\"item\":\"https:\\\/\\\/tourisme-terrestouloises.com\\\/de\\\/meinen-aufenthalt-vorbereiten\\\/unterkuenfte\\\/\"},{\"@type\":\"ListItem\",\"position\":4,\"name\":\"Ferienh\u00e4user und G\u00e4stezimmer\"}]},{\"@type\":\"WebSite\",\"@id\":\"https:\\\/\\\/tourisme-terrestouloises.com\\\/de\\\/#website\",\"url\":\"https:\\\/\\\/tourisme-terrestouloises.com\\\/de\\\/\",\"name\":\"Tourismusb\u00fcro Terres Touloises\",\"description\":\"Bienvenue en Terres Touloises\",\"publisher\":{\"@id\":\"https:\\\/\\\/tourisme-terrestouloises.com\\\/de\\\/#organization\"},\"potentialAction\":[{\"@type\":\"SearchAction\",\"target\":{\"@type\":\"EntryPoint\",\"urlTemplate\":\"https:\\\/\\\/tourisme-terrestouloises.com\\\/de\\\/?s={search_term_string}\"},\"query-input\":{\"@type\":\"PropertyValueSpecification\",\"valueRequired\":true,\"valueName\":\"search_term_string\"}}],\"inLanguage\":\"de\"},{\"@type\":\"Organization\",\"@id\":\"https:\\\/\\\/tourisme-terrestouloises.com\\\/de\\\/#organization\",\"name\":\"Tourismusb\u00fcro Terres Touloises\",\"url\":\"https:\\\/\\\/tourisme-terrestouloises.com\\\/de\\\/\",\"logo\":{\"@type\":\"ImageObject\",\"inLanguage\":\"de\",\"@id\":\"https:\\\/\\\/tourisme-terrestouloises.com\\\/de\\\/#\\\/schema\\\/logo\\\/image\\\/\",\"url\":\"https:\\\/\\\/tourisme-terrestouloises.com\\\/wp-content\\\/uploads\\\/2021\\\/11\\\/TerresTouloises_Tourisme.svg\",\"contentUrl\":\"https:\\\/\\\/tourisme-terrestouloises.com\\\/wp-content\\\/uploads\\\/2021\\\/11\\\/TerresTouloises_Tourisme.svg\",\"width\":126,\"height\":166,\"caption\":\"Tourismusb\u00fcro Terres Touloises\"},\"image\":{\"@id\":\"https:\\\/\\\/tourisme-terrestouloises.com\\\/de\\\/#\\\/schema\\\/logo\\\/image\\\/\"}}]}<\/script>\n<!-- \/ Yoast SEO plugin. -->","yoast_head_json":{"title":"Ferienh\u00e4user und G\u00e4stezimmer - Tourismusb\u00fcro Terres Touloises","robots":{"index":"index","follow":"follow","max-snippet":"max-snippet:-1","max-image-preview":"max-image-preview:large","max-video-preview":"max-video-preview:-1"},"canonical":"https:\/\/tourisme-terrestouloises.com\/de\/meinen-aufenthalt-vorbereiten\/unterkuenfte\/gaestezimmer\/","og_locale":"de_DE","og_type":"article","og_title":"Ferienh\u00e4user und G\u00e4stezimmer - Tourismusb\u00fcro Terres Touloises","og_description":"Filtres Voir les r\u00e9sultats Communes S\u00e9lectionner une communeAVRAINVILLEBOIS DE HAYEBRULEYCHOLOY MENILLOTFONTENOY SUR MOSELLEGONDREVILLEMANONVILLETOULVILLEY LE SEC Disponibilit\u00e9s Du au Tarifs Devises Especes CB Recherche par mots-cl\u00e9s Voir les r\u00e9sultats Filtres Afficher la carte Masquer la carte","og_url":"https:\/\/tourisme-terrestouloises.com\/de\/meinen-aufenthalt-vorbereiten\/unterkuenfte\/gaestezimmer\/","og_site_name":"Tourismusb\u00fcro Terres Touloises","article_modified_time":"2024-06-27T13:25:00+00:00","og_image":[{"width":2560,"height":1440,"url":"https:\/\/tourisme-terrestouloises.com\/wp-content\/uploads\/2022\/01\/gite-header-min-scaled.jpg","type":"image\/jpeg"}],"twitter_card":"summary_large_image","schema":{"@context":"https:\/\/schema.org","@graph":[{"@type":"WebPage","@id":"https:\/\/tourisme-terrestouloises.com\/de\/meinen-aufenthalt-vorbereiten\/unterkuenfte\/gaestezimmer\/","url":"https:\/\/tourisme-terrestouloises.com\/de\/meinen-aufenthalt-vorbereiten\/unterkuenfte\/gaestezimmer\/","name":"Ferienh\u00e4user und G\u00e4stezimmer - Tourismusb\u00fcro Terres Touloises","isPartOf":{"@id":"https:\/\/tourisme-terrestouloises.com\/de\/#website"},"primaryImageOfPage":{"@id":"https:\/\/tourisme-terrestouloises.com\/de\/meinen-aufenthalt-vorbereiten\/unterkuenfte\/gaestezimmer\/#primaryimage"},"image":{"@id":"https:\/\/tourisme-terrestouloises.com\/de\/meinen-aufenthalt-vorbereiten\/unterkuenfte\/gaestezimmer\/#primaryimage"},"thumbnailUrl":"https:\/\/tourisme-terrestouloises.com\/wp-content\/uploads\/2024\/07\/nathan-bird-D7j9MVKThj0-unsplash-scaled.jpg","datePublished":"2024-06-25T14:36:38+00:00","dateModified":"2024-06-27T13:25:00+00:00","breadcrumb":{"@id":"https:\/\/tourisme-terrestouloises.com\/de\/meinen-aufenthalt-vorbereiten\/unterkuenfte\/gaestezimmer\/#breadcrumb"},"inLanguage":"de","potentialAction":[{"@type":"ReadAction","target":["https:\/\/tourisme-terrestouloises.com\/de\/meinen-aufenthalt-vorbereiten\/unterkuenfte\/gaestezimmer\/"]}]},{"@type":"ImageObject","inLanguage":"de","@id":"https:\/\/tourisme-terrestouloises.com\/de\/meinen-aufenthalt-vorbereiten\/unterkuenfte\/gaestezimmer\/#primaryimage","url":"https:\/\/tourisme-terrestouloises.com\/wp-content\/uploads\/2024\/07\/nathan-bird-D7j9MVKThj0-unsplash-scaled.jpg","contentUrl":"https:\/\/tourisme-terrestouloises.com\/wp-content\/uploads\/2024\/07\/nathan-bird-D7j9MVKThj0-unsplash-scaled.jpg","width":2560,"height":1692,"caption":"\u00a9Unsplash"},{"@type":"BreadcrumbList","@id":"https:\/\/tourisme-terrestouloises.com\/de\/meinen-aufenthalt-vorbereiten\/unterkuenfte\/gaestezimmer\/#breadcrumb","itemListElement":[{"@type":"ListItem","position":1,"name":"Accueil","item":"https:\/\/tourisme-terrestouloises.com\/de\/"},{"@type":"ListItem","position":2,"name":"Meinen Aufenthalt vorbereiten","item":"https:\/\/tourisme-terrestouloises.com\/de\/meinen-aufenthalt-vorbereiten\/"},{"@type":"ListItem","position":3,"name":"Unterk\u00fcnfte","item":"https:\/\/tourisme-terrestouloises.com\/de\/meinen-aufenthalt-vorbereiten\/unterkuenfte\/"},{"@type":"ListItem","position":4,"name":"Ferienh\u00e4user und G\u00e4stezimmer"}]},{"@type":"WebSite","@id":"https:\/\/tourisme-terrestouloises.com\/de\/#website","url":"https:\/\/tourisme-terrestouloises.com\/de\/","name":"Tourismusb\u00fcro Terres Touloises","description":"Bienvenue en Terres Touloises","publisher":{"@id":"https:\/\/tourisme-terrestouloises.com\/de\/#organization"},"potentialAction":[{"@type":"SearchAction","target":{"@type":"EntryPoint","urlTemplate":"https:\/\/tourisme-terrestouloises.com\/de\/?s={search_term_string}"},"query-input":{"@type":"PropertyValueSpecification","valueRequired":true,"valueName":"search_term_string"}}],"inLanguage":"de"},{"@type":"Organization","@id":"https:\/\/tourisme-terrestouloises.com\/de\/#organization","name":"Tourismusb\u00fcro Terres Touloises","url":"https:\/\/tourisme-terrestouloises.com\/de\/","logo":{"@type":"ImageObject","inLanguage":"de","@id":"https:\/\/tourisme-terrestouloises.com\/de\/#\/schema\/logo\/image\/","url":"https:\/\/tourisme-terrestouloises.com\/wp-content\/uploads\/2021\/11\/TerresTouloises_Tourisme.svg","contentUrl":"https:\/\/tourisme-terrestouloises.com\/wp-content\/uploads\/2021\/11\/TerresTouloises_Tourisme.svg","width":126,"height":166,"caption":"Tourismusb\u00fcro Terres Touloises"},"image":{"@id":"https:\/\/tourisme-terrestouloises.com\/de\/#\/schema\/logo\/image\/"}}]}},"_links":{"self":[{"href":"https:\/\/tourisme-terrestouloises.com\/de\/wp-json\/wp\/v2\/pages\/523181","targetHints":{"allow":["GET"]}}],"collection":[{"href":"https:\/\/tourisme-terrestouloises.com\/de\/wp-json\/wp\/v2\/pages"}],"about":[{"href":"https:\/\/tourisme-terrestouloises.com\/de\/wp-json\/wp\/v2\/types\/page"}],"author":[{"embeddable":true,"href":"https:\/\/tourisme-terrestouloises.com\/de\/wp-json\/wp\/v2\/users\/6"}],"replies":[{"embeddable":true,"href":"https:\/\/tourisme-terrestouloises.com\/de\/wp-json\/wp\/v2\/comments?post=523181"}],"version-history":[{"count":8,"href":"https:\/\/tourisme-terrestouloises.com\/de\/wp-json\/wp\/v2\/pages\/523181\/revisions"}],"predecessor-version":[{"id":523413,"href":"https:\/\/tourisme-terrestouloises.com\/de\/wp-json\/wp\/v2\/pages\/523181\/revisions\/523413"}],"up":[{"embeddable":true,"href":"https:\/\/tourisme-terrestouloises.com\/de\/wp-json\/wp\/v2\/pages\/13619"}],"wp:featuredmedia":[{"embeddable":true,"href":"https:\/\/tourisme-terrestouloises.com\/de\/wp-json\/wp\/v2\/media\/524461"}],"wp:attachment":[{"href":"https:\/\/tourisme-terrestouloises.com\/de\/wp-json\/wp\/v2\/media?parent=523181"}],"curies":[{"name":"wp","href":"https:\/\/api.w.org\/{rel}","templated":true}]}}