{"id":523371,"date":"2024-06-27T12:00:47","date_gmt":"2024-06-27T10:00:47","guid":{"rendered":"https:\/\/tourisme-terrestouloises.com\/meinen-aufenthalt-vorbereiten\/restaurants-und-regionale-produkte\/restaurants\/"},"modified":"2024-07-03T15:49:02","modified_gmt":"2024-07-03T13:49:02","slug":"restaurants","status":"publish","type":"page","link":"https:\/\/tourisme-terrestouloises.com\/de\/meinen-aufenthalt-vorbereiten\/restaurants-und-regionale-produkte\/restaurants\/","title":{"rendered":"Restaurants"},"content":{"rendered":"\t\t<div data-elementor-type=\"wp-page\" data-elementor-id=\"523371\" class=\"elementor elementor-523371 elementor-523328\" data-elementor-post-type=\"page\">\n\t\t\t\t\t\t<section class=\"elementor-section elementor-top-section elementor-element elementor-element-7a3d61a elementor-section-boxed elementor-section-height-default elementor-section-height-default\" data-id=\"7a3d61a\" data-element_type=\"section\" data-e-type=\"section\">\n\t\t\t\t\t\t<div class=\"elementor-container elementor-column-gap-default\">\n\t\t\t\t\t<div class=\"elementor-column elementor-col-100 elementor-top-column elementor-element elementor-element-88aa7bd\" data-id=\"88aa7bd\" data-element_type=\"column\" data-e-type=\"column\">\n\t\t\t<div class=\"elementor-widget-wrap elementor-element-populated\">\n\t\t\t\t\t\t<div class=\"elementor-element elementor-element-cab0620 elementor-widget elementor-widget-illico-sit_liste_dynamique\" data-id=\"cab0620\" data-element_type=\"widget\" data-e-type=\"widget\" data-widget_type=\"illico-sit_liste_dynamique.default\">\n\t\t\t\t<div class=\"elementor-widget-container\">\n\t\t\t\t\t    <div class=\"sit-div\" id=\"37647\">\n        <div class=\"form_flux\" id=\"form_flux\" data-alea=\"37647\" style=\"display:none;\">\n            <form action=\"javascript:void(0);\" method=\"POST\" id=\"ChoixDate37647\" class=\"ChoixDate\">\n                <div class=\"bloc-titre\">\n                    <h2>Filter<\/h2>\n                    <button class=\"filter-button\" id=\"filter-close-button\" onclick=\"toggleFilter(37647)\">Ergebnisse anzeigen<img decoding=\"async\" src=\"https:\/\/tourisme-terrestouloises.com\/wp-content\/plugins\/Illico-GestionDonnees\/\/assets\/images\/right.svg\" alt=\"Voir les r\u00e9sultats\" title=\"Voir les r\u00e9sultats\"><\/button>\n                <\/div>\n                <div class=\"form_mandatory_value\">\n                    <input type=\"hidden\" id=\"form_page_id\" name =\"form_page_id\" value='0'>\n                    <input type=\"hidden\" id=\"form_sit_id\" name =\"form_sit_id\" value='523421'>\n                    <input type=\"hidden\" id=\"alea\" name=\"alea\" value=\"37647\">\n                <\/div>\n                \n            <div class=\"form_optional_value\">\n                <div class=\"form_section communes_global\">\n    <span class=\"form_section_title\">Gemeinden<\/span>\n    <div class=\"form_section_content\">\n        <div class=\"checkbox_global\"><input type=\"checkbox\" id=\"lacuidad!AINGERAY\" name=\"lacuidad!AINGERAY\" value=\"toCheck\"><label for=\"lacuidad!AINGERAY\">AINGERAY<\/label><\/div><div class=\"checkbox_global\"><input type=\"checkbox\" id=\"lacuidad!BRULEY\" name=\"lacuidad!BRULEY\" value=\"toCheck\"><label for=\"lacuidad!BRULEY\">BRULEY<\/label><\/div><div class=\"checkbox_global\"><input type=\"checkbox\" id=\"lacuidad!DOMMARTIN%2BLES%2BTOUL\" name=\"lacuidad!DOMMARTIN%2BLES%2BTOUL\" value=\"toCheck\"><label for=\"lacuidad!DOMMARTIN%2BLES%2BTOUL\">DOMMARTIN LES TOUL<\/label><\/div><div class=\"checkbox_global\"><input type=\"checkbox\" id=\"lacuidad!GONDREVILLE\" name=\"lacuidad!GONDREVILLE\" value=\"toCheck\"><label for=\"lacuidad!GONDREVILLE\">GONDREVILLE<\/label><\/div><div class=\"checkbox_global\"><input type=\"checkbox\" id=\"lacuidad!LAGNEY\" name=\"lacuidad!LAGNEY\" value=\"toCheck\"><label for=\"lacuidad!LAGNEY\">LAGNEY<\/label><\/div><div class=\"checkbox_global\"><input type=\"checkbox\" id=\"lacuidad!LUCEY\" name=\"lacuidad!LUCEY\" value=\"toCheck\"><label for=\"lacuidad!LUCEY\">LUCEY<\/label><\/div><div class=\"checkbox_global\"><input type=\"checkbox\" id=\"lacuidad!NEUVES%2BMAISONS\" name=\"lacuidad!NEUVES%2BMAISONS\" value=\"toCheck\"><label for=\"lacuidad!NEUVES%2BMAISONS\">NEUVES MAISONS<\/label><\/div><div class=\"checkbox_global\"><input type=\"checkbox\" id=\"lacuidad!PIERRE%2BLA%2BTREICHE\" name=\"lacuidad!PIERRE%2BLA%2BTREICHE\" value=\"toCheck\"><label for=\"lacuidad!PIERRE%2BLA%2BTREICHE\">PIERRE LA TREICHE<\/label><\/div><div class=\"checkbox_global\"><input type=\"checkbox\" id=\"lacuidad!SEXEY%2BAUX%2BFORGES\" name=\"lacuidad!SEXEY%2BAUX%2BFORGES\" value=\"toCheck\"><label for=\"lacuidad!SEXEY%2BAUX%2BFORGES\">SEXEY AUX FORGES<\/label><\/div><div class=\"checkbox_global\"><input type=\"checkbox\" id=\"lacuidad!TOUL\" name=\"lacuidad!TOUL\" value=\"toCheck\"><label for=\"lacuidad!TOUL\">TOUL<\/label><\/div><div class=\"checkbox_global\"><input type=\"checkbox\" id=\"lacuidad!VILLEY%2BLE%2BSEC\" name=\"lacuidad!VILLEY%2BLE%2BSEC\" value=\"toCheck\"><label for=\"lacuidad!VILLEY%2BLE%2BSEC\">VILLEY LE SEC<\/label><\/div><div class=\"checkbox_global\"><input type=\"checkbox\" id=\"lacuidad!VILLEY%2BSAINT%2BETIENNE\" name=\"lacuidad!VILLEY%2BSAINT%2BETIENNE\" value=\"toCheck\"><label for=\"lacuidad!VILLEY%2BSAINT%2BETIENNE\">VILLEY SAINT ETIENNE<\/label><\/div>\n    <\/div>\n<\/div>\n                \n                \n                \n                <div class=\"form_section\">\n    <span class=\"form_section_title\">Terrasse<\/span>\n    <div class=\"form_section_content\">\n        \n                <div class=\"checkbox_global\">\n                    <input type=\"checkbox\" id=\"repeater_filter_1\" name=\"repeater_filter_1\" value=\"19\" data-sit=\"true\" data-critere=\"736000121\" data-name=\"Terrasse\">\n                    <label for=\"repeater_filter_1\">Terrasse<\/label>\n                <\/div>\n    <\/div>\n<\/div><div class=\"form_section\">\n    <span class=\"form_section_title\">Cat\u00e9gorie de restaurant<\/span>\n    <div class=\"form_section_content\">\n        \n                <div class=\"checkbox_global\">\n                    <input type=\"checkbox\" id=\"repeater_filter_2\" name=\"repeater_filter_2\" value=\"1\" data-sit=\"true\" data-critere=\"736000114\" data-name=\"Bistrot \/ Bar \u00e0 vin\">\n                    <label for=\"repeater_filter_2\">Bistrot \/ Bar \u00e0 vin<\/label>\n                <\/div>\n                <div class=\"checkbox_global\">\n                    <input type=\"checkbox\" id=\"repeater_filter_3\" name=\"repeater_filter_3\" value=\"11\" data-sit=\"true\" data-critere=\"736000114\" data-name=\"Boulangerie\">\n                    <label for=\"repeater_filter_3\">Boulangerie<\/label>\n                <\/div>\n                <div class=\"checkbox_global\">\n                    <input type=\"checkbox\" id=\"repeater_filter_4\" name=\"repeater_filter_4\" value=\"2\" data-sit=\"true\" data-critere=\"736000114\" data-name=\"Brasserie \/ Caf\u00e9\">\n                    <label for=\"repeater_filter_4\">Brasserie \/ Caf\u00e9<\/label>\n                <\/div>\n                <div class=\"checkbox_global\">\n                    <input type=\"checkbox\" id=\"repeater_filter_5\" name=\"repeater_filter_5\" value=\"14\" data-sit=\"true\" data-critere=\"736000114\" data-name=\"Caf\u00e9t\u00e9ria\">\n                    <label for=\"repeater_filter_5\">Caf\u00e9t\u00e9ria<\/label>\n                <\/div>\n                <div class=\"checkbox_global\">\n                    <input type=\"checkbox\" id=\"repeater_filter_6\" name=\"repeater_filter_6\" value=\"3\" data-sit=\"true\" data-critere=\"736000114\" data-name=\"Cr\u00eaperie\">\n                    <label for=\"repeater_filter_6\">Cr\u00eaperie<\/label>\n                <\/div>\n                <div class=\"checkbox_global\">\n                    <input type=\"checkbox\" id=\"repeater_filter_7\" name=\"repeater_filter_7\" value=\"4000762\" data-sit=\"true\" data-critere=\"736000114\" data-name=\"Gastronomique\">\n                    <label for=\"repeater_filter_7\">Gastronomique<\/label>\n                <\/div>\n                <div class=\"checkbox_global\">\n                    <input type=\"checkbox\" id=\"repeater_filter_8\" name=\"repeater_filter_8\" value=\"12\" data-sit=\"true\" data-critere=\"736000114\" data-name=\"Glacier \/ Salon de Th\u00e9\">\n                    <label for=\"repeater_filter_8\">Glacier \/ Salon de Th\u00e9<\/label>\n                <\/div>\n                <div class=\"checkbox_global\">\n                    <input type=\"checkbox\" id=\"repeater_filter_9\" name=\"repeater_filter_9\" value=\"4\" data-sit=\"true\" data-critere=\"736000114\" data-name=\"Grill\">\n                    <label for=\"repeater_filter_9\">Grill<\/label>\n                <\/div>\n                <div class=\"checkbox_global\">\n                    <input type=\"checkbox\" id=\"repeater_filter_10\" name=\"repeater_filter_10\" value=\"5\" data-sit=\"true\" data-critere=\"736000114\" data-name=\"Pizzeria\">\n                    <label for=\"repeater_filter_10\">Pizzeria<\/label>\n                <\/div>\n                <div class=\"checkbox_global\">\n                    <input type=\"checkbox\" id=\"repeater_filter_11\" name=\"repeater_filter_11\" value=\"6\" data-sit=\"true\" data-critere=\"736000114\" data-name=\"Restauration cuisine \u00e9trang\u00e8re\">\n                    <label for=\"repeater_filter_11\">Restauration cuisine \u00e9trang\u00e8re<\/label>\n                <\/div>\n                <div class=\"checkbox_global\">\n                    <input type=\"checkbox\" id=\"repeater_filter_12\" name=\"repeater_filter_12\" value=\"15\" data-sit=\"true\" data-critere=\"736000114\" data-name=\"Restauration classique\">\n                    <label for=\"repeater_filter_12\">Restauration classique<\/label>\n                <\/div>\n                <div class=\"checkbox_global\">\n                    <input type=\"checkbox\" id=\"repeater_filter_13\" name=\"repeater_filter_13\" value=\"9\" data-sit=\"true\" data-critere=\"736000114\" data-name=\"Restauration rapide\">\n                    <label for=\"repeater_filter_13\">Restauration rapide<\/label>\n                <\/div>\n    <\/div>\n<\/div>\n                <div class=\"recherche_mots_cles\">\n                    <div class=\"recherche_mots_cles_input\">\n                        <span class=\"form_section_title\">Suche nach Schl\u00fcsselw\u00f6rtern<\/span>\n                        <input type=\"text\" id=\"recherche_mots_cles\" name=\"recherche_mots_cles\">\n                    <\/div>\n                <\/div>\n            <\/div>\n            <input type=\"button\" class=\"btn btn-reset\" onclick=\"clearAllFormValue(this.form, 37647, 1)\" value=\"Zur\u00fccksetzen\">\n                <button class=\"filter-button filter-button-bottom\" id=\"filter-close-button-footer\" onclick=\"toggleFilter(37647)\">Ergebnisse anzeigen<img decoding=\"async\" src=\"https:\/\/tourisme-terrestouloises.com\/wp-content\/plugins\/Illico-GestionDonnees\/\/assets\/images\/right.svg\" alt=\"Voir les r\u00e9sultats\" title=\"Voir les r\u00e9sultats\"><\/button>\n            <\/form>\n        <\/div>\n        <div class=\"filter-preview\" id=\"filter-preview\"><\/div>\n        <div class=\"global_result\" id=\"global_result37647\">\n            <div class=\"btn-nb\" id=\"btn-nb\">\n    <div class=\"nb-result\" id=\"nb-result\"><\/div>\n    <div class=\"div-button\">\n        <button class=\"filter-button\" id=\"filter-button\" onclick=\"toggleFilter(37647)\">Filter <img decoding=\"async\" src=\"https:\/\/tourisme-terrestouloises.com\/wp-content\/plugins\/Illico-GestionDonnees\/\/assets\/images\/filtres.svg\" alt=\"Filter\" title=\"Filter\"><\/button>\n        \n            <button class=\"map-button\" id=\"map-button\" onclick=\"toggleMap(37647)\">\n                <span class=\"toggle-off\"><i class=\"fas fa-toggle-off\"><\/i>Karte anzeigen<\/span>\n                <span class=\"toggle-on\"><i class=\"fas fa-toggle-on\"><\/i>Karte ausblenden<\/span>\n            <\/button>\n    <\/div>\n<\/div>\n            <div class=\"div-list\" id=\"37647\">\n                <div class=\"left-column\" id=\"left-column\">\n                    <div class=\"loader\">\n                        <div class=\"circle\"><\/div>\n                        <div class=\"circle\"><\/div>\n                        <div class=\"circle\"><\/div>\n                        <div class=\"circle\"><\/div>\n                    <\/div>\n                <\/div>\n                <div class=\"right-column\" id=\"right-column\"><div id=\"mapid37647\" class=\"MapNumero\"><\/div><\/div>\n            <\/div>\n        <\/div>\n    <\/div>            <script>\n                window.addEventListener('pageshow', function(event) {\n                    setupMap(37647);\n                });\n            <\/script>\t\t\t\t<\/div>\n\t\t\t\t<\/div>\n\t\t\t\t\t<\/div>\n\t\t<\/div>\n\t\t\t\t\t<\/div>\n\t\t<\/section>\n\t\t\t\t<\/div>\n\t\t","protected":false},"excerpt":{"rendered":"<p>Filtres Voir les r\u00e9sultats Voir les r\u00e9sultats Afficher la carte Masquer la carte<\/p>\n","protected":false},"author":12,"featured_media":525118,"parent":13632,"menu_order":0,"comment_status":"closed","ping_status":"closed","template":"","meta":{"_acf_changed":false,"footnotes":""},"class_list":["post-523371","page","type-page","status-publish","has-post-thumbnail","hentry"],"acf":[],"yoast_head":"<!-- This site is optimized with the Yoast SEO plugin v27.3 - https:\/\/yoast.com\/product\/yoast-seo-wordpress\/ -->\n<title>Restaurants - Tourismusb\u00fcro Terres Touloises<\/title>\n<meta name=\"robots\" content=\"index, follow, max-snippet:-1, max-image-preview:large, max-video-preview:-1\" \/>\n<link rel=\"canonical\" href=\"https:\/\/tourisme-terrestouloises.com\/de\/meinen-aufenthalt-vorbereiten\/restaurants-und-regionale-produkte\/restaurants\/\" \/>\n<meta property=\"og:locale\" content=\"de_DE\" \/>\n<meta property=\"og:type\" content=\"article\" \/>\n<meta property=\"og:title\" content=\"Restaurants - Tourismusb\u00fcro Terres Touloises\" \/>\n<meta property=\"og:description\" content=\"Filtres Voir les r\u00e9sultats Voir les r\u00e9sultats Afficher la carte Masquer la carte\" \/>\n<meta property=\"og:url\" content=\"https:\/\/tourisme-terrestouloises.com\/de\/meinen-aufenthalt-vorbereiten\/restaurants-und-regionale-produkte\/restaurants\/\" \/>\n<meta property=\"og:site_name\" content=\"Tourismusb\u00fcro Terres Touloises\" \/>\n<meta property=\"article:modified_time\" content=\"2024-07-03T13:49:02+00:00\" \/>\n<meta property=\"og:image\" content=\"https:\/\/tourisme-terrestouloises.com\/wp-content\/uploads\/2022\/01\/restau-header-min-scaled.jpg\" \/>\n\t<meta property=\"og:image:width\" content=\"2560\" \/>\n\t<meta property=\"og:image:height\" content=\"1441\" \/>\n\t<meta property=\"og:image:type\" content=\"image\/jpeg\" \/>\n<meta name=\"twitter:card\" content=\"summary_large_image\" \/>\n<script type=\"application\/ld+json\" class=\"yoast-schema-graph\">{\"@context\":\"https:\\\/\\\/schema.org\",\"@graph\":[{\"@type\":\"WebPage\",\"@id\":\"https:\\\/\\\/tourisme-terrestouloises.com\\\/de\\\/meinen-aufenthalt-vorbereiten\\\/restaurants-und-regionale-produkte\\\/restaurants\\\/\",\"url\":\"https:\\\/\\\/tourisme-terrestouloises.com\\\/de\\\/meinen-aufenthalt-vorbereiten\\\/restaurants-und-regionale-produkte\\\/restaurants\\\/\",\"name\":\"Restaurants - Tourismusb\u00fcro Terres Touloises\",\"isPartOf\":{\"@id\":\"https:\\\/\\\/tourisme-terrestouloises.com\\\/de\\\/#website\"},\"primaryImageOfPage\":{\"@id\":\"https:\\\/\\\/tourisme-terrestouloises.com\\\/de\\\/meinen-aufenthalt-vorbereiten\\\/restaurants-und-regionale-produkte\\\/restaurants\\\/#primaryimage\"},\"image\":{\"@id\":\"https:\\\/\\\/tourisme-terrestouloises.com\\\/de\\\/meinen-aufenthalt-vorbereiten\\\/restaurants-und-regionale-produkte\\\/restaurants\\\/#primaryimage\"},\"thumbnailUrl\":\"https:\\\/\\\/tourisme-terrestouloises.com\\\/wp-content\\\/uploads\\\/2025\\\/02\\\/carlos-aranda-W0o4G4gOMAo-unsplash-scaled.jpg\",\"datePublished\":\"2024-06-27T10:00:47+00:00\",\"dateModified\":\"2024-07-03T13:49:02+00:00\",\"breadcrumb\":{\"@id\":\"https:\\\/\\\/tourisme-terrestouloises.com\\\/de\\\/meinen-aufenthalt-vorbereiten\\\/restaurants-und-regionale-produkte\\\/restaurants\\\/#breadcrumb\"},\"inLanguage\":\"de\",\"potentialAction\":[{\"@type\":\"ReadAction\",\"target\":[\"https:\\\/\\\/tourisme-terrestouloises.com\\\/de\\\/meinen-aufenthalt-vorbereiten\\\/restaurants-und-regionale-produkte\\\/restaurants\\\/\"]}]},{\"@type\":\"ImageObject\",\"inLanguage\":\"de\",\"@id\":\"https:\\\/\\\/tourisme-terrestouloises.com\\\/de\\\/meinen-aufenthalt-vorbereiten\\\/restaurants-und-regionale-produkte\\\/restaurants\\\/#primaryimage\",\"url\":\"https:\\\/\\\/tourisme-terrestouloises.com\\\/wp-content\\\/uploads\\\/2025\\\/02\\\/carlos-aranda-W0o4G4gOMAo-unsplash-scaled.jpg\",\"contentUrl\":\"https:\\\/\\\/tourisme-terrestouloises.com\\\/wp-content\\\/uploads\\\/2025\\\/02\\\/carlos-aranda-W0o4G4gOMAo-unsplash-scaled.jpg\",\"width\":2560,\"height\":1709,\"caption\":\"\u00a9Unsplash\"},{\"@type\":\"BreadcrumbList\",\"@id\":\"https:\\\/\\\/tourisme-terrestouloises.com\\\/de\\\/meinen-aufenthalt-vorbereiten\\\/restaurants-und-regionale-produkte\\\/restaurants\\\/#breadcrumb\",\"itemListElement\":[{\"@type\":\"ListItem\",\"position\":1,\"name\":\"Accueil\",\"item\":\"https:\\\/\\\/tourisme-terrestouloises.com\\\/de\\\/\"},{\"@type\":\"ListItem\",\"position\":2,\"name\":\"Meinen Aufenthalt vorbereiten\",\"item\":\"https:\\\/\\\/tourisme-terrestouloises.com\\\/de\\\/meinen-aufenthalt-vorbereiten\\\/\"},{\"@type\":\"ListItem\",\"position\":3,\"name\":\"Restaurants und regionale Produkte\",\"item\":\"https:\\\/\\\/tourisme-terrestouloises.com\\\/de\\\/meinen-aufenthalt-vorbereiten\\\/restaurants-und-regionale-produkte\\\/\"},{\"@type\":\"ListItem\",\"position\":4,\"name\":\"Restaurants\"}]},{\"@type\":\"WebSite\",\"@id\":\"https:\\\/\\\/tourisme-terrestouloises.com\\\/de\\\/#website\",\"url\":\"https:\\\/\\\/tourisme-terrestouloises.com\\\/de\\\/\",\"name\":\"Tourismusb\u00fcro Terres Touloises\",\"description\":\"Bienvenue en Terres Touloises\",\"publisher\":{\"@id\":\"https:\\\/\\\/tourisme-terrestouloises.com\\\/de\\\/#organization\"},\"potentialAction\":[{\"@type\":\"SearchAction\",\"target\":{\"@type\":\"EntryPoint\",\"urlTemplate\":\"https:\\\/\\\/tourisme-terrestouloises.com\\\/de\\\/?s={search_term_string}\"},\"query-input\":{\"@type\":\"PropertyValueSpecification\",\"valueRequired\":true,\"valueName\":\"search_term_string\"}}],\"inLanguage\":\"de\"},{\"@type\":\"Organization\",\"@id\":\"https:\\\/\\\/tourisme-terrestouloises.com\\\/de\\\/#organization\",\"name\":\"Tourismusb\u00fcro Terres Touloises\",\"url\":\"https:\\\/\\\/tourisme-terrestouloises.com\\\/de\\\/\",\"logo\":{\"@type\":\"ImageObject\",\"inLanguage\":\"de\",\"@id\":\"https:\\\/\\\/tourisme-terrestouloises.com\\\/de\\\/#\\\/schema\\\/logo\\\/image\\\/\",\"url\":\"https:\\\/\\\/tourisme-terrestouloises.com\\\/wp-content\\\/uploads\\\/2021\\\/11\\\/TerresTouloises_Tourisme.svg\",\"contentUrl\":\"https:\\\/\\\/tourisme-terrestouloises.com\\\/wp-content\\\/uploads\\\/2021\\\/11\\\/TerresTouloises_Tourisme.svg\",\"width\":126,\"height\":166,\"caption\":\"Tourismusb\u00fcro Terres Touloises\"},\"image\":{\"@id\":\"https:\\\/\\\/tourisme-terrestouloises.com\\\/de\\\/#\\\/schema\\\/logo\\\/image\\\/\"}}]}<\/script>\n<!-- \/ Yoast SEO plugin. -->","yoast_head_json":{"title":"Restaurants - Tourismusb\u00fcro Terres Touloises","robots":{"index":"index","follow":"follow","max-snippet":"max-snippet:-1","max-image-preview":"max-image-preview:large","max-video-preview":"max-video-preview:-1"},"canonical":"https:\/\/tourisme-terrestouloises.com\/de\/meinen-aufenthalt-vorbereiten\/restaurants-und-regionale-produkte\/restaurants\/","og_locale":"de_DE","og_type":"article","og_title":"Restaurants - Tourismusb\u00fcro Terres Touloises","og_description":"Filtres Voir les r\u00e9sultats Voir les r\u00e9sultats Afficher la carte Masquer la carte","og_url":"https:\/\/tourisme-terrestouloises.com\/de\/meinen-aufenthalt-vorbereiten\/restaurants-und-regionale-produkte\/restaurants\/","og_site_name":"Tourismusb\u00fcro Terres Touloises","article_modified_time":"2024-07-03T13:49:02+00:00","og_image":[{"width":2560,"height":1441,"url":"https:\/\/tourisme-terrestouloises.com\/wp-content\/uploads\/2022\/01\/restau-header-min-scaled.jpg","type":"image\/jpeg"}],"twitter_card":"summary_large_image","schema":{"@context":"https:\/\/schema.org","@graph":[{"@type":"WebPage","@id":"https:\/\/tourisme-terrestouloises.com\/de\/meinen-aufenthalt-vorbereiten\/restaurants-und-regionale-produkte\/restaurants\/","url":"https:\/\/tourisme-terrestouloises.com\/de\/meinen-aufenthalt-vorbereiten\/restaurants-und-regionale-produkte\/restaurants\/","name":"Restaurants - Tourismusb\u00fcro Terres Touloises","isPartOf":{"@id":"https:\/\/tourisme-terrestouloises.com\/de\/#website"},"primaryImageOfPage":{"@id":"https:\/\/tourisme-terrestouloises.com\/de\/meinen-aufenthalt-vorbereiten\/restaurants-und-regionale-produkte\/restaurants\/#primaryimage"},"image":{"@id":"https:\/\/tourisme-terrestouloises.com\/de\/meinen-aufenthalt-vorbereiten\/restaurants-und-regionale-produkte\/restaurants\/#primaryimage"},"thumbnailUrl":"https:\/\/tourisme-terrestouloises.com\/wp-content\/uploads\/2025\/02\/carlos-aranda-W0o4G4gOMAo-unsplash-scaled.jpg","datePublished":"2024-06-27T10:00:47+00:00","dateModified":"2024-07-03T13:49:02+00:00","breadcrumb":{"@id":"https:\/\/tourisme-terrestouloises.com\/de\/meinen-aufenthalt-vorbereiten\/restaurants-und-regionale-produkte\/restaurants\/#breadcrumb"},"inLanguage":"de","potentialAction":[{"@type":"ReadAction","target":["https:\/\/tourisme-terrestouloises.com\/de\/meinen-aufenthalt-vorbereiten\/restaurants-und-regionale-produkte\/restaurants\/"]}]},{"@type":"ImageObject","inLanguage":"de","@id":"https:\/\/tourisme-terrestouloises.com\/de\/meinen-aufenthalt-vorbereiten\/restaurants-und-regionale-produkte\/restaurants\/#primaryimage","url":"https:\/\/tourisme-terrestouloises.com\/wp-content\/uploads\/2025\/02\/carlos-aranda-W0o4G4gOMAo-unsplash-scaled.jpg","contentUrl":"https:\/\/tourisme-terrestouloises.com\/wp-content\/uploads\/2025\/02\/carlos-aranda-W0o4G4gOMAo-unsplash-scaled.jpg","width":2560,"height":1709,"caption":"\u00a9Unsplash"},{"@type":"BreadcrumbList","@id":"https:\/\/tourisme-terrestouloises.com\/de\/meinen-aufenthalt-vorbereiten\/restaurants-und-regionale-produkte\/restaurants\/#breadcrumb","itemListElement":[{"@type":"ListItem","position":1,"name":"Accueil","item":"https:\/\/tourisme-terrestouloises.com\/de\/"},{"@type":"ListItem","position":2,"name":"Meinen Aufenthalt vorbereiten","item":"https:\/\/tourisme-terrestouloises.com\/de\/meinen-aufenthalt-vorbereiten\/"},{"@type":"ListItem","position":3,"name":"Restaurants und regionale Produkte","item":"https:\/\/tourisme-terrestouloises.com\/de\/meinen-aufenthalt-vorbereiten\/restaurants-und-regionale-produkte\/"},{"@type":"ListItem","position":4,"name":"Restaurants"}]},{"@type":"WebSite","@id":"https:\/\/tourisme-terrestouloises.com\/de\/#website","url":"https:\/\/tourisme-terrestouloises.com\/de\/","name":"Tourismusb\u00fcro Terres Touloises","description":"Bienvenue en Terres Touloises","publisher":{"@id":"https:\/\/tourisme-terrestouloises.com\/de\/#organization"},"potentialAction":[{"@type":"SearchAction","target":{"@type":"EntryPoint","urlTemplate":"https:\/\/tourisme-terrestouloises.com\/de\/?s={search_term_string}"},"query-input":{"@type":"PropertyValueSpecification","valueRequired":true,"valueName":"search_term_string"}}],"inLanguage":"de"},{"@type":"Organization","@id":"https:\/\/tourisme-terrestouloises.com\/de\/#organization","name":"Tourismusb\u00fcro Terres Touloises","url":"https:\/\/tourisme-terrestouloises.com\/de\/","logo":{"@type":"ImageObject","inLanguage":"de","@id":"https:\/\/tourisme-terrestouloises.com\/de\/#\/schema\/logo\/image\/","url":"https:\/\/tourisme-terrestouloises.com\/wp-content\/uploads\/2021\/11\/TerresTouloises_Tourisme.svg","contentUrl":"https:\/\/tourisme-terrestouloises.com\/wp-content\/uploads\/2021\/11\/TerresTouloises_Tourisme.svg","width":126,"height":166,"caption":"Tourismusb\u00fcro Terres Touloises"},"image":{"@id":"https:\/\/tourisme-terrestouloises.com\/de\/#\/schema\/logo\/image\/"}}]}},"_links":{"self":[{"href":"https:\/\/tourisme-terrestouloises.com\/de\/wp-json\/wp\/v2\/pages\/523371","targetHints":{"allow":["GET"]}}],"collection":[{"href":"https:\/\/tourisme-terrestouloises.com\/de\/wp-json\/wp\/v2\/pages"}],"about":[{"href":"https:\/\/tourisme-terrestouloises.com\/de\/wp-json\/wp\/v2\/types\/page"}],"author":[{"embeddable":true,"href":"https:\/\/tourisme-terrestouloises.com\/de\/wp-json\/wp\/v2\/users\/12"}],"replies":[{"embeddable":true,"href":"https:\/\/tourisme-terrestouloises.com\/de\/wp-json\/wp\/v2\/comments?post=523371"}],"version-history":[{"count":2,"href":"https:\/\/tourisme-terrestouloises.com\/de\/wp-json\/wp\/v2\/pages\/523371\/revisions"}],"predecessor-version":[{"id":524125,"href":"https:\/\/tourisme-terrestouloises.com\/de\/wp-json\/wp\/v2\/pages\/523371\/revisions\/524125"}],"up":[{"embeddable":true,"href":"https:\/\/tourisme-terrestouloises.com\/de\/wp-json\/wp\/v2\/pages\/13632"}],"wp:featuredmedia":[{"embeddable":true,"href":"https:\/\/tourisme-terrestouloises.com\/de\/wp-json\/wp\/v2\/media\/525118"}],"wp:attachment":[{"href":"https:\/\/tourisme-terrestouloises.com\/de\/wp-json\/wp\/v2\/media?parent=523371"}],"curies":[{"name":"wp","href":"https:\/\/api.w.org\/{rel}","templated":true}]}}