{"id":523977,"date":"2024-07-02T21:27:57","date_gmt":"2024-07-02T19:27:57","guid":{"rendered":"https:\/\/tourisme-terrestouloises.com\/die-must-haves\/der-tourismusweg-der-cotes-de-toul\/winzer\/"},"modified":"2025-08-13T17:29:03","modified_gmt":"2025-08-13T15:29:03","slug":"winzer","status":"publish","type":"page","link":"https:\/\/tourisme-terrestouloises.com\/de\/die-must-haves\/der-tourismusweg-der-cotes-de-toul\/winzer\/","title":{"rendered":"Die Winzer"},"content":{"rendered":"\t\t<div data-elementor-type=\"wp-page\" data-elementor-id=\"523977\" class=\"elementor elementor-523977 elementor-523788\" data-elementor-post-type=\"page\">\n\t\t\t\t\t\t<section class=\"elementor-section elementor-top-section elementor-element elementor-element-5629e3d elementor-section-boxed elementor-section-height-default elementor-section-height-default\" data-id=\"5629e3d\" data-element_type=\"section\" data-e-type=\"section\">\n\t\t\t\t\t\t<div class=\"elementor-container elementor-column-gap-default\">\n\t\t\t\t\t<div class=\"elementor-column elementor-col-100 elementor-top-column elementor-element elementor-element-cb8a789\" data-id=\"cb8a789\" data-element_type=\"column\" data-e-type=\"column\">\n\t\t\t<div class=\"elementor-widget-wrap elementor-element-populated\">\n\t\t\t\t\t\t<div class=\"elementor-element elementor-element-3c49ae9 elementor-widget elementor-widget-text-editor\" data-id=\"3c49ae9\" data-element_type=\"widget\" data-e-type=\"widget\" data-widget_type=\"text-editor.default\">\n\t\t\t\t<div class=\"elementor-widget-container\">\n\t\t\t\t\t\t\t\t\t<p><strong>In<\/strong><b> den C\u00f4tes de Toul bauen passionierte Winzer die Weinreben an und keltern Weine, die die Handschrift ihres Terroirs tragen.<\/b><\/p><p>Zwischen \u00fcberliefertem Wissen und Authentizit\u00e4t stellen sie einzigartige Weinsorten her, die die Geschichte dieses Landes erz\u00e4hlen. \u00d6ffnen Sie die T\u00fcr zu ihren Weing\u00fctern, um ihre Arbeit zu entdecken, sich \u00fcber ihre Leidenschaft auszutauschen und die Seele des Weinbergs zu genie\u00dfen. <\/p><p> <\/p>\t\t\t\t\t\t\t\t<\/div>\n\t\t\t\t<\/div>\n\t\t\t\t<div class=\"elementor-element elementor-element-df93a62 elementor-widget elementor-widget-illico-sit_liste_dynamique\" data-id=\"df93a62\" data-element_type=\"widget\" data-e-type=\"widget\" data-widget_type=\"illico-sit_liste_dynamique.default\">\n\t\t\t\t<div class=\"elementor-widget-container\">\n\t\t\t\t\t    <div class=\"sit-div\" id=\"69269\">\n        <div class=\"form_flux\" id=\"form_flux\" data-alea=\"69269\" style=\"display:none;\">\n            <form action=\"javascript:void(0);\" method=\"POST\" id=\"ChoixDate69269\" class=\"ChoixDate\">\n                <div class=\"bloc-titre\">\n                    <h2>Filter<\/h2>\n                    <button class=\"filter-button\" id=\"filter-close-button\" onclick=\"toggleFilter(69269)\">Ergebnisse anzeigen<img decoding=\"async\" src=\"https:\/\/tourisme-terrestouloises.com\/wp-content\/plugins\/Illico-GestionDonnees\/\/assets\/images\/right.svg\" alt=\"Voir les r\u00e9sultats\" title=\"Voir les r\u00e9sultats\"><\/button>\n                <\/div>\n                <div class=\"form_mandatory_value\">\n                    <input type=\"hidden\" id=\"form_page_id\" name =\"form_page_id\" value='0'>\n                    <input type=\"hidden\" id=\"form_sit_id\" name =\"form_sit_id\" value='523766'>\n                    <input type=\"hidden\" id=\"alea\" name=\"alea\" value=\"69269\">\n                <\/div>\n                \n            <div class=\"form_optional_value\">\n                <div class=\"form_section communes_global\">\n    <span class=\"form_section_title\">Gemeinden<\/span>\n    <div class=\"form_section_content\">\n        <div class=\"checkbox_global\"><input type=\"checkbox\" id=\"lacuidad!ALLAMPS\" name=\"lacuidad!ALLAMPS\" value=\"toCheck\"><label for=\"lacuidad!ALLAMPS\">ALLAMPS<\/label><\/div><div class=\"checkbox_global\"><input type=\"checkbox\" id=\"lacuidad!BLENOD%2BLES%2BTOUL\" name=\"lacuidad!BLENOD%2BLES%2BTOUL\" value=\"toCheck\"><label for=\"lacuidad!BLENOD%2BLES%2BTOUL\">BLENOD LES TOUL<\/label><\/div><div class=\"checkbox_global\"><input type=\"checkbox\" id=\"lacuidad!BRULEY\" name=\"lacuidad!BRULEY\" value=\"toCheck\"><label for=\"lacuidad!BRULEY\">BRULEY<\/label><\/div><div class=\"checkbox_global\"><input type=\"checkbox\" id=\"lacuidad!BULLIGNY\" name=\"lacuidad!BULLIGNY\" value=\"toCheck\"><label for=\"lacuidad!BULLIGNY\">BULLIGNY<\/label><\/div><div class=\"checkbox_global\"><input type=\"checkbox\" id=\"lacuidad!CHOLOY%2BMENILLOT\" name=\"lacuidad!CHOLOY%2BMENILLOT\" value=\"toCheck\"><label for=\"lacuidad!CHOLOY%2BMENILLOT\">CHOLOY MENILLOT<\/label><\/div><div class=\"checkbox_global\"><input type=\"checkbox\" id=\"lacuidad!LIVERDUN\" name=\"lacuidad!LIVERDUN\" value=\"toCheck\"><label for=\"lacuidad!LIVERDUN\">LIVERDUN<\/label><\/div><div class=\"checkbox_global\"><input type=\"checkbox\" id=\"lacuidad!LUCEY\" name=\"lacuidad!LUCEY\" value=\"toCheck\"><label for=\"lacuidad!LUCEY\">LUCEY<\/label><\/div><div class=\"checkbox_global\"><input type=\"checkbox\" id=\"lacuidad!MONT%2BLE%2BVIGNOBLE\" name=\"lacuidad!MONT%2BLE%2BVIGNOBLE\" value=\"toCheck\"><label for=\"lacuidad!MONT%2BLE%2BVIGNOBLE\">MONT LE VIGNOBLE<\/label><\/div><div class=\"checkbox_global\"><input type=\"checkbox\" id=\"lacuidad!TOUL\" name=\"lacuidad!TOUL\" value=\"toCheck\"><label for=\"lacuidad!TOUL\">TOUL<\/label><\/div>\n    <\/div>\n<\/div>\n                \n                \n                \n                \n                <div class=\"recherche_mots_cles\">\n                    <div class=\"recherche_mots_cles_input\">\n                        <span class=\"form_section_title\">Suche nach Schl\u00fcsselw\u00f6rtern<\/span>\n                        <input type=\"text\" id=\"recherche_mots_cles\" name=\"recherche_mots_cles\">\n                    <\/div>\n                <\/div>\n            <\/div>\n            <input type=\"button\" class=\"btn btn-reset\" onclick=\"clearAllFormValue(this.form, 69269, 1)\" value=\"Zur\u00fccksetzen\">\n                <button class=\"filter-button filter-button-bottom\" id=\"filter-close-button-footer\" onclick=\"toggleFilter(69269)\">Ergebnisse anzeigen<img decoding=\"async\" src=\"https:\/\/tourisme-terrestouloises.com\/wp-content\/plugins\/Illico-GestionDonnees\/\/assets\/images\/right.svg\" alt=\"Voir les r\u00e9sultats\" title=\"Voir les r\u00e9sultats\"><\/button>\n            <\/form>\n        <\/div>\n        <div class=\"filter-preview\" id=\"filter-preview\"><\/div>\n        <div class=\"global_result\" id=\"global_result69269\">\n            <div class=\"btn-nb\" id=\"btn-nb\">\n    <div class=\"nb-result\" id=\"nb-result\"><\/div>\n    <div class=\"div-button\">\n        <button class=\"filter-button\" id=\"filter-button\" onclick=\"toggleFilter(69269)\">Filter <img decoding=\"async\" src=\"https:\/\/tourisme-terrestouloises.com\/wp-content\/plugins\/Illico-GestionDonnees\/\/assets\/images\/filtres.svg\" alt=\"Filter\" title=\"Filter\"><\/button>\n        \n            <button class=\"map-button\" id=\"map-button\" onclick=\"toggleMap(69269)\">\n                <span class=\"toggle-off\"><i class=\"fas fa-toggle-off\"><\/i>Karte anzeigen<\/span>\n                <span class=\"toggle-on\"><i class=\"fas fa-toggle-on\"><\/i>Karte ausblenden<\/span>\n            <\/button>\n    <\/div>\n<\/div>\n            <div class=\"div-list\" id=\"69269\">\n                <div class=\"left-column\" id=\"left-column\">\n                    <div class=\"loader\">\n                        <div class=\"circle\"><\/div>\n                        <div class=\"circle\"><\/div>\n                        <div class=\"circle\"><\/div>\n                        <div class=\"circle\"><\/div>\n                    <\/div>\n                <\/div>\n                <div class=\"right-column\" id=\"right-column\"><div id=\"mapid69269\" class=\"MapNumero\"><\/div><\/div>\n            <\/div>\n        <\/div>\n    <\/div>            <script>\n                window.addEventListener('pageshow', function(event) {\n                    setupMap(69269);\n                });\n            <\/script>\t\t\t\t<\/div>\n\t\t\t\t<\/div>\n\t\t\t\t\t<\/div>\n\t\t<\/div>\n\t\t\t\t\t<\/div>\n\t\t<\/section>\n\t\t\t\t<\/div>\n\t\t","protected":false},"excerpt":{"rendered":"<p>In den C\u00f4tes de Toul bauen passionierte Winzer die Weinreben an und keltern Weine, die die Handschrift ihres Terroirs tragen. Zwischen \u00fcberliefertem Wissen und Authentizit\u00e4t stellen sie einzigartige Weinsorten her, die die Geschichte dieses Landes erz\u00e4hlen. \u00d6ffnen Sie die T\u00fcr zu ihren Weing\u00fctern, um ihre Arbeit zu entdecken, sich \u00fcber ihre Leidenschaft auszutauschen und die [&hellip;]<\/p>\n","protected":false},"author":1,"featured_media":1272,"parent":13662,"menu_order":30,"comment_status":"closed","ping_status":"closed","template":"","meta":{"_acf_changed":false,"footnotes":""},"class_list":["post-523977","page","type-page","status-publish","has-post-thumbnail","hentry"],"acf":[],"yoast_head":"<!-- This site is optimized with the Yoast SEO plugin v27.3 - https:\/\/yoast.com\/product\/yoast-seo-wordpress\/ -->\n<title>Die Winzer - Tourismusb\u00fcro Terres Touloises<\/title>\n<meta name=\"description\" content=\"Treffen Sie die Winzer der C\u00f4tes de Toul und entdecken Sie ihr Know-how, ihre Cuv\u00e9es und die Leidenschaft, die dieses authentische Weinbaugebiet belebt.\" \/>\n<meta name=\"robots\" content=\"index, follow, max-snippet:-1, max-image-preview:large, max-video-preview:-1\" \/>\n<link rel=\"canonical\" href=\"https:\/\/tourisme-terrestouloises.com\/de\/die-must-haves\/der-tourismusweg-der-cotes-de-toul\/winzer\/\" \/>\n<meta property=\"og:locale\" content=\"de_DE\" \/>\n<meta property=\"og:type\" content=\"article\" \/>\n<meta property=\"og:title\" content=\"Die Winzer - Tourismusb\u00fcro Terres Touloises\" \/>\n<meta property=\"og:description\" content=\"Treffen Sie die Winzer der C\u00f4tes de Toul und entdecken Sie ihr Know-how, ihre Cuv\u00e9es und die Leidenschaft, die dieses authentische Weinbaugebiet belebt.\" \/>\n<meta property=\"og:url\" content=\"https:\/\/tourisme-terrestouloises.com\/de\/die-must-haves\/der-tourismusweg-der-cotes-de-toul\/winzer\/\" \/>\n<meta property=\"og:site_name\" content=\"Tourismusb\u00fcro Terres Touloises\" \/>\n<meta property=\"article:modified_time\" content=\"2025-08-13T15:29:03+00:00\" \/>\n<meta property=\"og:image\" content=\"https:\/\/tourisme-terrestouloises.com\/wp-content\/uploads\/2022\/01\/viticulteur-header-min-scaled.jpg\" \/>\n\t<meta property=\"og:image:width\" content=\"2560\" \/>\n\t<meta property=\"og:image:height\" content=\"1441\" \/>\n\t<meta property=\"og:image:type\" content=\"image\/jpeg\" \/>\n<meta name=\"twitter:card\" content=\"summary_large_image\" \/>\n<script type=\"application\/ld+json\" class=\"yoast-schema-graph\">{\"@context\":\"https:\\\/\\\/schema.org\",\"@graph\":[{\"@type\":\"WebPage\",\"@id\":\"https:\\\/\\\/tourisme-terrestouloises.com\\\/de\\\/die-must-haves\\\/der-tourismusweg-der-cotes-de-toul\\\/winzer\\\/\",\"url\":\"https:\\\/\\\/tourisme-terrestouloises.com\\\/de\\\/die-must-haves\\\/der-tourismusweg-der-cotes-de-toul\\\/winzer\\\/\",\"name\":\"Die Winzer - Tourismusb\u00fcro Terres Touloises\",\"isPartOf\":{\"@id\":\"https:\\\/\\\/tourisme-terrestouloises.com\\\/de\\\/#website\"},\"primaryImageOfPage\":{\"@id\":\"https:\\\/\\\/tourisme-terrestouloises.com\\\/de\\\/die-must-haves\\\/der-tourismusweg-der-cotes-de-toul\\\/winzer\\\/#primaryimage\"},\"image\":{\"@id\":\"https:\\\/\\\/tourisme-terrestouloises.com\\\/de\\\/die-must-haves\\\/der-tourismusweg-der-cotes-de-toul\\\/winzer\\\/#primaryimage\"},\"thumbnailUrl\":\"https:\\\/\\\/tourisme-terrestouloises.com\\\/wp-content\\\/uploads\\\/2022\\\/01\\\/viticulteur-header-min-scaled.jpg\",\"datePublished\":\"2024-07-02T19:27:57+00:00\",\"dateModified\":\"2025-08-13T15:29:03+00:00\",\"description\":\"Treffen Sie die Winzer der C\u00f4tes de Toul und entdecken Sie ihr Know-how, ihre Cuv\u00e9es und die Leidenschaft, die dieses authentische Weinbaugebiet belebt.\",\"breadcrumb\":{\"@id\":\"https:\\\/\\\/tourisme-terrestouloises.com\\\/de\\\/die-must-haves\\\/der-tourismusweg-der-cotes-de-toul\\\/winzer\\\/#breadcrumb\"},\"inLanguage\":\"de\",\"potentialAction\":[{\"@type\":\"ReadAction\",\"target\":[\"https:\\\/\\\/tourisme-terrestouloises.com\\\/de\\\/die-must-haves\\\/der-tourismusweg-der-cotes-de-toul\\\/winzer\\\/\"]}]},{\"@type\":\"ImageObject\",\"inLanguage\":\"de\",\"@id\":\"https:\\\/\\\/tourisme-terrestouloises.com\\\/de\\\/die-must-haves\\\/der-tourismusweg-der-cotes-de-toul\\\/winzer\\\/#primaryimage\",\"url\":\"https:\\\/\\\/tourisme-terrestouloises.com\\\/wp-content\\\/uploads\\\/2022\\\/01\\\/viticulteur-header-min-scaled.jpg\",\"contentUrl\":\"https:\\\/\\\/tourisme-terrestouloises.com\\\/wp-content\\\/uploads\\\/2022\\\/01\\\/viticulteur-header-min-scaled.jpg\",\"width\":2560,\"height\":1441,\"caption\":\"\u00a9 Unsplash\"},{\"@type\":\"BreadcrumbList\",\"@id\":\"https:\\\/\\\/tourisme-terrestouloises.com\\\/de\\\/die-must-haves\\\/der-tourismusweg-der-cotes-de-toul\\\/winzer\\\/#breadcrumb\",\"itemListElement\":[{\"@type\":\"ListItem\",\"position\":1,\"name\":\"Accueil\",\"item\":\"https:\\\/\\\/tourisme-terrestouloises.com\\\/de\\\/\"},{\"@type\":\"ListItem\",\"position\":2,\"name\":\"Die must-Haves\",\"item\":\"https:\\\/\\\/tourisme-terrestouloises.com\\\/de\\\/die-must-haves\\\/\"},{\"@type\":\"ListItem\",\"position\":3,\"name\":\"Der Tourismusweg der C\u00f4tes de Toul\",\"item\":\"https:\\\/\\\/tourisme-terrestouloises.com\\\/de\\\/die-must-haves\\\/der-tourismusweg-der-cotes-de-toul\\\/\"},{\"@type\":\"ListItem\",\"position\":4,\"name\":\"Die Winzer\"}]},{\"@type\":\"WebSite\",\"@id\":\"https:\\\/\\\/tourisme-terrestouloises.com\\\/de\\\/#website\",\"url\":\"https:\\\/\\\/tourisme-terrestouloises.com\\\/de\\\/\",\"name\":\"Tourismusb\u00fcro Terres Touloises\",\"description\":\"Bienvenue en Terres Touloises\",\"publisher\":{\"@id\":\"https:\\\/\\\/tourisme-terrestouloises.com\\\/de\\\/#organization\"},\"potentialAction\":[{\"@type\":\"SearchAction\",\"target\":{\"@type\":\"EntryPoint\",\"urlTemplate\":\"https:\\\/\\\/tourisme-terrestouloises.com\\\/de\\\/?s={search_term_string}\"},\"query-input\":{\"@type\":\"PropertyValueSpecification\",\"valueRequired\":true,\"valueName\":\"search_term_string\"}}],\"inLanguage\":\"de\"},{\"@type\":\"Organization\",\"@id\":\"https:\\\/\\\/tourisme-terrestouloises.com\\\/de\\\/#organization\",\"name\":\"Tourismusb\u00fcro Terres Touloises\",\"url\":\"https:\\\/\\\/tourisme-terrestouloises.com\\\/de\\\/\",\"logo\":{\"@type\":\"ImageObject\",\"inLanguage\":\"de\",\"@id\":\"https:\\\/\\\/tourisme-terrestouloises.com\\\/de\\\/#\\\/schema\\\/logo\\\/image\\\/\",\"url\":\"https:\\\/\\\/tourisme-terrestouloises.com\\\/wp-content\\\/uploads\\\/2021\\\/11\\\/TerresTouloises_Tourisme.svg\",\"contentUrl\":\"https:\\\/\\\/tourisme-terrestouloises.com\\\/wp-content\\\/uploads\\\/2021\\\/11\\\/TerresTouloises_Tourisme.svg\",\"width\":126,\"height\":166,\"caption\":\"Tourismusb\u00fcro Terres Touloises\"},\"image\":{\"@id\":\"https:\\\/\\\/tourisme-terrestouloises.com\\\/de\\\/#\\\/schema\\\/logo\\\/image\\\/\"}}]}<\/script>\n<!-- \/ Yoast SEO plugin. -->","yoast_head_json":{"title":"Die Winzer - Tourismusb\u00fcro Terres Touloises","description":"Treffen Sie die Winzer der C\u00f4tes de Toul und entdecken Sie ihr Know-how, ihre Cuv\u00e9es und die Leidenschaft, die dieses authentische Weinbaugebiet belebt.","robots":{"index":"index","follow":"follow","max-snippet":"max-snippet:-1","max-image-preview":"max-image-preview:large","max-video-preview":"max-video-preview:-1"},"canonical":"https:\/\/tourisme-terrestouloises.com\/de\/die-must-haves\/der-tourismusweg-der-cotes-de-toul\/winzer\/","og_locale":"de_DE","og_type":"article","og_title":"Die Winzer - Tourismusb\u00fcro Terres Touloises","og_description":"Treffen Sie die Winzer der C\u00f4tes de Toul und entdecken Sie ihr Know-how, ihre Cuv\u00e9es und die Leidenschaft, die dieses authentische Weinbaugebiet belebt.","og_url":"https:\/\/tourisme-terrestouloises.com\/de\/die-must-haves\/der-tourismusweg-der-cotes-de-toul\/winzer\/","og_site_name":"Tourismusb\u00fcro Terres Touloises","article_modified_time":"2025-08-13T15:29:03+00:00","og_image":[{"width":2560,"height":1441,"url":"https:\/\/tourisme-terrestouloises.com\/wp-content\/uploads\/2022\/01\/viticulteur-header-min-scaled.jpg","type":"image\/jpeg"}],"twitter_card":"summary_large_image","schema":{"@context":"https:\/\/schema.org","@graph":[{"@type":"WebPage","@id":"https:\/\/tourisme-terrestouloises.com\/de\/die-must-haves\/der-tourismusweg-der-cotes-de-toul\/winzer\/","url":"https:\/\/tourisme-terrestouloises.com\/de\/die-must-haves\/der-tourismusweg-der-cotes-de-toul\/winzer\/","name":"Die Winzer - Tourismusb\u00fcro Terres Touloises","isPartOf":{"@id":"https:\/\/tourisme-terrestouloises.com\/de\/#website"},"primaryImageOfPage":{"@id":"https:\/\/tourisme-terrestouloises.com\/de\/die-must-haves\/der-tourismusweg-der-cotes-de-toul\/winzer\/#primaryimage"},"image":{"@id":"https:\/\/tourisme-terrestouloises.com\/de\/die-must-haves\/der-tourismusweg-der-cotes-de-toul\/winzer\/#primaryimage"},"thumbnailUrl":"https:\/\/tourisme-terrestouloises.com\/wp-content\/uploads\/2022\/01\/viticulteur-header-min-scaled.jpg","datePublished":"2024-07-02T19:27:57+00:00","dateModified":"2025-08-13T15:29:03+00:00","description":"Treffen Sie die Winzer der C\u00f4tes de Toul und entdecken Sie ihr Know-how, ihre Cuv\u00e9es und die Leidenschaft, die dieses authentische Weinbaugebiet belebt.","breadcrumb":{"@id":"https:\/\/tourisme-terrestouloises.com\/de\/die-must-haves\/der-tourismusweg-der-cotes-de-toul\/winzer\/#breadcrumb"},"inLanguage":"de","potentialAction":[{"@type":"ReadAction","target":["https:\/\/tourisme-terrestouloises.com\/de\/die-must-haves\/der-tourismusweg-der-cotes-de-toul\/winzer\/"]}]},{"@type":"ImageObject","inLanguage":"de","@id":"https:\/\/tourisme-terrestouloises.com\/de\/die-must-haves\/der-tourismusweg-der-cotes-de-toul\/winzer\/#primaryimage","url":"https:\/\/tourisme-terrestouloises.com\/wp-content\/uploads\/2022\/01\/viticulteur-header-min-scaled.jpg","contentUrl":"https:\/\/tourisme-terrestouloises.com\/wp-content\/uploads\/2022\/01\/viticulteur-header-min-scaled.jpg","width":2560,"height":1441,"caption":"\u00a9 Unsplash"},{"@type":"BreadcrumbList","@id":"https:\/\/tourisme-terrestouloises.com\/de\/die-must-haves\/der-tourismusweg-der-cotes-de-toul\/winzer\/#breadcrumb","itemListElement":[{"@type":"ListItem","position":1,"name":"Accueil","item":"https:\/\/tourisme-terrestouloises.com\/de\/"},{"@type":"ListItem","position":2,"name":"Die must-Haves","item":"https:\/\/tourisme-terrestouloises.com\/de\/die-must-haves\/"},{"@type":"ListItem","position":3,"name":"Der Tourismusweg der C\u00f4tes de Toul","item":"https:\/\/tourisme-terrestouloises.com\/de\/die-must-haves\/der-tourismusweg-der-cotes-de-toul\/"},{"@type":"ListItem","position":4,"name":"Die Winzer"}]},{"@type":"WebSite","@id":"https:\/\/tourisme-terrestouloises.com\/de\/#website","url":"https:\/\/tourisme-terrestouloises.com\/de\/","name":"Tourismusb\u00fcro Terres Touloises","description":"Bienvenue en Terres Touloises","publisher":{"@id":"https:\/\/tourisme-terrestouloises.com\/de\/#organization"},"potentialAction":[{"@type":"SearchAction","target":{"@type":"EntryPoint","urlTemplate":"https:\/\/tourisme-terrestouloises.com\/de\/?s={search_term_string}"},"query-input":{"@type":"PropertyValueSpecification","valueRequired":true,"valueName":"search_term_string"}}],"inLanguage":"de"},{"@type":"Organization","@id":"https:\/\/tourisme-terrestouloises.com\/de\/#organization","name":"Tourismusb\u00fcro Terres Touloises","url":"https:\/\/tourisme-terrestouloises.com\/de\/","logo":{"@type":"ImageObject","inLanguage":"de","@id":"https:\/\/tourisme-terrestouloises.com\/de\/#\/schema\/logo\/image\/","url":"https:\/\/tourisme-terrestouloises.com\/wp-content\/uploads\/2021\/11\/TerresTouloises_Tourisme.svg","contentUrl":"https:\/\/tourisme-terrestouloises.com\/wp-content\/uploads\/2021\/11\/TerresTouloises_Tourisme.svg","width":126,"height":166,"caption":"Tourismusb\u00fcro Terres Touloises"},"image":{"@id":"https:\/\/tourisme-terrestouloises.com\/de\/#\/schema\/logo\/image\/"}}]}},"_links":{"self":[{"href":"https:\/\/tourisme-terrestouloises.com\/de\/wp-json\/wp\/v2\/pages\/523977","targetHints":{"allow":["GET"]}}],"collection":[{"href":"https:\/\/tourisme-terrestouloises.com\/de\/wp-json\/wp\/v2\/pages"}],"about":[{"href":"https:\/\/tourisme-terrestouloises.com\/de\/wp-json\/wp\/v2\/types\/page"}],"author":[{"embeddable":true,"href":"https:\/\/tourisme-terrestouloises.com\/de\/wp-json\/wp\/v2\/users\/1"}],"replies":[{"embeddable":true,"href":"https:\/\/tourisme-terrestouloises.com\/de\/wp-json\/wp\/v2\/comments?post=523977"}],"version-history":[{"count":5,"href":"https:\/\/tourisme-terrestouloises.com\/de\/wp-json\/wp\/v2\/pages\/523977\/revisions"}],"predecessor-version":[{"id":525956,"href":"https:\/\/tourisme-terrestouloises.com\/de\/wp-json\/wp\/v2\/pages\/523977\/revisions\/525956"}],"up":[{"embeddable":true,"href":"https:\/\/tourisme-terrestouloises.com\/de\/wp-json\/wp\/v2\/pages\/13662"}],"wp:featuredmedia":[{"embeddable":true,"href":"https:\/\/tourisme-terrestouloises.com\/de\/wp-json\/wp\/v2\/media\/1272"}],"wp:attachment":[{"href":"https:\/\/tourisme-terrestouloises.com\/de\/wp-json\/wp\/v2\/media?parent=523977"}],"curies":[{"name":"wp","href":"https:\/\/api.w.org\/{rel}","templated":true}]}}