{"id":523993,"date":"2024-07-02T21:39:03","date_gmt":"2024-07-02T19:39:03","guid":{"rendered":"https:\/\/tourisme-terrestouloises.com\/die-must-haves\/der-tourismusweg-der-cotes-de-toul\/lokale-produkte\/"},"modified":"2024-07-03T11:39:57","modified_gmt":"2024-07-03T09:39:57","slug":"lokale-produkte","status":"publish","type":"page","link":"https:\/\/tourisme-terrestouloises.com\/de\/die-must-haves\/der-tourismusweg-der-cotes-de-toul\/lokale-produkte\/","title":{"rendered":"Lokale Produkte"},"content":{"rendered":"\t\t<div data-elementor-type=\"wp-page\" data-elementor-id=\"523993\" class=\"elementor elementor-523993 elementor-523816\" data-elementor-post-type=\"page\">\n\t\t\t\t\t\t<section class=\"elementor-section elementor-top-section elementor-element elementor-element-5629e3d elementor-section-boxed elementor-section-height-default elementor-section-height-default\" data-id=\"5629e3d\" data-element_type=\"section\" data-e-type=\"section\">\n\t\t\t\t\t\t<div class=\"elementor-container elementor-column-gap-default\">\n\t\t\t\t\t<div class=\"elementor-column elementor-col-100 elementor-top-column elementor-element elementor-element-cb8a789\" data-id=\"cb8a789\" data-element_type=\"column\" data-e-type=\"column\">\n\t\t\t<div class=\"elementor-widget-wrap elementor-element-populated\">\n\t\t\t\t\t\t<div class=\"elementor-element elementor-element-df93a62 elementor-widget elementor-widget-illico-sit_liste_dynamique\" data-id=\"df93a62\" data-element_type=\"widget\" data-e-type=\"widget\" data-widget_type=\"illico-sit_liste_dynamique.default\">\n\t\t\t\t<div class=\"elementor-widget-container\">\n\t\t\t\t\t    <div class=\"sit-div\" id=\"23493\">\n        <div class=\"form_flux\" id=\"form_flux\" data-alea=\"23493\" style=\"display:none;\">\n            <form action=\"javascript:void(0);\" method=\"POST\" id=\"ChoixDate23493\" class=\"ChoixDate\">\n                <div class=\"bloc-titre\">\n                    <h2>Filter<\/h2>\n                    <button class=\"filter-button\" id=\"filter-close-button\" onclick=\"toggleFilter(23493)\">Ergebnisse anzeigen<img decoding=\"async\" src=\"https:\/\/tourisme-terrestouloises.com\/wp-content\/plugins\/Illico-GestionDonnees\/\/assets\/images\/right.svg\" alt=\"Voir les r\u00e9sultats\" title=\"Voir les r\u00e9sultats\"><\/button>\n                <\/div>\n                <div class=\"form_mandatory_value\">\n                    <input type=\"hidden\" id=\"form_page_id\" name =\"form_page_id\" value='0'>\n                    <input type=\"hidden\" id=\"form_sit_id\" name =\"form_sit_id\" value='523815'>\n                    <input type=\"hidden\" id=\"alea\" name=\"alea\" value=\"23493\">\n                <\/div>\n                \n            <div class=\"form_optional_value\">\n                <div class=\"form_section communes_global\">\n    <span class=\"form_section_title\">Gemeinden<\/span>\n    <div class=\"form_section_content\">\n        <div class=\"checkbox_global\"><input type=\"checkbox\" id=\"lacuidad!ALLAMPS\" name=\"lacuidad!ALLAMPS\" value=\"toCheck\"><label for=\"lacuidad!ALLAMPS\">ALLAMPS<\/label><\/div><div class=\"checkbox_global\"><input type=\"checkbox\" id=\"lacuidad!BLENOD%2BLES%2BTOUL\" name=\"lacuidad!BLENOD%2BLES%2BTOUL\" value=\"toCheck\"><label for=\"lacuidad!BLENOD%2BLES%2BTOUL\">BLENOD LES TOUL<\/label><\/div><div class=\"checkbox_global\"><input type=\"checkbox\" id=\"lacuidad!BRULEY\" name=\"lacuidad!BRULEY\" value=\"toCheck\"><label for=\"lacuidad!BRULEY\">BRULEY<\/label><\/div><div class=\"checkbox_global\"><input type=\"checkbox\" id=\"lacuidad!BULLIGNY\" name=\"lacuidad!BULLIGNY\" value=\"toCheck\"><label for=\"lacuidad!BULLIGNY\">BULLIGNY<\/label><\/div><div class=\"checkbox_global\"><input type=\"checkbox\" id=\"lacuidad!CHOLOY%2BMENILLOT\" name=\"lacuidad!CHOLOY%2BMENILLOT\" value=\"toCheck\"><label for=\"lacuidad!CHOLOY%2BMENILLOT\">CHOLOY MENILLOT<\/label><\/div><div class=\"checkbox_global\"><input type=\"checkbox\" id=\"lacuidad!DOMGERMAIN\" name=\"lacuidad!DOMGERMAIN\" value=\"toCheck\"><label for=\"lacuidad!DOMGERMAIN\">DOMGERMAIN<\/label><\/div><div class=\"checkbox_global\"><input type=\"checkbox\" id=\"lacuidad!LAGNEY\" name=\"lacuidad!LAGNEY\" value=\"toCheck\"><label for=\"lacuidad!LAGNEY\">LAGNEY<\/label><\/div><div class=\"checkbox_global\"><input type=\"checkbox\" id=\"lacuidad!LUCEY\" name=\"lacuidad!LUCEY\" value=\"toCheck\"><label for=\"lacuidad!LUCEY\">LUCEY<\/label><\/div><div class=\"checkbox_global\"><input type=\"checkbox\" id=\"lacuidad!MONT%2BLE%2BVIGNOBLE\" name=\"lacuidad!MONT%2BLE%2BVIGNOBLE\" value=\"toCheck\"><label for=\"lacuidad!MONT%2BLE%2BVIGNOBLE\">MONT LE VIGNOBLE<\/label><\/div><div class=\"checkbox_global\"><input type=\"checkbox\" id=\"lacuidad!TOUL\" name=\"lacuidad!TOUL\" value=\"toCheck\"><label for=\"lacuidad!TOUL\">TOUL<\/label><\/div>\n    <\/div>\n<\/div>\n                \n                \n                \n                <div class=\"form_section\">\n    <span class=\"form_section_title\">Type de produit<\/span>\n    <div class=\"form_section_content\">\n        \n                <div class=\"checkbox_global\">\n                    <input type=\"checkbox\" id=\"repeater_filter_1\" name=\"repeater_filter_1\" value=\"4000660\" data-sit=\"true\" data-critere=\"736000193\" data-name=\"Alcools - Spiritueux\">\n                    <label for=\"repeater_filter_1\">Alcools - Spiritueux<\/label>\n                <\/div>\n                <div class=\"checkbox_global\">\n                    <input type=\"checkbox\" id=\"repeater_filter_2\" name=\"repeater_filter_2\" value=\"1\" data-sit=\"true\" data-critere=\"736000193\" data-name=\"Bi\u00e8re\">\n                    <label for=\"repeater_filter_2\">Bi\u00e8re<\/label>\n                <\/div>\n                <div class=\"checkbox_global\">\n                    <input type=\"checkbox\" id=\"repeater_filter_3\" name=\"repeater_filter_3\" value=\"4001040\" data-sit=\"true\" data-critere=\"736000193\" data-name=\"C\u00e9r\u00e9ales et produits d\u00e9riv\u00e9s\">\n                    <label for=\"repeater_filter_3\">C\u00e9r\u00e9ales et produits d\u00e9riv\u00e9s<\/label>\n                <\/div>\n                <div class=\"checkbox_global\">\n                    <input type=\"checkbox\" id=\"repeater_filter_4\" name=\"repeater_filter_4\" value=\"2\" data-sit=\"true\" data-critere=\"736000193\" data-name=\"Cidre - Jus de fruit - Sirop\">\n                    <label for=\"repeater_filter_4\">Cidre - Jus de fruit - Sirop<\/label>\n                <\/div>\n                <div class=\"checkbox_global\">\n                    <input type=\"checkbox\" id=\"repeater_filter_5\" name=\"repeater_filter_5\" value=\"5\" data-sit=\"true\" data-critere=\"736000193\" data-name=\"Confiture\">\n                    <label for=\"repeater_filter_5\">Confiture<\/label>\n                <\/div>\n                <div class=\"checkbox_global\">\n                    <input type=\"checkbox\" id=\"repeater_filter_6\" name=\"repeater_filter_6\" value=\"4001041\" data-sit=\"true\" data-critere=\"736000193\" data-name=\"\u00c9pices\">\n                    <label for=\"repeater_filter_6\">\u00c9pices<\/label>\n                <\/div>\n                <div class=\"checkbox_global\">\n                    <input type=\"checkbox\" id=\"repeater_filter_7\" name=\"repeater_filter_7\" value=\"155000004\" data-sit=\"true\" data-critere=\"736000193\" data-name=\"Fruits\">\n                    <label for=\"repeater_filter_7\">Fruits<\/label>\n                <\/div>\n                <div class=\"checkbox_global\">\n                    <input type=\"checkbox\" id=\"repeater_filter_8\" name=\"repeater_filter_8\" value=\"155000005\" data-sit=\"true\" data-critere=\"736000193\" data-name=\"L\u00e9gumes\">\n                    <label for=\"repeater_filter_8\">L\u00e9gumes<\/label>\n                <\/div>\n                <div class=\"checkbox_global\">\n                    <input type=\"checkbox\" id=\"repeater_filter_9\" name=\"repeater_filter_9\" value=\"10\" data-sit=\"true\" data-critere=\"736000193\" data-name=\"P\u00e2tisserie - Confiserie - Chocolaterie\">\n                    <label for=\"repeater_filter_9\">P\u00e2tisserie - Confiserie - Chocolaterie<\/label>\n                <\/div>\n                <div class=\"checkbox_global\">\n                    <input type=\"checkbox\" id=\"repeater_filter_10\" name=\"repeater_filter_10\" value=\"6\" data-sit=\"true\" data-critere=\"736000193\" data-name=\"Produit apicole\">\n                    <label for=\"repeater_filter_10\">Produit apicole<\/label>\n                <\/div>\n                <div class=\"checkbox_global\">\n                    <input type=\"checkbox\" id=\"repeater_filter_11\" name=\"repeater_filter_11\" value=\"7\" data-sit=\"true\" data-critere=\"736000193\" data-name=\"Salaison - Viande - Charcuterie\">\n                    <label for=\"repeater_filter_11\">Salaison - Viande - Charcuterie<\/label>\n                <\/div>\n                <div class=\"checkbox_global\">\n                    <input type=\"checkbox\" id=\"repeater_filter_12\" name=\"repeater_filter_12\" value=\"8\" data-sit=\"true\" data-critere=\"736000193\" data-name=\"Vin\">\n                    <label for=\"repeater_filter_12\">Vin<\/label>\n                <\/div>\n    <\/div>\n<\/div><div class=\"form_section\">\n    <span class=\"form_section_title\">Chartes \/ Labels<\/span>\n    <div class=\"form_section_content\">\n        \n                <div class=\"checkbox_global\">\n                    <input type=\"checkbox\" id=\"repeater_filter_13\" name=\"repeater_filter_13\" value=\"4000471\" data-sit=\"true\" data-critere=\"736000406\" data-name=\"Agriculture Biologique (AB)\">\n                    <label for=\"repeater_filter_13\">Agriculture Biologique (AB)<\/label>\n                <\/div>\n                <div class=\"checkbox_global\">\n                    <input type=\"checkbox\" id=\"repeater_filter_14\" name=\"repeater_filter_14\" value=\"4000734\" data-sit=\"true\" data-critere=\"736000406\" data-name=\"AOC\">\n                    <label for=\"repeater_filter_14\">AOC<\/label>\n                <\/div>\n                <div class=\"checkbox_global\">\n                    <input type=\"checkbox\" id=\"repeater_filter_15\" name=\"repeater_filter_15\" value=\"4000735\" data-sit=\"true\" data-critere=\"736000406\" data-name=\"AOP\">\n                    <label for=\"repeater_filter_15\">AOP<\/label>\n                <\/div>\n                <div class=\"checkbox_global\">\n                    <input type=\"checkbox\" id=\"repeater_filter_16\" name=\"repeater_filter_16\" value=\"4000736\" data-sit=\"true\" data-critere=\"736000406\" data-name=\"IGP\">\n                    <label for=\"repeater_filter_16\">IGP<\/label>\n                <\/div>\n    <\/div>\n<\/div>\n                <div class=\"recherche_mots_cles\">\n                    <div class=\"recherche_mots_cles_input\">\n                        <span class=\"form_section_title\">Suche nach Schl\u00fcsselw\u00f6rtern<\/span>\n                        <input type=\"text\" id=\"recherche_mots_cles\" name=\"recherche_mots_cles\">\n                    <\/div>\n                <\/div>\n            <\/div>\n            <input type=\"button\" class=\"btn btn-reset\" onclick=\"clearAllFormValue(this.form, 23493, 1)\" value=\"Zur\u00fccksetzen\">\n                <button class=\"filter-button filter-button-bottom\" id=\"filter-close-button-footer\" onclick=\"toggleFilter(23493)\">Ergebnisse anzeigen<img decoding=\"async\" src=\"https:\/\/tourisme-terrestouloises.com\/wp-content\/plugins\/Illico-GestionDonnees\/\/assets\/images\/right.svg\" alt=\"Voir les r\u00e9sultats\" title=\"Voir les r\u00e9sultats\"><\/button>\n            <\/form>\n        <\/div>\n        <div class=\"filter-preview\" id=\"filter-preview\"><\/div>\n        <div class=\"global_result\" id=\"global_result23493\">\n            <div class=\"btn-nb\" id=\"btn-nb\">\n    <div class=\"nb-result\" id=\"nb-result\"><\/div>\n    <div class=\"div-button\">\n        <button class=\"filter-button\" id=\"filter-button\" onclick=\"toggleFilter(23493)\">Filter <img decoding=\"async\" src=\"https:\/\/tourisme-terrestouloises.com\/wp-content\/plugins\/Illico-GestionDonnees\/\/assets\/images\/filtres.svg\" alt=\"Filter\" title=\"Filter\"><\/button>\n        \n            <button class=\"map-button\" id=\"map-button\" onclick=\"toggleMap(23493)\">\n                <span class=\"toggle-off\"><i class=\"fas fa-toggle-off\"><\/i>Karte anzeigen<\/span>\n                <span class=\"toggle-on\"><i class=\"fas fa-toggle-on\"><\/i>Karte ausblenden<\/span>\n            <\/button>\n    <\/div>\n<\/div>\n            <div class=\"div-list\" id=\"23493\">\n                <div class=\"left-column\" id=\"left-column\">\n                    <div class=\"loader\">\n                        <div class=\"circle\"><\/div>\n                        <div class=\"circle\"><\/div>\n                        <div class=\"circle\"><\/div>\n                        <div class=\"circle\"><\/div>\n                    <\/div>\n                <\/div>\n                <div class=\"right-column\" id=\"right-column\"><div id=\"mapid23493\" class=\"MapNumero\"><\/div><\/div>\n            <\/div>\n        <\/div>\n    <\/div>            <script>\n                window.addEventListener('pageshow', function(event) {\n                    setupMap(23493);\n                });\n            <\/script>\t\t\t\t<\/div>\n\t\t\t\t<\/div>\n\t\t\t\t\t<\/div>\n\t\t<\/div>\n\t\t\t\t\t<\/div>\n\t\t<\/section>\n\t\t\t\t<\/div>\n\t\t","protected":false},"excerpt":{"rendered":"<p>Filtres Voir les r\u00e9sultats Communes BRULEYDOMGERMAINFRANCHEVILLELUCEYTOUL Types Recherche par mots-cl\u00e9s Voir les r\u00e9sultats Filtres Afficher la carte Masquer la carte<\/p>\n","protected":false},"author":1,"featured_media":1252,"parent":13662,"menu_order":60,"comment_status":"closed","ping_status":"closed","template":"","meta":{"_acf_changed":false,"footnotes":""},"class_list":["post-523993","page","type-page","status-publish","has-post-thumbnail","hentry"],"acf":[],"yoast_head":"<!-- This site is optimized with the Yoast SEO plugin v27.3 - https:\/\/yoast.com\/product\/yoast-seo-wordpress\/ -->\n<title>Lokale Produkte - Tourismusb\u00fcro Terres Touloises<\/title>\n<meta name=\"robots\" content=\"index, follow, max-snippet:-1, max-image-preview:large, max-video-preview:-1\" \/>\n<link rel=\"canonical\" href=\"https:\/\/tourisme-terrestouloises.com\/de\/die-must-haves\/der-tourismusweg-der-cotes-de-toul\/lokale-produkte\/\" \/>\n<meta property=\"og:locale\" content=\"de_DE\" \/>\n<meta property=\"og:type\" content=\"article\" \/>\n<meta property=\"og:title\" content=\"Lokale Produkte - Tourismusb\u00fcro Terres Touloises\" \/>\n<meta property=\"og:description\" content=\"Filtres Voir les r\u00e9sultats Communes BRULEYDOMGERMAINFRANCHEVILLELUCEYTOUL Types Recherche par mots-cl\u00e9s Voir les r\u00e9sultats Filtres Afficher la carte Masquer la carte\" \/>\n<meta property=\"og:url\" content=\"https:\/\/tourisme-terrestouloises.com\/de\/die-must-haves\/der-tourismusweg-der-cotes-de-toul\/lokale-produkte\/\" \/>\n<meta property=\"og:site_name\" content=\"Tourismusb\u00fcro Terres Touloises\" \/>\n<meta property=\"article:modified_time\" content=\"2024-07-03T09:39:57+00:00\" \/>\n<meta property=\"og:image\" content=\"https:\/\/tourisme-terrestouloises.com\/wp-content\/uploads\/2022\/01\/produit-teroir-header-min-scaled.jpg\" \/>\n\t<meta property=\"og:image:width\" content=\"2560\" \/>\n\t<meta property=\"og:image:height\" content=\"1441\" \/>\n\t<meta property=\"og:image:type\" content=\"image\/jpeg\" \/>\n<meta name=\"twitter:card\" content=\"summary_large_image\" \/>\n<script type=\"application\/ld+json\" class=\"yoast-schema-graph\">{\"@context\":\"https:\\\/\\\/schema.org\",\"@graph\":[{\"@type\":\"WebPage\",\"@id\":\"https:\\\/\\\/tourisme-terrestouloises.com\\\/de\\\/die-must-haves\\\/der-tourismusweg-der-cotes-de-toul\\\/lokale-produkte\\\/\",\"url\":\"https:\\\/\\\/tourisme-terrestouloises.com\\\/de\\\/die-must-haves\\\/der-tourismusweg-der-cotes-de-toul\\\/lokale-produkte\\\/\",\"name\":\"Lokale Produkte - Tourismusb\u00fcro Terres Touloises\",\"isPartOf\":{\"@id\":\"https:\\\/\\\/tourisme-terrestouloises.com\\\/de\\\/#website\"},\"primaryImageOfPage\":{\"@id\":\"https:\\\/\\\/tourisme-terrestouloises.com\\\/de\\\/die-must-haves\\\/der-tourismusweg-der-cotes-de-toul\\\/lokale-produkte\\\/#primaryimage\"},\"image\":{\"@id\":\"https:\\\/\\\/tourisme-terrestouloises.com\\\/de\\\/die-must-haves\\\/der-tourismusweg-der-cotes-de-toul\\\/lokale-produkte\\\/#primaryimage\"},\"thumbnailUrl\":\"https:\\\/\\\/tourisme-terrestouloises.com\\\/wp-content\\\/uploads\\\/2022\\\/01\\\/produit-teroir-header-min-scaled.jpg\",\"datePublished\":\"2024-07-02T19:39:03+00:00\",\"dateModified\":\"2024-07-03T09:39:57+00:00\",\"breadcrumb\":{\"@id\":\"https:\\\/\\\/tourisme-terrestouloises.com\\\/de\\\/die-must-haves\\\/der-tourismusweg-der-cotes-de-toul\\\/lokale-produkte\\\/#breadcrumb\"},\"inLanguage\":\"de\",\"potentialAction\":[{\"@type\":\"ReadAction\",\"target\":[\"https:\\\/\\\/tourisme-terrestouloises.com\\\/de\\\/die-must-haves\\\/der-tourismusweg-der-cotes-de-toul\\\/lokale-produkte\\\/\"]}]},{\"@type\":\"ImageObject\",\"inLanguage\":\"de\",\"@id\":\"https:\\\/\\\/tourisme-terrestouloises.com\\\/de\\\/die-must-haves\\\/der-tourismusweg-der-cotes-de-toul\\\/lokale-produkte\\\/#primaryimage\",\"url\":\"https:\\\/\\\/tourisme-terrestouloises.com\\\/wp-content\\\/uploads\\\/2022\\\/01\\\/produit-teroir-header-min-scaled.jpg\",\"contentUrl\":\"https:\\\/\\\/tourisme-terrestouloises.com\\\/wp-content\\\/uploads\\\/2022\\\/01\\\/produit-teroir-header-min-scaled.jpg\",\"width\":2560,\"height\":1441,\"caption\":\"\u00a9 Pexels\"},{\"@type\":\"BreadcrumbList\",\"@id\":\"https:\\\/\\\/tourisme-terrestouloises.com\\\/de\\\/die-must-haves\\\/der-tourismusweg-der-cotes-de-toul\\\/lokale-produkte\\\/#breadcrumb\",\"itemListElement\":[{\"@type\":\"ListItem\",\"position\":1,\"name\":\"Accueil\",\"item\":\"https:\\\/\\\/tourisme-terrestouloises.com\\\/de\\\/\"},{\"@type\":\"ListItem\",\"position\":2,\"name\":\"Die must-Haves\",\"item\":\"https:\\\/\\\/tourisme-terrestouloises.com\\\/de\\\/die-must-haves\\\/\"},{\"@type\":\"ListItem\",\"position\":3,\"name\":\"Der Tourismusweg der C\u00f4tes de Toul\",\"item\":\"https:\\\/\\\/tourisme-terrestouloises.com\\\/de\\\/die-must-haves\\\/der-tourismusweg-der-cotes-de-toul\\\/\"},{\"@type\":\"ListItem\",\"position\":4,\"name\":\"Lokale Produkte\"}]},{\"@type\":\"WebSite\",\"@id\":\"https:\\\/\\\/tourisme-terrestouloises.com\\\/de\\\/#website\",\"url\":\"https:\\\/\\\/tourisme-terrestouloises.com\\\/de\\\/\",\"name\":\"Tourismusb\u00fcro Terres Touloises\",\"description\":\"Bienvenue en Terres Touloises\",\"publisher\":{\"@id\":\"https:\\\/\\\/tourisme-terrestouloises.com\\\/de\\\/#organization\"},\"potentialAction\":[{\"@type\":\"SearchAction\",\"target\":{\"@type\":\"EntryPoint\",\"urlTemplate\":\"https:\\\/\\\/tourisme-terrestouloises.com\\\/de\\\/?s={search_term_string}\"},\"query-input\":{\"@type\":\"PropertyValueSpecification\",\"valueRequired\":true,\"valueName\":\"search_term_string\"}}],\"inLanguage\":\"de\"},{\"@type\":\"Organization\",\"@id\":\"https:\\\/\\\/tourisme-terrestouloises.com\\\/de\\\/#organization\",\"name\":\"Tourismusb\u00fcro Terres Touloises\",\"url\":\"https:\\\/\\\/tourisme-terrestouloises.com\\\/de\\\/\",\"logo\":{\"@type\":\"ImageObject\",\"inLanguage\":\"de\",\"@id\":\"https:\\\/\\\/tourisme-terrestouloises.com\\\/de\\\/#\\\/schema\\\/logo\\\/image\\\/\",\"url\":\"https:\\\/\\\/tourisme-terrestouloises.com\\\/wp-content\\\/uploads\\\/2021\\\/11\\\/TerresTouloises_Tourisme.svg\",\"contentUrl\":\"https:\\\/\\\/tourisme-terrestouloises.com\\\/wp-content\\\/uploads\\\/2021\\\/11\\\/TerresTouloises_Tourisme.svg\",\"width\":126,\"height\":166,\"caption\":\"Tourismusb\u00fcro Terres Touloises\"},\"image\":{\"@id\":\"https:\\\/\\\/tourisme-terrestouloises.com\\\/de\\\/#\\\/schema\\\/logo\\\/image\\\/\"}}]}<\/script>\n<!-- \/ Yoast SEO plugin. -->","yoast_head_json":{"title":"Lokale Produkte - Tourismusb\u00fcro Terres Touloises","robots":{"index":"index","follow":"follow","max-snippet":"max-snippet:-1","max-image-preview":"max-image-preview:large","max-video-preview":"max-video-preview:-1"},"canonical":"https:\/\/tourisme-terrestouloises.com\/de\/die-must-haves\/der-tourismusweg-der-cotes-de-toul\/lokale-produkte\/","og_locale":"de_DE","og_type":"article","og_title":"Lokale Produkte - Tourismusb\u00fcro Terres Touloises","og_description":"Filtres Voir les r\u00e9sultats Communes BRULEYDOMGERMAINFRANCHEVILLELUCEYTOUL Types Recherche par mots-cl\u00e9s Voir les r\u00e9sultats Filtres Afficher la carte Masquer la carte","og_url":"https:\/\/tourisme-terrestouloises.com\/de\/die-must-haves\/der-tourismusweg-der-cotes-de-toul\/lokale-produkte\/","og_site_name":"Tourismusb\u00fcro Terres Touloises","article_modified_time":"2024-07-03T09:39:57+00:00","og_image":[{"width":2560,"height":1441,"url":"https:\/\/tourisme-terrestouloises.com\/wp-content\/uploads\/2022\/01\/produit-teroir-header-min-scaled.jpg","type":"image\/jpeg"}],"twitter_card":"summary_large_image","schema":{"@context":"https:\/\/schema.org","@graph":[{"@type":"WebPage","@id":"https:\/\/tourisme-terrestouloises.com\/de\/die-must-haves\/der-tourismusweg-der-cotes-de-toul\/lokale-produkte\/","url":"https:\/\/tourisme-terrestouloises.com\/de\/die-must-haves\/der-tourismusweg-der-cotes-de-toul\/lokale-produkte\/","name":"Lokale Produkte - Tourismusb\u00fcro Terres Touloises","isPartOf":{"@id":"https:\/\/tourisme-terrestouloises.com\/de\/#website"},"primaryImageOfPage":{"@id":"https:\/\/tourisme-terrestouloises.com\/de\/die-must-haves\/der-tourismusweg-der-cotes-de-toul\/lokale-produkte\/#primaryimage"},"image":{"@id":"https:\/\/tourisme-terrestouloises.com\/de\/die-must-haves\/der-tourismusweg-der-cotes-de-toul\/lokale-produkte\/#primaryimage"},"thumbnailUrl":"https:\/\/tourisme-terrestouloises.com\/wp-content\/uploads\/2022\/01\/produit-teroir-header-min-scaled.jpg","datePublished":"2024-07-02T19:39:03+00:00","dateModified":"2024-07-03T09:39:57+00:00","breadcrumb":{"@id":"https:\/\/tourisme-terrestouloises.com\/de\/die-must-haves\/der-tourismusweg-der-cotes-de-toul\/lokale-produkte\/#breadcrumb"},"inLanguage":"de","potentialAction":[{"@type":"ReadAction","target":["https:\/\/tourisme-terrestouloises.com\/de\/die-must-haves\/der-tourismusweg-der-cotes-de-toul\/lokale-produkte\/"]}]},{"@type":"ImageObject","inLanguage":"de","@id":"https:\/\/tourisme-terrestouloises.com\/de\/die-must-haves\/der-tourismusweg-der-cotes-de-toul\/lokale-produkte\/#primaryimage","url":"https:\/\/tourisme-terrestouloises.com\/wp-content\/uploads\/2022\/01\/produit-teroir-header-min-scaled.jpg","contentUrl":"https:\/\/tourisme-terrestouloises.com\/wp-content\/uploads\/2022\/01\/produit-teroir-header-min-scaled.jpg","width":2560,"height":1441,"caption":"\u00a9 Pexels"},{"@type":"BreadcrumbList","@id":"https:\/\/tourisme-terrestouloises.com\/de\/die-must-haves\/der-tourismusweg-der-cotes-de-toul\/lokale-produkte\/#breadcrumb","itemListElement":[{"@type":"ListItem","position":1,"name":"Accueil","item":"https:\/\/tourisme-terrestouloises.com\/de\/"},{"@type":"ListItem","position":2,"name":"Die must-Haves","item":"https:\/\/tourisme-terrestouloises.com\/de\/die-must-haves\/"},{"@type":"ListItem","position":3,"name":"Der Tourismusweg der C\u00f4tes de Toul","item":"https:\/\/tourisme-terrestouloises.com\/de\/die-must-haves\/der-tourismusweg-der-cotes-de-toul\/"},{"@type":"ListItem","position":4,"name":"Lokale Produkte"}]},{"@type":"WebSite","@id":"https:\/\/tourisme-terrestouloises.com\/de\/#website","url":"https:\/\/tourisme-terrestouloises.com\/de\/","name":"Tourismusb\u00fcro Terres Touloises","description":"Bienvenue en Terres Touloises","publisher":{"@id":"https:\/\/tourisme-terrestouloises.com\/de\/#organization"},"potentialAction":[{"@type":"SearchAction","target":{"@type":"EntryPoint","urlTemplate":"https:\/\/tourisme-terrestouloises.com\/de\/?s={search_term_string}"},"query-input":{"@type":"PropertyValueSpecification","valueRequired":true,"valueName":"search_term_string"}}],"inLanguage":"de"},{"@type":"Organization","@id":"https:\/\/tourisme-terrestouloises.com\/de\/#organization","name":"Tourismusb\u00fcro Terres Touloises","url":"https:\/\/tourisme-terrestouloises.com\/de\/","logo":{"@type":"ImageObject","inLanguage":"de","@id":"https:\/\/tourisme-terrestouloises.com\/de\/#\/schema\/logo\/image\/","url":"https:\/\/tourisme-terrestouloises.com\/wp-content\/uploads\/2021\/11\/TerresTouloises_Tourisme.svg","contentUrl":"https:\/\/tourisme-terrestouloises.com\/wp-content\/uploads\/2021\/11\/TerresTouloises_Tourisme.svg","width":126,"height":166,"caption":"Tourismusb\u00fcro Terres Touloises"},"image":{"@id":"https:\/\/tourisme-terrestouloises.com\/de\/#\/schema\/logo\/image\/"}}]}},"_links":{"self":[{"href":"https:\/\/tourisme-terrestouloises.com\/de\/wp-json\/wp\/v2\/pages\/523993","targetHints":{"allow":["GET"]}}],"collection":[{"href":"https:\/\/tourisme-terrestouloises.com\/de\/wp-json\/wp\/v2\/pages"}],"about":[{"href":"https:\/\/tourisme-terrestouloises.com\/de\/wp-json\/wp\/v2\/types\/page"}],"author":[{"embeddable":true,"href":"https:\/\/tourisme-terrestouloises.com\/de\/wp-json\/wp\/v2\/users\/1"}],"replies":[{"embeddable":true,"href":"https:\/\/tourisme-terrestouloises.com\/de\/wp-json\/wp\/v2\/comments?post=523993"}],"version-history":[{"count":7,"href":"https:\/\/tourisme-terrestouloises.com\/de\/wp-json\/wp\/v2\/pages\/523993\/revisions"}],"predecessor-version":[{"id":524037,"href":"https:\/\/tourisme-terrestouloises.com\/de\/wp-json\/wp\/v2\/pages\/523993\/revisions\/524037"}],"up":[{"embeddable":true,"href":"https:\/\/tourisme-terrestouloises.com\/de\/wp-json\/wp\/v2\/pages\/13662"}],"wp:featuredmedia":[{"embeddable":true,"href":"https:\/\/tourisme-terrestouloises.com\/de\/wp-json\/wp\/v2\/media\/1252"}],"wp:attachment":[{"href":"https:\/\/tourisme-terrestouloises.com\/de\/wp-json\/wp\/v2\/media?parent=523993"}],"curies":[{"name":"wp","href":"https:\/\/api.w.org\/{rel}","templated":true}]}}