{"id":524005,"date":"2024-07-02T21:47:25","date_gmt":"2024-07-02T19:47:25","guid":{"rendered":"https:\/\/tourisme-terrestouloises.com\/die-must-haves\/befestigtes-kulturerbe\/forts-zur-besichtigung\/"},"modified":"2024-07-03T11:21:39","modified_gmt":"2024-07-03T09:21:39","slug":"forts-zur-besichtigung","status":"publish","type":"page","link":"https:\/\/tourisme-terrestouloises.com\/de\/die-must-haves\/befestigtes-kulturerbe\/forts-zur-besichtigung\/","title":{"rendered":"Forts zur Besichtigung"},"content":{"rendered":"\t\t<div data-elementor-type=\"wp-page\" data-elementor-id=\"524005\" class=\"elementor elementor-524005 elementor-523829\" data-elementor-post-type=\"page\">\n\t\t\t\t\t\t<section class=\"elementor-section elementor-top-section elementor-element elementor-element-5629e3d elementor-section-boxed elementor-section-height-default elementor-section-height-default\" data-id=\"5629e3d\" data-element_type=\"section\" data-e-type=\"section\">\n\t\t\t\t\t\t<div class=\"elementor-container elementor-column-gap-default\">\n\t\t\t\t\t<div class=\"elementor-column elementor-col-100 elementor-top-column elementor-element elementor-element-cb8a789\" data-id=\"cb8a789\" data-element_type=\"column\" data-e-type=\"column\">\n\t\t\t<div class=\"elementor-widget-wrap elementor-element-populated\">\n\t\t\t\t\t\t<div class=\"elementor-element elementor-element-df93a62 elementor-widget elementor-widget-illico-sit_liste_dynamique\" data-id=\"df93a62\" data-element_type=\"widget\" data-e-type=\"widget\" data-widget_type=\"illico-sit_liste_dynamique.default\">\n\t\t\t\t<div class=\"elementor-widget-container\">\n\t\t\t\t\t    <div class=\"sit-div\" id=\"12127\">\n        <div class=\"form_flux\" id=\"form_flux\" data-alea=\"12127\" style=\"display:none;\">\n            <form action=\"javascript:void(0);\" method=\"POST\" id=\"ChoixDate12127\" class=\"ChoixDate\">\n                <div class=\"bloc-titre\">\n                    <h2>Filter<\/h2>\n                    <button class=\"filter-button\" id=\"filter-close-button\" onclick=\"toggleFilter(12127)\">Ergebnisse anzeigen<img decoding=\"async\" src=\"https:\/\/tourisme-terrestouloises.com\/wp-content\/plugins\/Illico-GestionDonnees\/\/assets\/images\/right.svg\" alt=\"Voir les r\u00e9sultats\" title=\"Voir les r\u00e9sultats\"><\/button>\n                <\/div>\n                <div class=\"form_mandatory_value\">\n                    <input type=\"hidden\" id=\"form_page_id\" name =\"form_page_id\" value='0'>\n                    <input type=\"hidden\" id=\"form_sit_id\" name =\"form_sit_id\" value='523728'>\n                    <input type=\"hidden\" id=\"alea\" name=\"alea\" value=\"12127\">\n                <\/div>\n                \n            <div class=\"form_optional_value\">\n                <div class=\"form_section communes_global\">\n    <span class=\"form_section_title\">Gemeinden<\/span>\n    <div class=\"form_section_content\">\n        <div class=\"checkbox_global\"><input type=\"checkbox\" id=\"lacuidad!AINGERAY\" name=\"lacuidad!AINGERAY\" value=\"toCheck\"><label for=\"lacuidad!AINGERAY\">AINGERAY<\/label><\/div><div class=\"checkbox_global\"><input type=\"checkbox\" id=\"lacuidad!AVRAINVILLE\" name=\"lacuidad!AVRAINVILLE\" value=\"toCheck\"><label for=\"lacuidad!AVRAINVILLE\">AVRAINVILLE<\/label><\/div><div class=\"checkbox_global\"><input type=\"checkbox\" id=\"lacuidad!BICQUELEY\" name=\"lacuidad!BICQUELEY\" value=\"toCheck\"><label for=\"lacuidad!BICQUELEY\">BICQUELEY<\/label><\/div><div class=\"checkbox_global\"><input type=\"checkbox\" id=\"lacuidad!BOIS%2BDE%2BHAYE\" name=\"lacuidad!BOIS%2BDE%2BHAYE\" value=\"toCheck\"><label for=\"lacuidad!BOIS%2BDE%2BHAYE\">BOIS DE HAYE<\/label><\/div><div class=\"checkbox_global\"><input type=\"checkbox\" id=\"lacuidad!BOUVRON\" name=\"lacuidad!BOUVRON\" value=\"toCheck\"><label for=\"lacuidad!BOUVRON\">BOUVRON<\/label><\/div><div class=\"checkbox_global\"><input type=\"checkbox\" id=\"lacuidad!BRULEY\" name=\"lacuidad!BRULEY\" value=\"toCheck\"><label for=\"lacuidad!BRULEY\">BRULEY<\/label><\/div><div class=\"checkbox_global\"><input type=\"checkbox\" id=\"lacuidad!CHOLOY%2BMENILLOT\" name=\"lacuidad!CHOLOY%2BMENILLOT\" value=\"toCheck\"><label for=\"lacuidad!CHOLOY%2BMENILLOT\">CHOLOY MENILLOT<\/label><\/div><div class=\"checkbox_global\"><input type=\"checkbox\" id=\"lacuidad!DOMGERMAIN\" name=\"lacuidad!DOMGERMAIN\" value=\"toCheck\"><label for=\"lacuidad!DOMGERMAIN\">DOMGERMAIN<\/label><\/div><div class=\"checkbox_global\"><input type=\"checkbox\" id=\"lacuidad!DOMMARTIN%2BLES%2BTOUL\" name=\"lacuidad!DOMMARTIN%2BLES%2BTOUL\" value=\"toCheck\"><label for=\"lacuidad!DOMMARTIN%2BLES%2BTOUL\">DOMMARTIN LES TOUL<\/label><\/div><div class=\"checkbox_global\"><input type=\"checkbox\" id=\"lacuidad!ECROUVES\" name=\"lacuidad!ECROUVES\" value=\"toCheck\"><label for=\"lacuidad!ECROUVES\">ECROUVES<\/label><\/div><div class=\"checkbox_global\"><input type=\"checkbox\" id=\"lacuidad!GONDREVILLE\" name=\"lacuidad!GONDREVILLE\" value=\"toCheck\"><label for=\"lacuidad!GONDREVILLE\">GONDREVILLE<\/label><\/div><div class=\"checkbox_global\"><input type=\"checkbox\" id=\"lacuidad!LAY%2BSAINT%2BREMY\" name=\"lacuidad!LAY%2BSAINT%2BREMY\" value=\"toCheck\"><label for=\"lacuidad!LAY%2BSAINT%2BREMY\">LAY SAINT REMY<\/label><\/div><div class=\"checkbox_global\"><input type=\"checkbox\" id=\"lacuidad!LUCEY\" name=\"lacuidad!LUCEY\" value=\"toCheck\"><label for=\"lacuidad!LUCEY\">LUCEY<\/label><\/div><div class=\"checkbox_global\"><input type=\"checkbox\" id=\"lacuidad!TOUL\" name=\"lacuidad!TOUL\" value=\"toCheck\"><label for=\"lacuidad!TOUL\">TOUL<\/label><\/div><div class=\"checkbox_global\"><input type=\"checkbox\" id=\"lacuidad!VILLEY%2BLE%2BSEC\" name=\"lacuidad!VILLEY%2BLE%2BSEC\" value=\"toCheck\"><label for=\"lacuidad!VILLEY%2BLE%2BSEC\">VILLEY LE SEC<\/label><\/div><div class=\"checkbox_global\"><input type=\"checkbox\" id=\"lacuidad!VILLEY%2BSAINT%2BETIENNE\" name=\"lacuidad!VILLEY%2BSAINT%2BETIENNE\" value=\"toCheck\"><label for=\"lacuidad!VILLEY%2BSAINT%2BETIENNE\">VILLEY SAINT ETIENNE<\/label><\/div>\n    <\/div>\n<\/div>\n                \n                \n                \n                \n                <div class=\"recherche_mots_cles\">\n                    <div class=\"recherche_mots_cles_input\">\n                        <span class=\"form_section_title\">Suche nach Schl\u00fcsselw\u00f6rtern<\/span>\n                        <input type=\"text\" id=\"recherche_mots_cles\" name=\"recherche_mots_cles\">\n                    <\/div>\n                <\/div>\n            <\/div>\n            <input type=\"button\" class=\"btn btn-reset\" onclick=\"clearAllFormValue(this.form, 12127, 1)\" value=\"Zur\u00fccksetzen\">\n                <button class=\"filter-button filter-button-bottom\" id=\"filter-close-button-footer\" onclick=\"toggleFilter(12127)\">Ergebnisse anzeigen<img decoding=\"async\" src=\"https:\/\/tourisme-terrestouloises.com\/wp-content\/plugins\/Illico-GestionDonnees\/\/assets\/images\/right.svg\" alt=\"Voir les r\u00e9sultats\" title=\"Voir les r\u00e9sultats\"><\/button>\n            <\/form>\n        <\/div>\n        <div class=\"filter-preview\" id=\"filter-preview\"><\/div>\n        <div class=\"global_result\" id=\"global_result12127\">\n            <div class=\"btn-nb\" id=\"btn-nb\">\n    <div class=\"nb-result\" id=\"nb-result\"><\/div>\n    <div class=\"div-button\">\n        <button class=\"filter-button\" id=\"filter-button\" onclick=\"toggleFilter(12127)\">Filter <img decoding=\"async\" src=\"https:\/\/tourisme-terrestouloises.com\/wp-content\/plugins\/Illico-GestionDonnees\/\/assets\/images\/filtres.svg\" alt=\"Filter\" title=\"Filter\"><\/button>\n        \n            <button class=\"map-button\" id=\"map-button\" onclick=\"toggleMap(12127)\">\n                <span class=\"toggle-off\"><i class=\"fas fa-toggle-off\"><\/i>Karte anzeigen<\/span>\n                <span class=\"toggle-on\"><i class=\"fas fa-toggle-on\"><\/i>Karte ausblenden<\/span>\n            <\/button>\n    <\/div>\n<\/div>\n            <div class=\"div-list\" id=\"12127\">\n                <div class=\"left-column\" id=\"left-column\">\n                    <div class=\"loader\">\n                        <div class=\"circle\"><\/div>\n                        <div class=\"circle\"><\/div>\n                        <div class=\"circle\"><\/div>\n                        <div class=\"circle\"><\/div>\n                    <\/div>\n                <\/div>\n                <div class=\"right-column\" id=\"right-column\"><div id=\"mapid12127\" class=\"MapNumero\"><\/div><\/div>\n            <\/div>\n        <\/div>\n    <\/div>            <script>\n                window.addEventListener('pageshow', function(event) {\n                    setupMap(12127);\n                });\n            <\/script>\t\t\t\t<\/div>\n\t\t\t\t<\/div>\n\t\t\t\t\t<\/div>\n\t\t<\/div>\n\t\t\t\t\t<\/div>\n\t\t<\/section>\n\t\t\t\t<\/div>\n\t\t","protected":false},"excerpt":{"rendered":"<p>Filtres Voir les r\u00e9sultats Communes VILLEY LE SECVILLEY SAINT ETIENNE Recherche par mots-cl\u00e9s Voir les r\u00e9sultats Filtres Afficher la carte Masquer la carte<\/p>\n","protected":false},"author":1,"featured_media":2021,"parent":13664,"menu_order":20,"comment_status":"closed","ping_status":"closed","template":"","meta":{"_acf_changed":false,"footnotes":""},"class_list":["post-524005","page","type-page","status-publish","has-post-thumbnail","hentry"],"acf":[],"yoast_head":"<!-- This site is optimized with the Yoast SEO plugin v27.3 - https:\/\/yoast.com\/product\/yoast-seo-wordpress\/ -->\n<title>Forts zur Besichtigung - Tourismusb\u00fcro Terres Touloises<\/title>\n<meta name=\"robots\" content=\"index, follow, max-snippet:-1, max-image-preview:large, max-video-preview:-1\" \/>\n<link rel=\"canonical\" href=\"https:\/\/tourisme-terrestouloises.com\/de\/die-must-haves\/befestigtes-kulturerbe\/forts-zur-besichtigung\/\" \/>\n<meta property=\"og:locale\" content=\"de_DE\" \/>\n<meta property=\"og:type\" content=\"article\" \/>\n<meta property=\"og:title\" content=\"Forts zur Besichtigung - Tourismusb\u00fcro Terres Touloises\" \/>\n<meta property=\"og:description\" content=\"Filtres Voir les r\u00e9sultats Communes VILLEY LE SECVILLEY SAINT ETIENNE Recherche par mots-cl\u00e9s Voir les r\u00e9sultats Filtres Afficher la carte Masquer la carte\" \/>\n<meta property=\"og:url\" content=\"https:\/\/tourisme-terrestouloises.com\/de\/die-must-haves\/befestigtes-kulturerbe\/forts-zur-besichtigung\/\" \/>\n<meta property=\"og:site_name\" content=\"Tourismusb\u00fcro Terres Touloises\" \/>\n<meta property=\"article:modified_time\" content=\"2024-07-03T09:21:39+00:00\" \/>\n<meta property=\"og:image\" content=\"https:\/\/tourisme-terrestouloises.com\/wp-content\/uploads\/2022\/03\/fort-Copie-min-scaled.jpg\" \/>\n\t<meta property=\"og:image:width\" content=\"2560\" \/>\n\t<meta property=\"og:image:height\" content=\"1441\" \/>\n\t<meta property=\"og:image:type\" content=\"image\/jpeg\" \/>\n<meta name=\"twitter:card\" content=\"summary_large_image\" \/>\n<script type=\"application\/ld+json\" class=\"yoast-schema-graph\">{\"@context\":\"https:\\\/\\\/schema.org\",\"@graph\":[{\"@type\":\"WebPage\",\"@id\":\"https:\\\/\\\/tourisme-terrestouloises.com\\\/de\\\/die-must-haves\\\/befestigtes-kulturerbe\\\/forts-zur-besichtigung\\\/\",\"url\":\"https:\\\/\\\/tourisme-terrestouloises.com\\\/de\\\/die-must-haves\\\/befestigtes-kulturerbe\\\/forts-zur-besichtigung\\\/\",\"name\":\"Forts zur Besichtigung - Tourismusb\u00fcro Terres Touloises\",\"isPartOf\":{\"@id\":\"https:\\\/\\\/tourisme-terrestouloises.com\\\/de\\\/#website\"},\"primaryImageOfPage\":{\"@id\":\"https:\\\/\\\/tourisme-terrestouloises.com\\\/de\\\/die-must-haves\\\/befestigtes-kulturerbe\\\/forts-zur-besichtigung\\\/#primaryimage\"},\"image\":{\"@id\":\"https:\\\/\\\/tourisme-terrestouloises.com\\\/de\\\/die-must-haves\\\/befestigtes-kulturerbe\\\/forts-zur-besichtigung\\\/#primaryimage\"},\"thumbnailUrl\":\"https:\\\/\\\/tourisme-terrestouloises.com\\\/wp-content\\\/uploads\\\/2022\\\/03\\\/fort-Copie-min-scaled.jpg\",\"datePublished\":\"2024-07-02T19:47:25+00:00\",\"dateModified\":\"2024-07-03T09:21:39+00:00\",\"breadcrumb\":{\"@id\":\"https:\\\/\\\/tourisme-terrestouloises.com\\\/de\\\/die-must-haves\\\/befestigtes-kulturerbe\\\/forts-zur-besichtigung\\\/#breadcrumb\"},\"inLanguage\":\"de\",\"potentialAction\":[{\"@type\":\"ReadAction\",\"target\":[\"https:\\\/\\\/tourisme-terrestouloises.com\\\/de\\\/die-must-haves\\\/befestigtes-kulturerbe\\\/forts-zur-besichtigung\\\/\"]}]},{\"@type\":\"ImageObject\",\"inLanguage\":\"de\",\"@id\":\"https:\\\/\\\/tourisme-terrestouloises.com\\\/de\\\/die-must-haves\\\/befestigtes-kulturerbe\\\/forts-zur-besichtigung\\\/#primaryimage\",\"url\":\"https:\\\/\\\/tourisme-terrestouloises.com\\\/wp-content\\\/uploads\\\/2022\\\/03\\\/fort-Copie-min-scaled.jpg\",\"contentUrl\":\"https:\\\/\\\/tourisme-terrestouloises.com\\\/wp-content\\\/uploads\\\/2022\\\/03\\\/fort-Copie-min-scaled.jpg\",\"width\":2560,\"height\":1441,\"caption\":\"\u00a9 MDT\"},{\"@type\":\"BreadcrumbList\",\"@id\":\"https:\\\/\\\/tourisme-terrestouloises.com\\\/de\\\/die-must-haves\\\/befestigtes-kulturerbe\\\/forts-zur-besichtigung\\\/#breadcrumb\",\"itemListElement\":[{\"@type\":\"ListItem\",\"position\":1,\"name\":\"Accueil\",\"item\":\"https:\\\/\\\/tourisme-terrestouloises.com\\\/de\\\/\"},{\"@type\":\"ListItem\",\"position\":2,\"name\":\"Die must-Haves\",\"item\":\"https:\\\/\\\/tourisme-terrestouloises.com\\\/de\\\/die-must-haves\\\/\"},{\"@type\":\"ListItem\",\"position\":3,\"name\":\"Befestigtes Kulturerbe\",\"item\":\"https:\\\/\\\/tourisme-terrestouloises.com\\\/de\\\/die-must-haves\\\/befestigtes-kulturerbe\\\/\"},{\"@type\":\"ListItem\",\"position\":4,\"name\":\"Forts zur Besichtigung\"}]},{\"@type\":\"WebSite\",\"@id\":\"https:\\\/\\\/tourisme-terrestouloises.com\\\/de\\\/#website\",\"url\":\"https:\\\/\\\/tourisme-terrestouloises.com\\\/de\\\/\",\"name\":\"Tourismusb\u00fcro Terres Touloises\",\"description\":\"Bienvenue en Terres Touloises\",\"publisher\":{\"@id\":\"https:\\\/\\\/tourisme-terrestouloises.com\\\/de\\\/#organization\"},\"potentialAction\":[{\"@type\":\"SearchAction\",\"target\":{\"@type\":\"EntryPoint\",\"urlTemplate\":\"https:\\\/\\\/tourisme-terrestouloises.com\\\/de\\\/?s={search_term_string}\"},\"query-input\":{\"@type\":\"PropertyValueSpecification\",\"valueRequired\":true,\"valueName\":\"search_term_string\"}}],\"inLanguage\":\"de\"},{\"@type\":\"Organization\",\"@id\":\"https:\\\/\\\/tourisme-terrestouloises.com\\\/de\\\/#organization\",\"name\":\"Tourismusb\u00fcro Terres Touloises\",\"url\":\"https:\\\/\\\/tourisme-terrestouloises.com\\\/de\\\/\",\"logo\":{\"@type\":\"ImageObject\",\"inLanguage\":\"de\",\"@id\":\"https:\\\/\\\/tourisme-terrestouloises.com\\\/de\\\/#\\\/schema\\\/logo\\\/image\\\/\",\"url\":\"https:\\\/\\\/tourisme-terrestouloises.com\\\/wp-content\\\/uploads\\\/2021\\\/11\\\/TerresTouloises_Tourisme.svg\",\"contentUrl\":\"https:\\\/\\\/tourisme-terrestouloises.com\\\/wp-content\\\/uploads\\\/2021\\\/11\\\/TerresTouloises_Tourisme.svg\",\"width\":126,\"height\":166,\"caption\":\"Tourismusb\u00fcro Terres Touloises\"},\"image\":{\"@id\":\"https:\\\/\\\/tourisme-terrestouloises.com\\\/de\\\/#\\\/schema\\\/logo\\\/image\\\/\"}}]}<\/script>\n<!-- \/ Yoast SEO plugin. -->","yoast_head_json":{"title":"Forts zur Besichtigung - Tourismusb\u00fcro Terres Touloises","robots":{"index":"index","follow":"follow","max-snippet":"max-snippet:-1","max-image-preview":"max-image-preview:large","max-video-preview":"max-video-preview:-1"},"canonical":"https:\/\/tourisme-terrestouloises.com\/de\/die-must-haves\/befestigtes-kulturerbe\/forts-zur-besichtigung\/","og_locale":"de_DE","og_type":"article","og_title":"Forts zur Besichtigung - Tourismusb\u00fcro Terres Touloises","og_description":"Filtres Voir les r\u00e9sultats Communes VILLEY LE SECVILLEY SAINT ETIENNE Recherche par mots-cl\u00e9s Voir les r\u00e9sultats Filtres Afficher la carte Masquer la carte","og_url":"https:\/\/tourisme-terrestouloises.com\/de\/die-must-haves\/befestigtes-kulturerbe\/forts-zur-besichtigung\/","og_site_name":"Tourismusb\u00fcro Terres Touloises","article_modified_time":"2024-07-03T09:21:39+00:00","og_image":[{"width":2560,"height":1441,"url":"https:\/\/tourisme-terrestouloises.com\/wp-content\/uploads\/2022\/03\/fort-Copie-min-scaled.jpg","type":"image\/jpeg"}],"twitter_card":"summary_large_image","schema":{"@context":"https:\/\/schema.org","@graph":[{"@type":"WebPage","@id":"https:\/\/tourisme-terrestouloises.com\/de\/die-must-haves\/befestigtes-kulturerbe\/forts-zur-besichtigung\/","url":"https:\/\/tourisme-terrestouloises.com\/de\/die-must-haves\/befestigtes-kulturerbe\/forts-zur-besichtigung\/","name":"Forts zur Besichtigung - Tourismusb\u00fcro Terres Touloises","isPartOf":{"@id":"https:\/\/tourisme-terrestouloises.com\/de\/#website"},"primaryImageOfPage":{"@id":"https:\/\/tourisme-terrestouloises.com\/de\/die-must-haves\/befestigtes-kulturerbe\/forts-zur-besichtigung\/#primaryimage"},"image":{"@id":"https:\/\/tourisme-terrestouloises.com\/de\/die-must-haves\/befestigtes-kulturerbe\/forts-zur-besichtigung\/#primaryimage"},"thumbnailUrl":"https:\/\/tourisme-terrestouloises.com\/wp-content\/uploads\/2022\/03\/fort-Copie-min-scaled.jpg","datePublished":"2024-07-02T19:47:25+00:00","dateModified":"2024-07-03T09:21:39+00:00","breadcrumb":{"@id":"https:\/\/tourisme-terrestouloises.com\/de\/die-must-haves\/befestigtes-kulturerbe\/forts-zur-besichtigung\/#breadcrumb"},"inLanguage":"de","potentialAction":[{"@type":"ReadAction","target":["https:\/\/tourisme-terrestouloises.com\/de\/die-must-haves\/befestigtes-kulturerbe\/forts-zur-besichtigung\/"]}]},{"@type":"ImageObject","inLanguage":"de","@id":"https:\/\/tourisme-terrestouloises.com\/de\/die-must-haves\/befestigtes-kulturerbe\/forts-zur-besichtigung\/#primaryimage","url":"https:\/\/tourisme-terrestouloises.com\/wp-content\/uploads\/2022\/03\/fort-Copie-min-scaled.jpg","contentUrl":"https:\/\/tourisme-terrestouloises.com\/wp-content\/uploads\/2022\/03\/fort-Copie-min-scaled.jpg","width":2560,"height":1441,"caption":"\u00a9 MDT"},{"@type":"BreadcrumbList","@id":"https:\/\/tourisme-terrestouloises.com\/de\/die-must-haves\/befestigtes-kulturerbe\/forts-zur-besichtigung\/#breadcrumb","itemListElement":[{"@type":"ListItem","position":1,"name":"Accueil","item":"https:\/\/tourisme-terrestouloises.com\/de\/"},{"@type":"ListItem","position":2,"name":"Die must-Haves","item":"https:\/\/tourisme-terrestouloises.com\/de\/die-must-haves\/"},{"@type":"ListItem","position":3,"name":"Befestigtes Kulturerbe","item":"https:\/\/tourisme-terrestouloises.com\/de\/die-must-haves\/befestigtes-kulturerbe\/"},{"@type":"ListItem","position":4,"name":"Forts zur Besichtigung"}]},{"@type":"WebSite","@id":"https:\/\/tourisme-terrestouloises.com\/de\/#website","url":"https:\/\/tourisme-terrestouloises.com\/de\/","name":"Tourismusb\u00fcro Terres Touloises","description":"Bienvenue en Terres Touloises","publisher":{"@id":"https:\/\/tourisme-terrestouloises.com\/de\/#organization"},"potentialAction":[{"@type":"SearchAction","target":{"@type":"EntryPoint","urlTemplate":"https:\/\/tourisme-terrestouloises.com\/de\/?s={search_term_string}"},"query-input":{"@type":"PropertyValueSpecification","valueRequired":true,"valueName":"search_term_string"}}],"inLanguage":"de"},{"@type":"Organization","@id":"https:\/\/tourisme-terrestouloises.com\/de\/#organization","name":"Tourismusb\u00fcro Terres Touloises","url":"https:\/\/tourisme-terrestouloises.com\/de\/","logo":{"@type":"ImageObject","inLanguage":"de","@id":"https:\/\/tourisme-terrestouloises.com\/de\/#\/schema\/logo\/image\/","url":"https:\/\/tourisme-terrestouloises.com\/wp-content\/uploads\/2021\/11\/TerresTouloises_Tourisme.svg","contentUrl":"https:\/\/tourisme-terrestouloises.com\/wp-content\/uploads\/2021\/11\/TerresTouloises_Tourisme.svg","width":126,"height":166,"caption":"Tourismusb\u00fcro Terres Touloises"},"image":{"@id":"https:\/\/tourisme-terrestouloises.com\/de\/#\/schema\/logo\/image\/"}}]}},"_links":{"self":[{"href":"https:\/\/tourisme-terrestouloises.com\/de\/wp-json\/wp\/v2\/pages\/524005","targetHints":{"allow":["GET"]}}],"collection":[{"href":"https:\/\/tourisme-terrestouloises.com\/de\/wp-json\/wp\/v2\/pages"}],"about":[{"href":"https:\/\/tourisme-terrestouloises.com\/de\/wp-json\/wp\/v2\/types\/page"}],"author":[{"embeddable":true,"href":"https:\/\/tourisme-terrestouloises.com\/de\/wp-json\/wp\/v2\/users\/1"}],"replies":[{"embeddable":true,"href":"https:\/\/tourisme-terrestouloises.com\/de\/wp-json\/wp\/v2\/comments?post=524005"}],"version-history":[{"count":3,"href":"https:\/\/tourisme-terrestouloises.com\/de\/wp-json\/wp\/v2\/pages\/524005\/revisions"}],"predecessor-version":[{"id":524008,"href":"https:\/\/tourisme-terrestouloises.com\/de\/wp-json\/wp\/v2\/pages\/524005\/revisions\/524008"}],"up":[{"embeddable":true,"href":"https:\/\/tourisme-terrestouloises.com\/de\/wp-json\/wp\/v2\/pages\/13664"}],"wp:featuredmedia":[{"embeddable":true,"href":"https:\/\/tourisme-terrestouloises.com\/de\/wp-json\/wp\/v2\/media\/2021"}],"wp:attachment":[{"href":"https:\/\/tourisme-terrestouloises.com\/de\/wp-json\/wp\/v2\/media?parent=524005"}],"curies":[{"name":"wp","href":"https:\/\/api.w.org\/{rel}","templated":true}]}}