{"id":524581,"date":"2024-09-05T16:09:23","date_gmt":"2024-09-05T14:09:23","guid":{"rendered":"https:\/\/tourisme-terrestouloises.com\/?page_id=524581"},"modified":"2024-09-06T15:30:02","modified_gmt":"2024-09-06T13:30:02","slug":"les-journees-europeennes-du-patrimoine","status":"publish","type":"page","link":"https:\/\/tourisme-terrestouloises.com\/de\/preparer-mon-sejour\/agenda-actualites\/les-journees-europeennes-du-patrimoine\/","title":{"rendered":"Les Journ\u00e9es Europ\u00e9ennes du Patrimoine"},"content":{"rendered":"\t\t<div data-elementor-type=\"wp-page\" data-elementor-id=\"524581\" class=\"elementor elementor-524581\" data-elementor-post-type=\"page\">\n\t\t\t\t\t\t<section class=\"elementor-section elementor-top-section elementor-element elementor-element-56d283a elementor-section-boxed elementor-section-height-default elementor-section-height-default\" data-id=\"56d283a\" data-element_type=\"section\" data-e-type=\"section\">\n\t\t\t\t\t\t<div class=\"elementor-container elementor-column-gap-default\">\n\t\t\t\t\t<div class=\"elementor-column elementor-col-100 elementor-top-column elementor-element elementor-element-30597d4\" data-id=\"30597d4\" data-element_type=\"column\" data-e-type=\"column\">\n\t\t\t<div class=\"elementor-widget-wrap elementor-element-populated\">\n\t\t\t\t\t\t<div class=\"elementor-element elementor-element-570e5df elementor-widget elementor-widget-spacer\" data-id=\"570e5df\" data-element_type=\"widget\" data-e-type=\"widget\" data-widget_type=\"spacer.default\">\n\t\t\t\t<div class=\"elementor-widget-container\">\n\t\t\t\t\t\t\t<div class=\"elementor-spacer\">\n\t\t\t<div class=\"elementor-spacer-inner\"><\/div>\n\t\t<\/div>\n\t\t\t\t\t\t<\/div>\n\t\t\t\t<\/div>\n\t\t\t\t\t<\/div>\n\t\t<\/div>\n\t\t\t\t\t<\/div>\n\t\t<\/section>\n\t\t\t\t<section class=\"elementor-section elementor-top-section elementor-element elementor-element-c0e92ab elementor-section-boxed elementor-section-height-default elementor-section-height-default\" data-id=\"c0e92ab\" data-element_type=\"section\" data-e-type=\"section\">\n\t\t\t\t\t\t<div class=\"elementor-container elementor-column-gap-default\">\n\t\t\t\t\t<div class=\"elementor-column elementor-col-100 elementor-top-column elementor-element elementor-element-8c99339\" data-id=\"8c99339\" data-element_type=\"column\" data-e-type=\"column\">\n\t\t\t<div class=\"elementor-widget-wrap elementor-element-populated\">\n\t\t\t\t\t\t<div class=\"elementor-element elementor-element-50eace4 elementor-invisible elementor-widget elementor-widget-heading\" data-id=\"50eace4\" data-element_type=\"widget\" data-e-type=\"widget\" data-settings=\"{&quot;_animation&quot;:&quot;fadeIn&quot;}\" data-widget_type=\"heading.default\">\n\t\t\t\t<div class=\"elementor-widget-container\">\n\t\t\t\t\t<h2 class=\"elementor-heading-title elementor-size-default\">JEP - Un programme riche en animations !<\/h2>\t\t\t\t<\/div>\n\t\t\t\t<\/div>\n\t\t\t\t\t<\/div>\n\t\t<\/div>\n\t\t\t\t\t<\/div>\n\t\t<\/section>\n\t\t\t\t<section class=\"elementor-section elementor-top-section elementor-element elementor-element-d83f1c5 elementor-section-boxed elementor-section-height-default elementor-section-height-default\" data-id=\"d83f1c5\" data-element_type=\"section\" data-e-type=\"section\">\n\t\t\t\t\t\t<div class=\"elementor-container elementor-column-gap-default\">\n\t\t\t\t\t<div class=\"elementor-column elementor-col-100 elementor-top-column elementor-element elementor-element-4c68f7f\" data-id=\"4c68f7f\" data-element_type=\"column\" data-e-type=\"column\">\n\t\t\t<div class=\"elementor-widget-wrap elementor-element-populated\">\n\t\t\t\t\t\t<div class=\"elementor-element elementor-element-126ae2c elementor-widget elementor-widget-spacer\" data-id=\"126ae2c\" data-element_type=\"widget\" data-e-type=\"widget\" data-widget_type=\"spacer.default\">\n\t\t\t\t<div class=\"elementor-widget-container\">\n\t\t\t\t\t\t\t<div class=\"elementor-spacer\">\n\t\t\t<div class=\"elementor-spacer-inner\"><\/div>\n\t\t<\/div>\n\t\t\t\t\t\t<\/div>\n\t\t\t\t<\/div>\n\t\t\t\t\t<\/div>\n\t\t<\/div>\n\t\t\t\t\t<\/div>\n\t\t<\/section>\n\t\t\t\t<section class=\"elementor-section elementor-top-section elementor-element elementor-element-1fd49d3 elementor-section-boxed elementor-section-height-default elementor-section-height-default\" data-id=\"1fd49d3\" data-element_type=\"section\" data-e-type=\"section\">\n\t\t\t\t\t\t<div class=\"elementor-container elementor-column-gap-default\">\n\t\t\t\t\t<div class=\"elementor-column elementor-col-100 elementor-top-column elementor-element elementor-element-4fd4d73\" data-id=\"4fd4d73\" data-element_type=\"column\" data-e-type=\"column\">\n\t\t\t<div class=\"elementor-widget-wrap elementor-element-populated\">\n\t\t\t\t\t\t<div class=\"elementor-element elementor-element-293f2ab elementor-widget elementor-widget-text-editor\" data-id=\"293f2ab\" data-element_type=\"widget\" data-e-type=\"widget\" data-widget_type=\"text-editor.default\">\n\t\t\t\t<div class=\"elementor-widget-container\">\n\t\t\t\t\t\t\t\t\t<p>Visites, expositions, ateliers d\u00e9couverte, promenades ou jeux de piste, communes, associations et b\u00e9n\u00e9voles ont rivalis\u00e9 d&#8217;id\u00e9es pour mettre en lumi\u00e8re le patrimoine des Terres Touloises, pendant tout le week-end du 21 et 22 septembre.<\/p><p style=\"margin-bottom: 1.5em;\"><span style=\"font-weight: bolder;\">Consultez les visites et faites votre programme !<\/span><\/p>\t\t\t\t\t\t\t\t<\/div>\n\t\t\t\t<\/div>\n\t\t\t\t\t<\/div>\n\t\t<\/div>\n\t\t\t\t\t<\/div>\n\t\t<\/section>\n\t\t\t\t<section class=\"elementor-section elementor-top-section elementor-element elementor-element-86a6eeb elementor-section-boxed elementor-section-height-default elementor-section-height-default\" data-id=\"86a6eeb\" data-element_type=\"section\" data-e-type=\"section\">\n\t\t\t\t\t\t<div class=\"elementor-container elementor-column-gap-default\">\n\t\t\t\t\t<div class=\"elementor-column elementor-col-100 elementor-top-column elementor-element elementor-element-3db4eab\" data-id=\"3db4eab\" data-element_type=\"column\" data-e-type=\"column\">\n\t\t\t<div class=\"elementor-widget-wrap elementor-element-populated\">\n\t\t\t\t\t\t<div class=\"elementor-element elementor-element-57d78fc elementor-widget elementor-widget-text-editor\" data-id=\"57d78fc\" data-element_type=\"widget\" data-e-type=\"widget\" data-widget_type=\"text-editor.default\">\n\t\t\t\t<div class=\"elementor-widget-container\">\n\t\t\t\t\t\t\t\t\t<p><em>Cette liste comporte les animations qui nous ont \u00e9t\u00e9 relay\u00e9es par les organisateurs, cette s\u00e9lection n&#8217;est peut-\u00eatre pas exhaustive.<\/em><\/p>\t\t\t\t\t\t\t\t<\/div>\n\t\t\t\t<\/div>\n\t\t\t\t\t<\/div>\n\t\t<\/div>\n\t\t\t\t\t<\/div>\n\t\t<\/section>\n\t\t\t\t<section class=\"elementor-section elementor-top-section elementor-element elementor-element-af035e4 elementor-section-boxed elementor-section-height-default elementor-section-height-default\" data-id=\"af035e4\" data-element_type=\"section\" data-e-type=\"section\">\n\t\t\t\t\t\t<div class=\"elementor-container elementor-column-gap-default\">\n\t\t\t\t\t<div class=\"elementor-column elementor-col-100 elementor-top-column elementor-element elementor-element-d593253\" data-id=\"d593253\" data-element_type=\"column\" data-e-type=\"column\">\n\t\t\t<div class=\"elementor-widget-wrap elementor-element-populated\">\n\t\t\t\t\t\t<div class=\"elementor-element elementor-element-84e48d5 elementor-widget elementor-widget-illico-sit_liste_dynamique\" data-id=\"84e48d5\" data-element_type=\"widget\" data-e-type=\"widget\" data-widget_type=\"illico-sit_liste_dynamique.default\">\n\t\t\t\t<div class=\"elementor-widget-container\">\n\t\t\t\t\t    <div class=\"sit-div\" id=\"11560\">\n        <div class=\"form_flux\" id=\"form_flux\" data-alea=\"11560\" style=\"display:none;\">\n            <form action=\"javascript:void(0);\" method=\"POST\" id=\"ChoixDate11560\" class=\"ChoixDate\">\n                <div class=\"bloc-titre\">\n                    <h2>Filter<\/h2>\n                    <button class=\"filter-button\" id=\"filter-close-button\" onclick=\"toggleFilter(11560)\">Ergebnisse anzeigen<img decoding=\"async\" src=\"https:\/\/tourisme-terrestouloises.com\/wp-content\/plugins\/Illico-GestionDonnees\/\/assets\/images\/right.svg\" alt=\"Voir les r\u00e9sultats\" title=\"Voir les r\u00e9sultats\"><\/button>\n                <\/div>\n                <div class=\"form_mandatory_value\">\n                    <input type=\"hidden\" id=\"form_page_id\" name =\"form_page_id\" value='0'>\n                    <input type=\"hidden\" id=\"form_sit_id\" name =\"form_sit_id\" value='524592'>\n                    <input type=\"hidden\" id=\"alea\" name=\"alea\" value=\"11560\">\n                <\/div>\n                \n            <div class=\"form_optional_value\">\n                <div class=\"form_section communes_global\">\n    <span class=\"form_section_title\">Gemeinden<\/span>\n    <div class=\"form_section_content\">\n        <select id=\"lacuidad\" name=\"lacuidad\"><option value=\"\">W\u00e4hlen Sie eine Gemeinde<\/option><\/select>\n    <\/div>\n<\/div>\n                \n                    <div class=\"form_section dates_global disponibilites_dates\">\n        <span class=\"form_section_title\">Datum<\/span>\n        <div class=\"form_section_content\">\n            <div class=\"dates_start_end\">\n                <div class=\"date_start\"><span class=\"form_span_text\">Von <\/span><input type=\"date\" class=\"form_input_date\" id=\"date_start\" name=\"date_start\" value=\"\"><\/div>\n                <div class=\"date_end\"><span class=\"form_span_text\"> bis <\/span><input type=\"date\" class=\"form_input_date\" id=\"date_end\" name=\"date_end\" value=\"\"><\/div>\n            <\/div>\n        <\/div>\n    <\/div>\n                \n                <div class=\"form_section\">\n    <span class=\"form_section_title\">Gratuit\u00e9<\/span>\n    <div class=\"form_section_content\">\n        \n                <div class=\"checkbox_global\">\n                    <input type=\"checkbox\" id=\"repeater_filter_1\" name=\"repeater_filter_1\" value=\"4000014\" data-sit=\"true\" data-critere=\"4000003\" data-name=\"Gratuit\">\n                    <label for=\"repeater_filter_1\">Gratuit<\/label>\n                <\/div>\n    <\/div>\n<\/div>\n                <div class=\"recherche_mots_cles\">\n                    <div class=\"recherche_mots_cles_input\">\n                        <span class=\"form_section_title\">Suche nach Schl\u00fcsselw\u00f6rtern<\/span>\n                        <input type=\"text\" id=\"recherche_mots_cles\" name=\"recherche_mots_cles\">\n                    <\/div>\n                <\/div>\n            <\/div>\n            <input type=\"button\" class=\"btn btn-reset\" onclick=\"clearAllFormValue(this.form, 11560, 1)\" value=\"Zur\u00fccksetzen\">\n                <button class=\"filter-button filter-button-bottom\" id=\"filter-close-button-footer\" onclick=\"toggleFilter(11560)\">Ergebnisse anzeigen<img decoding=\"async\" src=\"https:\/\/tourisme-terrestouloises.com\/wp-content\/plugins\/Illico-GestionDonnees\/\/assets\/images\/right.svg\" alt=\"Voir les r\u00e9sultats\" title=\"Voir les r\u00e9sultats\"><\/button>\n            <\/form>\n        <\/div>\n        <div class=\"filter-preview\" id=\"filter-preview\"><\/div>\n        <div class=\"global_result\" id=\"global_result11560\">\n            <div class=\"btn-nb\" id=\"btn-nb\">\n    <div class=\"nb-result\" id=\"nb-result\"><\/div>\n    <div class=\"div-button\">\n        <button class=\"filter-button\" id=\"filter-button\" onclick=\"toggleFilter(11560)\">Filter <img decoding=\"async\" src=\"https:\/\/tourisme-terrestouloises.com\/wp-content\/plugins\/Illico-GestionDonnees\/\/assets\/images\/filtres.svg\" alt=\"Filter\" title=\"Filter\"><\/button>\n        \n            <button class=\"map-button\" id=\"map-button\" onclick=\"toggleMap(11560)\">\n                <span class=\"toggle-off\"><i class=\"fas fa-toggle-off\"><\/i>Karte anzeigen<\/span>\n                <span class=\"toggle-on\"><i class=\"fas fa-toggle-on\"><\/i>Karte ausblenden<\/span>\n            <\/button>\n    <\/div>\n<\/div>\n            <div class=\"div-list\" id=\"11560\">\n                <div class=\"left-column\" id=\"left-column\">\n                    <div class=\"loader\">\n                        <div class=\"circle\"><\/div>\n                        <div class=\"circle\"><\/div>\n                        <div class=\"circle\"><\/div>\n                        <div class=\"circle\"><\/div>\n                    <\/div>\n                <\/div>\n                <div class=\"right-column\" id=\"right-column\"><div id=\"mapid11560\" class=\"MapNumero\"><\/div><\/div>\n            <\/div>\n        <\/div>\n    <\/div>            <script>\n                window.addEventListener('pageshow', function(event) {\n                    setupMap(11560);\n                });\n            <\/script>\t\t\t\t<\/div>\n\t\t\t\t<\/div>\n\t\t\t\t\t<\/div>\n\t\t<\/div>\n\t\t\t\t\t<\/div>\n\t\t<\/section>\n\t\t\t\t<section class=\"elementor-section elementor-top-section elementor-element elementor-element-90bb2b9 elementor-section-boxed elementor-section-height-default elementor-section-height-default\" data-id=\"90bb2b9\" data-element_type=\"section\" data-e-type=\"section\">\n\t\t\t\t\t\t<div class=\"elementor-container elementor-column-gap-default\">\n\t\t\t\t\t<div class=\"elementor-column elementor-col-100 elementor-top-column elementor-element elementor-element-ac1f0b4\" data-id=\"ac1f0b4\" data-element_type=\"column\" data-e-type=\"column\">\n\t\t\t<div class=\"elementor-widget-wrap\">\n\t\t\t\t\t\t\t<\/div>\n\t\t<\/div>\n\t\t\t\t\t<\/div>\n\t\t<\/section>\n\t\t\t\t<\/div>\n\t\t","protected":false},"excerpt":{"rendered":"<p>JEP &#8211; Un programme riche en animations ! Visites, expositions, ateliers d\u00e9couverte, promenades ou jeux de piste, communes, associations et b\u00e9n\u00e9voles ont rivalis\u00e9 d&#8217;id\u00e9es pour mettre en lumi\u00e8re le patrimoine des Terres Touloises, pendant tout le week-end du 21 et 22 septembre. Consultez les visites et faites votre programme ! Cette liste comporte les animations [&hellip;]<\/p>\n","protected":false},"author":13,"featured_media":0,"parent":522821,"menu_order":0,"comment_status":"closed","ping_status":"closed","template":"","meta":{"_acf_changed":false,"footnotes":""},"class_list":["post-524581","page","type-page","status-publish","hentry"],"acf":[],"yoast_head":"<!-- This site is optimized with the Yoast SEO plugin v27.3 - https:\/\/yoast.com\/product\/yoast-seo-wordpress\/ -->\n<title>Les Journ\u00e9es Europ\u00e9ennes du Patrimoine - Tourismusb\u00fcro Terres Touloises<\/title>\n<meta name=\"description\" content=\"Retrouvez ici le programme des animations des Journ\u00e9es europ\u00e9ennes du patrimoine sur le territoire des Terres Touloises. Rendez-vous les 21 et 22 septembre.\" \/>\n<meta name=\"robots\" content=\"index, follow, max-snippet:-1, max-image-preview:large, max-video-preview:-1\" \/>\n<link rel=\"canonical\" href=\"https:\/\/tourisme-terrestouloises.com\/de\/preparer-mon-sejour\/agenda-actualites\/les-journees-europeennes-du-patrimoine\/\" \/>\n<meta property=\"og:locale\" content=\"de_DE\" \/>\n<meta property=\"og:type\" content=\"article\" \/>\n<meta property=\"og:title\" content=\"Les Journ\u00e9es Europ\u00e9ennes du Patrimoine - Tourismusb\u00fcro Terres Touloises\" \/>\n<meta property=\"og:description\" content=\"Retrouvez ici le programme des animations des Journ\u00e9es europ\u00e9ennes du patrimoine sur le territoire des Terres Touloises. Rendez-vous les 21 et 22 septembre.\" \/>\n<meta property=\"og:url\" content=\"https:\/\/tourisme-terrestouloises.com\/de\/preparer-mon-sejour\/agenda-actualites\/les-journees-europeennes-du-patrimoine\/\" \/>\n<meta property=\"og:site_name\" content=\"Tourismusb\u00fcro Terres Touloises\" \/>\n<meta property=\"article:modified_time\" content=\"2024-09-06T13:30:02+00:00\" \/>\n<meta property=\"og:image\" content=\"https:\/\/tourisme-terrestouloises.com\/wp-content\/uploads\/2024\/09\/Sans-titre-600-x-300-px.png\" \/>\n\t<meta property=\"og:image:width\" content=\"1200\" \/>\n\t<meta property=\"og:image:height\" content=\"600\" \/>\n\t<meta property=\"og:image:type\" content=\"image\/png\" \/>\n<meta name=\"twitter:card\" content=\"summary_large_image\" \/>\n<meta name=\"twitter:label1\" content=\"Gesch\u00e4tzte Lesezeit\" \/>\n\t<meta name=\"twitter:data1\" content=\"1\u00a0Minute\" \/>\n<script type=\"application\/ld+json\" class=\"yoast-schema-graph\">{\"@context\":\"https:\\\/\\\/schema.org\",\"@graph\":[{\"@type\":\"WebPage\",\"@id\":\"https:\\\/\\\/tourisme-terrestouloises.com\\\/de\\\/preparer-mon-sejour\\\/agenda-actualites\\\/les-journees-europeennes-du-patrimoine\\\/\",\"url\":\"https:\\\/\\\/tourisme-terrestouloises.com\\\/de\\\/preparer-mon-sejour\\\/agenda-actualites\\\/les-journees-europeennes-du-patrimoine\\\/\",\"name\":\"Les Journ\u00e9es Europ\u00e9ennes du Patrimoine - Tourismusb\u00fcro Terres Touloises\",\"isPartOf\":{\"@id\":\"https:\\\/\\\/tourisme-terrestouloises.com\\\/de\\\/#website\"},\"primaryImageOfPage\":{\"@id\":\"https:\\\/\\\/tourisme-terrestouloises.com\\\/de\\\/preparer-mon-sejour\\\/agenda-actualites\\\/les-journees-europeennes-du-patrimoine\\\/#primaryimage\"},\"image\":{\"@id\":\"https:\\\/\\\/tourisme-terrestouloises.com\\\/de\\\/preparer-mon-sejour\\\/agenda-actualites\\\/les-journees-europeennes-du-patrimoine\\\/#primaryimage\"},\"thumbnailUrl\":\"https:\\\/\\\/tourisme-terrestouloises.com\\\/wp-content\\\/plugins\\\/Illico-GestionDonnees\\\/\\\/assets\\\/images\\\/right.svg\",\"datePublished\":\"2024-09-05T14:09:23+00:00\",\"dateModified\":\"2024-09-06T13:30:02+00:00\",\"description\":\"Retrouvez ici le programme des animations des Journ\u00e9es europ\u00e9ennes du patrimoine sur le territoire des Terres Touloises. Rendez-vous les 21 et 22 septembre.\",\"breadcrumb\":{\"@id\":\"https:\\\/\\\/tourisme-terrestouloises.com\\\/de\\\/preparer-mon-sejour\\\/agenda-actualites\\\/les-journees-europeennes-du-patrimoine\\\/#breadcrumb\"},\"inLanguage\":\"de\",\"potentialAction\":[{\"@type\":\"ReadAction\",\"target\":[\"https:\\\/\\\/tourisme-terrestouloises.com\\\/de\\\/preparer-mon-sejour\\\/agenda-actualites\\\/les-journees-europeennes-du-patrimoine\\\/\"]}]},{\"@type\":\"ImageObject\",\"inLanguage\":\"de\",\"@id\":\"https:\\\/\\\/tourisme-terrestouloises.com\\\/de\\\/preparer-mon-sejour\\\/agenda-actualites\\\/les-journees-europeennes-du-patrimoine\\\/#primaryimage\",\"url\":\"https:\\\/\\\/tourisme-terrestouloises.com\\\/wp-content\\\/plugins\\\/Illico-GestionDonnees\\\/\\\/assets\\\/images\\\/right.svg\",\"contentUrl\":\"https:\\\/\\\/tourisme-terrestouloises.com\\\/wp-content\\\/plugins\\\/Illico-GestionDonnees\\\/\\\/assets\\\/images\\\/right.svg\"},{\"@type\":\"BreadcrumbList\",\"@id\":\"https:\\\/\\\/tourisme-terrestouloises.com\\\/de\\\/preparer-mon-sejour\\\/agenda-actualites\\\/les-journees-europeennes-du-patrimoine\\\/#breadcrumb\",\"itemListElement\":[{\"@type\":\"ListItem\",\"position\":1,\"name\":\"Accueil\",\"item\":\"https:\\\/\\\/tourisme-terrestouloises.com\\\/de\\\/\"},{\"@type\":\"ListItem\",\"position\":2,\"name\":\"Pr\u00e9parer mon s\u00e9jour\",\"item\":\"https:\\\/\\\/tourisme-terrestouloises.com\\\/de\\\/preparer-mon-sejour\\\/\"},{\"@type\":\"ListItem\",\"position\":3,\"name\":\"Agenda &#8211; Actualit\u00e9s\",\"item\":\"https:\\\/\\\/tourisme-terrestouloises.com\\\/de\\\/preparer-mon-sejour\\\/agenda-actualites\\\/\"},{\"@type\":\"ListItem\",\"position\":4,\"name\":\"Les Journ\u00e9es Europ\u00e9ennes du Patrimoine\"}]},{\"@type\":\"WebSite\",\"@id\":\"https:\\\/\\\/tourisme-terrestouloises.com\\\/de\\\/#website\",\"url\":\"https:\\\/\\\/tourisme-terrestouloises.com\\\/de\\\/\",\"name\":\"Tourismusb\u00fcro Terres Touloises\",\"description\":\"Bienvenue en Terres Touloises\",\"publisher\":{\"@id\":\"https:\\\/\\\/tourisme-terrestouloises.com\\\/de\\\/#organization\"},\"potentialAction\":[{\"@type\":\"SearchAction\",\"target\":{\"@type\":\"EntryPoint\",\"urlTemplate\":\"https:\\\/\\\/tourisme-terrestouloises.com\\\/de\\\/?s={search_term_string}\"},\"query-input\":{\"@type\":\"PropertyValueSpecification\",\"valueRequired\":true,\"valueName\":\"search_term_string\"}}],\"inLanguage\":\"de\"},{\"@type\":\"Organization\",\"@id\":\"https:\\\/\\\/tourisme-terrestouloises.com\\\/de\\\/#organization\",\"name\":\"Tourismusb\u00fcro Terres Touloises\",\"url\":\"https:\\\/\\\/tourisme-terrestouloises.com\\\/de\\\/\",\"logo\":{\"@type\":\"ImageObject\",\"inLanguage\":\"de\",\"@id\":\"https:\\\/\\\/tourisme-terrestouloises.com\\\/de\\\/#\\\/schema\\\/logo\\\/image\\\/\",\"url\":\"https:\\\/\\\/tourisme-terrestouloises.com\\\/wp-content\\\/uploads\\\/2021\\\/11\\\/TerresTouloises_Tourisme.svg\",\"contentUrl\":\"https:\\\/\\\/tourisme-terrestouloises.com\\\/wp-content\\\/uploads\\\/2021\\\/11\\\/TerresTouloises_Tourisme.svg\",\"width\":126,\"height\":166,\"caption\":\"Tourismusb\u00fcro Terres Touloises\"},\"image\":{\"@id\":\"https:\\\/\\\/tourisme-terrestouloises.com\\\/de\\\/#\\\/schema\\\/logo\\\/image\\\/\"}}]}<\/script>\n<!-- \/ Yoast SEO plugin. -->","yoast_head_json":{"title":"Les Journ\u00e9es Europ\u00e9ennes du Patrimoine - Tourismusb\u00fcro Terres Touloises","description":"Retrouvez ici le programme des animations des Journ\u00e9es europ\u00e9ennes du patrimoine sur le territoire des Terres Touloises. Rendez-vous les 21 et 22 septembre.","robots":{"index":"index","follow":"follow","max-snippet":"max-snippet:-1","max-image-preview":"max-image-preview:large","max-video-preview":"max-video-preview:-1"},"canonical":"https:\/\/tourisme-terrestouloises.com\/de\/preparer-mon-sejour\/agenda-actualites\/les-journees-europeennes-du-patrimoine\/","og_locale":"de_DE","og_type":"article","og_title":"Les Journ\u00e9es Europ\u00e9ennes du Patrimoine - Tourismusb\u00fcro Terres Touloises","og_description":"Retrouvez ici le programme des animations des Journ\u00e9es europ\u00e9ennes du patrimoine sur le territoire des Terres Touloises. Rendez-vous les 21 et 22 septembre.","og_url":"https:\/\/tourisme-terrestouloises.com\/de\/preparer-mon-sejour\/agenda-actualites\/les-journees-europeennes-du-patrimoine\/","og_site_name":"Tourismusb\u00fcro Terres Touloises","article_modified_time":"2024-09-06T13:30:02+00:00","og_image":[{"width":1200,"height":600,"url":"https:\/\/tourisme-terrestouloises.com\/wp-content\/uploads\/2024\/09\/Sans-titre-600-x-300-px.png","type":"image\/png"}],"twitter_card":"summary_large_image","twitter_misc":{"Gesch\u00e4tzte Lesezeit":"1\u00a0Minute"},"schema":{"@context":"https:\/\/schema.org","@graph":[{"@type":"WebPage","@id":"https:\/\/tourisme-terrestouloises.com\/de\/preparer-mon-sejour\/agenda-actualites\/les-journees-europeennes-du-patrimoine\/","url":"https:\/\/tourisme-terrestouloises.com\/de\/preparer-mon-sejour\/agenda-actualites\/les-journees-europeennes-du-patrimoine\/","name":"Les Journ\u00e9es Europ\u00e9ennes du Patrimoine - Tourismusb\u00fcro Terres Touloises","isPartOf":{"@id":"https:\/\/tourisme-terrestouloises.com\/de\/#website"},"primaryImageOfPage":{"@id":"https:\/\/tourisme-terrestouloises.com\/de\/preparer-mon-sejour\/agenda-actualites\/les-journees-europeennes-du-patrimoine\/#primaryimage"},"image":{"@id":"https:\/\/tourisme-terrestouloises.com\/de\/preparer-mon-sejour\/agenda-actualites\/les-journees-europeennes-du-patrimoine\/#primaryimage"},"thumbnailUrl":"https:\/\/tourisme-terrestouloises.com\/wp-content\/plugins\/Illico-GestionDonnees\/\/assets\/images\/right.svg","datePublished":"2024-09-05T14:09:23+00:00","dateModified":"2024-09-06T13:30:02+00:00","description":"Retrouvez ici le programme des animations des Journ\u00e9es europ\u00e9ennes du patrimoine sur le territoire des Terres Touloises. Rendez-vous les 21 et 22 septembre.","breadcrumb":{"@id":"https:\/\/tourisme-terrestouloises.com\/de\/preparer-mon-sejour\/agenda-actualites\/les-journees-europeennes-du-patrimoine\/#breadcrumb"},"inLanguage":"de","potentialAction":[{"@type":"ReadAction","target":["https:\/\/tourisme-terrestouloises.com\/de\/preparer-mon-sejour\/agenda-actualites\/les-journees-europeennes-du-patrimoine\/"]}]},{"@type":"ImageObject","inLanguage":"de","@id":"https:\/\/tourisme-terrestouloises.com\/de\/preparer-mon-sejour\/agenda-actualites\/les-journees-europeennes-du-patrimoine\/#primaryimage","url":"https:\/\/tourisme-terrestouloises.com\/wp-content\/plugins\/Illico-GestionDonnees\/\/assets\/images\/right.svg","contentUrl":"https:\/\/tourisme-terrestouloises.com\/wp-content\/plugins\/Illico-GestionDonnees\/\/assets\/images\/right.svg"},{"@type":"BreadcrumbList","@id":"https:\/\/tourisme-terrestouloises.com\/de\/preparer-mon-sejour\/agenda-actualites\/les-journees-europeennes-du-patrimoine\/#breadcrumb","itemListElement":[{"@type":"ListItem","position":1,"name":"Accueil","item":"https:\/\/tourisme-terrestouloises.com\/de\/"},{"@type":"ListItem","position":2,"name":"Pr\u00e9parer mon s\u00e9jour","item":"https:\/\/tourisme-terrestouloises.com\/de\/preparer-mon-sejour\/"},{"@type":"ListItem","position":3,"name":"Agenda &#8211; Actualit\u00e9s","item":"https:\/\/tourisme-terrestouloises.com\/de\/preparer-mon-sejour\/agenda-actualites\/"},{"@type":"ListItem","position":4,"name":"Les Journ\u00e9es Europ\u00e9ennes du Patrimoine"}]},{"@type":"WebSite","@id":"https:\/\/tourisme-terrestouloises.com\/de\/#website","url":"https:\/\/tourisme-terrestouloises.com\/de\/","name":"Tourismusb\u00fcro Terres Touloises","description":"Bienvenue en Terres Touloises","publisher":{"@id":"https:\/\/tourisme-terrestouloises.com\/de\/#organization"},"potentialAction":[{"@type":"SearchAction","target":{"@type":"EntryPoint","urlTemplate":"https:\/\/tourisme-terrestouloises.com\/de\/?s={search_term_string}"},"query-input":{"@type":"PropertyValueSpecification","valueRequired":true,"valueName":"search_term_string"}}],"inLanguage":"de"},{"@type":"Organization","@id":"https:\/\/tourisme-terrestouloises.com\/de\/#organization","name":"Tourismusb\u00fcro Terres Touloises","url":"https:\/\/tourisme-terrestouloises.com\/de\/","logo":{"@type":"ImageObject","inLanguage":"de","@id":"https:\/\/tourisme-terrestouloises.com\/de\/#\/schema\/logo\/image\/","url":"https:\/\/tourisme-terrestouloises.com\/wp-content\/uploads\/2021\/11\/TerresTouloises_Tourisme.svg","contentUrl":"https:\/\/tourisme-terrestouloises.com\/wp-content\/uploads\/2021\/11\/TerresTouloises_Tourisme.svg","width":126,"height":166,"caption":"Tourismusb\u00fcro Terres Touloises"},"image":{"@id":"https:\/\/tourisme-terrestouloises.com\/de\/#\/schema\/logo\/image\/"}}]}},"_links":{"self":[{"href":"https:\/\/tourisme-terrestouloises.com\/de\/wp-json\/wp\/v2\/pages\/524581","targetHints":{"allow":["GET"]}}],"collection":[{"href":"https:\/\/tourisme-terrestouloises.com\/de\/wp-json\/wp\/v2\/pages"}],"about":[{"href":"https:\/\/tourisme-terrestouloises.com\/de\/wp-json\/wp\/v2\/types\/page"}],"author":[{"embeddable":true,"href":"https:\/\/tourisme-terrestouloises.com\/de\/wp-json\/wp\/v2\/users\/13"}],"replies":[{"embeddable":true,"href":"https:\/\/tourisme-terrestouloises.com\/de\/wp-json\/wp\/v2\/comments?post=524581"}],"version-history":[{"count":10,"href":"https:\/\/tourisme-terrestouloises.com\/de\/wp-json\/wp\/v2\/pages\/524581\/revisions"}],"predecessor-version":[{"id":524597,"href":"https:\/\/tourisme-terrestouloises.com\/de\/wp-json\/wp\/v2\/pages\/524581\/revisions\/524597"}],"up":[{"embeddable":true,"href":"https:\/\/tourisme-terrestouloises.com\/de\/wp-json\/wp\/v2\/pages\/522821"}],"wp:attachment":[{"href":"https:\/\/tourisme-terrestouloises.com\/de\/wp-json\/wp\/v2\/media?parent=524581"}],"curies":[{"name":"wp","href":"https:\/\/api.w.org\/{rel}","templated":true}]}}