{"id":525022,"date":"2025-02-06T11:38:19","date_gmt":"2025-02-06T10:38:19","guid":{"rendered":"https:\/\/tourisme-terrestouloises.com\/?page_id=525022"},"modified":"2025-02-06T17:40:24","modified_gmt":"2025-02-06T16:40:24","slug":"nos-brochures-2","status":"publish","type":"page","link":"https:\/\/tourisme-terrestouloises.com\/de\/pro\/nos-brochures-2\/","title":{"rendered":"Nos brochures pro"},"content":{"rendered":"\t\t<div data-elementor-type=\"wp-page\" data-elementor-id=\"525022\" class=\"elementor elementor-525022\" data-elementor-post-type=\"page\">\n\t\t\t\t\t\t<section class=\"elementor-section elementor-top-section elementor-element elementor-element-d22af16 elementor-section-boxed elementor-section-height-default elementor-section-height-default\" data-id=\"d22af16\" data-element_type=\"section\" data-e-type=\"section\">\n\t\t\t\t\t\t<div class=\"elementor-container elementor-column-gap-default\">\n\t\t\t\t\t<div class=\"elementor-column elementor-col-100 elementor-top-column elementor-element elementor-element-f7fe5a3\" data-id=\"f7fe5a3\" data-element_type=\"column\" data-e-type=\"column\">\n\t\t\t<div class=\"elementor-widget-wrap elementor-element-populated\">\n\t\t\t\t\t\t<div class=\"elementor-element elementor-element-409ccf4 elementor-widget elementor-widget-text-editor\" data-id=\"409ccf4\" data-element_type=\"widget\" data-e-type=\"widget\" data-widget_type=\"text-editor.default\">\n\t\t\t\t<div class=\"elementor-widget-container\">\n\t\t\t\t\t\t\t\t\t<p>Plan-d\u00e9couverte de Toul, cartes touristiques th\u00e9matiques ou guide des plus beaux d\u00e9tours de France, d\u00e9couvrez ici toutes les brochures que nous pouvons vous transmettre pour les diffuser dans votre \u00e9tablissement.<\/p><p>Commandez-les \u00e0 l&#8217;aide du formulaire. N&#8217;oubliez pas de nous laisser vos coordonn\u00e9es, nous vous contacterons pour d\u00e9finir avec vous les conditions de livraison.\u00a0<br \/>Pour toute autre demande, contactez-nous par t\u00e9l\u00e9phone au 03 83 64 90 60 pendant nos horaires d&#8217;ouverture.<\/p>\t\t\t\t\t\t\t\t<\/div>\n\t\t\t\t<\/div>\n\t\t\t\t\t<\/div>\n\t\t<\/div>\n\t\t\t\t\t<\/div>\n\t\t<\/section>\n\t\t\t\t<section class=\"elementor-section elementor-top-section elementor-element elementor-element-36103bb elementor-section-boxed elementor-section-height-default elementor-section-height-default\" data-id=\"36103bb\" data-element_type=\"section\" data-e-type=\"section\">\n\t\t\t\t\t\t<div class=\"elementor-container elementor-column-gap-default\">\n\t\t\t\t\t<div class=\"elementor-column elementor-col-100 elementor-top-column elementor-element elementor-element-c2a6648\" data-id=\"c2a6648\" data-element_type=\"column\" data-e-type=\"column\">\n\t\t\t<div class=\"elementor-widget-wrap elementor-element-populated\">\n\t\t\t\t\t\t<div class=\"elementor-element elementor-element-22ace73 elementor-widget elementor-widget-html\" data-id=\"22ace73\" data-element_type=\"widget\" data-e-type=\"widget\" data-widget_type=\"html.default\">\n\t\t\t\t<div class=\"elementor-widget-container\">\n\t\t\t\t\t<iframe id=\"frame-avizi-widget1\" src=\"https:\/\/app.avizi.fr\/widgets\/public\/7b856634ac930d86b2bbdbecd452fdbf\/3454\" frameborder=\"0\" width=\"100%\"><\/iframe>\r\n<script type=\"text\/javascript\" src=\"https:\/\/app.avizi.fr\/widgets\/js\/widget-iframe-resizer.client.js\"><\/script>\r\n<script>\r\n    iFrameAviziResize({\r\n        checkOrigin: ['https:\/\/app.avizi.fr'],\r\n        autoResize: false,\r\n        sizeWidth: true,\r\n        messageCallback: function(messageData) {\r\n            switch(messageData.message) {\r\n                case 'resize_scroll':\r\n                    document.getElementById('frame-avizi-widget1').scrollIntoView();\r\n                    break;\r\n            }\r\n        }\r\n    });\r\n<\/script>\t\t\t\t<\/div>\n\t\t\t\t<\/div>\n\t\t\t\t\t<\/div>\n\t\t<\/div>\n\t\t\t\t\t<\/div>\n\t\t<\/section>\n\t\t\t\t<\/div>\n\t\t","protected":false},"excerpt":{"rendered":"<p>Plan-d\u00e9couverte de Toul, cartes touristiques th\u00e9matiques ou guide des plus beaux d\u00e9tours de France, d\u00e9couvrez ici toutes les brochures que nous pouvons vous transmettre pour les diffuser dans votre \u00e9tablissement. Commandez-les \u00e0 l&#8217;aide du formulaire. N&#8217;oubliez pas de nous laisser vos coordonn\u00e9es, nous vous contacterons pour d\u00e9finir avec vous les conditions de livraison.\u00a0Pour toute autre [&hellip;]<\/p>\n","protected":false},"author":13,"featured_media":0,"parent":1850,"menu_order":0,"comment_status":"closed","ping_status":"closed","template":"","meta":{"_acf_changed":false,"footnotes":""},"class_list":["post-525022","page","type-page","status-publish","hentry"],"acf":[],"yoast_head":"<!-- This site is optimized with the Yoast SEO plugin v27.3 - https:\/\/yoast.com\/product\/yoast-seo-wordpress\/ -->\n<title>Nos brochures pro - Tourismusb\u00fcro Terres Touloises<\/title>\n<meta name=\"description\" content=\"D\u00e9couvrez et commandez ici les brochures de la Maison du tourisme. Nous organiserons avec vous les conditions de livraison.\" \/>\n<meta name=\"robots\" content=\"index, follow, max-snippet:-1, max-image-preview:large, max-video-preview:-1\" \/>\n<link rel=\"canonical\" href=\"https:\/\/tourisme-terrestouloises.com\/de\/pro\/nos-brochures-2\/\" \/>\n<meta property=\"og:locale\" content=\"de_DE\" \/>\n<meta property=\"og:type\" content=\"article\" \/>\n<meta property=\"og:title\" content=\"Nos brochures pro - Tourismusb\u00fcro Terres Touloises\" \/>\n<meta property=\"og:description\" content=\"D\u00e9couvrez et commandez ici les brochures de la Maison du tourisme. Nous organiserons avec vous les conditions de livraison.\" \/>\n<meta property=\"og:url\" content=\"https:\/\/tourisme-terrestouloises.com\/de\/pro\/nos-brochures-2\/\" \/>\n<meta property=\"og:site_name\" content=\"Tourismusb\u00fcro Terres Touloises\" \/>\n<meta property=\"article:modified_time\" content=\"2025-02-06T16:40:24+00:00\" \/>\n<meta name=\"twitter:card\" content=\"summary_large_image\" \/>\n<meta name=\"twitter:label1\" content=\"Gesch\u00e4tzte Lesezeit\" \/>\n\t<meta name=\"twitter:data1\" content=\"1\u00a0Minute\" \/>\n<script type=\"application\/ld+json\" class=\"yoast-schema-graph\">{\"@context\":\"https:\\\/\\\/schema.org\",\"@graph\":[{\"@type\":\"WebPage\",\"@id\":\"https:\\\/\\\/tourisme-terrestouloises.com\\\/de\\\/pro\\\/nos-brochures-2\\\/\",\"url\":\"https:\\\/\\\/tourisme-terrestouloises.com\\\/de\\\/pro\\\/nos-brochures-2\\\/\",\"name\":\"Nos brochures pro - Tourismusb\u00fcro Terres Touloises\",\"isPartOf\":{\"@id\":\"https:\\\/\\\/tourisme-terrestouloises.com\\\/de\\\/#website\"},\"datePublished\":\"2025-02-06T10:38:19+00:00\",\"dateModified\":\"2025-02-06T16:40:24+00:00\",\"description\":\"D\u00e9couvrez et commandez ici les brochures de la Maison du tourisme. Nous organiserons avec vous les conditions de livraison.\",\"breadcrumb\":{\"@id\":\"https:\\\/\\\/tourisme-terrestouloises.com\\\/de\\\/pro\\\/nos-brochures-2\\\/#breadcrumb\"},\"inLanguage\":\"de\",\"potentialAction\":[{\"@type\":\"ReadAction\",\"target\":[\"https:\\\/\\\/tourisme-terrestouloises.com\\\/de\\\/pro\\\/nos-brochures-2\\\/\"]}]},{\"@type\":\"BreadcrumbList\",\"@id\":\"https:\\\/\\\/tourisme-terrestouloises.com\\\/de\\\/pro\\\/nos-brochures-2\\\/#breadcrumb\",\"itemListElement\":[{\"@type\":\"ListItem\",\"position\":1,\"name\":\"Accueil\",\"item\":\"https:\\\/\\\/tourisme-terrestouloises.com\\\/de\\\/\"},{\"@type\":\"ListItem\",\"position\":2,\"name\":\"Espace pro\",\"item\":\"https:\\\/\\\/tourisme-terrestouloises.com\\\/de\\\/pro\\\/\"},{\"@type\":\"ListItem\",\"position\":3,\"name\":\"Nos brochures pro\"}]},{\"@type\":\"WebSite\",\"@id\":\"https:\\\/\\\/tourisme-terrestouloises.com\\\/de\\\/#website\",\"url\":\"https:\\\/\\\/tourisme-terrestouloises.com\\\/de\\\/\",\"name\":\"Tourismusb\u00fcro Terres Touloises\",\"description\":\"Bienvenue en Terres Touloises\",\"publisher\":{\"@id\":\"https:\\\/\\\/tourisme-terrestouloises.com\\\/de\\\/#organization\"},\"potentialAction\":[{\"@type\":\"SearchAction\",\"target\":{\"@type\":\"EntryPoint\",\"urlTemplate\":\"https:\\\/\\\/tourisme-terrestouloises.com\\\/de\\\/?s={search_term_string}\"},\"query-input\":{\"@type\":\"PropertyValueSpecification\",\"valueRequired\":true,\"valueName\":\"search_term_string\"}}],\"inLanguage\":\"de\"},{\"@type\":\"Organization\",\"@id\":\"https:\\\/\\\/tourisme-terrestouloises.com\\\/de\\\/#organization\",\"name\":\"Tourismusb\u00fcro Terres Touloises\",\"url\":\"https:\\\/\\\/tourisme-terrestouloises.com\\\/de\\\/\",\"logo\":{\"@type\":\"ImageObject\",\"inLanguage\":\"de\",\"@id\":\"https:\\\/\\\/tourisme-terrestouloises.com\\\/de\\\/#\\\/schema\\\/logo\\\/image\\\/\",\"url\":\"https:\\\/\\\/tourisme-terrestouloises.com\\\/wp-content\\\/uploads\\\/2021\\\/11\\\/TerresTouloises_Tourisme.svg\",\"contentUrl\":\"https:\\\/\\\/tourisme-terrestouloises.com\\\/wp-content\\\/uploads\\\/2021\\\/11\\\/TerresTouloises_Tourisme.svg\",\"width\":126,\"height\":166,\"caption\":\"Tourismusb\u00fcro Terres Touloises\"},\"image\":{\"@id\":\"https:\\\/\\\/tourisme-terrestouloises.com\\\/de\\\/#\\\/schema\\\/logo\\\/image\\\/\"}}]}<\/script>\n<!-- \/ Yoast SEO plugin. -->","yoast_head_json":{"title":"Nos brochures pro - Tourismusb\u00fcro Terres Touloises","description":"D\u00e9couvrez et commandez ici les brochures de la Maison du tourisme. Nous organiserons avec vous les conditions de livraison.","robots":{"index":"index","follow":"follow","max-snippet":"max-snippet:-1","max-image-preview":"max-image-preview:large","max-video-preview":"max-video-preview:-1"},"canonical":"https:\/\/tourisme-terrestouloises.com\/de\/pro\/nos-brochures-2\/","og_locale":"de_DE","og_type":"article","og_title":"Nos brochures pro - Tourismusb\u00fcro Terres Touloises","og_description":"D\u00e9couvrez et commandez ici les brochures de la Maison du tourisme. Nous organiserons avec vous les conditions de livraison.","og_url":"https:\/\/tourisme-terrestouloises.com\/de\/pro\/nos-brochures-2\/","og_site_name":"Tourismusb\u00fcro Terres Touloises","article_modified_time":"2025-02-06T16:40:24+00:00","twitter_card":"summary_large_image","twitter_misc":{"Gesch\u00e4tzte Lesezeit":"1\u00a0Minute"},"schema":{"@context":"https:\/\/schema.org","@graph":[{"@type":"WebPage","@id":"https:\/\/tourisme-terrestouloises.com\/de\/pro\/nos-brochures-2\/","url":"https:\/\/tourisme-terrestouloises.com\/de\/pro\/nos-brochures-2\/","name":"Nos brochures pro - Tourismusb\u00fcro Terres Touloises","isPartOf":{"@id":"https:\/\/tourisme-terrestouloises.com\/de\/#website"},"datePublished":"2025-02-06T10:38:19+00:00","dateModified":"2025-02-06T16:40:24+00:00","description":"D\u00e9couvrez et commandez ici les brochures de la Maison du tourisme. Nous organiserons avec vous les conditions de livraison.","breadcrumb":{"@id":"https:\/\/tourisme-terrestouloises.com\/de\/pro\/nos-brochures-2\/#breadcrumb"},"inLanguage":"de","potentialAction":[{"@type":"ReadAction","target":["https:\/\/tourisme-terrestouloises.com\/de\/pro\/nos-brochures-2\/"]}]},{"@type":"BreadcrumbList","@id":"https:\/\/tourisme-terrestouloises.com\/de\/pro\/nos-brochures-2\/#breadcrumb","itemListElement":[{"@type":"ListItem","position":1,"name":"Accueil","item":"https:\/\/tourisme-terrestouloises.com\/de\/"},{"@type":"ListItem","position":2,"name":"Espace pro","item":"https:\/\/tourisme-terrestouloises.com\/de\/pro\/"},{"@type":"ListItem","position":3,"name":"Nos brochures pro"}]},{"@type":"WebSite","@id":"https:\/\/tourisme-terrestouloises.com\/de\/#website","url":"https:\/\/tourisme-terrestouloises.com\/de\/","name":"Tourismusb\u00fcro Terres Touloises","description":"Bienvenue en Terres Touloises","publisher":{"@id":"https:\/\/tourisme-terrestouloises.com\/de\/#organization"},"potentialAction":[{"@type":"SearchAction","target":{"@type":"EntryPoint","urlTemplate":"https:\/\/tourisme-terrestouloises.com\/de\/?s={search_term_string}"},"query-input":{"@type":"PropertyValueSpecification","valueRequired":true,"valueName":"search_term_string"}}],"inLanguage":"de"},{"@type":"Organization","@id":"https:\/\/tourisme-terrestouloises.com\/de\/#organization","name":"Tourismusb\u00fcro Terres Touloises","url":"https:\/\/tourisme-terrestouloises.com\/de\/","logo":{"@type":"ImageObject","inLanguage":"de","@id":"https:\/\/tourisme-terrestouloises.com\/de\/#\/schema\/logo\/image\/","url":"https:\/\/tourisme-terrestouloises.com\/wp-content\/uploads\/2021\/11\/TerresTouloises_Tourisme.svg","contentUrl":"https:\/\/tourisme-terrestouloises.com\/wp-content\/uploads\/2021\/11\/TerresTouloises_Tourisme.svg","width":126,"height":166,"caption":"Tourismusb\u00fcro Terres Touloises"},"image":{"@id":"https:\/\/tourisme-terrestouloises.com\/de\/#\/schema\/logo\/image\/"}}]}},"_links":{"self":[{"href":"https:\/\/tourisme-terrestouloises.com\/de\/wp-json\/wp\/v2\/pages\/525022","targetHints":{"allow":["GET"]}}],"collection":[{"href":"https:\/\/tourisme-terrestouloises.com\/de\/wp-json\/wp\/v2\/pages"}],"about":[{"href":"https:\/\/tourisme-terrestouloises.com\/de\/wp-json\/wp\/v2\/types\/page"}],"author":[{"embeddable":true,"href":"https:\/\/tourisme-terrestouloises.com\/de\/wp-json\/wp\/v2\/users\/13"}],"replies":[{"embeddable":true,"href":"https:\/\/tourisme-terrestouloises.com\/de\/wp-json\/wp\/v2\/comments?post=525022"}],"version-history":[{"count":8,"href":"https:\/\/tourisme-terrestouloises.com\/de\/wp-json\/wp\/v2\/pages\/525022\/revisions"}],"predecessor-version":[{"id":525110,"href":"https:\/\/tourisme-terrestouloises.com\/de\/wp-json\/wp\/v2\/pages\/525022\/revisions\/525110"}],"up":[{"embeddable":true,"href":"https:\/\/tourisme-terrestouloises.com\/de\/wp-json\/wp\/v2\/pages\/1850"}],"wp:attachment":[{"href":"https:\/\/tourisme-terrestouloises.com\/de\/wp-json\/wp\/v2\/media?parent=525022"}],"curies":[{"name":"wp","href":"https:\/\/api.w.org\/{rel}","templated":true}]}}