{"id":525351,"date":"2025-04-09T15:04:55","date_gmt":"2025-04-09T13:04:55","guid":{"rendered":"https:\/\/tourisme-terrestouloises.com\/?page_id=525351"},"modified":"2025-04-11T12:09:23","modified_gmt":"2025-04-11T10:09:23","slug":"les-assises-du-tourisme","status":"publish","type":"page","link":"https:\/\/tourisme-terrestouloises.com\/de\/pro\/les-rendez-vous-pro\/les-assises-du-tourisme\/","title":{"rendered":"Les assises du tourisme"},"content":{"rendered":"\t\t<div data-elementor-type=\"wp-page\" data-elementor-id=\"525351\" class=\"elementor elementor-525351\" data-elementor-post-type=\"page\">\n\t\t\t\t\t\t<section class=\"elementor-section elementor-top-section elementor-element elementor-element-3678c9e elementor-section-boxed elementor-section-height-default elementor-section-height-default\" data-id=\"3678c9e\" data-element_type=\"section\" data-e-type=\"section\">\n\t\t\t\t\t\t<div class=\"elementor-container elementor-column-gap-default\">\n\t\t\t\t\t<div class=\"elementor-column elementor-col-100 elementor-top-column elementor-element elementor-element-9d745d0\" data-id=\"9d745d0\" data-element_type=\"column\" data-e-type=\"column\">\n\t\t\t<div class=\"elementor-widget-wrap elementor-element-populated\">\n\t\t\t\t\t\t<div class=\"elementor-element elementor-element-753ad38 elementor-widget elementor-widget-spacer\" data-id=\"753ad38\" data-element_type=\"widget\" data-e-type=\"widget\" data-widget_type=\"spacer.default\">\n\t\t\t\t<div class=\"elementor-widget-container\">\n\t\t\t\t\t\t\t<div class=\"elementor-spacer\">\n\t\t\t<div class=\"elementor-spacer-inner\"><\/div>\n\t\t<\/div>\n\t\t\t\t\t\t<\/div>\n\t\t\t\t<\/div>\n\t\t\t\t\t<\/div>\n\t\t<\/div>\n\t\t\t\t\t<\/div>\n\t\t<\/section>\n\t\t\t\t<section class=\"elementor-section elementor-top-section elementor-element elementor-element-6301a63 elementor-section-boxed elementor-section-height-default elementor-section-height-default\" data-id=\"6301a63\" data-element_type=\"section\" data-e-type=\"section\">\n\t\t\t\t\t\t<div class=\"elementor-container elementor-column-gap-default\">\n\t\t\t\t\t<div class=\"elementor-column elementor-col-50 elementor-top-column elementor-element elementor-element-85e15ae\" data-id=\"85e15ae\" data-element_type=\"column\" data-e-type=\"column\">\n\t\t\t<div class=\"elementor-widget-wrap elementor-element-populated\">\n\t\t\t\t\t\t<div class=\"elementor-element elementor-element-95c2ad7 elementor-widget elementor-widget-text-editor\" data-id=\"95c2ad7\" data-element_type=\"widget\" data-e-type=\"widget\" data-widget_type=\"text-editor.default\">\n\t\t\t\t<div class=\"elementor-widget-container\">\n\t\t\t\t\t\t\t\t\t<p>La Maison du tourisme a organis\u00e9 le 1er mars 2025 des assises du tourisme consacr\u00e9es au tourisme \u00e0 v\u00e9lo. Ce temps de travail a r\u00e9uni plus de 50 personnes, \u00e9lus, partenaires priv\u00e9s, institutions, territoires voisins autour des enjeux du tourisme \u00e0 v\u00e9lo.<\/p><p>3 Tables rondes ont permis de d\u00e9tailler le sujet :<\/p><ul><li>les itin\u00e9raires<\/li><li>les touristes \u00e0 v\u00e9lo et leurs pratiques<\/li><li>le d\u00e9ploiement de services adapt\u00e9s<\/li><\/ul><p>Retrouvez les actes de ces assises, ainsi que la pr\u00e9sentation qui a \u00e9t\u00e9 projet\u00e9e \u00e0 cette occasion.<\/p>\t\t\t\t\t\t\t\t<\/div>\n\t\t\t\t<\/div>\n\t\t\t\t\t<\/div>\n\t\t<\/div>\n\t\t\t\t<div class=\"elementor-column elementor-col-50 elementor-top-column elementor-element elementor-element-e01e58d\" data-id=\"e01e58d\" data-element_type=\"column\" data-e-type=\"column\">\n\t\t\t<div class=\"elementor-widget-wrap elementor-element-populated\">\n\t\t\t\t\t\t<div class=\"elementor-element elementor-element-d2af184 elementor-widget__width-initial elementor-widget elementor-widget-image\" data-id=\"d2af184\" data-element_type=\"widget\" data-e-type=\"widget\" data-widget_type=\"image.default\">\n\t\t\t\t<div class=\"elementor-widget-container\">\n\t\t\t\t\t\t\t\t\t\t\t\t\t\t\t<img fetchpriority=\"high\" decoding=\"async\" width=\"640\" height=\"480\" src=\"https:\/\/tourisme-terrestouloises.com\/wp-content\/uploads\/2025\/04\/Assises-2025-\u00a9S.-Beck-4-1024x768.jpg\" class=\"attachment-large size-large wp-image-525353\" alt=\"Assises du tourisme\" srcset=\"https:\/\/tourisme-terrestouloises.com\/wp-content\/uploads\/2025\/04\/Assises-2025-\u00a9S.-Beck-4-1024x768.jpg 1024w, https:\/\/tourisme-terrestouloises.com\/wp-content\/uploads\/2025\/04\/Assises-2025-\u00a9S.-Beck-4-300x225.jpg 300w, https:\/\/tourisme-terrestouloises.com\/wp-content\/uploads\/2025\/04\/Assises-2025-\u00a9S.-Beck-4-768x576.jpg 768w, https:\/\/tourisme-terrestouloises.com\/wp-content\/uploads\/2025\/04\/Assises-2025-\u00a9S.-Beck-4-1536x1152.jpg 1536w, https:\/\/tourisme-terrestouloises.com\/wp-content\/uploads\/2025\/04\/Assises-2025-\u00a9S.-Beck-4-2048x1536.jpg 2048w, https:\/\/tourisme-terrestouloises.com\/wp-content\/uploads\/2025\/04\/Assises-2025-\u00a9S.-Beck-4-225x169.jpg 225w, https:\/\/tourisme-terrestouloises.com\/wp-content\/uploads\/2025\/04\/Assises-2025-\u00a9S.-Beck-4-24x18.jpg 24w, https:\/\/tourisme-terrestouloises.com\/wp-content\/uploads\/2025\/04\/Assises-2025-\u00a9S.-Beck-4-36x27.jpg 36w, https:\/\/tourisme-terrestouloises.com\/wp-content\/uploads\/2025\/04\/Assises-2025-\u00a9S.-Beck-4-48x36.jpg 48w\" sizes=\"(max-width: 640px) 100vw, 640px\" \/>\t\t\t\t\t\t\t\t\t\t\t\t\t\t\t<\/div>\n\t\t\t\t<\/div>\n\t\t\t\t\t<\/div>\n\t\t<\/div>\n\t\t\t\t\t<\/div>\n\t\t<\/section>\n\t\t\t\t<section class=\"elementor-section elementor-top-section elementor-element elementor-element-700688c elementor-section-boxed elementor-section-height-default elementor-section-height-default\" data-id=\"700688c\" data-element_type=\"section\" data-e-type=\"section\">\n\t\t\t\t\t\t<div class=\"elementor-container elementor-column-gap-default\">\n\t\t\t\t\t<div class=\"elementor-column elementor-col-100 elementor-top-column elementor-element elementor-element-67881bd\" data-id=\"67881bd\" data-element_type=\"column\" data-e-type=\"column\">\n\t\t\t<div class=\"elementor-widget-wrap elementor-element-populated\">\n\t\t\t\t\t\t<div class=\"elementor-element elementor-element-764fa2a elementor-widget elementor-widget-spacer\" data-id=\"764fa2a\" data-element_type=\"widget\" data-e-type=\"widget\" data-widget_type=\"spacer.default\">\n\t\t\t\t<div class=\"elementor-widget-container\">\n\t\t\t\t\t\t\t<div class=\"elementor-spacer\">\n\t\t\t<div class=\"elementor-spacer-inner\"><\/div>\n\t\t<\/div>\n\t\t\t\t\t\t<\/div>\n\t\t\t\t<\/div>\n\t\t\t\t\t<\/div>\n\t\t<\/div>\n\t\t\t\t\t<\/div>\n\t\t<\/section>\n\t\t\t\t<section class=\"elementor-section elementor-top-section elementor-element elementor-element-3eae746 elementor-section-boxed elementor-section-height-default elementor-section-height-default\" data-id=\"3eae746\" data-element_type=\"section\" data-e-type=\"section\">\n\t\t\t\t\t\t<div class=\"elementor-container elementor-column-gap-default\">\n\t\t\t\t\t<div class=\"elementor-column elementor-col-50 elementor-top-column elementor-element elementor-element-b5fa1e3\" data-id=\"b5fa1e3\" data-element_type=\"column\" data-e-type=\"column\">\n\t\t\t<div class=\"elementor-widget-wrap elementor-element-populated\">\n\t\t\t\t\t\t<div class=\"elementor-element elementor-element-4b2c753 elementor-widget__width-initial elementor-widget elementor-widget-image\" data-id=\"4b2c753\" data-element_type=\"widget\" data-e-type=\"widget\" data-widget_type=\"image.default\">\n\t\t\t\t<div class=\"elementor-widget-container\">\n\t\t\t\t\t\t\t\t\t\t\t\t<figure class=\"wp-caption\">\n\t\t\t\t\t\t\t\t\t\t\t<a href=\"https:\/\/tourisme-terrestouloises.com\/wp-content\/uploads\/2025\/04\/Actes-des-assises-du-tourisme-2025.pdf\" target=\"_blank\">\n\t\t\t\t\t\t\t<img decoding=\"async\" width=\"601\" height=\"854\" src=\"https:\/\/tourisme-terrestouloises.com\/wp-content\/uploads\/2025\/04\/actes_assises_visuel.png\" class=\"attachment-large size-large wp-image-525356\" alt=\"\" srcset=\"https:\/\/tourisme-terrestouloises.com\/wp-content\/uploads\/2025\/04\/actes_assises_visuel.png 601w, https:\/\/tourisme-terrestouloises.com\/wp-content\/uploads\/2025\/04\/actes_assises_visuel-211x300.png 211w, https:\/\/tourisme-terrestouloises.com\/wp-content\/uploads\/2025\/04\/actes_assises_visuel-119x169.png 119w, https:\/\/tourisme-terrestouloises.com\/wp-content\/uploads\/2025\/04\/actes_assises_visuel-17x24.png 17w, https:\/\/tourisme-terrestouloises.com\/wp-content\/uploads\/2025\/04\/actes_assises_visuel-25x36.png 25w, https:\/\/tourisme-terrestouloises.com\/wp-content\/uploads\/2025\/04\/actes_assises_visuel-34x48.png 34w\" sizes=\"(max-width: 601px) 100vw, 601px\" \/>\t\t\t\t\t\t\t\t<\/a>\n\t\t\t\t\t\t\t\t\t\t\t<figcaption class=\"widget-image-caption wp-caption-text\"><\/figcaption>\n\t\t\t\t\t\t\t\t\t\t<\/figure>\n\t\t\t\t\t\t\t\t\t<\/div>\n\t\t\t\t<\/div>\n\t\t\t\t\t<\/div>\n\t\t<\/div>\n\t\t\t\t<div class=\"elementor-column elementor-col-50 elementor-top-column elementor-element elementor-element-e040ed4\" data-id=\"e040ed4\" data-element_type=\"column\" data-e-type=\"column\">\n\t\t\t<div class=\"elementor-widget-wrap elementor-element-populated\">\n\t\t\t\t\t\t<div class=\"elementor-element elementor-element-9709553 elementor-widget elementor-widget-image\" data-id=\"9709553\" data-element_type=\"widget\" data-e-type=\"widget\" data-widget_type=\"image.default\">\n\t\t\t\t<div class=\"elementor-widget-container\">\n\t\t\t\t\t\t\t\t\t\t\t\t\t\t\t\t<a href=\"https:\/\/tourisme-terrestouloises.com\/wp-content\/uploads\/2025\/04\/prez_assises_tablesrondes_vlight.pdf\" target=\"_blank\">\n\t\t\t\t\t\t\t<img decoding=\"async\" width=\"640\" height=\"363\" src=\"https:\/\/tourisme-terrestouloises.com\/wp-content\/uploads\/2025\/04\/presentation_assises_visuel-1024x580.png\" class=\"attachment-large size-large wp-image-525368\" alt=\"\" srcset=\"https:\/\/tourisme-terrestouloises.com\/wp-content\/uploads\/2025\/04\/presentation_assises_visuel-1024x580.png 1024w, https:\/\/tourisme-terrestouloises.com\/wp-content\/uploads\/2025\/04\/presentation_assises_visuel-300x170.png 300w, https:\/\/tourisme-terrestouloises.com\/wp-content\/uploads\/2025\/04\/presentation_assises_visuel-768x435.png 768w, https:\/\/tourisme-terrestouloises.com\/wp-content\/uploads\/2025\/04\/presentation_assises_visuel-298x169.png 298w, https:\/\/tourisme-terrestouloises.com\/wp-content\/uploads\/2025\/04\/presentation_assises_visuel-24x14.png 24w, https:\/\/tourisme-terrestouloises.com\/wp-content\/uploads\/2025\/04\/presentation_assises_visuel-36x20.png 36w, https:\/\/tourisme-terrestouloises.com\/wp-content\/uploads\/2025\/04\/presentation_assises_visuel-48x27.png 48w, https:\/\/tourisme-terrestouloises.com\/wp-content\/uploads\/2025\/04\/presentation_assises_visuel.png 1103w\" sizes=\"(max-width: 640px) 100vw, 640px\" \/>\t\t\t\t\t\t\t\t<\/a>\n\t\t\t\t\t\t\t\t\t\t\t\t\t\t\t<\/div>\n\t\t\t\t<\/div>\n\t\t\t\t<div class=\"elementor-element elementor-element-3a76c14 elementor-widget elementor-widget-text-editor\" data-id=\"3a76c14\" data-element_type=\"widget\" data-e-type=\"widget\" data-widget_type=\"text-editor.default\">\n\t\t\t\t<div class=\"elementor-widget-container\">\n\t\t\t\t\t\t\t\t\t<p>Pr\u00e9sentation projet\u00e9e lors des assises<\/p>\t\t\t\t\t\t\t\t<\/div>\n\t\t\t\t<\/div>\n\t\t\t\t\t<\/div>\n\t\t<\/div>\n\t\t\t\t\t<\/div>\n\t\t<\/section>\n\t\t\t\t<section class=\"elementor-section elementor-top-section elementor-element elementor-element-fd41a6e elementor-section-boxed elementor-section-height-default elementor-section-height-default\" data-id=\"fd41a6e\" data-element_type=\"section\" data-e-type=\"section\">\n\t\t\t\t\t\t<div class=\"elementor-container elementor-column-gap-default\">\n\t\t\t\t\t<div class=\"elementor-column elementor-col-100 elementor-top-column elementor-element elementor-element-9484658\" data-id=\"9484658\" data-element_type=\"column\" data-e-type=\"column\">\n\t\t\t<div class=\"elementor-widget-wrap elementor-element-populated\">\n\t\t\t\t\t\t<div class=\"elementor-element elementor-element-c273cd5 elementor-invisible elementor-widget elementor-widget-heading\" data-id=\"c273cd5\" data-element_type=\"widget\" data-e-type=\"widget\" data-settings=\"{&quot;_animation&quot;:&quot;fadeIn&quot;}\" data-widget_type=\"heading.default\">\n\t\t\t\t<div class=\"elementor-widget-container\">\n\t\t\t\t\t<h2 class=\"elementor-heading-title elementor-size-default\">Et apr\u00e8s ?<\/h2>\t\t\t\t<\/div>\n\t\t\t\t<\/div>\n\t\t\t\t\t<\/div>\n\t\t<\/div>\n\t\t\t\t\t<\/div>\n\t\t<\/section>\n\t\t\t\t<section class=\"elementor-section elementor-top-section elementor-element elementor-element-74060a4 elementor-section-boxed elementor-section-height-default elementor-section-height-default\" data-id=\"74060a4\" data-element_type=\"section\" data-e-type=\"section\">\n\t\t\t\t\t\t<div class=\"elementor-container elementor-column-gap-default\">\n\t\t\t\t\t<div class=\"elementor-column elementor-col-100 elementor-top-column elementor-element elementor-element-111d050\" data-id=\"111d050\" data-element_type=\"column\" data-e-type=\"column\">\n\t\t\t<div class=\"elementor-widget-wrap elementor-element-populated\">\n\t\t\t\t\t\t<div class=\"elementor-element elementor-element-0ee566c elementor-widget elementor-widget-text-editor\" data-id=\"0ee566c\" data-element_type=\"widget\" data-e-type=\"widget\" data-widget_type=\"text-editor.default\">\n\t\t\t\t<div class=\"elementor-widget-container\">\n\t\t\t\t\t\t\t\t\t<p>Un <a href=\"https:\/\/tourisme-terrestouloises.com\/pro\/les-rendez-vous-pro\/atelier-de-travail-velo\/\">atelier de travail v\u00e9lo<\/a> a \u00e9t\u00e9 mis en place. Il permet d&#8217;organiser le d\u00e9ploiement de l&#8217;offre touristique destin\u00e9e aux cyclistes.<\/p><p>L&#8217;atelier de travail est ouvert \u00e0 toute personne int\u00e9ress\u00e9e. Vous souhaitez contribuer aux travaux ou tout simplement proposer un service adapt\u00e9 dans votre \u00e9tablissement ? Contactez-nous au 03 83 64 90 60.<\/p>\t\t\t\t\t\t\t\t<\/div>\n\t\t\t\t<\/div>\n\t\t\t\t\t<\/div>\n\t\t<\/div>\n\t\t\t\t\t<\/div>\n\t\t<\/section>\n\t\t\t\t<section class=\"elementor-section elementor-top-section elementor-element elementor-element-a505a61 elementor-section-boxed elementor-section-height-default elementor-section-height-default\" data-id=\"a505a61\" data-element_type=\"section\" data-e-type=\"section\">\n\t\t\t\t\t\t<div class=\"elementor-container elementor-column-gap-default\">\n\t\t\t\t\t<div class=\"elementor-column elementor-col-100 elementor-top-column elementor-element elementor-element-e0ccc72\" data-id=\"e0ccc72\" data-element_type=\"column\" data-e-type=\"column\">\n\t\t\t<div class=\"elementor-widget-wrap elementor-element-populated\">\n\t\t\t\t\t\t<div class=\"elementor-element elementor-element-ce7b8b1 elementor-widget elementor-widget-spacer\" data-id=\"ce7b8b1\" data-element_type=\"widget\" data-e-type=\"widget\" data-widget_type=\"spacer.default\">\n\t\t\t\t<div class=\"elementor-widget-container\">\n\t\t\t\t\t\t\t<div class=\"elementor-spacer\">\n\t\t\t<div class=\"elementor-spacer-inner\"><\/div>\n\t\t<\/div>\n\t\t\t\t\t\t<\/div>\n\t\t\t\t<\/div>\n\t\t\t\t\t<\/div>\n\t\t<\/div>\n\t\t\t\t\t<\/div>\n\t\t<\/section>\n\t\t\t\t<\/div>\n\t\t","protected":false},"excerpt":{"rendered":"<p>La Maison du tourisme a organis\u00e9 le 1er mars 2025 des assises du tourisme consacr\u00e9es au tourisme \u00e0 v\u00e9lo. Ce temps de travail a r\u00e9uni plus de 50 personnes, \u00e9lus, partenaires priv\u00e9s, institutions, territoires voisins autour des enjeux du tourisme \u00e0 v\u00e9lo. 3 Tables rondes ont permis de d\u00e9tailler le sujet : les itin\u00e9raires les [&hellip;]<\/p>\n","protected":false},"author":13,"featured_media":0,"parent":525326,"menu_order":0,"comment_status":"closed","ping_status":"closed","template":"","meta":{"_acf_changed":false,"footnotes":""},"class_list":["post-525351","page","type-page","status-publish","hentry"],"acf":[],"yoast_head":"<!-- This site is optimized with the Yoast SEO plugin v27.3 - https:\/\/yoast.com\/product\/yoast-seo-wordpress\/ -->\n<title>Les assises du tourisme - Tourismusb\u00fcro Terres Touloises<\/title>\n<meta name=\"robots\" content=\"index, follow, max-snippet:-1, max-image-preview:large, max-video-preview:-1\" \/>\n<link rel=\"canonical\" href=\"https:\/\/tourisme-terrestouloises.com\/de\/pro\/les-rendez-vous-pro\/les-assises-du-tourisme\/\" \/>\n<meta property=\"og:locale\" content=\"de_DE\" \/>\n<meta property=\"og:type\" content=\"article\" \/>\n<meta property=\"og:title\" content=\"Les assises du tourisme - Tourismusb\u00fcro Terres Touloises\" \/>\n<meta property=\"og:description\" content=\"La Maison du tourisme a organis\u00e9 le 1er mars 2025 des assises du tourisme consacr\u00e9es au tourisme \u00e0 v\u00e9lo. Ce temps de travail a r\u00e9uni plus de 50 personnes, \u00e9lus, partenaires priv\u00e9s, institutions, territoires voisins autour des enjeux du tourisme \u00e0 v\u00e9lo. 3 Tables rondes ont permis de d\u00e9tailler le sujet : les itin\u00e9raires les [&hellip;]\" \/>\n<meta property=\"og:url\" content=\"https:\/\/tourisme-terrestouloises.com\/de\/pro\/les-rendez-vous-pro\/les-assises-du-tourisme\/\" \/>\n<meta property=\"og:site_name\" content=\"Tourismusb\u00fcro Terres Touloises\" \/>\n<meta property=\"article:modified_time\" content=\"2025-04-11T10:09:23+00:00\" \/>\n<meta property=\"og:image\" content=\"https:\/\/tourisme-terrestouloises.com\/wp-content\/uploads\/2025\/04\/actes_assises_visuel.png\" \/>\n<meta name=\"twitter:card\" content=\"summary_large_image\" \/>\n<meta name=\"twitter:label1\" content=\"Gesch\u00e4tzte Lesezeit\" \/>\n\t<meta name=\"twitter:data1\" content=\"2\u00a0Minuten\" \/>\n<script type=\"application\/ld+json\" class=\"yoast-schema-graph\">{\"@context\":\"https:\\\/\\\/schema.org\",\"@graph\":[{\"@type\":\"WebPage\",\"@id\":\"https:\\\/\\\/tourisme-terrestouloises.com\\\/de\\\/pro\\\/les-rendez-vous-pro\\\/les-assises-du-tourisme\\\/\",\"url\":\"https:\\\/\\\/tourisme-terrestouloises.com\\\/de\\\/pro\\\/les-rendez-vous-pro\\\/les-assises-du-tourisme\\\/\",\"name\":\"Les assises du tourisme - Tourismusb\u00fcro Terres Touloises\",\"isPartOf\":{\"@id\":\"https:\\\/\\\/tourisme-terrestouloises.com\\\/de\\\/#website\"},\"primaryImageOfPage\":{\"@id\":\"https:\\\/\\\/tourisme-terrestouloises.com\\\/de\\\/pro\\\/les-rendez-vous-pro\\\/les-assises-du-tourisme\\\/#primaryimage\"},\"image\":{\"@id\":\"https:\\\/\\\/tourisme-terrestouloises.com\\\/de\\\/pro\\\/les-rendez-vous-pro\\\/les-assises-du-tourisme\\\/#primaryimage\"},\"thumbnailUrl\":\"https:\\\/\\\/tourisme-terrestouloises.com\\\/wp-content\\\/uploads\\\/2025\\\/04\\\/actes_assises_visuel.png\",\"datePublished\":\"2025-04-09T13:04:55+00:00\",\"dateModified\":\"2025-04-11T10:09:23+00:00\",\"breadcrumb\":{\"@id\":\"https:\\\/\\\/tourisme-terrestouloises.com\\\/de\\\/pro\\\/les-rendez-vous-pro\\\/les-assises-du-tourisme\\\/#breadcrumb\"},\"inLanguage\":\"de\",\"potentialAction\":[{\"@type\":\"ReadAction\",\"target\":[\"https:\\\/\\\/tourisme-terrestouloises.com\\\/de\\\/pro\\\/les-rendez-vous-pro\\\/les-assises-du-tourisme\\\/\"]}]},{\"@type\":\"ImageObject\",\"inLanguage\":\"de\",\"@id\":\"https:\\\/\\\/tourisme-terrestouloises.com\\\/de\\\/pro\\\/les-rendez-vous-pro\\\/les-assises-du-tourisme\\\/#primaryimage\",\"url\":\"https:\\\/\\\/tourisme-terrestouloises.com\\\/wp-content\\\/uploads\\\/2025\\\/04\\\/actes_assises_visuel.png\",\"contentUrl\":\"https:\\\/\\\/tourisme-terrestouloises.com\\\/wp-content\\\/uploads\\\/2025\\\/04\\\/actes_assises_visuel.png\"},{\"@type\":\"BreadcrumbList\",\"@id\":\"https:\\\/\\\/tourisme-terrestouloises.com\\\/de\\\/pro\\\/les-rendez-vous-pro\\\/les-assises-du-tourisme\\\/#breadcrumb\",\"itemListElement\":[{\"@type\":\"ListItem\",\"position\":1,\"name\":\"Accueil\",\"item\":\"https:\\\/\\\/tourisme-terrestouloises.com\\\/de\\\/\"},{\"@type\":\"ListItem\",\"position\":2,\"name\":\"Espace pro\",\"item\":\"https:\\\/\\\/tourisme-terrestouloises.com\\\/de\\\/pro\\\/\"},{\"@type\":\"ListItem\",\"position\":3,\"name\":\"Les Rendez-vous Pro\",\"item\":\"https:\\\/\\\/tourisme-terrestouloises.com\\\/de\\\/pro\\\/les-rendez-vous-pro\\\/\"},{\"@type\":\"ListItem\",\"position\":4,\"name\":\"Les assises du tourisme\"}]},{\"@type\":\"WebSite\",\"@id\":\"https:\\\/\\\/tourisme-terrestouloises.com\\\/de\\\/#website\",\"url\":\"https:\\\/\\\/tourisme-terrestouloises.com\\\/de\\\/\",\"name\":\"Tourismusb\u00fcro Terres Touloises\",\"description\":\"Bienvenue en Terres Touloises\",\"publisher\":{\"@id\":\"https:\\\/\\\/tourisme-terrestouloises.com\\\/de\\\/#organization\"},\"potentialAction\":[{\"@type\":\"SearchAction\",\"target\":{\"@type\":\"EntryPoint\",\"urlTemplate\":\"https:\\\/\\\/tourisme-terrestouloises.com\\\/de\\\/?s={search_term_string}\"},\"query-input\":{\"@type\":\"PropertyValueSpecification\",\"valueRequired\":true,\"valueName\":\"search_term_string\"}}],\"inLanguage\":\"de\"},{\"@type\":\"Organization\",\"@id\":\"https:\\\/\\\/tourisme-terrestouloises.com\\\/de\\\/#organization\",\"name\":\"Tourismusb\u00fcro Terres Touloises\",\"url\":\"https:\\\/\\\/tourisme-terrestouloises.com\\\/de\\\/\",\"logo\":{\"@type\":\"ImageObject\",\"inLanguage\":\"de\",\"@id\":\"https:\\\/\\\/tourisme-terrestouloises.com\\\/de\\\/#\\\/schema\\\/logo\\\/image\\\/\",\"url\":\"https:\\\/\\\/tourisme-terrestouloises.com\\\/wp-content\\\/uploads\\\/2021\\\/11\\\/TerresTouloises_Tourisme.svg\",\"contentUrl\":\"https:\\\/\\\/tourisme-terrestouloises.com\\\/wp-content\\\/uploads\\\/2021\\\/11\\\/TerresTouloises_Tourisme.svg\",\"width\":126,\"height\":166,\"caption\":\"Tourismusb\u00fcro Terres Touloises\"},\"image\":{\"@id\":\"https:\\\/\\\/tourisme-terrestouloises.com\\\/de\\\/#\\\/schema\\\/logo\\\/image\\\/\"}}]}<\/script>\n<!-- \/ Yoast SEO plugin. -->","yoast_head_json":{"title":"Les assises du tourisme - Tourismusb\u00fcro Terres Touloises","robots":{"index":"index","follow":"follow","max-snippet":"max-snippet:-1","max-image-preview":"max-image-preview:large","max-video-preview":"max-video-preview:-1"},"canonical":"https:\/\/tourisme-terrestouloises.com\/de\/pro\/les-rendez-vous-pro\/les-assises-du-tourisme\/","og_locale":"de_DE","og_type":"article","og_title":"Les assises du tourisme - Tourismusb\u00fcro Terres Touloises","og_description":"La Maison du tourisme a organis\u00e9 le 1er mars 2025 des assises du tourisme consacr\u00e9es au tourisme \u00e0 v\u00e9lo. Ce temps de travail a r\u00e9uni plus de 50 personnes, \u00e9lus, partenaires priv\u00e9s, institutions, territoires voisins autour des enjeux du tourisme \u00e0 v\u00e9lo. 3 Tables rondes ont permis de d\u00e9tailler le sujet : les itin\u00e9raires les [&hellip;]","og_url":"https:\/\/tourisme-terrestouloises.com\/de\/pro\/les-rendez-vous-pro\/les-assises-du-tourisme\/","og_site_name":"Tourismusb\u00fcro Terres Touloises","article_modified_time":"2025-04-11T10:09:23+00:00","og_image":[{"url":"https:\/\/tourisme-terrestouloises.com\/wp-content\/uploads\/2025\/04\/actes_assises_visuel.png","type":"","width":"","height":""}],"twitter_card":"summary_large_image","twitter_misc":{"Gesch\u00e4tzte Lesezeit":"2\u00a0Minuten"},"schema":{"@context":"https:\/\/schema.org","@graph":[{"@type":"WebPage","@id":"https:\/\/tourisme-terrestouloises.com\/de\/pro\/les-rendez-vous-pro\/les-assises-du-tourisme\/","url":"https:\/\/tourisme-terrestouloises.com\/de\/pro\/les-rendez-vous-pro\/les-assises-du-tourisme\/","name":"Les assises du tourisme - Tourismusb\u00fcro Terres Touloises","isPartOf":{"@id":"https:\/\/tourisme-terrestouloises.com\/de\/#website"},"primaryImageOfPage":{"@id":"https:\/\/tourisme-terrestouloises.com\/de\/pro\/les-rendez-vous-pro\/les-assises-du-tourisme\/#primaryimage"},"image":{"@id":"https:\/\/tourisme-terrestouloises.com\/de\/pro\/les-rendez-vous-pro\/les-assises-du-tourisme\/#primaryimage"},"thumbnailUrl":"https:\/\/tourisme-terrestouloises.com\/wp-content\/uploads\/2025\/04\/actes_assises_visuel.png","datePublished":"2025-04-09T13:04:55+00:00","dateModified":"2025-04-11T10:09:23+00:00","breadcrumb":{"@id":"https:\/\/tourisme-terrestouloises.com\/de\/pro\/les-rendez-vous-pro\/les-assises-du-tourisme\/#breadcrumb"},"inLanguage":"de","potentialAction":[{"@type":"ReadAction","target":["https:\/\/tourisme-terrestouloises.com\/de\/pro\/les-rendez-vous-pro\/les-assises-du-tourisme\/"]}]},{"@type":"ImageObject","inLanguage":"de","@id":"https:\/\/tourisme-terrestouloises.com\/de\/pro\/les-rendez-vous-pro\/les-assises-du-tourisme\/#primaryimage","url":"https:\/\/tourisme-terrestouloises.com\/wp-content\/uploads\/2025\/04\/actes_assises_visuel.png","contentUrl":"https:\/\/tourisme-terrestouloises.com\/wp-content\/uploads\/2025\/04\/actes_assises_visuel.png"},{"@type":"BreadcrumbList","@id":"https:\/\/tourisme-terrestouloises.com\/de\/pro\/les-rendez-vous-pro\/les-assises-du-tourisme\/#breadcrumb","itemListElement":[{"@type":"ListItem","position":1,"name":"Accueil","item":"https:\/\/tourisme-terrestouloises.com\/de\/"},{"@type":"ListItem","position":2,"name":"Espace pro","item":"https:\/\/tourisme-terrestouloises.com\/de\/pro\/"},{"@type":"ListItem","position":3,"name":"Les Rendez-vous Pro","item":"https:\/\/tourisme-terrestouloises.com\/de\/pro\/les-rendez-vous-pro\/"},{"@type":"ListItem","position":4,"name":"Les assises du tourisme"}]},{"@type":"WebSite","@id":"https:\/\/tourisme-terrestouloises.com\/de\/#website","url":"https:\/\/tourisme-terrestouloises.com\/de\/","name":"Tourismusb\u00fcro Terres Touloises","description":"Bienvenue en Terres Touloises","publisher":{"@id":"https:\/\/tourisme-terrestouloises.com\/de\/#organization"},"potentialAction":[{"@type":"SearchAction","target":{"@type":"EntryPoint","urlTemplate":"https:\/\/tourisme-terrestouloises.com\/de\/?s={search_term_string}"},"query-input":{"@type":"PropertyValueSpecification","valueRequired":true,"valueName":"search_term_string"}}],"inLanguage":"de"},{"@type":"Organization","@id":"https:\/\/tourisme-terrestouloises.com\/de\/#organization","name":"Tourismusb\u00fcro Terres Touloises","url":"https:\/\/tourisme-terrestouloises.com\/de\/","logo":{"@type":"ImageObject","inLanguage":"de","@id":"https:\/\/tourisme-terrestouloises.com\/de\/#\/schema\/logo\/image\/","url":"https:\/\/tourisme-terrestouloises.com\/wp-content\/uploads\/2021\/11\/TerresTouloises_Tourisme.svg","contentUrl":"https:\/\/tourisme-terrestouloises.com\/wp-content\/uploads\/2021\/11\/TerresTouloises_Tourisme.svg","width":126,"height":166,"caption":"Tourismusb\u00fcro Terres Touloises"},"image":{"@id":"https:\/\/tourisme-terrestouloises.com\/de\/#\/schema\/logo\/image\/"}}]}},"_links":{"self":[{"href":"https:\/\/tourisme-terrestouloises.com\/de\/wp-json\/wp\/v2\/pages\/525351","targetHints":{"allow":["GET"]}}],"collection":[{"href":"https:\/\/tourisme-terrestouloises.com\/de\/wp-json\/wp\/v2\/pages"}],"about":[{"href":"https:\/\/tourisme-terrestouloises.com\/de\/wp-json\/wp\/v2\/types\/page"}],"author":[{"embeddable":true,"href":"https:\/\/tourisme-terrestouloises.com\/de\/wp-json\/wp\/v2\/users\/13"}],"replies":[{"embeddable":true,"href":"https:\/\/tourisme-terrestouloises.com\/de\/wp-json\/wp\/v2\/comments?post=525351"}],"version-history":[{"count":28,"href":"https:\/\/tourisme-terrestouloises.com\/de\/wp-json\/wp\/v2\/pages\/525351\/revisions"}],"predecessor-version":[{"id":525427,"href":"https:\/\/tourisme-terrestouloises.com\/de\/wp-json\/wp\/v2\/pages\/525351\/revisions\/525427"}],"up":[{"embeddable":true,"href":"https:\/\/tourisme-terrestouloises.com\/de\/wp-json\/wp\/v2\/pages\/525326"}],"wp:attachment":[{"href":"https:\/\/tourisme-terrestouloises.com\/de\/wp-json\/wp\/v2\/media?parent=525351"}],"curies":[{"name":"wp","href":"https:\/\/api.w.org\/{rel}","templated":true}]}}