{"id":525476,"date":"2024-12-05T14:38:44","date_gmt":"2024-12-05T13:38:44","guid":{"rendered":"https:\/\/tourisme-terrestouloises.com\/ticketverkauf\/"},"modified":"2025-04-30T17:31:55","modified_gmt":"2025-04-30T15:31:55","slug":"ticketverkauf","status":"publish","type":"page","link":"https:\/\/tourisme-terrestouloises.com\/de\/ticketverkauf\/","title":{"rendered":"Ticketverkauf"},"content":{"rendered":"\t\t<div data-elementor-type=\"wp-page\" data-elementor-id=\"525476\" class=\"elementor elementor-525476 elementor-524819\" data-elementor-post-type=\"page\">\n\t\t\t\t\t\t<section class=\"elementor-section elementor-top-section elementor-element elementor-element-e3d9a2a elementor-section-boxed elementor-section-height-default elementor-section-height-default\" data-id=\"e3d9a2a\" data-element_type=\"section\" data-e-type=\"section\">\n\t\t\t\t\t\t<div class=\"elementor-container elementor-column-gap-default\">\n\t\t\t\t\t<div class=\"elementor-column elementor-col-100 elementor-top-column elementor-element elementor-element-aebc2ab\" data-id=\"aebc2ab\" data-element_type=\"column\" data-e-type=\"column\">\n\t\t\t<div class=\"elementor-widget-wrap elementor-element-populated\">\n\t\t\t\t\t\t<div class=\"elementor-element elementor-element-585d958 elementor-widget elementor-widget-spacer\" data-id=\"585d958\" data-element_type=\"widget\" data-e-type=\"widget\" data-widget_type=\"spacer.default\">\n\t\t\t\t<div class=\"elementor-widget-container\">\n\t\t\t\t\t\t\t<div class=\"elementor-spacer\">\n\t\t\t<div class=\"elementor-spacer-inner\"><\/div>\n\t\t<\/div>\n\t\t\t\t\t\t<\/div>\n\t\t\t\t<\/div>\n\t\t\t\t<div class=\"elementor-element elementor-element-d4511cb elementor-invisible elementor-widget elementor-widget-heading\" data-id=\"d4511cb\" data-element_type=\"widget\" data-e-type=\"widget\" data-settings=\"{&quot;_animation&quot;:&quot;fadeIn&quot;}\" data-widget_type=\"heading.default\">\n\t\t\t\t<div class=\"elementor-widget-container\">\n\t\t\t\t\t<h2 class=\"elementor-heading-title elementor-size-default\">Unsere Besuche und Animationen<\/h2>\t\t\t\t<\/div>\n\t\t\t\t<\/div>\n\t\t\t\t<div class=\"elementor-element elementor-element-7694085 elementor-widget elementor-widget-html\" data-id=\"7694085\" data-element_type=\"widget\" data-e-type=\"widget\" data-widget_type=\"html.default\">\n\t\t\t\t<div class=\"elementor-widget-container\">\n\t\t\t\t\t\r\n<!---------- Aloa Widget Vente En Ligne N\u00b0 1 ---------->\r\n<div id=\"aloaWVLZone_1\">Ladevorgang l\u00e4uft<\/div>\r\n                                                <script type=\"text\/javascript\" class=\"aloaWVLcdnScript\" rel=\"nofollow\" src=\"https:\/\/media.consonanceweb.fr\/js\/cdnAloaWVLv1.js?adew=eyJ0eXAiOiJKV1QiLCJhbGciOiJIUzI1NiJ9.eyJkIjoibWR0dGVycmVzdG91bG9pc2VzIiwiZSI6MSwidyI6IjEifQ._jy1kjLow9_68hLI1Q5yoLZ4H6yFxGXsfOA_8hzqasw&amp;autoResize=true\"><\/script>\r\n<!----------------------------------------------------------------------->\r\n\t\t\t\t<\/div>\n\t\t\t\t<\/div>\n\t\t\t\t<div class=\"elementor-element elementor-element-8bd9f79 elementor-widget elementor-widget-spacer\" data-id=\"8bd9f79\" data-element_type=\"widget\" data-e-type=\"widget\" data-widget_type=\"spacer.default\">\n\t\t\t\t<div class=\"elementor-widget-container\">\n\t\t\t\t\t\t\t<div class=\"elementor-spacer\">\n\t\t\t<div class=\"elementor-spacer-inner\"><\/div>\n\t\t<\/div>\n\t\t\t\t\t\t<\/div>\n\t\t\t\t<\/div>\n\t\t\t\t<div class=\"elementor-element elementor-element-c1304aa elementor-widget elementor-widget-spacer\" data-id=\"c1304aa\" data-element_type=\"widget\" data-e-type=\"widget\" data-widget_type=\"spacer.default\">\n\t\t\t\t<div class=\"elementor-widget-container\">\n\t\t\t\t\t\t\t<div class=\"elementor-spacer\">\n\t\t\t<div class=\"elementor-spacer-inner\"><\/div>\n\t\t<\/div>\n\t\t\t\t\t\t<\/div>\n\t\t\t\t<\/div>\n\t\t\t\t<div class=\"elementor-element elementor-element-e57359d elementor-invisible elementor-widget elementor-widget-heading\" data-id=\"e57359d\" data-element_type=\"widget\" data-e-type=\"widget\" data-settings=\"{&quot;_animation&quot;:&quot;fadeIn&quot;}\" data-widget_type=\"heading.default\">\n\t\t\t\t<div class=\"elementor-widget-container\">\n\t\t\t\t\t<h2 class=\"elementor-heading-title elementor-size-default\">Unsere F\u00fchrer<\/h2>\t\t\t\t<\/div>\n\t\t\t\t<\/div>\n\t\t\t\t\t<\/div>\n\t\t<\/div>\n\t\t\t\t\t<\/div>\n\t\t<\/section>\n\t\t\t\t<section class=\"elementor-section elementor-top-section elementor-element elementor-element-9daca36 elementor-section-boxed elementor-section-height-default elementor-section-height-default\" data-id=\"9daca36\" data-element_type=\"section\" data-e-type=\"section\">\n\t\t\t\t\t\t<div class=\"elementor-container elementor-column-gap-default\">\n\t\t\t\t\t<div class=\"elementor-column elementor-col-50 elementor-top-column elementor-element elementor-element-d3bfc13\" data-id=\"d3bfc13\" data-element_type=\"column\" data-e-type=\"column\">\n\t\t\t<div class=\"elementor-widget-wrap elementor-element-populated\">\n\t\t\t\t\t\t<div class=\"elementor-element elementor-element-34cd231 elementor-widget elementor-widget-image\" data-id=\"34cd231\" data-element_type=\"widget\" data-e-type=\"widget\" data-widget_type=\"image.default\">\n\t\t\t\t<div class=\"elementor-widget-container\">\n\t\t\t\t\t\t\t\t\t\t\t\t\t\t\t<img decoding=\"async\" src=\"https:\/\/tourisme-terrestouloises.com\/wp-content\/uploads\/elementor\/thumbs\/Copie_de_VG_Nature_automne-removebg-preview-r1elccc4ocusi22mue2oh5wb1j7mnlpm5b858ospeg.png\" title=\"Copie_de_VG_Nature_automne-removebg-preview\" alt=\"Portrait de Logan Mathiot, guide nature\" loading=\"lazy\" \/>\t\t\t\t\t\t\t\t\t\t\t\t\t\t\t<\/div>\n\t\t\t\t<\/div>\n\t\t\t\t<div class=\"elementor-element elementor-element-e9fdf56 elementor-widget elementor-widget-text-editor\" data-id=\"e9fdf56\" data-element_type=\"widget\" data-e-type=\"widget\" data-widget_type=\"text-editor.default\">\n\t\t\t\t<div class=\"elementor-widget-container\">\n\t\t\t\t\t\t\t\t\t<p><strong>Logan Mathiot<\/strong><\/p>\t\t\t\t\t\t\t\t<\/div>\n\t\t\t\t<\/div>\n\t\t\t\t<div class=\"elementor-element elementor-element-4dfd26a elementor-widget elementor-widget-text-editor\" data-id=\"4dfd26a\" data-element_type=\"widget\" data-e-type=\"widget\" data-widget_type=\"text-editor.default\">\n\t\t\t\t<div class=\"elementor-widget-container\">\n\t\t\t\t\t\t\t\t\t<p>Naturf\u00fchrer<\/p>\t\t\t\t\t\t\t\t<\/div>\n\t\t\t\t<\/div>\n\t\t\t\t<div class=\"elementor-element elementor-element-3251242 elementor-blockquote--skin-quotation elementor-blockquote--align-left elementor-widget elementor-widget-blockquote\" data-id=\"3251242\" data-element_type=\"widget\" data-e-type=\"widget\" data-widget_type=\"blockquote.default\">\n\t\t\t\t<div class=\"elementor-widget-container\">\n\t\t\t\t\t\t\t<blockquote class=\"elementor-blockquote\">\n\t\t\t<p class=\"elementor-blockquote__content\">\n\t\t\t\tMein Ziel ist es, das Terroir zu beleuchten und die Bedeutung der Verbindung zwischen Mensch und Landschaft aufzuzeigen. Als Fremdenf\u00fchrer sehe ich mich als F\u00e4hrmann: zwischen Natur und Kulturerbe, Vergangenheit und Gegenwart, Sichtbarem und Unsichtbarem. Jeder Spaziergang wird zu einer Entdeckung, einer Gelegenheit, sich wieder mit unserer Umwelt zu verbinden. Es geht darum, die Neugier zu wecken, ungeahnte Details zu enth\u00fcllen und die Schl\u00fcssel zum Verst\u00e4ndnis der Welt um uns herum anzubieten.   \t\t\t<\/p>\n\t\t\t\t\t<\/blockquote>\n\t\t\t\t\t\t<\/div>\n\t\t\t\t<\/div>\n\t\t\t\t<div class=\"elementor-element elementor-element-4942841 elementor-widget-divider--view-line_icon elementor-view-default elementor-widget-divider--element-align-center elementor-widget elementor-widget-divider\" data-id=\"4942841\" data-element_type=\"widget\" data-e-type=\"widget\" data-widget_type=\"divider.default\">\n\t\t\t\t<div class=\"elementor-widget-container\">\n\t\t\t\t\t\t\t<div class=\"elementor-divider\">\n\t\t\t<span class=\"elementor-divider-separator\">\n\t\t\t\t\t\t\t<div class=\"elementor-icon elementor-divider__element\">\n\t\t\t\t\t<i aria-hidden=\"true\" class=\"fas fa-heart\"><\/i><\/div>\n\t\t\t\t\t\t<\/span>\n\t\t<\/div>\n\t\t\t\t\t\t<\/div>\n\t\t\t\t<\/div>\n\t\t\t\t<div class=\"elementor-element elementor-element-c79de5f elementor-widget elementor-widget-text-editor\" data-id=\"c79de5f\" data-element_type=\"widget\" data-e-type=\"widget\" data-widget_type=\"text-editor.default\">\n\t\t\t\t<div class=\"elementor-widget-container\">\n\t\t\t\t\t\t\t\t\t<p><strong>Lieblingsort:<\/strong> der Aussichtspunkt auf den Anh\u00f6hen von Boucq<\/p><p><strong>Seine Leidenschaften:<\/strong> Wissenschaft, Geschichte, Schreiben und die Natur<\/p><p><strong>Seine Werte:<\/strong> Authentizit\u00e4t, Engagement f\u00fcr nachhaltige Entwicklung und Aufwertung des Terroirs<\/p>\t\t\t\t\t\t\t\t<\/div>\n\t\t\t\t<\/div>\n\t\t\t\t<div class=\"elementor-element elementor-element-445c4f1 elementor-widget elementor-widget-image\" data-id=\"445c4f1\" data-element_type=\"widget\" data-e-type=\"widget\" data-widget_type=\"image.default\">\n\t\t\t\t<div class=\"elementor-widget-container\">\n\t\t\t\t\t\t\t\t\t\t\t\t\t\t\t<img decoding=\"async\" width=\"300\" height=\"88\" src=\"https:\/\/tourisme-terrestouloises.com\/wp-content\/uploads\/2025\/02\/3_pictos_sorties_nature-removebg-preview-300x88.png\" class=\"attachment-medium size-medium wp-image-525067\" alt=\"\" srcset=\"https:\/\/tourisme-terrestouloises.com\/wp-content\/uploads\/2025\/02\/3_pictos_sorties_nature-removebg-preview-300x88.png 300w, https:\/\/tourisme-terrestouloises.com\/wp-content\/uploads\/2025\/02\/3_pictos_sorties_nature-removebg-preview-768x226.png 768w, https:\/\/tourisme-terrestouloises.com\/wp-content\/uploads\/2025\/02\/3_pictos_sorties_nature-removebg-preview-24x7.png 24w, https:\/\/tourisme-terrestouloises.com\/wp-content\/uploads\/2025\/02\/3_pictos_sorties_nature-removebg-preview-36x11.png 36w, https:\/\/tourisme-terrestouloises.com\/wp-content\/uploads\/2025\/02\/3_pictos_sorties_nature-removebg-preview-48x14.png 48w, https:\/\/tourisme-terrestouloises.com\/wp-content\/uploads\/2025\/02\/3_pictos_sorties_nature-removebg-preview.png 919w\" sizes=\"(max-width: 300px) 100vw, 300px\" \/>\t\t\t\t\t\t\t\t\t\t\t\t\t\t\t<\/div>\n\t\t\t\t<\/div>\n\t\t\t\t\t<\/div>\n\t\t<\/div>\n\t\t\t\t<div class=\"elementor-column elementor-col-50 elementor-top-column elementor-element elementor-element-4ffea42\" data-id=\"4ffea42\" data-element_type=\"column\" data-e-type=\"column\" data-settings=\"{&quot;motion_fx_motion_fx_mouse&quot;:&quot;yes&quot;}\">\n\t\t\t<div class=\"elementor-widget-wrap elementor-element-populated\">\n\t\t\t\t\t\t<div class=\"elementor-element elementor-element-45de9d9 elementor-widget elementor-widget-image\" data-id=\"45de9d9\" data-element_type=\"widget\" data-e-type=\"widget\" data-widget_type=\"image.default\">\n\t\t\t\t<div class=\"elementor-widget-container\">\n\t\t\t\t\t\t\t\t\t\t\t\t\t\t\t<img decoding=\"async\" src=\"https:\/\/tourisme-terrestouloises.com\/wp-content\/uploads\/elementor\/thumbs\/Copie_de_VG_Nature_automne__1_-removebg-preview-r1hnsbrhhvoeeeqfw15egu65qe3bwo3c4lt6qdkdqw.png\" title=\"Copie_de_VG_Nature_automne__1_-removebg-preview\" alt=\"Pauline Louyot, guide conf\u00e9renci\u00e8re\" loading=\"lazy\" \/>\t\t\t\t\t\t\t\t\t\t\t\t\t\t\t<\/div>\n\t\t\t\t<\/div>\n\t\t\t\t<div class=\"elementor-element elementor-element-b4f0c81 elementor-widget elementor-widget-text-editor\" data-id=\"b4f0c81\" data-element_type=\"widget\" data-e-type=\"widget\" data-widget_type=\"text-editor.default\">\n\t\t\t\t<div class=\"elementor-widget-container\">\n\t\t\t\t\t\t\t\t\t<p><strong>Pauline Louyot<\/strong><\/p>\t\t\t\t\t\t\t\t<\/div>\n\t\t\t\t<\/div>\n\t\t\t\t<div class=\"elementor-element elementor-element-0e38522 elementor-widget elementor-widget-text-editor\" data-id=\"0e38522\" data-element_type=\"widget\" data-e-type=\"widget\" data-widget_type=\"text-editor.default\">\n\t\t\t\t<div class=\"elementor-widget-container\">\n\t\t\t\t\t\t\t\t\t<p>Fremdenf\u00fchrerin<\/p>\t\t\t\t\t\t\t\t<\/div>\n\t\t\t\t<\/div>\n\t\t\t\t<div class=\"elementor-element elementor-element-31dd281 elementor-blockquote--skin-quotation elementor-widget elementor-widget-blockquote\" data-id=\"31dd281\" data-element_type=\"widget\" data-e-type=\"widget\" data-widget_type=\"blockquote.default\">\n\t\t\t\t<div class=\"elementor-widget-container\">\n\t\t\t\t\t\t\t<blockquote class=\"elementor-blockquote\">\n\t\t\t<p class=\"elementor-blockquote__content\">\n\t\t\t\tEin Besuch ist vor allem ein lebendiger Austausch zwischen Entdecken und Teilen. Es ist nicht nur eine Wissensvermittlung, sondern eine Erfahrung, die dazu einl\u00e4dt, die Art und Weise, wie wir die Welt wahrnehmen, zu \u00fcberdenken. Es geht nicht nur darum, etwas zu erkl\u00e4ren, sondern jeden dazu zu ermutigen, die Dinge aus einem anderen Blickwinkel zu betrachten und Elemente zu entdecken, die vielleicht \u00fcbersehen werden. Ich bem\u00fche mich, Geschichte lebendig und spielerisch zu gestalten und f\u00fcr alle zug\u00e4nglich zu machen, damit jeder Besuch einzigartig ist!   \t\t\t<\/p>\n\t\t\t\t\t<\/blockquote>\n\t\t\t\t\t\t<\/div>\n\t\t\t\t<\/div>\n\t\t\t\t<div class=\"elementor-element elementor-element-3d0b804 elementor-widget-divider--view-line_icon elementor-view-default elementor-widget-divider--element-align-center elementor-widget elementor-widget-divider\" data-id=\"3d0b804\" data-element_type=\"widget\" data-e-type=\"widget\" data-widget_type=\"divider.default\">\n\t\t\t\t<div class=\"elementor-widget-container\">\n\t\t\t\t\t\t\t<div class=\"elementor-divider\">\n\t\t\t<span class=\"elementor-divider-separator\">\n\t\t\t\t\t\t\t<div class=\"elementor-icon elementor-divider__element\">\n\t\t\t\t\t<i aria-hidden=\"true\" class=\"fas fa-heart\"><\/i><\/div>\n\t\t\t\t\t\t<\/span>\n\t\t<\/div>\n\t\t\t\t\t\t<\/div>\n\t\t\t\t<\/div>\n\t\t\t\t<div class=\"elementor-element elementor-element-b3de2cd elementor-widget elementor-widget-text-editor\" data-id=\"b3de2cd\" data-element_type=\"widget\" data-e-type=\"widget\" data-widget_type=\"text-editor.default\">\n\t\t\t\t<div class=\"elementor-widget-container\">\n\t\t\t\t\t\t\t\t\t<p><strong>Lieblingsort:<\/strong> die Stiftskirche Saint-Gengoult<\/p><p><strong>Seine Leidenschaften:<\/strong> Geschichte, Lesen, Sprachenlernen und Reisen<\/p><p><strong>Werte:<\/strong> Teilen, Inklusivit\u00e4t und Investitionen in den Zugang zu Kultur<\/p>\t\t\t\t\t\t\t\t<\/div>\n\t\t\t\t<\/div>\n\t\t\t\t\t<\/div>\n\t\t<\/div>\n\t\t\t\t\t<\/div>\n\t\t<\/section>\n\t\t\t\t<\/div>\n\t\t","protected":false},"excerpt":{"rendered":"<p>Unsere Besuche und Animationen Ladevorgang l\u00e4uft Unsere F\u00fchrer Logan Mathiot Naturf\u00fchrer Mein Ziel ist es, das Terroir zu beleuchten und die Bedeutung der Verbindung zwischen Mensch und Landschaft aufzuzeigen. Als Fremdenf\u00fchrer sehe ich mich als F\u00e4hrmann: zwischen Natur und Kulturerbe, Vergangenheit und Gegenwart, Sichtbarem und Unsichtbarem. Jeder Spaziergang wird zu einer Entdeckung, einer Gelegenheit, sich [&hellip;]<\/p>\n","protected":false},"author":13,"featured_media":525124,"parent":0,"menu_order":0,"comment_status":"closed","ping_status":"closed","template":"","meta":{"_acf_changed":false,"footnotes":""},"class_list":["post-525476","page","type-page","status-publish","has-post-thumbnail","hentry"],"acf":[],"yoast_head":"<!-- This site is optimized with the Yoast SEO plugin v27.3 - https:\/\/yoast.com\/product\/yoast-seo-wordpress\/ -->\n<title>Ticketverkauf - Tourismusb\u00fcro Terres Touloises<\/title>\n<meta name=\"description\" content=\"Entdecken Sie den Kartenvorverkauf f\u00fcr unsere zahlreichen F\u00fchrungen zwischen Natur und Kulturerbe, in Toul und Umgebung!\" \/>\n<meta name=\"robots\" content=\"index, follow, max-snippet:-1, max-image-preview:large, max-video-preview:-1\" \/>\n<link rel=\"canonical\" href=\"https:\/\/tourisme-terrestouloises.com\/de\/ticketverkauf\/\" \/>\n<meta property=\"og:locale\" content=\"de_DE\" \/>\n<meta property=\"og:type\" content=\"article\" \/>\n<meta property=\"og:title\" content=\"Ticketverkauf - Tourismusb\u00fcro Terres Touloises\" \/>\n<meta property=\"og:description\" content=\"Entdecken Sie den Kartenvorverkauf f\u00fcr unsere zahlreichen F\u00fchrungen zwischen Natur und Kulturerbe, in Toul und Umgebung!\" \/>\n<meta property=\"og:url\" content=\"https:\/\/tourisme-terrestouloises.com\/de\/ticketverkauf\/\" \/>\n<meta property=\"og:site_name\" content=\"Tourismusb\u00fcro Terres Touloises\" \/>\n<meta property=\"article:modified_time\" content=\"2025-04-30T15:31:55+00:00\" \/>\n<meta property=\"og:image\" content=\"https:\/\/tourisme-terrestouloises.com\/wp-content\/uploads\/2025\/02\/andy-li-A_dJOYpxEVU-unsplash-scaled.jpg\" \/>\n\t<meta property=\"og:image:width\" content=\"2560\" \/>\n\t<meta property=\"og:image:height\" content=\"1707\" \/>\n\t<meta property=\"og:image:type\" content=\"image\/jpeg\" \/>\n<meta name=\"twitter:card\" content=\"summary_large_image\" \/>\n<meta name=\"twitter:label1\" content=\"Gesch\u00e4tzte Lesezeit\" \/>\n\t<meta name=\"twitter:data1\" content=\"1\u00a0Minute\" \/>\n<script type=\"application\/ld+json\" class=\"yoast-schema-graph\">{\"@context\":\"https:\\\/\\\/schema.org\",\"@graph\":[{\"@type\":\"WebPage\",\"@id\":\"https:\\\/\\\/tourisme-terrestouloises.com\\\/de\\\/ticketverkauf\\\/\",\"url\":\"https:\\\/\\\/tourisme-terrestouloises.com\\\/de\\\/ticketverkauf\\\/\",\"name\":\"Ticketverkauf - Tourismusb\u00fcro Terres Touloises\",\"isPartOf\":{\"@id\":\"https:\\\/\\\/tourisme-terrestouloises.com\\\/de\\\/#website\"},\"primaryImageOfPage\":{\"@id\":\"https:\\\/\\\/tourisme-terrestouloises.com\\\/de\\\/ticketverkauf\\\/#primaryimage\"},\"image\":{\"@id\":\"https:\\\/\\\/tourisme-terrestouloises.com\\\/de\\\/ticketverkauf\\\/#primaryimage\"},\"thumbnailUrl\":\"https:\\\/\\\/tourisme-terrestouloises.com\\\/wp-content\\\/uploads\\\/2025\\\/02\\\/andy-li-A_dJOYpxEVU-unsplash-scaled.jpg\",\"datePublished\":\"2024-12-05T13:38:44+00:00\",\"dateModified\":\"2025-04-30T15:31:55+00:00\",\"description\":\"Entdecken Sie den Kartenvorverkauf f\u00fcr unsere zahlreichen F\u00fchrungen zwischen Natur und Kulturerbe, in Toul und Umgebung!\",\"breadcrumb\":{\"@id\":\"https:\\\/\\\/tourisme-terrestouloises.com\\\/de\\\/ticketverkauf\\\/#breadcrumb\"},\"inLanguage\":\"de\",\"potentialAction\":[{\"@type\":\"ReadAction\",\"target\":[\"https:\\\/\\\/tourisme-terrestouloises.com\\\/de\\\/ticketverkauf\\\/\"]}]},{\"@type\":\"ImageObject\",\"inLanguage\":\"de\",\"@id\":\"https:\\\/\\\/tourisme-terrestouloises.com\\\/de\\\/ticketverkauf\\\/#primaryimage\",\"url\":\"https:\\\/\\\/tourisme-terrestouloises.com\\\/wp-content\\\/uploads\\\/2025\\\/02\\\/andy-li-A_dJOYpxEVU-unsplash-scaled.jpg\",\"contentUrl\":\"https:\\\/\\\/tourisme-terrestouloises.com\\\/wp-content\\\/uploads\\\/2025\\\/02\\\/andy-li-A_dJOYpxEVU-unsplash-scaled.jpg\",\"width\":2560,\"height\":1707,\"caption\":\"\u00a9Unsplash\"},{\"@type\":\"BreadcrumbList\",\"@id\":\"https:\\\/\\\/tourisme-terrestouloises.com\\\/de\\\/ticketverkauf\\\/#breadcrumb\",\"itemListElement\":[{\"@type\":\"ListItem\",\"position\":1,\"name\":\"Accueil\",\"item\":\"https:\\\/\\\/tourisme-terrestouloises.com\\\/de\\\/\"},{\"@type\":\"ListItem\",\"position\":2,\"name\":\"Ticketverkauf\"}]},{\"@type\":\"WebSite\",\"@id\":\"https:\\\/\\\/tourisme-terrestouloises.com\\\/de\\\/#website\",\"url\":\"https:\\\/\\\/tourisme-terrestouloises.com\\\/de\\\/\",\"name\":\"Tourismusb\u00fcro Terres Touloises\",\"description\":\"Bienvenue en Terres Touloises\",\"publisher\":{\"@id\":\"https:\\\/\\\/tourisme-terrestouloises.com\\\/de\\\/#organization\"},\"potentialAction\":[{\"@type\":\"SearchAction\",\"target\":{\"@type\":\"EntryPoint\",\"urlTemplate\":\"https:\\\/\\\/tourisme-terrestouloises.com\\\/de\\\/?s={search_term_string}\"},\"query-input\":{\"@type\":\"PropertyValueSpecification\",\"valueRequired\":true,\"valueName\":\"search_term_string\"}}],\"inLanguage\":\"de\"},{\"@type\":\"Organization\",\"@id\":\"https:\\\/\\\/tourisme-terrestouloises.com\\\/de\\\/#organization\",\"name\":\"Tourismusb\u00fcro Terres Touloises\",\"url\":\"https:\\\/\\\/tourisme-terrestouloises.com\\\/de\\\/\",\"logo\":{\"@type\":\"ImageObject\",\"inLanguage\":\"de\",\"@id\":\"https:\\\/\\\/tourisme-terrestouloises.com\\\/de\\\/#\\\/schema\\\/logo\\\/image\\\/\",\"url\":\"https:\\\/\\\/tourisme-terrestouloises.com\\\/wp-content\\\/uploads\\\/2021\\\/11\\\/TerresTouloises_Tourisme.svg\",\"contentUrl\":\"https:\\\/\\\/tourisme-terrestouloises.com\\\/wp-content\\\/uploads\\\/2021\\\/11\\\/TerresTouloises_Tourisme.svg\",\"width\":126,\"height\":166,\"caption\":\"Tourismusb\u00fcro Terres Touloises\"},\"image\":{\"@id\":\"https:\\\/\\\/tourisme-terrestouloises.com\\\/de\\\/#\\\/schema\\\/logo\\\/image\\\/\"}}]}<\/script>\n<!-- \/ Yoast SEO plugin. -->","yoast_head_json":{"title":"Ticketverkauf - Tourismusb\u00fcro Terres Touloises","description":"Entdecken Sie den Kartenvorverkauf f\u00fcr unsere zahlreichen F\u00fchrungen zwischen Natur und Kulturerbe, in Toul und Umgebung!","robots":{"index":"index","follow":"follow","max-snippet":"max-snippet:-1","max-image-preview":"max-image-preview:large","max-video-preview":"max-video-preview:-1"},"canonical":"https:\/\/tourisme-terrestouloises.com\/de\/ticketverkauf\/","og_locale":"de_DE","og_type":"article","og_title":"Ticketverkauf - Tourismusb\u00fcro Terres Touloises","og_description":"Entdecken Sie den Kartenvorverkauf f\u00fcr unsere zahlreichen F\u00fchrungen zwischen Natur und Kulturerbe, in Toul und Umgebung!","og_url":"https:\/\/tourisme-terrestouloises.com\/de\/ticketverkauf\/","og_site_name":"Tourismusb\u00fcro Terres Touloises","article_modified_time":"2025-04-30T15:31:55+00:00","og_image":[{"width":2560,"height":1707,"url":"https:\/\/tourisme-terrestouloises.com\/wp-content\/uploads\/2025\/02\/andy-li-A_dJOYpxEVU-unsplash-scaled.jpg","type":"image\/jpeg"}],"twitter_card":"summary_large_image","twitter_misc":{"Gesch\u00e4tzte Lesezeit":"1\u00a0Minute"},"schema":{"@context":"https:\/\/schema.org","@graph":[{"@type":"WebPage","@id":"https:\/\/tourisme-terrestouloises.com\/de\/ticketverkauf\/","url":"https:\/\/tourisme-terrestouloises.com\/de\/ticketverkauf\/","name":"Ticketverkauf - Tourismusb\u00fcro Terres Touloises","isPartOf":{"@id":"https:\/\/tourisme-terrestouloises.com\/de\/#website"},"primaryImageOfPage":{"@id":"https:\/\/tourisme-terrestouloises.com\/de\/ticketverkauf\/#primaryimage"},"image":{"@id":"https:\/\/tourisme-terrestouloises.com\/de\/ticketverkauf\/#primaryimage"},"thumbnailUrl":"https:\/\/tourisme-terrestouloises.com\/wp-content\/uploads\/2025\/02\/andy-li-A_dJOYpxEVU-unsplash-scaled.jpg","datePublished":"2024-12-05T13:38:44+00:00","dateModified":"2025-04-30T15:31:55+00:00","description":"Entdecken Sie den Kartenvorverkauf f\u00fcr unsere zahlreichen F\u00fchrungen zwischen Natur und Kulturerbe, in Toul und Umgebung!","breadcrumb":{"@id":"https:\/\/tourisme-terrestouloises.com\/de\/ticketverkauf\/#breadcrumb"},"inLanguage":"de","potentialAction":[{"@type":"ReadAction","target":["https:\/\/tourisme-terrestouloises.com\/de\/ticketverkauf\/"]}]},{"@type":"ImageObject","inLanguage":"de","@id":"https:\/\/tourisme-terrestouloises.com\/de\/ticketverkauf\/#primaryimage","url":"https:\/\/tourisme-terrestouloises.com\/wp-content\/uploads\/2025\/02\/andy-li-A_dJOYpxEVU-unsplash-scaled.jpg","contentUrl":"https:\/\/tourisme-terrestouloises.com\/wp-content\/uploads\/2025\/02\/andy-li-A_dJOYpxEVU-unsplash-scaled.jpg","width":2560,"height":1707,"caption":"\u00a9Unsplash"},{"@type":"BreadcrumbList","@id":"https:\/\/tourisme-terrestouloises.com\/de\/ticketverkauf\/#breadcrumb","itemListElement":[{"@type":"ListItem","position":1,"name":"Accueil","item":"https:\/\/tourisme-terrestouloises.com\/de\/"},{"@type":"ListItem","position":2,"name":"Ticketverkauf"}]},{"@type":"WebSite","@id":"https:\/\/tourisme-terrestouloises.com\/de\/#website","url":"https:\/\/tourisme-terrestouloises.com\/de\/","name":"Tourismusb\u00fcro Terres Touloises","description":"Bienvenue en Terres Touloises","publisher":{"@id":"https:\/\/tourisme-terrestouloises.com\/de\/#organization"},"potentialAction":[{"@type":"SearchAction","target":{"@type":"EntryPoint","urlTemplate":"https:\/\/tourisme-terrestouloises.com\/de\/?s={search_term_string}"},"query-input":{"@type":"PropertyValueSpecification","valueRequired":true,"valueName":"search_term_string"}}],"inLanguage":"de"},{"@type":"Organization","@id":"https:\/\/tourisme-terrestouloises.com\/de\/#organization","name":"Tourismusb\u00fcro Terres Touloises","url":"https:\/\/tourisme-terrestouloises.com\/de\/","logo":{"@type":"ImageObject","inLanguage":"de","@id":"https:\/\/tourisme-terrestouloises.com\/de\/#\/schema\/logo\/image\/","url":"https:\/\/tourisme-terrestouloises.com\/wp-content\/uploads\/2021\/11\/TerresTouloises_Tourisme.svg","contentUrl":"https:\/\/tourisme-terrestouloises.com\/wp-content\/uploads\/2021\/11\/TerresTouloises_Tourisme.svg","width":126,"height":166,"caption":"Tourismusb\u00fcro Terres Touloises"},"image":{"@id":"https:\/\/tourisme-terrestouloises.com\/de\/#\/schema\/logo\/image\/"}}]}},"_links":{"self":[{"href":"https:\/\/tourisme-terrestouloises.com\/de\/wp-json\/wp\/v2\/pages\/525476","targetHints":{"allow":["GET"]}}],"collection":[{"href":"https:\/\/tourisme-terrestouloises.com\/de\/wp-json\/wp\/v2\/pages"}],"about":[{"href":"https:\/\/tourisme-terrestouloises.com\/de\/wp-json\/wp\/v2\/types\/page"}],"author":[{"embeddable":true,"href":"https:\/\/tourisme-terrestouloises.com\/de\/wp-json\/wp\/v2\/users\/13"}],"replies":[{"embeddable":true,"href":"https:\/\/tourisme-terrestouloises.com\/de\/wp-json\/wp\/v2\/comments?post=525476"}],"version-history":[{"count":10,"href":"https:\/\/tourisme-terrestouloises.com\/de\/wp-json\/wp\/v2\/pages\/525476\/revisions"}],"predecessor-version":[{"id":525487,"href":"https:\/\/tourisme-terrestouloises.com\/de\/wp-json\/wp\/v2\/pages\/525476\/revisions\/525487"}],"wp:featuredmedia":[{"embeddable":true,"href":"https:\/\/tourisme-terrestouloises.com\/de\/wp-json\/wp\/v2\/media\/525124"}],"wp:attachment":[{"href":"https:\/\/tourisme-terrestouloises.com\/de\/wp-json\/wp\/v2\/media?parent=525476"}],"curies":[{"name":"wp","href":"https:\/\/api.w.org\/{rel}","templated":true}]}}