{"id":525752,"date":"2025-06-25T12:49:45","date_gmt":"2025-06-25T10:49:45","guid":{"rendered":"https:\/\/tourisme-terrestouloises.com\/die-must-haves\/die-kathedrale-saint-etienne\/parks-und-gaerten\/"},"modified":"2025-06-26T17:57:36","modified_gmt":"2025-06-26T15:57:36","slug":"parks-und-gaerten","status":"publish","type":"page","link":"https:\/\/tourisme-terrestouloises.com\/de\/die-must-haves\/die-kathedrale-saint-etienne\/parks-und-gaerten\/","title":{"rendered":"Parks und G\u00e4rten"},"content":{"rendered":"\t\t<div data-elementor-type=\"wp-page\" data-elementor-id=\"525752\" class=\"elementor elementor-525752 elementor-525601\" data-elementor-post-type=\"page\">\n\t\t\t\t\t\t<section class=\"elementor-section elementor-top-section elementor-element elementor-element-a9fd4e1 elementor-section-boxed elementor-section-height-default elementor-section-height-default\" data-id=\"a9fd4e1\" data-element_type=\"section\" data-e-type=\"section\">\n\t\t\t\t\t\t<div class=\"elementor-container elementor-column-gap-default\">\n\t\t\t\t\t<div class=\"elementor-column elementor-col-100 elementor-top-column elementor-element elementor-element-5d7fb2a\" data-id=\"5d7fb2a\" data-element_type=\"column\" data-e-type=\"column\">\n\t\t\t<div class=\"elementor-widget-wrap elementor-element-populated\">\n\t\t\t\t\t\t<div class=\"elementor-element elementor-element-7b6378a elementor-widget elementor-widget-text-editor\" data-id=\"7b6378a\" data-element_type=\"widget\" data-e-type=\"widget\" data-widget_type=\"text-editor.default\">\n\t\t\t\t<div class=\"elementor-widget-container\">\n\t\t\t\t\t\t\t\t\t<p><strong>In Toul ist die Natur in der Stadt an jeder Ecke zu finden. <\/strong><\/p><p>Parks mit B\u00e4umen, Blumeng\u00e4rten, Spazierwege am Wasser&#8230; diese Gr\u00fcnfl\u00e4chen sind Orte der Entspannung und Entdeckung f\u00fcr Gro\u00df und Klein. Sie laden zum Flanieren, Spielen oder Betrachten ein und bieten zu jeder Jahreszeit einen idealen Rahmen, um sich zu erholen. Ob historisch oder zeitgen\u00f6ssisch, die Parks und G\u00e4rten von Toul zeugen von der Aufmerksamkeit, die der Lebensqualit\u00e4t und dem landschaftlichen Erbe gewidmet wird.   <\/p>\t\t\t\t\t\t\t\t<\/div>\n\t\t\t\t<\/div>\n\t\t\t\t\t<\/div>\n\t\t<\/div>\n\t\t\t\t\t<\/div>\n\t\t<\/section>\n\t\t\t\t<section class=\"elementor-section elementor-top-section elementor-element elementor-element-cc01cd6 elementor-section-boxed elementor-section-height-default elementor-section-height-default\" data-id=\"cc01cd6\" data-element_type=\"section\" data-e-type=\"section\">\n\t\t\t\t\t\t<div class=\"elementor-container elementor-column-gap-default\">\n\t\t\t\t\t<div class=\"elementor-column elementor-col-100 elementor-top-column elementor-element elementor-element-3131d40\" data-id=\"3131d40\" data-element_type=\"column\" data-e-type=\"column\">\n\t\t\t<div class=\"elementor-widget-wrap elementor-element-populated\">\n\t\t\t\t\t\t<div class=\"elementor-element elementor-element-5693d52 elementor-widget elementor-widget-illico-sit_liste_dynamique\" data-id=\"5693d52\" data-element_type=\"widget\" data-e-type=\"widget\" data-widget_type=\"illico-sit_liste_dynamique.default\">\n\t\t\t\t<div class=\"elementor-widget-container\">\n\t\t\t\t\t    <div class=\"sit-div\" id=\"33437\">\n        <div class=\"form_flux\" id=\"form_flux\" data-alea=\"33437\" style=\"display:none;\">\n            <form action=\"javascript:void(0);\" method=\"POST\" id=\"ChoixDate33437\" class=\"ChoixDate\">\n                <div class=\"bloc-titre\">\n                    <h2>Filter<\/h2>\n                    <button class=\"filter-button\" id=\"filter-close-button\" onclick=\"toggleFilter(33437)\">Ergebnisse anzeigen<img decoding=\"async\" src=\"https:\/\/tourisme-terrestouloises.com\/wp-content\/plugins\/Illico-GestionDonnees\/\/assets\/images\/right.svg\" alt=\"Voir les r\u00e9sultats\" title=\"Voir les r\u00e9sultats\"><\/button>\n                <\/div>\n                <div class=\"form_mandatory_value\">\n                    <input type=\"hidden\" id=\"form_page_id\" name =\"form_page_id\" value='0'>\n                    <input type=\"hidden\" id=\"form_sit_id\" name =\"form_sit_id\" value='525203'>\n                    <input type=\"hidden\" id=\"alea\" name=\"alea\" value=\"33437\">\n                <\/div>\n                \n                <button class=\"filter-button filter-button-bottom\" id=\"filter-close-button-footer\" onclick=\"toggleFilter(33437)\">Ergebnisse anzeigen<img decoding=\"async\" src=\"https:\/\/tourisme-terrestouloises.com\/wp-content\/plugins\/Illico-GestionDonnees\/\/assets\/images\/right.svg\" alt=\"Voir les r\u00e9sultats\" title=\"Voir les r\u00e9sultats\"><\/button>\n            <\/form>\n        <\/div>\n        <div class=\"filter-preview\" id=\"filter-preview\"><\/div>\n        <div class=\"global_result\" id=\"global_result33437\">\n            <div class=\"btn-nb\" id=\"btn-nb\">\n    <div class=\"nb-result\" id=\"nb-result\"><\/div>\n    <div class=\"div-button\">\n        \n        \n            <button class=\"map-button\" id=\"map-button\" onclick=\"toggleMap(33437)\">\n                <span class=\"toggle-off\"><i class=\"fas fa-toggle-off\"><\/i>Karte anzeigen<\/span>\n                <span class=\"toggle-on\"><i class=\"fas fa-toggle-on\"><\/i>Karte ausblenden<\/span>\n            <\/button>\n    <\/div>\n<\/div>\n            <div class=\"div-list\" id=\"33437\">\n                <div class=\"left-column\" id=\"left-column\">\n                    <div class=\"loader\">\n                        <div class=\"circle\"><\/div>\n                        <div class=\"circle\"><\/div>\n                        <div class=\"circle\"><\/div>\n                        <div class=\"circle\"><\/div>\n                    <\/div>\n                <\/div>\n                <div class=\"right-column\" id=\"right-column\"><div id=\"mapid33437\" class=\"MapNumero\"><\/div><\/div>\n            <\/div>\n        <\/div>\n    <\/div>            <script>\n                window.addEventListener('pageshow', function(event) {\n                    setupMap(33437);\n                });\n            <\/script>\t\t\t\t<\/div>\n\t\t\t\t<\/div>\n\t\t\t\t\t<\/div>\n\t\t<\/div>\n\t\t\t\t\t<\/div>\n\t\t<\/section>\n\t\t\t\t<\/div>\n\t\t","protected":false},"excerpt":{"rendered":"<p>In Toul ist die Natur in der Stadt an jeder Ecke zu finden. Parks mit B\u00e4umen, Blumeng\u00e4rten, Spazierwege am Wasser&#8230; diese Gr\u00fcnfl\u00e4chen sind Orte der Entspannung und Entdeckung f\u00fcr Gro\u00df und Klein. Sie laden zum Flanieren, Spielen oder Betrachten ein und bieten zu jeder Jahreszeit einen idealen Rahmen, um sich zu erholen. Ob historisch oder [&hellip;]<\/p>\n","protected":false},"author":14,"featured_media":525604,"parent":13668,"menu_order":0,"comment_status":"closed","ping_status":"closed","template":"","meta":{"_acf_changed":false,"footnotes":""},"class_list":["post-525752","page","type-page","status-publish","has-post-thumbnail","hentry"],"acf":[],"yoast_head":"<!-- This site is optimized with the Yoast SEO plugin v27.3 - https:\/\/yoast.com\/product\/yoast-seo-wordpress\/ -->\n<title>Parks und G\u00e4rten - Tourismusb\u00fcro Terres Touloises<\/title>\n<meta name=\"description\" content=\"Parks und G\u00e4rten in Toul: Gr\u00fcne Ecken, Spazierg\u00e4nge, Entspannung und Natur in der Stadt. Entdecken Sie diese Orte, die den Charme des Alltags ausmachen!\" \/>\n<meta name=\"robots\" content=\"index, follow, max-snippet:-1, max-image-preview:large, max-video-preview:-1\" \/>\n<link rel=\"canonical\" href=\"https:\/\/tourisme-terrestouloises.com\/de\/die-must-haves\/die-kathedrale-saint-etienne\/parks-und-gaerten\/\" \/>\n<meta property=\"og:locale\" content=\"de_DE\" \/>\n<meta property=\"og:type\" content=\"article\" \/>\n<meta property=\"og:title\" content=\"Parks und G\u00e4rten - Tourismusb\u00fcro Terres Touloises\" \/>\n<meta property=\"og:description\" content=\"Parks und G\u00e4rten in Toul: Gr\u00fcne Ecken, Spazierg\u00e4nge, Entspannung und Natur in der Stadt. Entdecken Sie diese Orte, die den Charme des Alltags ausmachen!\" \/>\n<meta property=\"og:url\" content=\"https:\/\/tourisme-terrestouloises.com\/de\/die-must-haves\/die-kathedrale-saint-etienne\/parks-und-gaerten\/\" \/>\n<meta property=\"og:site_name\" content=\"Tourismusb\u00fcro Terres Touloises\" \/>\n<meta property=\"article:modified_time\" content=\"2025-06-26T15:57:36+00:00\" \/>\n<meta property=\"og:image\" content=\"https:\/\/tourisme-terrestouloises.com\/wp-content\/uploads\/2025\/06\/\u00a9Sarah-Beck-10-scaled.jpg\" \/>\n\t<meta property=\"og:image:width\" content=\"1920\" \/>\n\t<meta property=\"og:image:height\" content=\"2560\" \/>\n\t<meta property=\"og:image:type\" content=\"image\/jpeg\" \/>\n<meta name=\"twitter:card\" content=\"summary_large_image\" \/>\n<script type=\"application\/ld+json\" class=\"yoast-schema-graph\">{\"@context\":\"https:\\\/\\\/schema.org\",\"@graph\":[{\"@type\":\"WebPage\",\"@id\":\"https:\\\/\\\/tourisme-terrestouloises.com\\\/de\\\/die-must-haves\\\/die-kathedrale-saint-etienne\\\/parks-und-gaerten\\\/\",\"url\":\"https:\\\/\\\/tourisme-terrestouloises.com\\\/de\\\/die-must-haves\\\/die-kathedrale-saint-etienne\\\/parks-und-gaerten\\\/\",\"name\":\"Parks und G\u00e4rten - Tourismusb\u00fcro Terres Touloises\",\"isPartOf\":{\"@id\":\"https:\\\/\\\/tourisme-terrestouloises.com\\\/de\\\/#website\"},\"primaryImageOfPage\":{\"@id\":\"https:\\\/\\\/tourisme-terrestouloises.com\\\/de\\\/die-must-haves\\\/die-kathedrale-saint-etienne\\\/parks-und-gaerten\\\/#primaryimage\"},\"image\":{\"@id\":\"https:\\\/\\\/tourisme-terrestouloises.com\\\/de\\\/die-must-haves\\\/die-kathedrale-saint-etienne\\\/parks-und-gaerten\\\/#primaryimage\"},\"thumbnailUrl\":\"https:\\\/\\\/tourisme-terrestouloises.com\\\/wp-content\\\/uploads\\\/2025\\\/06\\\/\u00a9Sarah-Beck-10-scaled.jpg\",\"datePublished\":\"2025-06-25T10:49:45+00:00\",\"dateModified\":\"2025-06-26T15:57:36+00:00\",\"description\":\"Parks und G\u00e4rten in Toul: Gr\u00fcne Ecken, Spazierg\u00e4nge, Entspannung und Natur in der Stadt. Entdecken Sie diese Orte, die den Charme des Alltags ausmachen!\",\"breadcrumb\":{\"@id\":\"https:\\\/\\\/tourisme-terrestouloises.com\\\/de\\\/die-must-haves\\\/die-kathedrale-saint-etienne\\\/parks-und-gaerten\\\/#breadcrumb\"},\"inLanguage\":\"de\",\"potentialAction\":[{\"@type\":\"ReadAction\",\"target\":[\"https:\\\/\\\/tourisme-terrestouloises.com\\\/de\\\/die-must-haves\\\/die-kathedrale-saint-etienne\\\/parks-und-gaerten\\\/\"]}]},{\"@type\":\"ImageObject\",\"inLanguage\":\"de\",\"@id\":\"https:\\\/\\\/tourisme-terrestouloises.com\\\/de\\\/die-must-haves\\\/die-kathedrale-saint-etienne\\\/parks-und-gaerten\\\/#primaryimage\",\"url\":\"https:\\\/\\\/tourisme-terrestouloises.com\\\/wp-content\\\/uploads\\\/2025\\\/06\\\/\u00a9Sarah-Beck-10-scaled.jpg\",\"contentUrl\":\"https:\\\/\\\/tourisme-terrestouloises.com\\\/wp-content\\\/uploads\\\/2025\\\/06\\\/\u00a9Sarah-Beck-10-scaled.jpg\",\"width\":1920,\"height\":2560,\"caption\":\"\u00a9S. Beck - MDT\"},{\"@type\":\"BreadcrumbList\",\"@id\":\"https:\\\/\\\/tourisme-terrestouloises.com\\\/de\\\/die-must-haves\\\/die-kathedrale-saint-etienne\\\/parks-und-gaerten\\\/#breadcrumb\",\"itemListElement\":[{\"@type\":\"ListItem\",\"position\":1,\"name\":\"Accueil\",\"item\":\"https:\\\/\\\/tourisme-terrestouloises.com\\\/de\\\/\"},{\"@type\":\"ListItem\",\"position\":2,\"name\":\"Die must-Haves\",\"item\":\"https:\\\/\\\/tourisme-terrestouloises.com\\\/de\\\/die-must-haves\\\/\"},{\"@type\":\"ListItem\",\"position\":3,\"name\":\"Toul &#8211; Bischofsstadt\",\"item\":\"https:\\\/\\\/tourisme-terrestouloises.com\\\/de\\\/die-must-haves\\\/die-kathedrale-saint-etienne\\\/\"},{\"@type\":\"ListItem\",\"position\":4,\"name\":\"Parks und G\u00e4rten\"}]},{\"@type\":\"WebSite\",\"@id\":\"https:\\\/\\\/tourisme-terrestouloises.com\\\/de\\\/#website\",\"url\":\"https:\\\/\\\/tourisme-terrestouloises.com\\\/de\\\/\",\"name\":\"Tourismusb\u00fcro Terres Touloises\",\"description\":\"Bienvenue en Terres Touloises\",\"publisher\":{\"@id\":\"https:\\\/\\\/tourisme-terrestouloises.com\\\/de\\\/#organization\"},\"potentialAction\":[{\"@type\":\"SearchAction\",\"target\":{\"@type\":\"EntryPoint\",\"urlTemplate\":\"https:\\\/\\\/tourisme-terrestouloises.com\\\/de\\\/?s={search_term_string}\"},\"query-input\":{\"@type\":\"PropertyValueSpecification\",\"valueRequired\":true,\"valueName\":\"search_term_string\"}}],\"inLanguage\":\"de\"},{\"@type\":\"Organization\",\"@id\":\"https:\\\/\\\/tourisme-terrestouloises.com\\\/de\\\/#organization\",\"name\":\"Tourismusb\u00fcro Terres Touloises\",\"url\":\"https:\\\/\\\/tourisme-terrestouloises.com\\\/de\\\/\",\"logo\":{\"@type\":\"ImageObject\",\"inLanguage\":\"de\",\"@id\":\"https:\\\/\\\/tourisme-terrestouloises.com\\\/de\\\/#\\\/schema\\\/logo\\\/image\\\/\",\"url\":\"https:\\\/\\\/tourisme-terrestouloises.com\\\/wp-content\\\/uploads\\\/2021\\\/11\\\/TerresTouloises_Tourisme.svg\",\"contentUrl\":\"https:\\\/\\\/tourisme-terrestouloises.com\\\/wp-content\\\/uploads\\\/2021\\\/11\\\/TerresTouloises_Tourisme.svg\",\"width\":126,\"height\":166,\"caption\":\"Tourismusb\u00fcro Terres Touloises\"},\"image\":{\"@id\":\"https:\\\/\\\/tourisme-terrestouloises.com\\\/de\\\/#\\\/schema\\\/logo\\\/image\\\/\"}}]}<\/script>\n<!-- \/ Yoast SEO plugin. -->","yoast_head_json":{"title":"Parks und G\u00e4rten - Tourismusb\u00fcro Terres Touloises","description":"Parks und G\u00e4rten in Toul: Gr\u00fcne Ecken, Spazierg\u00e4nge, Entspannung und Natur in der Stadt. Entdecken Sie diese Orte, die den Charme des Alltags ausmachen!","robots":{"index":"index","follow":"follow","max-snippet":"max-snippet:-1","max-image-preview":"max-image-preview:large","max-video-preview":"max-video-preview:-1"},"canonical":"https:\/\/tourisme-terrestouloises.com\/de\/die-must-haves\/die-kathedrale-saint-etienne\/parks-und-gaerten\/","og_locale":"de_DE","og_type":"article","og_title":"Parks und G\u00e4rten - Tourismusb\u00fcro Terres Touloises","og_description":"Parks und G\u00e4rten in Toul: Gr\u00fcne Ecken, Spazierg\u00e4nge, Entspannung und Natur in der Stadt. Entdecken Sie diese Orte, die den Charme des Alltags ausmachen!","og_url":"https:\/\/tourisme-terrestouloises.com\/de\/die-must-haves\/die-kathedrale-saint-etienne\/parks-und-gaerten\/","og_site_name":"Tourismusb\u00fcro Terres Touloises","article_modified_time":"2025-06-26T15:57:36+00:00","og_image":[{"width":1920,"height":2560,"url":"https:\/\/tourisme-terrestouloises.com\/wp-content\/uploads\/2025\/06\/\u00a9Sarah-Beck-10-scaled.jpg","type":"image\/jpeg"}],"twitter_card":"summary_large_image","schema":{"@context":"https:\/\/schema.org","@graph":[{"@type":"WebPage","@id":"https:\/\/tourisme-terrestouloises.com\/de\/die-must-haves\/die-kathedrale-saint-etienne\/parks-und-gaerten\/","url":"https:\/\/tourisme-terrestouloises.com\/de\/die-must-haves\/die-kathedrale-saint-etienne\/parks-und-gaerten\/","name":"Parks und G\u00e4rten - Tourismusb\u00fcro Terres Touloises","isPartOf":{"@id":"https:\/\/tourisme-terrestouloises.com\/de\/#website"},"primaryImageOfPage":{"@id":"https:\/\/tourisme-terrestouloises.com\/de\/die-must-haves\/die-kathedrale-saint-etienne\/parks-und-gaerten\/#primaryimage"},"image":{"@id":"https:\/\/tourisme-terrestouloises.com\/de\/die-must-haves\/die-kathedrale-saint-etienne\/parks-und-gaerten\/#primaryimage"},"thumbnailUrl":"https:\/\/tourisme-terrestouloises.com\/wp-content\/uploads\/2025\/06\/\u00a9Sarah-Beck-10-scaled.jpg","datePublished":"2025-06-25T10:49:45+00:00","dateModified":"2025-06-26T15:57:36+00:00","description":"Parks und G\u00e4rten in Toul: Gr\u00fcne Ecken, Spazierg\u00e4nge, Entspannung und Natur in der Stadt. Entdecken Sie diese Orte, die den Charme des Alltags ausmachen!","breadcrumb":{"@id":"https:\/\/tourisme-terrestouloises.com\/de\/die-must-haves\/die-kathedrale-saint-etienne\/parks-und-gaerten\/#breadcrumb"},"inLanguage":"de","potentialAction":[{"@type":"ReadAction","target":["https:\/\/tourisme-terrestouloises.com\/de\/die-must-haves\/die-kathedrale-saint-etienne\/parks-und-gaerten\/"]}]},{"@type":"ImageObject","inLanguage":"de","@id":"https:\/\/tourisme-terrestouloises.com\/de\/die-must-haves\/die-kathedrale-saint-etienne\/parks-und-gaerten\/#primaryimage","url":"https:\/\/tourisme-terrestouloises.com\/wp-content\/uploads\/2025\/06\/\u00a9Sarah-Beck-10-scaled.jpg","contentUrl":"https:\/\/tourisme-terrestouloises.com\/wp-content\/uploads\/2025\/06\/\u00a9Sarah-Beck-10-scaled.jpg","width":1920,"height":2560,"caption":"\u00a9S. Beck - MDT"},{"@type":"BreadcrumbList","@id":"https:\/\/tourisme-terrestouloises.com\/de\/die-must-haves\/die-kathedrale-saint-etienne\/parks-und-gaerten\/#breadcrumb","itemListElement":[{"@type":"ListItem","position":1,"name":"Accueil","item":"https:\/\/tourisme-terrestouloises.com\/de\/"},{"@type":"ListItem","position":2,"name":"Die must-Haves","item":"https:\/\/tourisme-terrestouloises.com\/de\/die-must-haves\/"},{"@type":"ListItem","position":3,"name":"Toul &#8211; Bischofsstadt","item":"https:\/\/tourisme-terrestouloises.com\/de\/die-must-haves\/die-kathedrale-saint-etienne\/"},{"@type":"ListItem","position":4,"name":"Parks und G\u00e4rten"}]},{"@type":"WebSite","@id":"https:\/\/tourisme-terrestouloises.com\/de\/#website","url":"https:\/\/tourisme-terrestouloises.com\/de\/","name":"Tourismusb\u00fcro Terres Touloises","description":"Bienvenue en Terres Touloises","publisher":{"@id":"https:\/\/tourisme-terrestouloises.com\/de\/#organization"},"potentialAction":[{"@type":"SearchAction","target":{"@type":"EntryPoint","urlTemplate":"https:\/\/tourisme-terrestouloises.com\/de\/?s={search_term_string}"},"query-input":{"@type":"PropertyValueSpecification","valueRequired":true,"valueName":"search_term_string"}}],"inLanguage":"de"},{"@type":"Organization","@id":"https:\/\/tourisme-terrestouloises.com\/de\/#organization","name":"Tourismusb\u00fcro Terres Touloises","url":"https:\/\/tourisme-terrestouloises.com\/de\/","logo":{"@type":"ImageObject","inLanguage":"de","@id":"https:\/\/tourisme-terrestouloises.com\/de\/#\/schema\/logo\/image\/","url":"https:\/\/tourisme-terrestouloises.com\/wp-content\/uploads\/2021\/11\/TerresTouloises_Tourisme.svg","contentUrl":"https:\/\/tourisme-terrestouloises.com\/wp-content\/uploads\/2021\/11\/TerresTouloises_Tourisme.svg","width":126,"height":166,"caption":"Tourismusb\u00fcro Terres Touloises"},"image":{"@id":"https:\/\/tourisme-terrestouloises.com\/de\/#\/schema\/logo\/image\/"}}]}},"_links":{"self":[{"href":"https:\/\/tourisme-terrestouloises.com\/de\/wp-json\/wp\/v2\/pages\/525752","targetHints":{"allow":["GET"]}}],"collection":[{"href":"https:\/\/tourisme-terrestouloises.com\/de\/wp-json\/wp\/v2\/pages"}],"about":[{"href":"https:\/\/tourisme-terrestouloises.com\/de\/wp-json\/wp\/v2\/types\/page"}],"author":[{"embeddable":true,"href":"https:\/\/tourisme-terrestouloises.com\/de\/wp-json\/wp\/v2\/users\/14"}],"replies":[{"embeddable":true,"href":"https:\/\/tourisme-terrestouloises.com\/de\/wp-json\/wp\/v2\/comments?post=525752"}],"version-history":[{"count":2,"href":"https:\/\/tourisme-terrestouloises.com\/de\/wp-json\/wp\/v2\/pages\/525752\/revisions"}],"predecessor-version":[{"id":525754,"href":"https:\/\/tourisme-terrestouloises.com\/de\/wp-json\/wp\/v2\/pages\/525752\/revisions\/525754"}],"up":[{"embeddable":true,"href":"https:\/\/tourisme-terrestouloises.com\/de\/wp-json\/wp\/v2\/pages\/13668"}],"wp:featuredmedia":[{"embeddable":true,"href":"https:\/\/tourisme-terrestouloises.com\/de\/wp-json\/wp\/v2\/media\/525604"}],"wp:attachment":[{"href":"https:\/\/tourisme-terrestouloises.com\/de\/wp-json\/wp\/v2\/media?parent=525752"}],"curies":[{"name":"wp","href":"https:\/\/api.w.org\/{rel}","templated":true}]}}