{"id":2563,"date":"2022-03-18T17:16:48","date_gmt":"2022-03-18T16:16:48","guid":{"rendered":"https:\/\/tourisme-terrestouloises.com\/the-chateau-dharoue\/"},"modified":"2024-06-27T10:39:33","modified_gmt":"2024-06-27T08:39:33","slug":"the-chateau-dharoue","status":"publish","type":"page","link":"https:\/\/tourisme-terrestouloises.com\/en\/in-the-surroundings\/the-chateau-dharoue\/","title":{"rendered":"The Ch\u00e2teau d&#8217;Harou\u00e9"},"content":{"rendered":"\t\t<div data-elementor-type=\"wp-page\" data-elementor-id=\"2563\" class=\"elementor elementor-2563 elementor-2398\" data-elementor-post-type=\"page\">\n\t\t\t\t\t\t<section class=\"elementor-section elementor-top-section elementor-element elementor-element-64c13c2 elementor-section-content-top elementor-reverse-mobile elementor-section-boxed elementor-section-height-default elementor-section-height-default\" data-id=\"64c13c2\" data-element_type=\"section\" data-e-type=\"section\" data-settings=\"{&quot;background_background&quot;:&quot;classic&quot;}\">\n\t\t\t\t\t\t<div class=\"elementor-container elementor-column-gap-default\">\n\t\t\t\t\t<div class=\"elementor-column elementor-col-50 elementor-top-column elementor-element elementor-element-1eac529\" data-id=\"1eac529\" data-element_type=\"column\" data-e-type=\"column\">\n\t\t\t<div class=\"elementor-widget-wrap elementor-element-populated\">\n\t\t\t\t\t\t<div class=\"elementor-element elementor-element-d1430fb elementor-invisible elementor-widget elementor-widget-image\" data-id=\"d1430fb\" data-element_type=\"widget\" data-e-type=\"widget\" data-settings=\"{&quot;_animation&quot;:&quot;fadeInLeft&quot;,&quot;_animation_mobile&quot;:&quot;fadeIn&quot;}\" data-widget_type=\"image.default\">\n\t\t\t\t<div class=\"elementor-widget-container\">\n\t\t\t\t\t\t\t\t\t\t\t\t<figure class=\"wp-caption\">\n\t\t\t\t\t\t\t\t\t\t<img fetchpriority=\"high\" decoding=\"async\" width=\"640\" height=\"480\" src=\"https:\/\/tourisme-terrestouloises.com\/wp-content\/uploads\/2022\/03\/Haroue-\u00a9MDT-min-1024x768.jpg\" class=\"attachment-large size-large wp-image-2478\" alt=\"Le ch\u00e2teau d\u2019Harou\u00e9\" srcset=\"https:\/\/tourisme-terrestouloises.com\/wp-content\/uploads\/2022\/03\/Haroue-\u00a9MDT-min-1024x768.jpg 1024w, https:\/\/tourisme-terrestouloises.com\/wp-content\/uploads\/2022\/03\/Haroue-\u00a9MDT-min-300x225.jpg 300w, https:\/\/tourisme-terrestouloises.com\/wp-content\/uploads\/2022\/03\/Haroue-\u00a9MDT-min-768x576.jpg 768w, https:\/\/tourisme-terrestouloises.com\/wp-content\/uploads\/2022\/03\/Haroue-\u00a9MDT-min-1536x1152.jpg 1536w, https:\/\/tourisme-terrestouloises.com\/wp-content\/uploads\/2022\/03\/Haroue-\u00a9MDT-min-225x169.jpg 225w, https:\/\/tourisme-terrestouloises.com\/wp-content\/uploads\/2022\/03\/Haroue-\u00a9MDT-min-24x18.jpg 24w, https:\/\/tourisme-terrestouloises.com\/wp-content\/uploads\/2022\/03\/Haroue-\u00a9MDT-min-36x27.jpg 36w, https:\/\/tourisme-terrestouloises.com\/wp-content\/uploads\/2022\/03\/Haroue-\u00a9MDT-min-48x36.jpg 48w, https:\/\/tourisme-terrestouloises.com\/wp-content\/uploads\/2022\/03\/Haroue-\u00a9MDT-min.jpg 2048w\" sizes=\"(max-width: 640px) 100vw, 640px\" \/>\t\t\t\t\t\t\t\t\t\t\t<figcaption class=\"widget-image-caption wp-caption-text\">\u00a9MDT<\/figcaption>\n\t\t\t\t\t\t\t\t\t\t<\/figure>\n\t\t\t\t\t\t\t\t\t<\/div>\n\t\t\t\t<\/div>\n\t\t\t\t\t<\/div>\n\t\t<\/div>\n\t\t\t\t<div class=\"elementor-column elementor-col-50 elementor-top-column elementor-element elementor-element-0f8be0b\" data-id=\"0f8be0b\" data-element_type=\"column\" data-e-type=\"column\" data-settings=\"{&quot;background_background&quot;:&quot;classic&quot;}\">\n\t\t\t<div class=\"elementor-widget-wrap elementor-element-populated\">\n\t\t\t\t\t\t<div class=\"elementor-element elementor-element-5208e05 elementor-widget elementor-widget-heading\" data-id=\"5208e05\" data-element_type=\"widget\" data-e-type=\"widget\" data-widget_type=\"heading.default\">\n\t\t\t\t<div class=\"elementor-widget-container\">\n\t\t\t\t\t<h3 class=\"elementor-heading-title elementor-size-default\">The Ch\u00e2teau d'Harou\u00e9<\/h3>\t\t\t\t<\/div>\n\t\t\t\t<\/div>\n\t\t\t\t<section class=\"elementor-section elementor-inner-section elementor-element elementor-element-ea093fe elementor-section-boxed elementor-section-height-default elementor-section-height-default\" data-id=\"ea093fe\" data-element_type=\"section\" data-e-type=\"section\" data-settings=\"{&quot;background_background&quot;:&quot;classic&quot;}\">\n\t\t\t\t\t\t<div class=\"elementor-container elementor-column-gap-default\">\n\t\t\t\t\t<div class=\"elementor-column elementor-col-100 elementor-inner-column elementor-element elementor-element-f452e10\" data-id=\"f452e10\" data-element_type=\"column\" data-e-type=\"column\">\n\t\t\t<div class=\"elementor-widget-wrap elementor-element-populated\">\n\t\t\t\t\t\t<div class=\"elementor-element elementor-element-23374cb elementor-widget elementor-widget-text-editor\" data-id=\"23374cb\" data-element_type=\"widget\" data-e-type=\"widget\" data-widget_type=\"text-editor.default\">\n\t\t\t\t<div class=\"elementor-widget-container\">\n\t\t\t\t\t\t\t\t\t<p>The Cit\u00e9 des Paysages is a cultural and educational space established in the former convent buildings surrounding the Notre Dame\u2019s Basilica on the Zion hill. The centre welcomes the general public, and especially children and their families to learn about landscapes, biodiversity and ecological transition.  <\/p>\n\t\t\t\t\t\t\t\t<\/div>\n\t\t\t\t<\/div>\n\t\t\t\t<div class=\"elementor-element elementor-element-d1aec05 elementor-align-center elementor-mobile-align-center elementor-invisible elementor-widget elementor-widget-button\" data-id=\"d1aec05\" data-element_type=\"widget\" data-e-type=\"widget\" data-settings=\"{&quot;_animation&quot;:&quot;fadeIn&quot;}\" data-widget_type=\"button.default\">\n\t\t\t\t<div class=\"elementor-widget-container\">\n\t\t\t\t\t\t\t\t\t<div class=\"elementor-button-wrapper\">\n\t\t\t\t\t<a class=\"elementor-button elementor-button-link elementor-size-sm\" href=\"http:\/\/www.chateau-haroue.fr\/\" target=\"_blank\">\n\t\t\t\t\t\t<span class=\"elementor-button-content-wrapper\">\n\t\t\t\t\t\t\t\t\t<span class=\"elementor-button-text\">More information<\/span>\n\t\t\t\t\t<\/span>\n\t\t\t\t\t<\/a>\n\t\t\t\t<\/div>\n\t\t\t\t\t\t\t\t<\/div>\n\t\t\t\t<\/div>\n\t\t\t\t\t<\/div>\n\t\t<\/div>\n\t\t\t\t\t<\/div>\n\t\t<\/section>\n\t\t\t\t\t<\/div>\n\t\t<\/div>\n\t\t\t\t\t<\/div>\n\t\t<\/section>\n\t\t\t\t<\/div>\n\t\t","protected":false},"excerpt":{"rendered":"<p>\u00a9 MDT The Ch\u00e2teau d&#8217;Harou\u00e9 The Cit\u00e9 des Paysages is a cultural and educational space established in the former convent buildings surrounding the Notre Dame\u2019s Basilica on the Zion hill. The centre welcomes the general public, and especially children and their families to learn about landscapes, biodiversity and ecological transition. More information<\/p>\n","protected":false},"author":1,"featured_media":2478,"parent":523123,"menu_order":0,"comment_status":"closed","ping_status":"closed","template":"elementor_header_footer","meta":{"_acf_changed":false,"footnotes":""},"class_list":["post-2563","page","type-page","status-publish","has-post-thumbnail","hentry"],"acf":[],"yoast_head":"<!-- This site is optimized with the Yoast SEO plugin v27.3 - https:\/\/yoast.com\/product\/yoast-seo-wordpress\/ -->\n<title>The Ch\u00e2teau d&#039;Harou\u00e9 - Terres Touloises Tourist Office<\/title>\n<meta name=\"description\" content=\"Discover the Ch\u00e2teau d&#039;Harou\u00e9 and its gardens in the vicinity of Toul, in the Meurthe-et-Moselle region.\" \/>\n<meta name=\"robots\" content=\"index, follow, max-snippet:-1, max-image-preview:large, max-video-preview:-1\" \/>\n<link rel=\"canonical\" href=\"https:\/\/tourisme-terrestouloises.com\/en\/in-the-surroundings\/the-chateau-dharoue\/\" \/>\n<meta property=\"og:locale\" content=\"en_US\" \/>\n<meta property=\"og:type\" content=\"article\" \/>\n<meta property=\"og:title\" content=\"The Ch\u00e2teau d&#039;Harou\u00e9 - Terres Touloises Tourist Office\" \/>\n<meta property=\"og:description\" content=\"Discover the Ch\u00e2teau d&#039;Harou\u00e9 and its gardens in the vicinity of Toul, in the Meurthe-et-Moselle region.\" \/>\n<meta property=\"og:url\" content=\"https:\/\/tourisme-terrestouloises.com\/en\/in-the-surroundings\/the-chateau-dharoue\/\" \/>\n<meta property=\"og:site_name\" content=\"Terres Touloises Tourist Office\" \/>\n<meta property=\"article:modified_time\" content=\"2024-06-27T08:39:33+00:00\" \/>\n<meta property=\"og:image\" content=\"https:\/\/tourisme-terrestouloises.com\/wp-content\/uploads\/2022\/03\/Haroue-\u00a9MDT-min.jpg\" \/>\n\t<meta property=\"og:image:width\" content=\"2048\" \/>\n\t<meta property=\"og:image:height\" content=\"1536\" \/>\n\t<meta property=\"og:image:type\" content=\"image\/jpeg\" \/>\n<meta name=\"twitter:card\" content=\"summary_large_image\" \/>\n<script type=\"application\/ld+json\" class=\"yoast-schema-graph\">{\"@context\":\"https:\\\/\\\/schema.org\",\"@graph\":[{\"@type\":\"WebPage\",\"@id\":\"https:\\\/\\\/tourisme-terrestouloises.com\\\/en\\\/in-the-surroundings\\\/the-chateau-dharoue\\\/\",\"url\":\"https:\\\/\\\/tourisme-terrestouloises.com\\\/en\\\/in-the-surroundings\\\/the-chateau-dharoue\\\/\",\"name\":\"The Ch\u00e2teau d'Harou\u00e9 - Terres Touloises Tourist Office\",\"isPartOf\":{\"@id\":\"https:\\\/\\\/tourisme-terrestouloises.com\\\/en\\\/#website\"},\"primaryImageOfPage\":{\"@id\":\"https:\\\/\\\/tourisme-terrestouloises.com\\\/en\\\/in-the-surroundings\\\/the-chateau-dharoue\\\/#primaryimage\"},\"image\":{\"@id\":\"https:\\\/\\\/tourisme-terrestouloises.com\\\/en\\\/in-the-surroundings\\\/the-chateau-dharoue\\\/#primaryimage\"},\"thumbnailUrl\":\"https:\\\/\\\/tourisme-terrestouloises.com\\\/wp-content\\\/uploads\\\/2022\\\/03\\\/Haroue-\u00a9MDT-min.jpg\",\"datePublished\":\"2022-03-18T16:16:48+00:00\",\"dateModified\":\"2024-06-27T08:39:33+00:00\",\"description\":\"Discover the Ch\u00e2teau d'Harou\u00e9 and its gardens in the vicinity of Toul, in the Meurthe-et-Moselle region.\",\"breadcrumb\":{\"@id\":\"https:\\\/\\\/tourisme-terrestouloises.com\\\/en\\\/in-the-surroundings\\\/the-chateau-dharoue\\\/#breadcrumb\"},\"inLanguage\":\"en-US\",\"potentialAction\":[{\"@type\":\"ReadAction\",\"target\":[\"https:\\\/\\\/tourisme-terrestouloises.com\\\/en\\\/in-the-surroundings\\\/the-chateau-dharoue\\\/\"]}]},{\"@type\":\"ImageObject\",\"inLanguage\":\"en-US\",\"@id\":\"https:\\\/\\\/tourisme-terrestouloises.com\\\/en\\\/in-the-surroundings\\\/the-chateau-dharoue\\\/#primaryimage\",\"url\":\"https:\\\/\\\/tourisme-terrestouloises.com\\\/wp-content\\\/uploads\\\/2022\\\/03\\\/Haroue-\u00a9MDT-min.jpg\",\"contentUrl\":\"https:\\\/\\\/tourisme-terrestouloises.com\\\/wp-content\\\/uploads\\\/2022\\\/03\\\/Haroue-\u00a9MDT-min.jpg\",\"width\":2048,\"height\":1536,\"caption\":\"\u00a9MDT\"},{\"@type\":\"BreadcrumbList\",\"@id\":\"https:\\\/\\\/tourisme-terrestouloises.com\\\/en\\\/in-the-surroundings\\\/the-chateau-dharoue\\\/#breadcrumb\",\"itemListElement\":[{\"@type\":\"ListItem\",\"position\":1,\"name\":\"Accueil\",\"item\":\"https:\\\/\\\/tourisme-terrestouloises.com\\\/en\\\/\"},{\"@type\":\"ListItem\",\"position\":2,\"name\":\"In the surroundings\",\"item\":\"https:\\\/\\\/tourisme-terrestouloises.com\\\/en\\\/in-the-surroundings\\\/\"},{\"@type\":\"ListItem\",\"position\":3,\"name\":\"The Ch\u00e2teau d&#8217;Harou\u00e9\"}]},{\"@type\":\"WebSite\",\"@id\":\"https:\\\/\\\/tourisme-terrestouloises.com\\\/en\\\/#website\",\"url\":\"https:\\\/\\\/tourisme-terrestouloises.com\\\/en\\\/\",\"name\":\"Terres Touloises Tourist Office\",\"description\":\"Bienvenue en Terres Touloises\",\"publisher\":{\"@id\":\"https:\\\/\\\/tourisme-terrestouloises.com\\\/en\\\/#organization\"},\"potentialAction\":[{\"@type\":\"SearchAction\",\"target\":{\"@type\":\"EntryPoint\",\"urlTemplate\":\"https:\\\/\\\/tourisme-terrestouloises.com\\\/en\\\/?s={search_term_string}\"},\"query-input\":{\"@type\":\"PropertyValueSpecification\",\"valueRequired\":true,\"valueName\":\"search_term_string\"}}],\"inLanguage\":\"en-US\"},{\"@type\":\"Organization\",\"@id\":\"https:\\\/\\\/tourisme-terrestouloises.com\\\/en\\\/#organization\",\"name\":\"Terres Touloises Tourist Office\",\"url\":\"https:\\\/\\\/tourisme-terrestouloises.com\\\/en\\\/\",\"logo\":{\"@type\":\"ImageObject\",\"inLanguage\":\"en-US\",\"@id\":\"https:\\\/\\\/tourisme-terrestouloises.com\\\/en\\\/#\\\/schema\\\/logo\\\/image\\\/\",\"url\":\"https:\\\/\\\/tourisme-terrestouloises.com\\\/wp-content\\\/uploads\\\/2021\\\/11\\\/TerresTouloises_Tourisme.svg\",\"contentUrl\":\"https:\\\/\\\/tourisme-terrestouloises.com\\\/wp-content\\\/uploads\\\/2021\\\/11\\\/TerresTouloises_Tourisme.svg\",\"width\":126,\"height\":166,\"caption\":\"Terres Touloises Tourist Office\"},\"image\":{\"@id\":\"https:\\\/\\\/tourisme-terrestouloises.com\\\/en\\\/#\\\/schema\\\/logo\\\/image\\\/\"}}]}<\/script>\n<!-- \/ Yoast SEO plugin. -->","yoast_head_json":{"title":"The Ch\u00e2teau d'Harou\u00e9 - Terres Touloises Tourist Office","description":"Discover the Ch\u00e2teau d'Harou\u00e9 and its gardens in the vicinity of Toul, in the Meurthe-et-Moselle region.","robots":{"index":"index","follow":"follow","max-snippet":"max-snippet:-1","max-image-preview":"max-image-preview:large","max-video-preview":"max-video-preview:-1"},"canonical":"https:\/\/tourisme-terrestouloises.com\/en\/in-the-surroundings\/the-chateau-dharoue\/","og_locale":"en_US","og_type":"article","og_title":"The Ch\u00e2teau d'Harou\u00e9 - Terres Touloises Tourist Office","og_description":"Discover the Ch\u00e2teau d'Harou\u00e9 and its gardens in the vicinity of Toul, in the Meurthe-et-Moselle region.","og_url":"https:\/\/tourisme-terrestouloises.com\/en\/in-the-surroundings\/the-chateau-dharoue\/","og_site_name":"Terres Touloises Tourist Office","article_modified_time":"2024-06-27T08:39:33+00:00","og_image":[{"width":2048,"height":1536,"url":"https:\/\/tourisme-terrestouloises.com\/wp-content\/uploads\/2022\/03\/Haroue-\u00a9MDT-min.jpg","type":"image\/jpeg"}],"twitter_card":"summary_large_image","schema":{"@context":"https:\/\/schema.org","@graph":[{"@type":"WebPage","@id":"https:\/\/tourisme-terrestouloises.com\/en\/in-the-surroundings\/the-chateau-dharoue\/","url":"https:\/\/tourisme-terrestouloises.com\/en\/in-the-surroundings\/the-chateau-dharoue\/","name":"The Ch\u00e2teau d'Harou\u00e9 - Terres Touloises Tourist Office","isPartOf":{"@id":"https:\/\/tourisme-terrestouloises.com\/en\/#website"},"primaryImageOfPage":{"@id":"https:\/\/tourisme-terrestouloises.com\/en\/in-the-surroundings\/the-chateau-dharoue\/#primaryimage"},"image":{"@id":"https:\/\/tourisme-terrestouloises.com\/en\/in-the-surroundings\/the-chateau-dharoue\/#primaryimage"},"thumbnailUrl":"https:\/\/tourisme-terrestouloises.com\/wp-content\/uploads\/2022\/03\/Haroue-\u00a9MDT-min.jpg","datePublished":"2022-03-18T16:16:48+00:00","dateModified":"2024-06-27T08:39:33+00:00","description":"Discover the Ch\u00e2teau d'Harou\u00e9 and its gardens in the vicinity of Toul, in the Meurthe-et-Moselle region.","breadcrumb":{"@id":"https:\/\/tourisme-terrestouloises.com\/en\/in-the-surroundings\/the-chateau-dharoue\/#breadcrumb"},"inLanguage":"en-US","potentialAction":[{"@type":"ReadAction","target":["https:\/\/tourisme-terrestouloises.com\/en\/in-the-surroundings\/the-chateau-dharoue\/"]}]},{"@type":"ImageObject","inLanguage":"en-US","@id":"https:\/\/tourisme-terrestouloises.com\/en\/in-the-surroundings\/the-chateau-dharoue\/#primaryimage","url":"https:\/\/tourisme-terrestouloises.com\/wp-content\/uploads\/2022\/03\/Haroue-\u00a9MDT-min.jpg","contentUrl":"https:\/\/tourisme-terrestouloises.com\/wp-content\/uploads\/2022\/03\/Haroue-\u00a9MDT-min.jpg","width":2048,"height":1536,"caption":"\u00a9MDT"},{"@type":"BreadcrumbList","@id":"https:\/\/tourisme-terrestouloises.com\/en\/in-the-surroundings\/the-chateau-dharoue\/#breadcrumb","itemListElement":[{"@type":"ListItem","position":1,"name":"Accueil","item":"https:\/\/tourisme-terrestouloises.com\/en\/"},{"@type":"ListItem","position":2,"name":"In the surroundings","item":"https:\/\/tourisme-terrestouloises.com\/en\/in-the-surroundings\/"},{"@type":"ListItem","position":3,"name":"The Ch\u00e2teau d&#8217;Harou\u00e9"}]},{"@type":"WebSite","@id":"https:\/\/tourisme-terrestouloises.com\/en\/#website","url":"https:\/\/tourisme-terrestouloises.com\/en\/","name":"Terres Touloises Tourist Office","description":"Bienvenue en Terres Touloises","publisher":{"@id":"https:\/\/tourisme-terrestouloises.com\/en\/#organization"},"potentialAction":[{"@type":"SearchAction","target":{"@type":"EntryPoint","urlTemplate":"https:\/\/tourisme-terrestouloises.com\/en\/?s={search_term_string}"},"query-input":{"@type":"PropertyValueSpecification","valueRequired":true,"valueName":"search_term_string"}}],"inLanguage":"en-US"},{"@type":"Organization","@id":"https:\/\/tourisme-terrestouloises.com\/en\/#organization","name":"Terres Touloises Tourist Office","url":"https:\/\/tourisme-terrestouloises.com\/en\/","logo":{"@type":"ImageObject","inLanguage":"en-US","@id":"https:\/\/tourisme-terrestouloises.com\/en\/#\/schema\/logo\/image\/","url":"https:\/\/tourisme-terrestouloises.com\/wp-content\/uploads\/2021\/11\/TerresTouloises_Tourisme.svg","contentUrl":"https:\/\/tourisme-terrestouloises.com\/wp-content\/uploads\/2021\/11\/TerresTouloises_Tourisme.svg","width":126,"height":166,"caption":"Terres Touloises Tourist Office"},"image":{"@id":"https:\/\/tourisme-terrestouloises.com\/en\/#\/schema\/logo\/image\/"}}]}},"_links":{"self":[{"href":"https:\/\/tourisme-terrestouloises.com\/en\/wp-json\/wp\/v2\/pages\/2563","targetHints":{"allow":["GET"]}}],"collection":[{"href":"https:\/\/tourisme-terrestouloises.com\/en\/wp-json\/wp\/v2\/pages"}],"about":[{"href":"https:\/\/tourisme-terrestouloises.com\/en\/wp-json\/wp\/v2\/types\/page"}],"author":[{"embeddable":true,"href":"https:\/\/tourisme-terrestouloises.com\/en\/wp-json\/wp\/v2\/users\/1"}],"replies":[{"embeddable":true,"href":"https:\/\/tourisme-terrestouloises.com\/en\/wp-json\/wp\/v2\/comments?post=2563"}],"version-history":[{"count":1,"href":"https:\/\/tourisme-terrestouloises.com\/en\/wp-json\/wp\/v2\/pages\/2563\/revisions"}],"predecessor-version":[{"id":522848,"href":"https:\/\/tourisme-terrestouloises.com\/en\/wp-json\/wp\/v2\/pages\/2563\/revisions\/522848"}],"up":[{"embeddable":true,"href":"https:\/\/tourisme-terrestouloises.com\/en\/wp-json\/wp\/v2\/pages\/523123"}],"wp:featuredmedia":[{"embeddable":true,"href":"https:\/\/tourisme-terrestouloises.com\/en\/wp-json\/wp\/v2\/media\/2478"}],"wp:attachment":[{"href":"https:\/\/tourisme-terrestouloises.com\/en\/wp-json\/wp\/v2\/media?parent=2563"}],"curies":[{"name":"wp","href":"https:\/\/api.w.org\/{rel}","templated":true}]}}