{"id":2595,"date":"2021-12-08T16:59:32","date_gmt":"2021-12-08T15:59:32","guid":{"rendered":"https:\/\/tourisme-terrestouloises.com\/a-few-hours-in-terres-touloises\/"},"modified":"2024-07-03T22:50:38","modified_gmt":"2024-07-03T20:50:38","slug":"a-few-hours-in-terres-touloises","status":"publish","type":"page","link":"https:\/\/tourisme-terrestouloises.com\/en\/prepare-my-destination\/a-few-hours-in-terres-touloises\/","title":{"rendered":"A few hours in Terres Touloises"},"content":{"rendered":"\t\t<div data-elementor-type=\"wp-page\" data-elementor-id=\"2595\" class=\"elementor elementor-2595 elementor-238\" data-elementor-post-type=\"page\">\n\t\t\t\t\t\t<section class=\"elementor-section elementor-top-section elementor-element elementor-element-2b3f902 elementor-section-boxed elementor-section-height-default elementor-section-height-default\" data-id=\"2b3f902\" data-element_type=\"section\" data-e-type=\"section\" data-settings=\"{&quot;background_background&quot;:&quot;classic&quot;}\">\n\t\t\t\t\t\t<div class=\"elementor-container elementor-column-gap-default\">\n\t\t\t\t\t<div class=\"elementor-column elementor-col-100 elementor-top-column elementor-element elementor-element-96d2640\" data-id=\"96d2640\" data-element_type=\"column\" data-e-type=\"column\" id=\"content\">\n\t\t\t<div class=\"elementor-widget-wrap elementor-element-populated\">\n\t\t\t\t\t\t<div class=\"elementor-element elementor-element-b134117 elementor-invisible elementor-widget elementor-widget-text-editor\" data-id=\"b134117\" data-element_type=\"widget\" data-e-type=\"widget\" data-settings=\"{&quot;_animation&quot;:&quot;fadeIn&quot;}\" data-widget_type=\"text-editor.default\">\n\t\t\t\t<div class=\"elementor-widget-container\">\n\t\t\t\t\t\t\t\t\t<p>In our area for a few hours? Discover our selection of must-do experiences!<\/p>\n\t\t\t\t\t\t\t\t<\/div>\n\t\t\t\t<\/div>\n\t\t\t\t\t<\/div>\n\t\t<\/div>\n\t\t\t\t\t<\/div>\n\t\t<\/section>\n\t\t\t\t<section class=\"elementor-section elementor-top-section elementor-element elementor-element-d0e3144 elementor-section-boxed elementor-section-height-default elementor-section-height-default\" data-id=\"d0e3144\" data-element_type=\"section\" data-e-type=\"section\" data-settings=\"{&quot;background_background&quot;:&quot;classic&quot;}\">\n\t\t\t\t\t\t<div class=\"elementor-container elementor-column-gap-default\">\n\t\t\t\t\t<div class=\"elementor-column elementor-col-100 elementor-top-column elementor-element elementor-element-335e05a\" data-id=\"335e05a\" data-element_type=\"column\" data-e-type=\"column\">\n\t\t\t<div class=\"elementor-widget-wrap elementor-element-populated\">\n\t\t\t\t\t\t<section class=\"elementor-section elementor-inner-section elementor-element elementor-element-d6ead7e elementor-section-boxed elementor-section-height-default elementor-section-height-default\" data-id=\"d6ead7e\" data-element_type=\"section\" data-e-type=\"section\">\n\t\t\t\t\t\t<div class=\"elementor-container elementor-column-gap-default\">\n\t\t\t\t\t<div class=\"elementor-column elementor-col-50 elementor-inner-column elementor-element elementor-element-b36a52e\" data-id=\"b36a52e\" data-element_type=\"column\" data-e-type=\"column\">\n\t\t\t<div class=\"elementor-widget-wrap elementor-element-populated\">\n\t\t\t\t\t\t<div class=\"elementor-element elementor-element-f707a32 elementor-invisible elementor-widget elementor-widget-image\" data-id=\"f707a32\" data-element_type=\"widget\" data-e-type=\"widget\" data-settings=\"{&quot;_animation_mobile&quot;:&quot;fadeIn&quot;,&quot;_animation&quot;:&quot;fadeInLeft&quot;}\" data-widget_type=\"image.default\">\n\t\t\t\t<div class=\"elementor-widget-container\">\n\t\t\t\t\t\t\t\t\t\t\t\t<figure class=\"wp-caption\">\n\t\t\t\t\t\t\t\t\t\t<img fetchpriority=\"high\" decoding=\"async\" width=\"640\" height=\"426\" src=\"https:\/\/tourisme-terrestouloises.com\/wp-content\/uploads\/2022\/01\/FRA_Loth_1010-min-1024x681.jpg\" class=\"attachment-large size-large wp-image-1287\" alt=\"Quelques heures en terres touloises\" srcset=\"https:\/\/tourisme-terrestouloises.com\/wp-content\/uploads\/2022\/01\/FRA_Loth_1010-min-1024x681.jpg 1024w, https:\/\/tourisme-terrestouloises.com\/wp-content\/uploads\/2022\/01\/FRA_Loth_1010-min-300x200.jpg 300w, https:\/\/tourisme-terrestouloises.com\/wp-content\/uploads\/2022\/01\/FRA_Loth_1010-min-768x511.jpg 768w, https:\/\/tourisme-terrestouloises.com\/wp-content\/uploads\/2022\/01\/FRA_Loth_1010-min.jpg 1512w\" sizes=\"(max-width: 640px) 100vw, 640px\" \/>\t\t\t\t\t\t\t\t\t\t\t<figcaption class=\"widget-image-caption wp-caption-text\">\u00a9 DTMGR_InterregVA - Udo Bernhart<\/figcaption>\n\t\t\t\t\t\t\t\t\t\t<\/figure>\n\t\t\t\t\t\t\t\t\t<\/div>\n\t\t\t\t<\/div>\n\t\t\t\t\t<\/div>\n\t\t<\/div>\n\t\t\t\t<div class=\"elementor-column elementor-col-50 elementor-inner-column elementor-element elementor-element-8759178 elementor-invisible\" data-id=\"8759178\" data-element_type=\"column\" data-e-type=\"column\" data-settings=\"{&quot;background_background&quot;:&quot;classic&quot;,&quot;animation&quot;:&quot;fadeIn&quot;}\">\n\t\t\t<div class=\"elementor-widget-wrap elementor-element-populated\">\n\t\t\t\t\t\t<div class=\"elementor-element elementor-element-6a4d4ff elementor-widget elementor-widget-heading\" data-id=\"6a4d4ff\" data-element_type=\"widget\" data-e-type=\"widget\" data-widget_type=\"heading.default\">\n\t\t\t\t<div class=\"elementor-widget-container\">\n\t\t\t\t\t<h3 class=\"elementor-heading-title elementor-size-default\">Saint Etienne Cathedral and historical center<\/h3>\t\t\t\t<\/div>\n\t\t\t\t<\/div>\n\t\t\t\t<div class=\"elementor-element elementor-element-fc8b8c3 elementor-widget elementor-widget-text-editor\" data-id=\"fc8b8c3\" data-element_type=\"widget\" data-e-type=\"widget\" data-widget_type=\"text-editor.default\">\n\t\t\t\t<div class=\"elementor-widget-container\">\n\t\t\t\t\t\t\t\t\t<p>Visit the majestic Saint Etienne Cathedral of Toul and its cloister, Gothic masterpiece that celebrated its 800th anniversary in 2021.<br \/>Then, discover the historical center and its picturesquely named streets and architectural curiosities.<\/p>\n<p><em>City map available at the office.<\/em><\/p>\n\t\t\t\t\t\t\t\t<\/div>\n\t\t\t\t<\/div>\n\t\t\t\t\t<\/div>\n\t\t<\/div>\n\t\t\t\t\t<\/div>\n\t\t<\/section>\n\t\t\t\t\t<\/div>\n\t\t<\/div>\n\t\t\t\t\t<\/div>\n\t\t<\/section>\n\t\t\t\t<section class=\"elementor-section elementor-top-section elementor-element elementor-element-3289226 elementor-section-boxed elementor-section-height-default elementor-section-height-default\" data-id=\"3289226\" data-element_type=\"section\" data-e-type=\"section\" data-settings=\"{&quot;background_background&quot;:&quot;classic&quot;}\">\n\t\t\t\t\t\t<div class=\"elementor-container elementor-column-gap-default\">\n\t\t\t\t\t<div class=\"elementor-column elementor-col-100 elementor-top-column elementor-element elementor-element-1e71fc1\" data-id=\"1e71fc1\" data-element_type=\"column\" data-e-type=\"column\">\n\t\t\t<div class=\"elementor-widget-wrap elementor-element-populated\">\n\t\t\t\t\t\t<section class=\"elementor-section elementor-inner-section elementor-element elementor-element-ca7bef4 elementor-section-boxed elementor-section-height-default elementor-section-height-default\" data-id=\"ca7bef4\" data-element_type=\"section\" data-e-type=\"section\">\n\t\t\t\t\t\t<div class=\"elementor-container elementor-column-gap-default\">\n\t\t\t\t\t<div class=\"elementor-column elementor-col-50 elementor-inner-column elementor-element elementor-element-a8d2382\" data-id=\"a8d2382\" data-element_type=\"column\" data-e-type=\"column\">\n\t\t\t<div class=\"elementor-widget-wrap elementor-element-populated\">\n\t\t\t\t\t\t<div class=\"elementor-element elementor-element-90308be elementor-invisible elementor-widget elementor-widget-image\" data-id=\"90308be\" data-element_type=\"widget\" data-e-type=\"widget\" data-settings=\"{&quot;_animation&quot;:&quot;fadeInLeft&quot;,&quot;_animation_mobile&quot;:&quot;fadeIn&quot;}\" data-widget_type=\"image.default\">\n\t\t\t\t<div class=\"elementor-widget-container\">\n\t\t\t\t\t\t\t\t\t\t\t\t<figure class=\"wp-caption\">\n\t\t\t\t\t\t\t\t\t\t<img decoding=\"async\" width=\"640\" height=\"426\" src=\"https:\/\/tourisme-terrestouloises.com\/wp-content\/uploads\/2022\/01\/FRA_Loth_0957-min-1024x681.jpg\" class=\"attachment-large size-large wp-image-1285\" alt=\"Quelques heures en terres touloises\" srcset=\"https:\/\/tourisme-terrestouloises.com\/wp-content\/uploads\/2022\/01\/FRA_Loth_0957-min-1024x681.jpg 1024w, https:\/\/tourisme-terrestouloises.com\/wp-content\/uploads\/2022\/01\/FRA_Loth_0957-min-300x200.jpg 300w, https:\/\/tourisme-terrestouloises.com\/wp-content\/uploads\/2022\/01\/FRA_Loth_0957-min-768x511.jpg 768w, https:\/\/tourisme-terrestouloises.com\/wp-content\/uploads\/2022\/01\/FRA_Loth_0957-min.jpg 1512w\" sizes=\"(max-width: 640px) 100vw, 640px\" \/>\t\t\t\t\t\t\t\t\t\t\t<figcaption class=\"widget-image-caption wp-caption-text\">\u00a9 DTMGR_InterregVA - Udo Bernhart<\/figcaption>\n\t\t\t\t\t\t\t\t\t\t<\/figure>\n\t\t\t\t\t\t\t\t\t<\/div>\n\t\t\t\t<\/div>\n\t\t\t\t\t<\/div>\n\t\t<\/div>\n\t\t\t\t<div class=\"elementor-column elementor-col-50 elementor-inner-column elementor-element elementor-element-7dc9ca8 elementor-invisible\" data-id=\"7dc9ca8\" data-element_type=\"column\" data-e-type=\"column\" data-settings=\"{&quot;background_background&quot;:&quot;classic&quot;,&quot;animation&quot;:&quot;fadeIn&quot;}\">\n\t\t\t<div class=\"elementor-widget-wrap elementor-element-populated\">\n\t\t\t\t\t\t<div class=\"elementor-element elementor-element-66d6251 elementor-widget elementor-widget-heading\" data-id=\"66d6251\" data-element_type=\"widget\" data-e-type=\"widget\" data-widget_type=\"heading.default\">\n\t\t\t\t<div class=\"elementor-widget-container\">\n\t\t\t\t\t<h3 class=\"elementor-heading-title elementor-size-default\">Walk around the Vauban \/ S\u00e9r\u00e9-de-Rivi\u00e8res Ramparts<\/h3>\t\t\t\t<\/div>\n\t\t\t\t<\/div>\n\t\t\t\t<div class=\"elementor-element elementor-element-c49893b elementor-widget elementor-widget-text-editor\" data-id=\"c49893b\" data-element_type=\"widget\" data-e-type=\"widget\" data-widget_type=\"text-editor.default\">\n\t\t\t\t<div class=\"elementor-widget-container\">\n\t\t\t\t\t\t\t\t\t<p>Throw yourself at the city ramparts and admire Vauban\u2019s (17th c.) and General S\u00e9r\u00e9-de-Rivi\u00e8res\u2019 (19th c.) genius. During your walk, enjoy leisure stops at the Port de France and in the parks and gardens of the city.<\/p>\n<p><em>City map available at the office.<\/em><\/p>\n\t\t\t\t\t\t\t\t<\/div>\n\t\t\t\t<\/div>\n\t\t\t\t\t<\/div>\n\t\t<\/div>\n\t\t\t\t\t<\/div>\n\t\t<\/section>\n\t\t\t\t\t<\/div>\n\t\t<\/div>\n\t\t\t\t\t<\/div>\n\t\t<\/section>\n\t\t\t\t<\/div>\n\t\t","protected":false},"excerpt":{"rendered":"<p>In our area for a few hours? Discover our selection of must-do experiences! \u00a9 DTMGR_InterregVA &#8211; Udo Bernhart Saint Etienne Cathedral and historical center Visit the majestic Saint Etienne Cathedral of Toul and its cloister, Gothic masterpiece that celebrated its 800th anniversary in 2021.Then, discover the historical center and its picturesquely named streets and architectural [&hellip;]<\/p>\n","protected":false},"author":1,"featured_media":524561,"parent":523101,"menu_order":140,"comment_status":"closed","ping_status":"closed","template":"","meta":{"_acf_changed":false,"footnotes":""},"class_list":["post-2595","page","type-page","status-publish","has-post-thumbnail","hentry"],"acf":[],"yoast_head":"<!-- This site is optimized with the Yoast SEO plugin v27.4 - https:\/\/yoast.com\/product\/yoast-seo-wordpress\/ -->\n<title>A few hours in Terres Touloises - Terres Touloises Tourist Office<\/title>\n<meta name=\"description\" content=\"In the Toulois area for a few hours? Discover our selection of must-do experiences!\" \/>\n<meta name=\"robots\" content=\"index, follow, max-snippet:-1, max-image-preview:large, max-video-preview:-1\" \/>\n<link rel=\"canonical\" href=\"https:\/\/tourisme-terrestouloises.com\/en\/prepare-my-destination\/a-few-hours-in-terres-touloises\/\" \/>\n<meta property=\"og:locale\" content=\"en_US\" \/>\n<meta property=\"og:type\" content=\"article\" \/>\n<meta property=\"og:title\" content=\"A few hours in Terres Touloises - Terres Touloises Tourist Office\" \/>\n<meta property=\"og:description\" content=\"In the Toulois area for a few hours? Discover our selection of must-do experiences!\" \/>\n<meta property=\"og:url\" content=\"https:\/\/tourisme-terrestouloises.com\/en\/prepare-my-destination\/a-few-hours-in-terres-touloises\/\" \/>\n<meta property=\"og:site_name\" content=\"Terres Touloises Tourist Office\" \/>\n<meta property=\"article:modified_time\" content=\"2024-07-03T20:50:38+00:00\" \/>\n<meta property=\"og:image\" content=\"https:\/\/tourisme-terrestouloises.com\/wp-content\/uploads\/2022\/03\/Cathedrale-de-Toul-\u00a9Vincent-DAMARIN-23-1-min-scaled.jpg\" \/>\n\t<meta property=\"og:image:width\" content=\"2560\" \/>\n\t<meta property=\"og:image:height\" content=\"1918\" \/>\n\t<meta property=\"og:image:type\" content=\"image\/jpeg\" \/>\n<meta name=\"twitter:card\" content=\"summary_large_image\" \/>\n<meta name=\"twitter:label1\" content=\"Est. reading time\" \/>\n\t<meta name=\"twitter:data1\" content=\"2 minutes\" \/>\n<script type=\"application\/ld+json\" class=\"yoast-schema-graph\">{\"@context\":\"https:\\\/\\\/schema.org\",\"@graph\":[{\"@type\":\"WebPage\",\"@id\":\"https:\\\/\\\/tourisme-terrestouloises.com\\\/en\\\/prepare-my-destination\\\/a-few-hours-in-terres-touloises\\\/\",\"url\":\"https:\\\/\\\/tourisme-terrestouloises.com\\\/en\\\/prepare-my-destination\\\/a-few-hours-in-terres-touloises\\\/\",\"name\":\"A few hours in Terres Touloises - Terres Touloises Tourist Office\",\"isPartOf\":{\"@id\":\"https:\\\/\\\/tourisme-terrestouloises.com\\\/en\\\/#website\"},\"primaryImageOfPage\":{\"@id\":\"https:\\\/\\\/tourisme-terrestouloises.com\\\/en\\\/prepare-my-destination\\\/a-few-hours-in-terres-touloises\\\/#primaryimage\"},\"image\":{\"@id\":\"https:\\\/\\\/tourisme-terrestouloises.com\\\/en\\\/prepare-my-destination\\\/a-few-hours-in-terres-touloises\\\/#primaryimage\"},\"thumbnailUrl\":\"https:\\\/\\\/tourisme-terrestouloises.com\\\/wp-content\\\/uploads\\\/2024\\\/08\\\/\u00a9Ville-de-Toul-scaled.jpg\",\"datePublished\":\"2021-12-08T15:59:32+00:00\",\"dateModified\":\"2024-07-03T20:50:38+00:00\",\"description\":\"In the Toulois area for a few hours? Discover our selection of must-do experiences!\",\"breadcrumb\":{\"@id\":\"https:\\\/\\\/tourisme-terrestouloises.com\\\/en\\\/prepare-my-destination\\\/a-few-hours-in-terres-touloises\\\/#breadcrumb\"},\"inLanguage\":\"en-US\",\"potentialAction\":[{\"@type\":\"ReadAction\",\"target\":[\"https:\\\/\\\/tourisme-terrestouloises.com\\\/en\\\/prepare-my-destination\\\/a-few-hours-in-terres-touloises\\\/\"]}]},{\"@type\":\"ImageObject\",\"inLanguage\":\"en-US\",\"@id\":\"https:\\\/\\\/tourisme-terrestouloises.com\\\/en\\\/prepare-my-destination\\\/a-few-hours-in-terres-touloises\\\/#primaryimage\",\"url\":\"https:\\\/\\\/tourisme-terrestouloises.com\\\/wp-content\\\/uploads\\\/2024\\\/08\\\/\u00a9Ville-de-Toul-scaled.jpg\",\"contentUrl\":\"https:\\\/\\\/tourisme-terrestouloises.com\\\/wp-content\\\/uploads\\\/2024\\\/08\\\/\u00a9Ville-de-Toul-scaled.jpg\",\"width\":2560,\"height\":1707,\"caption\":\"\u00a9Ville de Toul\"},{\"@type\":\"BreadcrumbList\",\"@id\":\"https:\\\/\\\/tourisme-terrestouloises.com\\\/en\\\/prepare-my-destination\\\/a-few-hours-in-terres-touloises\\\/#breadcrumb\",\"itemListElement\":[{\"@type\":\"ListItem\",\"position\":1,\"name\":\"Accueil\",\"item\":\"https:\\\/\\\/tourisme-terrestouloises.com\\\/en\\\/\"},{\"@type\":\"ListItem\",\"position\":2,\"name\":\"Prepare my destination\",\"item\":\"https:\\\/\\\/tourisme-terrestouloises.com\\\/en\\\/prepare-my-destination\\\/\"},{\"@type\":\"ListItem\",\"position\":3,\"name\":\"A few hours in Terres Touloises\"}]},{\"@type\":\"WebSite\",\"@id\":\"https:\\\/\\\/tourisme-terrestouloises.com\\\/en\\\/#website\",\"url\":\"https:\\\/\\\/tourisme-terrestouloises.com\\\/en\\\/\",\"name\":\"Terres Touloises Tourist Office\",\"description\":\"Bienvenue en Terres Touloises\",\"publisher\":{\"@id\":\"https:\\\/\\\/tourisme-terrestouloises.com\\\/en\\\/#organization\"},\"potentialAction\":[{\"@type\":\"SearchAction\",\"target\":{\"@type\":\"EntryPoint\",\"urlTemplate\":\"https:\\\/\\\/tourisme-terrestouloises.com\\\/en\\\/?s={search_term_string}\"},\"query-input\":{\"@type\":\"PropertyValueSpecification\",\"valueRequired\":true,\"valueName\":\"search_term_string\"}}],\"inLanguage\":\"en-US\"},{\"@type\":\"Organization\",\"@id\":\"https:\\\/\\\/tourisme-terrestouloises.com\\\/en\\\/#organization\",\"name\":\"Terres Touloises Tourist Office\",\"url\":\"https:\\\/\\\/tourisme-terrestouloises.com\\\/en\\\/\",\"logo\":{\"@type\":\"ImageObject\",\"inLanguage\":\"en-US\",\"@id\":\"https:\\\/\\\/tourisme-terrestouloises.com\\\/en\\\/#\\\/schema\\\/logo\\\/image\\\/\",\"url\":\"https:\\\/\\\/tourisme-terrestouloises.com\\\/wp-content\\\/uploads\\\/2021\\\/11\\\/TerresTouloises_Tourisme.svg\",\"contentUrl\":\"https:\\\/\\\/tourisme-terrestouloises.com\\\/wp-content\\\/uploads\\\/2021\\\/11\\\/TerresTouloises_Tourisme.svg\",\"width\":126,\"height\":166,\"caption\":\"Terres Touloises Tourist Office\"},\"image\":{\"@id\":\"https:\\\/\\\/tourisme-terrestouloises.com\\\/en\\\/#\\\/schema\\\/logo\\\/image\\\/\"}}]}<\/script>\n<!-- \/ Yoast SEO plugin. -->","yoast_head_json":{"title":"A few hours in Terres Touloises - Terres Touloises Tourist Office","description":"In the Toulois area for a few hours? Discover our selection of must-do experiences!","robots":{"index":"index","follow":"follow","max-snippet":"max-snippet:-1","max-image-preview":"max-image-preview:large","max-video-preview":"max-video-preview:-1"},"canonical":"https:\/\/tourisme-terrestouloises.com\/en\/prepare-my-destination\/a-few-hours-in-terres-touloises\/","og_locale":"en_US","og_type":"article","og_title":"A few hours in Terres Touloises - Terres Touloises Tourist Office","og_description":"In the Toulois area for a few hours? Discover our selection of must-do experiences!","og_url":"https:\/\/tourisme-terrestouloises.com\/en\/prepare-my-destination\/a-few-hours-in-terres-touloises\/","og_site_name":"Terres Touloises Tourist Office","article_modified_time":"2024-07-03T20:50:38+00:00","og_image":[{"width":2560,"height":1918,"url":"https:\/\/tourisme-terrestouloises.com\/wp-content\/uploads\/2022\/03\/Cathedrale-de-Toul-\u00a9Vincent-DAMARIN-23-1-min-scaled.jpg","type":"image\/jpeg"}],"twitter_card":"summary_large_image","twitter_misc":{"Est. reading time":"2 minutes"},"schema":{"@context":"https:\/\/schema.org","@graph":[{"@type":"WebPage","@id":"https:\/\/tourisme-terrestouloises.com\/en\/prepare-my-destination\/a-few-hours-in-terres-touloises\/","url":"https:\/\/tourisme-terrestouloises.com\/en\/prepare-my-destination\/a-few-hours-in-terres-touloises\/","name":"A few hours in Terres Touloises - Terres Touloises Tourist Office","isPartOf":{"@id":"https:\/\/tourisme-terrestouloises.com\/en\/#website"},"primaryImageOfPage":{"@id":"https:\/\/tourisme-terrestouloises.com\/en\/prepare-my-destination\/a-few-hours-in-terres-touloises\/#primaryimage"},"image":{"@id":"https:\/\/tourisme-terrestouloises.com\/en\/prepare-my-destination\/a-few-hours-in-terres-touloises\/#primaryimage"},"thumbnailUrl":"https:\/\/tourisme-terrestouloises.com\/wp-content\/uploads\/2024\/08\/\u00a9Ville-de-Toul-scaled.jpg","datePublished":"2021-12-08T15:59:32+00:00","dateModified":"2024-07-03T20:50:38+00:00","description":"In the Toulois area for a few hours? Discover our selection of must-do experiences!","breadcrumb":{"@id":"https:\/\/tourisme-terrestouloises.com\/en\/prepare-my-destination\/a-few-hours-in-terres-touloises\/#breadcrumb"},"inLanguage":"en-US","potentialAction":[{"@type":"ReadAction","target":["https:\/\/tourisme-terrestouloises.com\/en\/prepare-my-destination\/a-few-hours-in-terres-touloises\/"]}]},{"@type":"ImageObject","inLanguage":"en-US","@id":"https:\/\/tourisme-terrestouloises.com\/en\/prepare-my-destination\/a-few-hours-in-terres-touloises\/#primaryimage","url":"https:\/\/tourisme-terrestouloises.com\/wp-content\/uploads\/2024\/08\/\u00a9Ville-de-Toul-scaled.jpg","contentUrl":"https:\/\/tourisme-terrestouloises.com\/wp-content\/uploads\/2024\/08\/\u00a9Ville-de-Toul-scaled.jpg","width":2560,"height":1707,"caption":"\u00a9Ville de Toul"},{"@type":"BreadcrumbList","@id":"https:\/\/tourisme-terrestouloises.com\/en\/prepare-my-destination\/a-few-hours-in-terres-touloises\/#breadcrumb","itemListElement":[{"@type":"ListItem","position":1,"name":"Accueil","item":"https:\/\/tourisme-terrestouloises.com\/en\/"},{"@type":"ListItem","position":2,"name":"Prepare my destination","item":"https:\/\/tourisme-terrestouloises.com\/en\/prepare-my-destination\/"},{"@type":"ListItem","position":3,"name":"A few hours in Terres Touloises"}]},{"@type":"WebSite","@id":"https:\/\/tourisme-terrestouloises.com\/en\/#website","url":"https:\/\/tourisme-terrestouloises.com\/en\/","name":"Terres Touloises Tourist Office","description":"Bienvenue en Terres Touloises","publisher":{"@id":"https:\/\/tourisme-terrestouloises.com\/en\/#organization"},"potentialAction":[{"@type":"SearchAction","target":{"@type":"EntryPoint","urlTemplate":"https:\/\/tourisme-terrestouloises.com\/en\/?s={search_term_string}"},"query-input":{"@type":"PropertyValueSpecification","valueRequired":true,"valueName":"search_term_string"}}],"inLanguage":"en-US"},{"@type":"Organization","@id":"https:\/\/tourisme-terrestouloises.com\/en\/#organization","name":"Terres Touloises Tourist Office","url":"https:\/\/tourisme-terrestouloises.com\/en\/","logo":{"@type":"ImageObject","inLanguage":"en-US","@id":"https:\/\/tourisme-terrestouloises.com\/en\/#\/schema\/logo\/image\/","url":"https:\/\/tourisme-terrestouloises.com\/wp-content\/uploads\/2021\/11\/TerresTouloises_Tourisme.svg","contentUrl":"https:\/\/tourisme-terrestouloises.com\/wp-content\/uploads\/2021\/11\/TerresTouloises_Tourisme.svg","width":126,"height":166,"caption":"Terres Touloises Tourist Office"},"image":{"@id":"https:\/\/tourisme-terrestouloises.com\/en\/#\/schema\/logo\/image\/"}}]}},"_links":{"self":[{"href":"https:\/\/tourisme-terrestouloises.com\/en\/wp-json\/wp\/v2\/pages\/2595","targetHints":{"allow":["GET"]}}],"collection":[{"href":"https:\/\/tourisme-terrestouloises.com\/en\/wp-json\/wp\/v2\/pages"}],"about":[{"href":"https:\/\/tourisme-terrestouloises.com\/en\/wp-json\/wp\/v2\/types\/page"}],"author":[{"embeddable":true,"href":"https:\/\/tourisme-terrestouloises.com\/en\/wp-json\/wp\/v2\/users\/1"}],"replies":[{"embeddable":true,"href":"https:\/\/tourisme-terrestouloises.com\/en\/wp-json\/wp\/v2\/comments?post=2595"}],"version-history":[{"count":6,"href":"https:\/\/tourisme-terrestouloises.com\/en\/wp-json\/wp\/v2\/pages\/2595\/revisions"}],"predecessor-version":[{"id":524219,"href":"https:\/\/tourisme-terrestouloises.com\/en\/wp-json\/wp\/v2\/pages\/2595\/revisions\/524219"}],"up":[{"embeddable":true,"href":"https:\/\/tourisme-terrestouloises.com\/en\/wp-json\/wp\/v2\/pages\/523101"}],"wp:featuredmedia":[{"embeddable":true,"href":"https:\/\/tourisme-terrestouloises.com\/en\/wp-json\/wp\/v2\/media\/524561"}],"wp:attachment":[{"href":"https:\/\/tourisme-terrestouloises.com\/en\/wp-json\/wp\/v2\/media?parent=2595"}],"curies":[{"name":"wp","href":"https:\/\/api.w.org\/{rel}","templated":true}]}}