{"id":523390,"date":"2024-06-27T13:49:41","date_gmt":"2024-06-27T11:49:41","guid":{"rendered":"https:\/\/tourisme-terrestouloises.com\/to-see-to-do\/nature\/natural-areas\/"},"modified":"2024-07-04T12:10:26","modified_gmt":"2024-07-04T10:10:26","slug":"natural-areas","status":"publish","type":"page","link":"https:\/\/tourisme-terrestouloises.com\/en\/to-see-to-do\/nature\/natural-areas\/","title":{"rendered":"Natural areas"},"content":{"rendered":"\t\t<div data-elementor-type=\"wp-page\" data-elementor-id=\"523390\" class=\"elementor elementor-523390 elementor-523350\" data-elementor-post-type=\"page\">\n\t\t\t\t\t\t<section class=\"elementor-section elementor-top-section elementor-element elementor-element-e71c55e elementor-section-boxed elementor-section-height-default elementor-section-height-default\" data-id=\"e71c55e\" data-element_type=\"section\" data-e-type=\"section\">\n\t\t\t\t\t\t<div class=\"elementor-container elementor-column-gap-default\">\n\t\t\t\t\t<div class=\"elementor-column elementor-col-100 elementor-top-column elementor-element elementor-element-e1e6690\" data-id=\"e1e6690\" data-element_type=\"column\" data-e-type=\"column\">\n\t\t\t<div class=\"elementor-widget-wrap elementor-element-populated\">\n\t\t\t\t\t\t<div class=\"elementor-element elementor-element-cb65f03 elementor-widget elementor-widget-illico-sit_liste_dynamique\" data-id=\"cb65f03\" data-element_type=\"widget\" data-e-type=\"widget\" data-widget_type=\"illico-sit_liste_dynamique.default\">\n\t\t\t\t<div class=\"elementor-widget-container\">\n\t\t\t\t\t    <div class=\"sit-div\" id=\"22101\">\n        <div class=\"form_flux\" id=\"form_flux\" data-alea=\"22101\" style=\"display:none;\">\n            <form action=\"javascript:void(0);\" method=\"POST\" id=\"ChoixDate22101\" class=\"ChoixDate\">\n                <div class=\"bloc-titre\">\n                    <h2>Filters<\/h2>\n                    <button class=\"filter-button\" id=\"filter-close-button\" onclick=\"toggleFilter(22101)\">Show result(s)<img decoding=\"async\" src=\"https:\/\/tourisme-terrestouloises.com\/wp-content\/plugins\/Illico-GestionDonnees\/\/assets\/images\/right.svg\" alt=\"Voir les r\u00e9sultats\" title=\"Voir les r\u00e9sultats\"><\/button>\n                <\/div>\n                <div class=\"form_mandatory_value\">\n                    <input type=\"hidden\" id=\"form_page_id\" name =\"form_page_id\" value='0'>\n                    <input type=\"hidden\" id=\"form_sit_id\" name =\"form_sit_id\" value='523867'>\n                    <input type=\"hidden\" id=\"alea\" name=\"alea\" value=\"22101\">\n                <\/div>\n                \n            <div class=\"form_optional_value\">\n                <div class=\"form_section communes_global\">\n    <span class=\"form_section_title\">Municipalities<\/span>\n    <div class=\"form_section_content\">\n        <div class=\"checkbox_global\"><input type=\"checkbox\" id=\"lacuidad!AINGERAY\" name=\"lacuidad!AINGERAY\" value=\"toCheck\"><label for=\"lacuidad!AINGERAY\">AINGERAY<\/label><\/div><div class=\"checkbox_global\"><input type=\"checkbox\" id=\"lacuidad!LAY%2BSAINT%2BREMY\" name=\"lacuidad!LAY%2BSAINT%2BREMY\" value=\"toCheck\"><label for=\"lacuidad!LAY%2BSAINT%2BREMY\">LAY SAINT REMY<\/label><\/div><div class=\"checkbox_global\"><input type=\"checkbox\" id=\"lacuidad!LUCEY\" name=\"lacuidad!LUCEY\" value=\"toCheck\"><label for=\"lacuidad!LUCEY\">LUCEY<\/label><\/div><div class=\"checkbox_global\"><input type=\"checkbox\" id=\"lacuidad!VILLEY%2BSAINT%2BETIENNE\" name=\"lacuidad!VILLEY%2BSAINT%2BETIENNE\" value=\"toCheck\"><label for=\"lacuidad!VILLEY%2BSAINT%2BETIENNE\">VILLEY SAINT ETIENNE<\/label><\/div>\n    <\/div>\n<\/div>\n                <div class=\"form_section types_global\">\n    <span class=\"form_section_title\">Types<\/span>\n    <div class=\"form_section_content\">\n        \n    <\/div>\n<\/div>\n                \n                \n                \n                <div class=\"recherche_mots_cles\">\n                    <div class=\"recherche_mots_cles_input\">\n                        <span class=\"form_section_title\">Search by keywords<\/span>\n                        <input type=\"text\" id=\"recherche_mots_cles\" name=\"recherche_mots_cles\">\n                    <\/div>\n                <\/div>\n            <\/div>\n            <input type=\"button\" class=\"btn btn-reset\" onclick=\"clearAllFormValue(this.form, 22101, 1)\" value=\"Reset\">\n                <button class=\"filter-button filter-button-bottom\" id=\"filter-close-button-footer\" onclick=\"toggleFilter(22101)\">Show result(s)<img decoding=\"async\" src=\"https:\/\/tourisme-terrestouloises.com\/wp-content\/plugins\/Illico-GestionDonnees\/\/assets\/images\/right.svg\" alt=\"Voir les r\u00e9sultats\" title=\"Voir les r\u00e9sultats\"><\/button>\n            <\/form>\n        <\/div>\n        <div class=\"filter-preview\" id=\"filter-preview\"><\/div>\n        <div class=\"global_result\" id=\"global_result22101\">\n            <div class=\"btn-nb\" id=\"btn-nb\">\n    <div class=\"nb-result\" id=\"nb-result\"><\/div>\n    <div class=\"div-button\">\n        <button class=\"filter-button\" id=\"filter-button\" onclick=\"toggleFilter(22101)\">Filters <img decoding=\"async\" src=\"https:\/\/tourisme-terrestouloises.com\/wp-content\/plugins\/Illico-GestionDonnees\/\/assets\/images\/filtres.svg\" alt=\"Filters\" title=\"Filters\"><\/button>\n        \n            <button class=\"map-button\" id=\"map-button\" onclick=\"toggleMap(22101)\">\n                <span class=\"toggle-off\"><i class=\"fas fa-toggle-off\"><\/i>Show map<\/span>\n                <span class=\"toggle-on\"><i class=\"fas fa-toggle-on\"><\/i>Hide map<\/span>\n            <\/button>\n    <\/div>\n<\/div>\n            <div class=\"div-list\" id=\"22101\">\n                <div class=\"left-column\" id=\"left-column\">\n                    <div class=\"loader\">\n                        <div class=\"circle\"><\/div>\n                        <div class=\"circle\"><\/div>\n                        <div class=\"circle\"><\/div>\n                        <div class=\"circle\"><\/div>\n                    <\/div>\n                <\/div>\n                <div class=\"right-column\" id=\"right-column\"><div id=\"mapid22101\" class=\"MapNumero\"><\/div><\/div>\n            <\/div>\n        <\/div>\n    <\/div>            <script>\n                window.addEventListener('pageshow', function(event) {\n                    setupMap(22101);\n                });\n            <\/script>\t\t\t\t<\/div>\n\t\t\t\t<\/div>\n\t\t\t\t\t<\/div>\n\t\t<\/div>\n\t\t\t\t\t<\/div>\n\t\t<\/section>\n\t\t\t\t<\/div>\n\t\t","protected":false},"excerpt":{"rendered":"<p>Filtres Voir les r\u00e9sultats Communes AINGERAYBOIS DE HAYELUCEYTOUL Types Recherche par mots-cl\u00e9s Voir les r\u00e9sultats Filtres Afficher la carte Masquer la carte<\/p>\n","protected":false},"author":12,"featured_media":524519,"parent":2583,"menu_order":25,"comment_status":"closed","ping_status":"closed","template":"","meta":{"_acf_changed":false,"footnotes":""},"class_list":["post-523390","page","type-page","status-publish","has-post-thumbnail","hentry"],"acf":[],"yoast_head":"<!-- This site is optimized with the Yoast SEO plugin v27.3 - https:\/\/yoast.com\/product\/yoast-seo-wordpress\/ -->\n<title>Natural areas - Terres Touloises Tourist Office<\/title>\n<meta name=\"robots\" content=\"index, follow, max-snippet:-1, max-image-preview:large, max-video-preview:-1\" \/>\n<link rel=\"canonical\" href=\"https:\/\/tourisme-terrestouloises.com\/en\/to-see-to-do\/nature\/natural-areas\/\" \/>\n<meta property=\"og:locale\" content=\"en_US\" \/>\n<meta property=\"og:type\" content=\"article\" \/>\n<meta property=\"og:title\" content=\"Natural areas - Terres Touloises Tourist Office\" \/>\n<meta property=\"og:description\" content=\"Filtres Voir les r\u00e9sultats Communes AINGERAYBOIS DE HAYELUCEYTOUL Types Recherche par mots-cl\u00e9s Voir les r\u00e9sultats Filtres Afficher la carte Masquer la carte\" \/>\n<meta property=\"og:url\" content=\"https:\/\/tourisme-terrestouloises.com\/en\/to-see-to-do\/nature\/natural-areas\/\" \/>\n<meta property=\"og:site_name\" content=\"Terres Touloises Tourist Office\" \/>\n<meta property=\"article:modified_time\" content=\"2024-07-04T10:10:26+00:00\" \/>\n<meta property=\"og:image\" content=\"https:\/\/tourisme-terrestouloises.com\/wp-content\/uploads\/2021\/11\/espaces-naturels-min.jpg\" \/>\n\t<meta property=\"og:image:width\" content=\"1350\" \/>\n\t<meta property=\"og:image:height\" content=\"842\" \/>\n\t<meta property=\"og:image:type\" content=\"image\/jpeg\" \/>\n<meta name=\"twitter:card\" content=\"summary_large_image\" \/>\n<script type=\"application\/ld+json\" class=\"yoast-schema-graph\">{\"@context\":\"https:\\\/\\\/schema.org\",\"@graph\":[{\"@type\":\"WebPage\",\"@id\":\"https:\\\/\\\/tourisme-terrestouloises.com\\\/en\\\/to-see-to-do\\\/nature\\\/natural-areas\\\/\",\"url\":\"https:\\\/\\\/tourisme-terrestouloises.com\\\/en\\\/to-see-to-do\\\/nature\\\/natural-areas\\\/\",\"name\":\"Natural areas - Terres Touloises Tourist Office\",\"isPartOf\":{\"@id\":\"https:\\\/\\\/tourisme-terrestouloises.com\\\/en\\\/#website\"},\"primaryImageOfPage\":{\"@id\":\"https:\\\/\\\/tourisme-terrestouloises.com\\\/en\\\/to-see-to-do\\\/nature\\\/natural-areas\\\/#primaryimage\"},\"image\":{\"@id\":\"https:\\\/\\\/tourisme-terrestouloises.com\\\/en\\\/to-see-to-do\\\/nature\\\/natural-areas\\\/#primaryimage\"},\"thumbnailUrl\":\"https:\\\/\\\/tourisme-terrestouloises.com\\\/wp-content\\\/uploads\\\/2024\\\/08\\\/Terrouin-\u00a9Udo-Bernhart-2-scaled.jpg\",\"datePublished\":\"2024-06-27T11:49:41+00:00\",\"dateModified\":\"2024-07-04T10:10:26+00:00\",\"breadcrumb\":{\"@id\":\"https:\\\/\\\/tourisme-terrestouloises.com\\\/en\\\/to-see-to-do\\\/nature\\\/natural-areas\\\/#breadcrumb\"},\"inLanguage\":\"en-US\",\"potentialAction\":[{\"@type\":\"ReadAction\",\"target\":[\"https:\\\/\\\/tourisme-terrestouloises.com\\\/en\\\/to-see-to-do\\\/nature\\\/natural-areas\\\/\"]}]},{\"@type\":\"ImageObject\",\"inLanguage\":\"en-US\",\"@id\":\"https:\\\/\\\/tourisme-terrestouloises.com\\\/en\\\/to-see-to-do\\\/nature\\\/natural-areas\\\/#primaryimage\",\"url\":\"https:\\\/\\\/tourisme-terrestouloises.com\\\/wp-content\\\/uploads\\\/2024\\\/08\\\/Terrouin-\u00a9Udo-Bernhart-2-scaled.jpg\",\"contentUrl\":\"https:\\\/\\\/tourisme-terrestouloises.com\\\/wp-content\\\/uploads\\\/2024\\\/08\\\/Terrouin-\u00a9Udo-Bernhart-2-scaled.jpg\",\"width\":2560,\"height\":1705,\"caption\":\"Besuch des Rathaus in Villey St. Etienne (toller Garten), Besuch der umliegenden Festungen und anschlie\u00dfende Wanderung im Naturschutzgebiet um den Fluss Le Terrouin.\"},{\"@type\":\"BreadcrumbList\",\"@id\":\"https:\\\/\\\/tourisme-terrestouloises.com\\\/en\\\/to-see-to-do\\\/nature\\\/natural-areas\\\/#breadcrumb\",\"itemListElement\":[{\"@type\":\"ListItem\",\"position\":1,\"name\":\"Accueil\",\"item\":\"https:\\\/\\\/tourisme-terrestouloises.com\\\/en\\\/\"},{\"@type\":\"ListItem\",\"position\":2,\"name\":\"To see &#8211; To do\",\"item\":\"https:\\\/\\\/tourisme-terrestouloises.com\\\/en\\\/to-see-to-do\\\/\"},{\"@type\":\"ListItem\",\"position\":3,\"name\":\"Nature\",\"item\":\"https:\\\/\\\/tourisme-terrestouloises.com\\\/en\\\/to-see-to-do\\\/nature\\\/\"},{\"@type\":\"ListItem\",\"position\":4,\"name\":\"Natural areas\"}]},{\"@type\":\"WebSite\",\"@id\":\"https:\\\/\\\/tourisme-terrestouloises.com\\\/en\\\/#website\",\"url\":\"https:\\\/\\\/tourisme-terrestouloises.com\\\/en\\\/\",\"name\":\"Terres Touloises Tourist Office\",\"description\":\"Bienvenue en Terres Touloises\",\"publisher\":{\"@id\":\"https:\\\/\\\/tourisme-terrestouloises.com\\\/en\\\/#organization\"},\"potentialAction\":[{\"@type\":\"SearchAction\",\"target\":{\"@type\":\"EntryPoint\",\"urlTemplate\":\"https:\\\/\\\/tourisme-terrestouloises.com\\\/en\\\/?s={search_term_string}\"},\"query-input\":{\"@type\":\"PropertyValueSpecification\",\"valueRequired\":true,\"valueName\":\"search_term_string\"}}],\"inLanguage\":\"en-US\"},{\"@type\":\"Organization\",\"@id\":\"https:\\\/\\\/tourisme-terrestouloises.com\\\/en\\\/#organization\",\"name\":\"Terres Touloises Tourist Office\",\"url\":\"https:\\\/\\\/tourisme-terrestouloises.com\\\/en\\\/\",\"logo\":{\"@type\":\"ImageObject\",\"inLanguage\":\"en-US\",\"@id\":\"https:\\\/\\\/tourisme-terrestouloises.com\\\/en\\\/#\\\/schema\\\/logo\\\/image\\\/\",\"url\":\"https:\\\/\\\/tourisme-terrestouloises.com\\\/wp-content\\\/uploads\\\/2021\\\/11\\\/TerresTouloises_Tourisme.svg\",\"contentUrl\":\"https:\\\/\\\/tourisme-terrestouloises.com\\\/wp-content\\\/uploads\\\/2021\\\/11\\\/TerresTouloises_Tourisme.svg\",\"width\":126,\"height\":166,\"caption\":\"Terres Touloises Tourist Office\"},\"image\":{\"@id\":\"https:\\\/\\\/tourisme-terrestouloises.com\\\/en\\\/#\\\/schema\\\/logo\\\/image\\\/\"}}]}<\/script>\n<!-- \/ Yoast SEO plugin. -->","yoast_head_json":{"title":"Natural areas - Terres Touloises Tourist Office","robots":{"index":"index","follow":"follow","max-snippet":"max-snippet:-1","max-image-preview":"max-image-preview:large","max-video-preview":"max-video-preview:-1"},"canonical":"https:\/\/tourisme-terrestouloises.com\/en\/to-see-to-do\/nature\/natural-areas\/","og_locale":"en_US","og_type":"article","og_title":"Natural areas - Terres Touloises Tourist Office","og_description":"Filtres Voir les r\u00e9sultats Communes AINGERAYBOIS DE HAYELUCEYTOUL Types Recherche par mots-cl\u00e9s Voir les r\u00e9sultats Filtres Afficher la carte Masquer la carte","og_url":"https:\/\/tourisme-terrestouloises.com\/en\/to-see-to-do\/nature\/natural-areas\/","og_site_name":"Terres Touloises Tourist Office","article_modified_time":"2024-07-04T10:10:26+00:00","og_image":[{"width":1350,"height":842,"url":"https:\/\/tourisme-terrestouloises.com\/wp-content\/uploads\/2021\/11\/espaces-naturels-min.jpg","type":"image\/jpeg"}],"twitter_card":"summary_large_image","schema":{"@context":"https:\/\/schema.org","@graph":[{"@type":"WebPage","@id":"https:\/\/tourisme-terrestouloises.com\/en\/to-see-to-do\/nature\/natural-areas\/","url":"https:\/\/tourisme-terrestouloises.com\/en\/to-see-to-do\/nature\/natural-areas\/","name":"Natural areas - Terres Touloises Tourist Office","isPartOf":{"@id":"https:\/\/tourisme-terrestouloises.com\/en\/#website"},"primaryImageOfPage":{"@id":"https:\/\/tourisme-terrestouloises.com\/en\/to-see-to-do\/nature\/natural-areas\/#primaryimage"},"image":{"@id":"https:\/\/tourisme-terrestouloises.com\/en\/to-see-to-do\/nature\/natural-areas\/#primaryimage"},"thumbnailUrl":"https:\/\/tourisme-terrestouloises.com\/wp-content\/uploads\/2024\/08\/Terrouin-\u00a9Udo-Bernhart-2-scaled.jpg","datePublished":"2024-06-27T11:49:41+00:00","dateModified":"2024-07-04T10:10:26+00:00","breadcrumb":{"@id":"https:\/\/tourisme-terrestouloises.com\/en\/to-see-to-do\/nature\/natural-areas\/#breadcrumb"},"inLanguage":"en-US","potentialAction":[{"@type":"ReadAction","target":["https:\/\/tourisme-terrestouloises.com\/en\/to-see-to-do\/nature\/natural-areas\/"]}]},{"@type":"ImageObject","inLanguage":"en-US","@id":"https:\/\/tourisme-terrestouloises.com\/en\/to-see-to-do\/nature\/natural-areas\/#primaryimage","url":"https:\/\/tourisme-terrestouloises.com\/wp-content\/uploads\/2024\/08\/Terrouin-\u00a9Udo-Bernhart-2-scaled.jpg","contentUrl":"https:\/\/tourisme-terrestouloises.com\/wp-content\/uploads\/2024\/08\/Terrouin-\u00a9Udo-Bernhart-2-scaled.jpg","width":2560,"height":1705,"caption":"Besuch des Rathaus in Villey St. Etienne (toller Garten), Besuch der umliegenden Festungen und anschlie\u00dfende Wanderung im Naturschutzgebiet um den Fluss Le Terrouin."},{"@type":"BreadcrumbList","@id":"https:\/\/tourisme-terrestouloises.com\/en\/to-see-to-do\/nature\/natural-areas\/#breadcrumb","itemListElement":[{"@type":"ListItem","position":1,"name":"Accueil","item":"https:\/\/tourisme-terrestouloises.com\/en\/"},{"@type":"ListItem","position":2,"name":"To see &#8211; To do","item":"https:\/\/tourisme-terrestouloises.com\/en\/to-see-to-do\/"},{"@type":"ListItem","position":3,"name":"Nature","item":"https:\/\/tourisme-terrestouloises.com\/en\/to-see-to-do\/nature\/"},{"@type":"ListItem","position":4,"name":"Natural areas"}]},{"@type":"WebSite","@id":"https:\/\/tourisme-terrestouloises.com\/en\/#website","url":"https:\/\/tourisme-terrestouloises.com\/en\/","name":"Terres Touloises Tourist Office","description":"Bienvenue en Terres Touloises","publisher":{"@id":"https:\/\/tourisme-terrestouloises.com\/en\/#organization"},"potentialAction":[{"@type":"SearchAction","target":{"@type":"EntryPoint","urlTemplate":"https:\/\/tourisme-terrestouloises.com\/en\/?s={search_term_string}"},"query-input":{"@type":"PropertyValueSpecification","valueRequired":true,"valueName":"search_term_string"}}],"inLanguage":"en-US"},{"@type":"Organization","@id":"https:\/\/tourisme-terrestouloises.com\/en\/#organization","name":"Terres Touloises Tourist Office","url":"https:\/\/tourisme-terrestouloises.com\/en\/","logo":{"@type":"ImageObject","inLanguage":"en-US","@id":"https:\/\/tourisme-terrestouloises.com\/en\/#\/schema\/logo\/image\/","url":"https:\/\/tourisme-terrestouloises.com\/wp-content\/uploads\/2021\/11\/TerresTouloises_Tourisme.svg","contentUrl":"https:\/\/tourisme-terrestouloises.com\/wp-content\/uploads\/2021\/11\/TerresTouloises_Tourisme.svg","width":126,"height":166,"caption":"Terres Touloises Tourist Office"},"image":{"@id":"https:\/\/tourisme-terrestouloises.com\/en\/#\/schema\/logo\/image\/"}}]}},"_links":{"self":[{"href":"https:\/\/tourisme-terrestouloises.com\/en\/wp-json\/wp\/v2\/pages\/523390","targetHints":{"allow":["GET"]}}],"collection":[{"href":"https:\/\/tourisme-terrestouloises.com\/en\/wp-json\/wp\/v2\/pages"}],"about":[{"href":"https:\/\/tourisme-terrestouloises.com\/en\/wp-json\/wp\/v2\/types\/page"}],"author":[{"embeddable":true,"href":"https:\/\/tourisme-terrestouloises.com\/en\/wp-json\/wp\/v2\/users\/12"}],"replies":[{"embeddable":true,"href":"https:\/\/tourisme-terrestouloises.com\/en\/wp-json\/wp\/v2\/comments?post=523390"}],"version-history":[{"count":2,"href":"https:\/\/tourisme-terrestouloises.com\/en\/wp-json\/wp\/v2\/pages\/523390\/revisions"}],"predecessor-version":[{"id":524138,"href":"https:\/\/tourisme-terrestouloises.com\/en\/wp-json\/wp\/v2\/pages\/523390\/revisions\/524138"}],"up":[{"embeddable":true,"href":"https:\/\/tourisme-terrestouloises.com\/en\/wp-json\/wp\/v2\/pages\/2583"}],"wp:featuredmedia":[{"embeddable":true,"href":"https:\/\/tourisme-terrestouloises.com\/en\/wp-json\/wp\/v2\/media\/524519"}],"wp:attachment":[{"href":"https:\/\/tourisme-terrestouloises.com\/en\/wp-json\/wp\/v2\/media?parent=523390"}],"curies":[{"name":"wp","href":"https:\/\/api.w.org\/{rel}","templated":true}]}}