{"id":523987,"date":"2024-07-02T21:36:16","date_gmt":"2024-07-02T19:36:16","guid":{"rendered":"https:\/\/tourisme-terrestouloises.com\/the-unavoidables\/cotes-de-toul-tourist-route\/partner-restaurants-of-the-cotes-de-toul-tourist-route\/"},"modified":"2024-07-03T11:09:11","modified_gmt":"2024-07-03T09:09:11","slug":"partner-restaurants-of-the-cotes-de-toul-tourist-route","status":"publish","type":"page","link":"https:\/\/tourisme-terrestouloises.com\/en\/the-unavoidables\/cotes-de-toul-tourist-route\/partner-restaurants-of-the-cotes-de-toul-tourist-route\/","title":{"rendered":"Partner restaurants of the C\u00f4tes de Toul tourist route"},"content":{"rendered":"\t\t<div data-elementor-type=\"wp-page\" data-elementor-id=\"523987\" class=\"elementor elementor-523987 elementor-523807\" data-elementor-post-type=\"page\">\n\t\t\t\t\t\t<section class=\"elementor-section elementor-top-section elementor-element elementor-element-5629e3d elementor-section-boxed elementor-section-height-default elementor-section-height-default\" data-id=\"5629e3d\" data-element_type=\"section\" data-e-type=\"section\">\n\t\t\t\t\t\t<div class=\"elementor-container elementor-column-gap-default\">\n\t\t\t\t\t<div class=\"elementor-column elementor-col-100 elementor-top-column elementor-element elementor-element-cb8a789\" data-id=\"cb8a789\" data-element_type=\"column\" data-e-type=\"column\">\n\t\t\t<div class=\"elementor-widget-wrap elementor-element-populated\">\n\t\t\t\t\t\t<div class=\"elementor-element elementor-element-df93a62 elementor-widget elementor-widget-illico-sit_liste_dynamique\" data-id=\"df93a62\" data-element_type=\"widget\" data-e-type=\"widget\" data-widget_type=\"illico-sit_liste_dynamique.default\">\n\t\t\t\t<div class=\"elementor-widget-container\">\n\t\t\t\t\t    <div class=\"sit-div\" id=\"39849\">\n        <div class=\"form_flux\" id=\"form_flux\" data-alea=\"39849\" style=\"display:none;\">\n            <form action=\"javascript:void(0);\" method=\"POST\" id=\"ChoixDate39849\" class=\"ChoixDate\">\n                <div class=\"bloc-titre\">\n                    <h2>Filters<\/h2>\n                    <button class=\"filter-button\" id=\"filter-close-button\" onclick=\"toggleFilter(39849)\">Show result(s)<img decoding=\"async\" src=\"https:\/\/tourisme-terrestouloises.com\/wp-content\/plugins\/Illico-GestionDonnees\/\/assets\/images\/right.svg\" alt=\"Voir les r\u00e9sultats\" title=\"Voir les r\u00e9sultats\"><\/button>\n                <\/div>\n                <div class=\"form_mandatory_value\">\n                    <input type=\"hidden\" id=\"form_page_id\" name =\"form_page_id\" value='0'>\n                    <input type=\"hidden\" id=\"form_sit_id\" name =\"form_sit_id\" value='523737'>\n                    <input type=\"hidden\" id=\"alea\" name=\"alea\" value=\"39849\">\n                <\/div>\n                \n            <div class=\"form_optional_value\">\n                <div class=\"form_section communes_global\">\n    <span class=\"form_section_title\">Municipalities<\/span>\n    <div class=\"form_section_content\">\n        <div class=\"checkbox_global\"><input type=\"checkbox\" id=\"lacuidad!BRULEY\" name=\"lacuidad!BRULEY\" value=\"toCheck\"><label for=\"lacuidad!BRULEY\">BRULEY<\/label><\/div><div class=\"checkbox_global\"><input type=\"checkbox\" id=\"lacuidad!LAGNEY\" name=\"lacuidad!LAGNEY\" value=\"toCheck\"><label for=\"lacuidad!LAGNEY\">LAGNEY<\/label><\/div><div class=\"checkbox_global\"><input type=\"checkbox\" id=\"lacuidad!LUCEY\" name=\"lacuidad!LUCEY\" value=\"toCheck\"><label for=\"lacuidad!LUCEY\">LUCEY<\/label><\/div><div class=\"checkbox_global\"><input type=\"checkbox\" id=\"lacuidad!TOUL\" name=\"lacuidad!TOUL\" value=\"toCheck\"><label for=\"lacuidad!TOUL\">TOUL<\/label><\/div>\n    <\/div>\n<\/div>\n                <div class=\"form_section types_global\">\n    <span class=\"form_section_title\">Types<\/span>\n    <div class=\"form_section_content\">\n        \n    <\/div>\n<\/div>\n                \n                \n                \n                <div class=\"recherche_mots_cles\">\n                    <div class=\"recherche_mots_cles_input\">\n                        <span class=\"form_section_title\">Search by keywords<\/span>\n                        <input type=\"text\" id=\"recherche_mots_cles\" name=\"recherche_mots_cles\">\n                    <\/div>\n                <\/div>\n            <\/div>\n            <input type=\"button\" class=\"btn btn-reset\" onclick=\"clearAllFormValue(this.form, 39849, 1)\" value=\"Reset\">\n                <button class=\"filter-button filter-button-bottom\" id=\"filter-close-button-footer\" onclick=\"toggleFilter(39849)\">Show result(s)<img decoding=\"async\" src=\"https:\/\/tourisme-terrestouloises.com\/wp-content\/plugins\/Illico-GestionDonnees\/\/assets\/images\/right.svg\" alt=\"Voir les r\u00e9sultats\" title=\"Voir les r\u00e9sultats\"><\/button>\n            <\/form>\n        <\/div>\n        <div class=\"filter-preview\" id=\"filter-preview\"><\/div>\n        <div class=\"global_result\" id=\"global_result39849\">\n            <div class=\"btn-nb\" id=\"btn-nb\">\n    <div class=\"nb-result\" id=\"nb-result\"><\/div>\n    <div class=\"div-button\">\n        <button class=\"filter-button\" id=\"filter-button\" onclick=\"toggleFilter(39849)\">Filters <img decoding=\"async\" src=\"https:\/\/tourisme-terrestouloises.com\/wp-content\/plugins\/Illico-GestionDonnees\/\/assets\/images\/filtres.svg\" alt=\"Filters\" title=\"Filters\"><\/button>\n        \n            <button class=\"map-button\" id=\"map-button\" onclick=\"toggleMap(39849)\">\n                <span class=\"toggle-off\"><i class=\"fas fa-toggle-off\"><\/i>Show map<\/span>\n                <span class=\"toggle-on\"><i class=\"fas fa-toggle-on\"><\/i>Hide map<\/span>\n            <\/button>\n    <\/div>\n<\/div>\n            <div class=\"div-list\" id=\"39849\">\n                <div class=\"left-column\" id=\"left-column\">\n                    <div class=\"loader\">\n                        <div class=\"circle\"><\/div>\n                        <div class=\"circle\"><\/div>\n                        <div class=\"circle\"><\/div>\n                        <div class=\"circle\"><\/div>\n                    <\/div>\n                <\/div>\n                <div class=\"right-column\" id=\"right-column\"><div id=\"mapid39849\" class=\"MapNumero\"><\/div><\/div>\n            <\/div>\n        <\/div>\n    <\/div>            <script>\n                window.addEventListener('pageshow', function(event) {\n                    setupMap(39849);\n                });\n            <\/script>\t\t\t\t<\/div>\n\t\t\t\t<\/div>\n\t\t\t\t\t<\/div>\n\t\t<\/div>\n\t\t\t\t\t<\/div>\n\t\t<\/section>\n\t\t\t\t<\/div>\n\t\t","protected":false},"excerpt":{"rendered":"<p>Filtres Voir les r\u00e9sultats Communes BRULEYLUCEYTOUL Types Recherche par mots-cl\u00e9s Voir les r\u00e9sultats Filtres Afficher la carte Masquer la carte<\/p>\n","protected":false},"author":1,"featured_media":1193,"parent":1799,"menu_order":50,"comment_status":"closed","ping_status":"closed","template":"","meta":{"_acf_changed":false,"footnotes":""},"class_list":["post-523987","page","type-page","status-publish","has-post-thumbnail","hentry"],"acf":[],"yoast_head":"<!-- This site is optimized with the Yoast SEO plugin v27.3 - https:\/\/yoast.com\/product\/yoast-seo-wordpress\/ -->\n<title>Partner restaurants of the C\u00f4tes de Toul tourist route - Terres Touloises Tourist Office<\/title>\n<meta name=\"robots\" content=\"index, follow, max-snippet:-1, max-image-preview:large, max-video-preview:-1\" \/>\n<link rel=\"canonical\" href=\"https:\/\/tourisme-terrestouloises.com\/en\/the-unavoidables\/cotes-de-toul-tourist-route\/partner-restaurants-of-the-cotes-de-toul-tourist-route\/\" \/>\n<meta property=\"og:locale\" content=\"en_US\" \/>\n<meta property=\"og:type\" content=\"article\" \/>\n<meta property=\"og:title\" content=\"Partner restaurants of the C\u00f4tes de Toul tourist route - Terres Touloises Tourist Office\" \/>\n<meta property=\"og:description\" content=\"Filtres Voir les r\u00e9sultats Communes BRULEYLUCEYTOUL Types Recherche par mots-cl\u00e9s Voir les r\u00e9sultats Filtres Afficher la carte Masquer la carte\" \/>\n<meta property=\"og:url\" content=\"https:\/\/tourisme-terrestouloises.com\/en\/the-unavoidables\/cotes-de-toul-tourist-route\/partner-restaurants-of-the-cotes-de-toul-tourist-route\/\" \/>\n<meta property=\"og:site_name\" content=\"Terres Touloises Tourist Office\" \/>\n<meta property=\"article:modified_time\" content=\"2024-07-03T09:09:11+00:00\" \/>\n<meta property=\"og:image\" content=\"https:\/\/tourisme-terrestouloises.com\/wp-content\/uploads\/2021\/11\/restaurants-partenaires-min.jpg\" \/>\n\t<meta property=\"og:image:width\" content=\"1350\" \/>\n\t<meta property=\"og:image:height\" content=\"842\" \/>\n\t<meta property=\"og:image:type\" content=\"image\/jpeg\" \/>\n<meta name=\"twitter:card\" content=\"summary_large_image\" \/>\n<script type=\"application\/ld+json\" class=\"yoast-schema-graph\">{\"@context\":\"https:\\\/\\\/schema.org\",\"@graph\":[{\"@type\":\"WebPage\",\"@id\":\"https:\\\/\\\/tourisme-terrestouloises.com\\\/en\\\/the-unavoidables\\\/cotes-de-toul-tourist-route\\\/partner-restaurants-of-the-cotes-de-toul-tourist-route\\\/\",\"url\":\"https:\\\/\\\/tourisme-terrestouloises.com\\\/en\\\/the-unavoidables\\\/cotes-de-toul-tourist-route\\\/partner-restaurants-of-the-cotes-de-toul-tourist-route\\\/\",\"name\":\"Partner restaurants of the C\u00f4tes de Toul tourist route - Terres Touloises Tourist Office\",\"isPartOf\":{\"@id\":\"https:\\\/\\\/tourisme-terrestouloises.com\\\/en\\\/#website\"},\"primaryImageOfPage\":{\"@id\":\"https:\\\/\\\/tourisme-terrestouloises.com\\\/en\\\/the-unavoidables\\\/cotes-de-toul-tourist-route\\\/partner-restaurants-of-the-cotes-de-toul-tourist-route\\\/#primaryimage\"},\"image\":{\"@id\":\"https:\\\/\\\/tourisme-terrestouloises.com\\\/en\\\/the-unavoidables\\\/cotes-de-toul-tourist-route\\\/partner-restaurants-of-the-cotes-de-toul-tourist-route\\\/#primaryimage\"},\"thumbnailUrl\":\"https:\\\/\\\/tourisme-terrestouloises.com\\\/wp-content\\\/uploads\\\/2021\\\/11\\\/restaurants-partenaires-min.jpg\",\"datePublished\":\"2024-07-02T19:36:16+00:00\",\"dateModified\":\"2024-07-03T09:09:11+00:00\",\"breadcrumb\":{\"@id\":\"https:\\\/\\\/tourisme-terrestouloises.com\\\/en\\\/the-unavoidables\\\/cotes-de-toul-tourist-route\\\/partner-restaurants-of-the-cotes-de-toul-tourist-route\\\/#breadcrumb\"},\"inLanguage\":\"en-US\",\"potentialAction\":[{\"@type\":\"ReadAction\",\"target\":[\"https:\\\/\\\/tourisme-terrestouloises.com\\\/en\\\/the-unavoidables\\\/cotes-de-toul-tourist-route\\\/partner-restaurants-of-the-cotes-de-toul-tourist-route\\\/\"]}]},{\"@type\":\"ImageObject\",\"inLanguage\":\"en-US\",\"@id\":\"https:\\\/\\\/tourisme-terrestouloises.com\\\/en\\\/the-unavoidables\\\/cotes-de-toul-tourist-route\\\/partner-restaurants-of-the-cotes-de-toul-tourist-route\\\/#primaryimage\",\"url\":\"https:\\\/\\\/tourisme-terrestouloises.com\\\/wp-content\\\/uploads\\\/2021\\\/11\\\/restaurants-partenaires-min.jpg\",\"contentUrl\":\"https:\\\/\\\/tourisme-terrestouloises.com\\\/wp-content\\\/uploads\\\/2021\\\/11\\\/restaurants-partenaires-min.jpg\",\"width\":1350,\"height\":842,\"caption\":\"https:\\\/\\\/compress-video-online.com\\\/fr\"},{\"@type\":\"BreadcrumbList\",\"@id\":\"https:\\\/\\\/tourisme-terrestouloises.com\\\/en\\\/the-unavoidables\\\/cotes-de-toul-tourist-route\\\/partner-restaurants-of-the-cotes-de-toul-tourist-route\\\/#breadcrumb\",\"itemListElement\":[{\"@type\":\"ListItem\",\"position\":1,\"name\":\"Accueil\",\"item\":\"https:\\\/\\\/tourisme-terrestouloises.com\\\/en\\\/\"},{\"@type\":\"ListItem\",\"position\":2,\"name\":\"Must-sees\",\"item\":\"https:\\\/\\\/tourisme-terrestouloises.com\\\/en\\\/the-unavoidables\\\/\"},{\"@type\":\"ListItem\",\"position\":3,\"name\":\"C\u00f4tes de Toul tourist route\",\"item\":\"https:\\\/\\\/tourisme-terrestouloises.com\\\/en\\\/the-unavoidables\\\/cotes-de-toul-tourist-route\\\/\"},{\"@type\":\"ListItem\",\"position\":4,\"name\":\"Partner restaurants of the C\u00f4tes de Toul tourist route\"}]},{\"@type\":\"WebSite\",\"@id\":\"https:\\\/\\\/tourisme-terrestouloises.com\\\/en\\\/#website\",\"url\":\"https:\\\/\\\/tourisme-terrestouloises.com\\\/en\\\/\",\"name\":\"Terres Touloises Tourist Office\",\"description\":\"Bienvenue en Terres Touloises\",\"publisher\":{\"@id\":\"https:\\\/\\\/tourisme-terrestouloises.com\\\/en\\\/#organization\"},\"potentialAction\":[{\"@type\":\"SearchAction\",\"target\":{\"@type\":\"EntryPoint\",\"urlTemplate\":\"https:\\\/\\\/tourisme-terrestouloises.com\\\/en\\\/?s={search_term_string}\"},\"query-input\":{\"@type\":\"PropertyValueSpecification\",\"valueRequired\":true,\"valueName\":\"search_term_string\"}}],\"inLanguage\":\"en-US\"},{\"@type\":\"Organization\",\"@id\":\"https:\\\/\\\/tourisme-terrestouloises.com\\\/en\\\/#organization\",\"name\":\"Terres Touloises Tourist Office\",\"url\":\"https:\\\/\\\/tourisme-terrestouloises.com\\\/en\\\/\",\"logo\":{\"@type\":\"ImageObject\",\"inLanguage\":\"en-US\",\"@id\":\"https:\\\/\\\/tourisme-terrestouloises.com\\\/en\\\/#\\\/schema\\\/logo\\\/image\\\/\",\"url\":\"https:\\\/\\\/tourisme-terrestouloises.com\\\/wp-content\\\/uploads\\\/2021\\\/11\\\/TerresTouloises_Tourisme.svg\",\"contentUrl\":\"https:\\\/\\\/tourisme-terrestouloises.com\\\/wp-content\\\/uploads\\\/2021\\\/11\\\/TerresTouloises_Tourisme.svg\",\"width\":126,\"height\":166,\"caption\":\"Terres Touloises Tourist Office\"},\"image\":{\"@id\":\"https:\\\/\\\/tourisme-terrestouloises.com\\\/en\\\/#\\\/schema\\\/logo\\\/image\\\/\"}}]}<\/script>\n<!-- \/ Yoast SEO plugin. -->","yoast_head_json":{"title":"Partner restaurants of the C\u00f4tes de Toul tourist route - Terres Touloises Tourist Office","robots":{"index":"index","follow":"follow","max-snippet":"max-snippet:-1","max-image-preview":"max-image-preview:large","max-video-preview":"max-video-preview:-1"},"canonical":"https:\/\/tourisme-terrestouloises.com\/en\/the-unavoidables\/cotes-de-toul-tourist-route\/partner-restaurants-of-the-cotes-de-toul-tourist-route\/","og_locale":"en_US","og_type":"article","og_title":"Partner restaurants of the C\u00f4tes de Toul tourist route - Terres Touloises Tourist Office","og_description":"Filtres Voir les r\u00e9sultats Communes BRULEYLUCEYTOUL Types Recherche par mots-cl\u00e9s Voir les r\u00e9sultats Filtres Afficher la carte Masquer la carte","og_url":"https:\/\/tourisme-terrestouloises.com\/en\/the-unavoidables\/cotes-de-toul-tourist-route\/partner-restaurants-of-the-cotes-de-toul-tourist-route\/","og_site_name":"Terres Touloises Tourist Office","article_modified_time":"2024-07-03T09:09:11+00:00","og_image":[{"width":1350,"height":842,"url":"https:\/\/tourisme-terrestouloises.com\/wp-content\/uploads\/2021\/11\/restaurants-partenaires-min.jpg","type":"image\/jpeg"}],"twitter_card":"summary_large_image","schema":{"@context":"https:\/\/schema.org","@graph":[{"@type":"WebPage","@id":"https:\/\/tourisme-terrestouloises.com\/en\/the-unavoidables\/cotes-de-toul-tourist-route\/partner-restaurants-of-the-cotes-de-toul-tourist-route\/","url":"https:\/\/tourisme-terrestouloises.com\/en\/the-unavoidables\/cotes-de-toul-tourist-route\/partner-restaurants-of-the-cotes-de-toul-tourist-route\/","name":"Partner restaurants of the C\u00f4tes de Toul tourist route - Terres Touloises Tourist Office","isPartOf":{"@id":"https:\/\/tourisme-terrestouloises.com\/en\/#website"},"primaryImageOfPage":{"@id":"https:\/\/tourisme-terrestouloises.com\/en\/the-unavoidables\/cotes-de-toul-tourist-route\/partner-restaurants-of-the-cotes-de-toul-tourist-route\/#primaryimage"},"image":{"@id":"https:\/\/tourisme-terrestouloises.com\/en\/the-unavoidables\/cotes-de-toul-tourist-route\/partner-restaurants-of-the-cotes-de-toul-tourist-route\/#primaryimage"},"thumbnailUrl":"https:\/\/tourisme-terrestouloises.com\/wp-content\/uploads\/2021\/11\/restaurants-partenaires-min.jpg","datePublished":"2024-07-02T19:36:16+00:00","dateModified":"2024-07-03T09:09:11+00:00","breadcrumb":{"@id":"https:\/\/tourisme-terrestouloises.com\/en\/the-unavoidables\/cotes-de-toul-tourist-route\/partner-restaurants-of-the-cotes-de-toul-tourist-route\/#breadcrumb"},"inLanguage":"en-US","potentialAction":[{"@type":"ReadAction","target":["https:\/\/tourisme-terrestouloises.com\/en\/the-unavoidables\/cotes-de-toul-tourist-route\/partner-restaurants-of-the-cotes-de-toul-tourist-route\/"]}]},{"@type":"ImageObject","inLanguage":"en-US","@id":"https:\/\/tourisme-terrestouloises.com\/en\/the-unavoidables\/cotes-de-toul-tourist-route\/partner-restaurants-of-the-cotes-de-toul-tourist-route\/#primaryimage","url":"https:\/\/tourisme-terrestouloises.com\/wp-content\/uploads\/2021\/11\/restaurants-partenaires-min.jpg","contentUrl":"https:\/\/tourisme-terrestouloises.com\/wp-content\/uploads\/2021\/11\/restaurants-partenaires-min.jpg","width":1350,"height":842,"caption":"https:\/\/compress-video-online.com\/fr"},{"@type":"BreadcrumbList","@id":"https:\/\/tourisme-terrestouloises.com\/en\/the-unavoidables\/cotes-de-toul-tourist-route\/partner-restaurants-of-the-cotes-de-toul-tourist-route\/#breadcrumb","itemListElement":[{"@type":"ListItem","position":1,"name":"Accueil","item":"https:\/\/tourisme-terrestouloises.com\/en\/"},{"@type":"ListItem","position":2,"name":"Must-sees","item":"https:\/\/tourisme-terrestouloises.com\/en\/the-unavoidables\/"},{"@type":"ListItem","position":3,"name":"C\u00f4tes de Toul tourist route","item":"https:\/\/tourisme-terrestouloises.com\/en\/the-unavoidables\/cotes-de-toul-tourist-route\/"},{"@type":"ListItem","position":4,"name":"Partner restaurants of the C\u00f4tes de Toul tourist route"}]},{"@type":"WebSite","@id":"https:\/\/tourisme-terrestouloises.com\/en\/#website","url":"https:\/\/tourisme-terrestouloises.com\/en\/","name":"Terres Touloises Tourist Office","description":"Bienvenue en Terres Touloises","publisher":{"@id":"https:\/\/tourisme-terrestouloises.com\/en\/#organization"},"potentialAction":[{"@type":"SearchAction","target":{"@type":"EntryPoint","urlTemplate":"https:\/\/tourisme-terrestouloises.com\/en\/?s={search_term_string}"},"query-input":{"@type":"PropertyValueSpecification","valueRequired":true,"valueName":"search_term_string"}}],"inLanguage":"en-US"},{"@type":"Organization","@id":"https:\/\/tourisme-terrestouloises.com\/en\/#organization","name":"Terres Touloises Tourist Office","url":"https:\/\/tourisme-terrestouloises.com\/en\/","logo":{"@type":"ImageObject","inLanguage":"en-US","@id":"https:\/\/tourisme-terrestouloises.com\/en\/#\/schema\/logo\/image\/","url":"https:\/\/tourisme-terrestouloises.com\/wp-content\/uploads\/2021\/11\/TerresTouloises_Tourisme.svg","contentUrl":"https:\/\/tourisme-terrestouloises.com\/wp-content\/uploads\/2021\/11\/TerresTouloises_Tourisme.svg","width":126,"height":166,"caption":"Terres Touloises Tourist Office"},"image":{"@id":"https:\/\/tourisme-terrestouloises.com\/en\/#\/schema\/logo\/image\/"}}]}},"_links":{"self":[{"href":"https:\/\/tourisme-terrestouloises.com\/en\/wp-json\/wp\/v2\/pages\/523987","targetHints":{"allow":["GET"]}}],"collection":[{"href":"https:\/\/tourisme-terrestouloises.com\/en\/wp-json\/wp\/v2\/pages"}],"about":[{"href":"https:\/\/tourisme-terrestouloises.com\/en\/wp-json\/wp\/v2\/types\/page"}],"author":[{"embeddable":true,"href":"https:\/\/tourisme-terrestouloises.com\/en\/wp-json\/wp\/v2\/users\/1"}],"replies":[{"embeddable":true,"href":"https:\/\/tourisme-terrestouloises.com\/en\/wp-json\/wp\/v2\/comments?post=523987"}],"version-history":[{"count":1,"href":"https:\/\/tourisme-terrestouloises.com\/en\/wp-json\/wp\/v2\/pages\/523987\/revisions"}],"predecessor-version":[{"id":523988,"href":"https:\/\/tourisme-terrestouloises.com\/en\/wp-json\/wp\/v2\/pages\/523987\/revisions\/523988"}],"up":[{"embeddable":true,"href":"https:\/\/tourisme-terrestouloises.com\/en\/wp-json\/wp\/v2\/pages\/1799"}],"wp:featuredmedia":[{"embeddable":true,"href":"https:\/\/tourisme-terrestouloises.com\/en\/wp-json\/wp\/v2\/media\/1193"}],"wp:attachment":[{"href":"https:\/\/tourisme-terrestouloises.com\/en\/wp-json\/wp\/v2\/media?parent=523987"}],"curies":[{"name":"wp","href":"https:\/\/api.w.org\/{rel}","templated":true}]}}