{"id":524819,"date":"2024-12-05T14:38:44","date_gmt":"2024-12-05T13:38:44","guid":{"rendered":"https:\/\/tourisme-terrestouloises.com\/?page_id=524819"},"modified":"2025-06-26T15:09:23","modified_gmt":"2025-06-26T13:09:23","slug":"billetterie","status":"publish","type":"page","link":"https:\/\/tourisme-terrestouloises.com\/en\/billetterie\/","title":{"rendered":"Billetterie"},"content":{"rendered":"\t\t<div data-elementor-type=\"wp-page\" data-elementor-id=\"524819\" class=\"elementor elementor-524819\" data-elementor-post-type=\"page\">\n\t\t\t\t\t\t<section class=\"elementor-section elementor-top-section elementor-element elementor-element-e3d9a2a elementor-section-boxed elementor-section-height-default elementor-section-height-default\" data-id=\"e3d9a2a\" data-element_type=\"section\" data-e-type=\"section\">\n\t\t\t\t\t\t<div class=\"elementor-container elementor-column-gap-default\">\n\t\t\t\t\t<div class=\"elementor-column elementor-col-100 elementor-top-column elementor-element elementor-element-aebc2ab\" data-id=\"aebc2ab\" data-element_type=\"column\" data-e-type=\"column\">\n\t\t\t<div class=\"elementor-widget-wrap elementor-element-populated\">\n\t\t\t\t\t\t<div class=\"elementor-element elementor-element-07df705 elementor-widget elementor-widget-text-editor\" data-id=\"07df705\" data-element_type=\"widget\" data-e-type=\"widget\" data-widget_type=\"text-editor.default\">\n\t\t\t\t<div class=\"elementor-widget-container\">\n\t\t\t\t\t\t\t\t\t<p><strong>Pr\u00e9parez votre visite, vivez l&#8217;exp\u00e9rience !\u00a0<\/strong><\/p>\n<p>R\u00e9servez en ligne vos prochaines d\u00e9couvertes sur notre billetterie en ligne : visites guid\u00e9es incontournables, balades th\u00e9matiques ou repas insolites au coeur du patrimoine. Que vous soyez curieux d&#8217;histoire, amateur de nature ou fin gourmet, il y a forc\u00e9ment une exp\u00e9rience faite pour vous.<\/p>\n<p>Et pour vous accompagner ? Deux guides passionn\u00e9s, fins connaisseurs du territoire, vous ouvrent les portes du Toulois autrement.<\/p>\t\t\t\t\t\t\t\t<\/div>\n\t\t\t\t<\/div>\n\t\t\t\t<div class=\"elementor-element elementor-element-8ef2211 elementor-widget elementor-widget-spacer\" data-id=\"8ef2211\" data-element_type=\"widget\" data-e-type=\"widget\" data-widget_type=\"spacer.default\">\n\t\t\t\t<div class=\"elementor-widget-container\">\n\t\t\t\t\t\t\t<div class=\"elementor-spacer\">\n\t\t\t<div class=\"elementor-spacer-inner\"><\/div>\n\t\t<\/div>\n\t\t\t\t\t\t<\/div>\n\t\t\t\t<\/div>\n\t\t\t\t<div class=\"elementor-element elementor-element-585d958 elementor-widget elementor-widget-spacer\" data-id=\"585d958\" data-element_type=\"widget\" data-e-type=\"widget\" data-widget_type=\"spacer.default\">\n\t\t\t\t<div class=\"elementor-widget-container\">\n\t\t\t\t\t\t\t<div class=\"elementor-spacer\">\n\t\t\t<div class=\"elementor-spacer-inner\"><\/div>\n\t\t<\/div>\n\t\t\t\t\t\t<\/div>\n\t\t\t\t<\/div>\n\t\t\t\t<div class=\"elementor-element elementor-element-d4511cb elementor-invisible elementor-widget elementor-widget-heading\" data-id=\"d4511cb\" data-element_type=\"widget\" data-e-type=\"widget\" data-settings=\"{&quot;_animation&quot;:&quot;fadeIn&quot;}\" data-widget_type=\"heading.default\">\n\t\t\t\t<div class=\"elementor-widget-container\">\n\t\t\t\t\t<h2 class=\"elementor-heading-title elementor-size-default\">Nos visites et animations<\/h2>\t\t\t\t<\/div>\n\t\t\t\t<\/div>\n\t\t\t\t<div class=\"elementor-element elementor-element-7694085 elementor-widget elementor-widget-html\" data-id=\"7694085\" data-element_type=\"widget\" data-e-type=\"widget\" data-widget_type=\"html.default\">\n\t\t\t\t<div class=\"elementor-widget-container\">\n\t\t\t\t\t\r\n<!---------- Aloa Widget Vente En Ligne N\u00b0 1 ---------->\r\n<div id=\"aloaWVLZone_1\">Chargement en cours<\/div>\r\n                                                <script type=\"text\/javascript\" class=\"aloaWVLcdnScript\" rel=\"nofollow\" src=\"https:\/\/media.consonanceweb.fr\/js\/cdnAloaWVLv1.js?adew=eyJ0eXAiOiJKV1QiLCJhbGciOiJIUzI1NiJ9.eyJkIjoibWR0dGVycmVzdG91bG9pc2VzIiwiZSI6MSwidyI6IjEifQ._jy1kjLow9_68hLI1Q5yoLZ4H6yFxGXsfOA_8hzqasw&autoResize=true\"><\/script>\r\n<!----------------------------------------------------------------------->\r\n\t\t\t\t<\/div>\n\t\t\t\t<\/div>\n\t\t\t\t<div class=\"elementor-element elementor-element-8bd9f79 elementor-widget elementor-widget-spacer\" data-id=\"8bd9f79\" data-element_type=\"widget\" data-e-type=\"widget\" data-widget_type=\"spacer.default\">\n\t\t\t\t<div class=\"elementor-widget-container\">\n\t\t\t\t\t\t\t<div class=\"elementor-spacer\">\n\t\t\t<div class=\"elementor-spacer-inner\"><\/div>\n\t\t<\/div>\n\t\t\t\t\t\t<\/div>\n\t\t\t\t<\/div>\n\t\t\t\t<div class=\"elementor-element elementor-element-c1304aa elementor-widget elementor-widget-spacer\" data-id=\"c1304aa\" data-element_type=\"widget\" data-e-type=\"widget\" data-widget_type=\"spacer.default\">\n\t\t\t\t<div class=\"elementor-widget-container\">\n\t\t\t\t\t\t\t<div class=\"elementor-spacer\">\n\t\t\t<div class=\"elementor-spacer-inner\"><\/div>\n\t\t<\/div>\n\t\t\t\t\t\t<\/div>\n\t\t\t\t<\/div>\n\t\t\t\t<div class=\"elementor-element elementor-element-e57359d elementor-invisible elementor-widget elementor-widget-heading\" data-id=\"e57359d\" data-element_type=\"widget\" data-e-type=\"widget\" data-settings=\"{&quot;_animation&quot;:&quot;fadeIn&quot;}\" data-widget_type=\"heading.default\">\n\t\t\t\t<div class=\"elementor-widget-container\">\n\t\t\t\t\t<h2 class=\"elementor-heading-title elementor-size-default\">Nos guides<\/h2>\t\t\t\t<\/div>\n\t\t\t\t<\/div>\n\t\t\t\t\t<\/div>\n\t\t<\/div>\n\t\t\t\t\t<\/div>\n\t\t<\/section>\n\t\t\t\t<section class=\"elementor-section elementor-top-section elementor-element elementor-element-9daca36 elementor-section-boxed elementor-section-height-default elementor-section-height-default\" data-id=\"9daca36\" data-element_type=\"section\" data-e-type=\"section\">\n\t\t\t\t\t\t<div class=\"elementor-container elementor-column-gap-default\">\n\t\t\t\t\t<div class=\"elementor-column elementor-col-50 elementor-top-column elementor-element elementor-element-d3bfc13\" data-id=\"d3bfc13\" data-element_type=\"column\" data-e-type=\"column\">\n\t\t\t<div class=\"elementor-widget-wrap elementor-element-populated\">\n\t\t\t\t\t\t<div class=\"elementor-element elementor-element-34cd231 elementor-widget elementor-widget-image\" data-id=\"34cd231\" data-element_type=\"widget\" data-e-type=\"widget\" data-widget_type=\"image.default\">\n\t\t\t\t<div class=\"elementor-widget-container\">\n\t\t\t\t\t\t\t\t\t\t\t\t\t\t\t<img decoding=\"async\" src=\"https:\/\/tourisme-terrestouloises.com\/wp-content\/uploads\/elementor\/thumbs\/Copie_de_VG_Nature_automne-removebg-preview-r1elccc4ocusi22mue2oh5wb1j7mnlpm5b858ospeg.png\" title=\"Copie_de_VG_Nature_automne-removebg-preview\" alt=\"Portrait de Logan Mathiot, guide nature\" loading=\"lazy\" \/>\t\t\t\t\t\t\t\t\t\t\t\t\t\t\t<\/div>\n\t\t\t\t<\/div>\n\t\t\t\t<div class=\"elementor-element elementor-element-e9fdf56 elementor-widget elementor-widget-text-editor\" data-id=\"e9fdf56\" data-element_type=\"widget\" data-e-type=\"widget\" data-widget_type=\"text-editor.default\">\n\t\t\t\t<div class=\"elementor-widget-container\">\n\t\t\t\t\t\t\t\t\t<p><strong>Logan Mathiot<\/strong><\/p>\t\t\t\t\t\t\t\t<\/div>\n\t\t\t\t<\/div>\n\t\t\t\t<div class=\"elementor-element elementor-element-4dfd26a elementor-widget elementor-widget-text-editor\" data-id=\"4dfd26a\" data-element_type=\"widget\" data-e-type=\"widget\" data-widget_type=\"text-editor.default\">\n\t\t\t\t<div class=\"elementor-widget-container\">\n\t\t\t\t\t\t\t\t\t<p>Guide nature<\/p>\t\t\t\t\t\t\t\t<\/div>\n\t\t\t\t<\/div>\n\t\t\t\t<div class=\"elementor-element elementor-element-3251242 elementor-blockquote--skin-quotation elementor-blockquote--align-left elementor-widget elementor-widget-blockquote\" data-id=\"3251242\" data-element_type=\"widget\" data-e-type=\"widget\" data-widget_type=\"blockquote.default\">\n\t\t\t\t<div class=\"elementor-widget-container\">\n\t\t\t\t\t\t\t<blockquote class=\"elementor-blockquote\">\n\t\t\t<p class=\"elementor-blockquote__content\">\n\t\t\t\tMon objectif est de mettre en lumi\u00e8re le terroir et de r\u00e9v\u00e9ler l'importance du lien entre l'Homme et le paysage. En tant que guide, je me vois comme un passeur : entre nature et patrimoine, pass\u00e9 et pr\u00e9sent, visible et invisible. Chaque balade devient une d\u00e9couverte, une opportunit\u00e9 de renouer avec notre environnement. C'est \u00e9veiller la curiosit\u00e9, r\u00e9v\u00e9ler des d\u00e9tails insoup\u00e7onn\u00e9s et offrir les cl\u00e9s pour comprendre le monde qui nous entoure.\t\t\t<\/p>\n\t\t\t\t\t<\/blockquote>\n\t\t\t\t\t\t<\/div>\n\t\t\t\t<\/div>\n\t\t\t\t<div class=\"elementor-element elementor-element-4942841 elementor-widget-divider--view-line_icon elementor-view-default elementor-widget-divider--element-align-center elementor-widget elementor-widget-divider\" data-id=\"4942841\" data-element_type=\"widget\" data-e-type=\"widget\" data-widget_type=\"divider.default\">\n\t\t\t\t<div class=\"elementor-widget-container\">\n\t\t\t\t\t\t\t<div class=\"elementor-divider\">\n\t\t\t<span class=\"elementor-divider-separator\">\n\t\t\t\t\t\t\t<div class=\"elementor-icon elementor-divider__element\">\n\t\t\t\t\t<i aria-hidden=\"true\" class=\"fas fa-heart\"><\/i><\/div>\n\t\t\t\t\t\t<\/span>\n\t\t<\/div>\n\t\t\t\t\t\t<\/div>\n\t\t\t\t<\/div>\n\t\t\t\t<div class=\"elementor-element elementor-element-c79de5f elementor-widget elementor-widget-text-editor\" data-id=\"c79de5f\" data-element_type=\"widget\" data-e-type=\"widget\" data-widget_type=\"text-editor.default\">\n\t\t\t\t<div class=\"elementor-widget-container\">\n\t\t\t\t\t\t\t\t\t<p><strong>Son lieu coup de coeur :<\/strong> le point de vue sur les hauteurs de Boucq<\/p><p><strong>Ses passions :<\/strong> les sciences, l&#8217;Histoire, l&#8217;\u00e9criture et la nature<\/p><p><strong>Ses valeurs :<\/strong> l&#8217;authenticit\u00e9, l&#8217;engagement envers le d\u00e9veloppement durable et la valorisation du terroir<\/p>\t\t\t\t\t\t\t\t<\/div>\n\t\t\t\t<\/div>\n\t\t\t\t<div class=\"elementor-element elementor-element-445c4f1 elementor-widget elementor-widget-image\" data-id=\"445c4f1\" data-element_type=\"widget\" data-e-type=\"widget\" data-widget_type=\"image.default\">\n\t\t\t\t<div class=\"elementor-widget-container\">\n\t\t\t\t\t\t\t\t\t\t\t\t\t\t\t<img decoding=\"async\" width=\"300\" height=\"88\" src=\"https:\/\/tourisme-terrestouloises.com\/wp-content\/uploads\/2025\/02\/3_pictos_sorties_nature-removebg-preview-300x88.png\" class=\"attachment-medium size-medium wp-image-525065\" alt=\"\" srcset=\"https:\/\/tourisme-terrestouloises.com\/wp-content\/uploads\/2025\/02\/3_pictos_sorties_nature-removebg-preview-300x88.png 300w, https:\/\/tourisme-terrestouloises.com\/wp-content\/uploads\/2025\/02\/3_pictos_sorties_nature-removebg-preview-768x226.png 768w, https:\/\/tourisme-terrestouloises.com\/wp-content\/uploads\/2025\/02\/3_pictos_sorties_nature-removebg-preview-24x7.png 24w, https:\/\/tourisme-terrestouloises.com\/wp-content\/uploads\/2025\/02\/3_pictos_sorties_nature-removebg-preview-36x11.png 36w, https:\/\/tourisme-terrestouloises.com\/wp-content\/uploads\/2025\/02\/3_pictos_sorties_nature-removebg-preview-48x14.png 48w, https:\/\/tourisme-terrestouloises.com\/wp-content\/uploads\/2025\/02\/3_pictos_sorties_nature-removebg-preview.png 919w\" sizes=\"(max-width: 300px) 100vw, 300px\" \/>\t\t\t\t\t\t\t\t\t\t\t\t\t\t\t<\/div>\n\t\t\t\t<\/div>\n\t\t\t\t\t<\/div>\n\t\t<\/div>\n\t\t\t\t<div class=\"elementor-column elementor-col-50 elementor-top-column elementor-element elementor-element-4ffea42\" data-id=\"4ffea42\" data-element_type=\"column\" data-e-type=\"column\" data-settings=\"{&quot;motion_fx_motion_fx_mouse&quot;:&quot;yes&quot;}\">\n\t\t\t<div class=\"elementor-widget-wrap elementor-element-populated\">\n\t\t\t\t\t\t<div class=\"elementor-element elementor-element-45de9d9 elementor-widget elementor-widget-image\" data-id=\"45de9d9\" data-element_type=\"widget\" data-e-type=\"widget\" data-widget_type=\"image.default\">\n\t\t\t\t<div class=\"elementor-widget-container\">\n\t\t\t\t\t\t\t\t\t\t\t\t\t\t\t<img decoding=\"async\" src=\"https:\/\/tourisme-terrestouloises.com\/wp-content\/uploads\/elementor\/thumbs\/Copie_de_VG_Nature_automne__1_-removebg-preview-r1hnsbrhhvoeeeqfw15egu65qe3bwo3c4lt6qdkdqw.png\" title=\"Copie_de_VG_Nature_automne__1_-removebg-preview\" alt=\"Pauline Louyot, guide conf\u00e9renci\u00e8re\" loading=\"lazy\" \/>\t\t\t\t\t\t\t\t\t\t\t\t\t\t\t<\/div>\n\t\t\t\t<\/div>\n\t\t\t\t<div class=\"elementor-element elementor-element-b4f0c81 elementor-widget elementor-widget-text-editor\" data-id=\"b4f0c81\" data-element_type=\"widget\" data-e-type=\"widget\" data-widget_type=\"text-editor.default\">\n\t\t\t\t<div class=\"elementor-widget-container\">\n\t\t\t\t\t\t\t\t\t<p><strong>Pauline Louyot<\/strong><\/p>\t\t\t\t\t\t\t\t<\/div>\n\t\t\t\t<\/div>\n\t\t\t\t<div class=\"elementor-element elementor-element-0e38522 elementor-widget elementor-widget-text-editor\" data-id=\"0e38522\" data-element_type=\"widget\" data-e-type=\"widget\" data-widget_type=\"text-editor.default\">\n\t\t\t\t<div class=\"elementor-widget-container\">\n\t\t\t\t\t\t\t\t\t<p>Guide conf\u00e9renci\u00e8re<\/p>\t\t\t\t\t\t\t\t<\/div>\n\t\t\t\t<\/div>\n\t\t\t\t<div class=\"elementor-element elementor-element-31dd281 elementor-blockquote--skin-quotation elementor-widget elementor-widget-blockquote\" data-id=\"31dd281\" data-element_type=\"widget\" data-e-type=\"widget\" data-widget_type=\"blockquote.default\">\n\t\t\t\t<div class=\"elementor-widget-container\">\n\t\t\t\t\t\t\t<blockquote class=\"elementor-blockquote\">\n\t\t\t<p class=\"elementor-blockquote__content\">\n\t\t\t\tFaire une visite, c'est avant tout un \u00e9change vivant entre la d\u00e9couverte et le partage. Ce n'est pas seulement une transmission de savoir, mais une exp\u00e9rience qui invite \u00e0 revoir notre mani\u00e8re de percevoir le monde. Il ne s'agit pas uniquement d'expliquer, mais d'encourager chacun \u00e0 voir les choses sous un autre angle, \u00e0 d\u00e9couvrir des \u00e9l\u00e9ments qui pourraient passer inaper\u00e7us. Rendre l'Histoire vivante et ludique, accessible \u00e0 tous, est ce que je m'efforce de faire, pour que chaque visite soit unique !\t\t\t<\/p>\n\t\t\t\t\t<\/blockquote>\n\t\t\t\t\t\t<\/div>\n\t\t\t\t<\/div>\n\t\t\t\t<div class=\"elementor-element elementor-element-3d0b804 elementor-widget-divider--view-line_icon elementor-view-default elementor-widget-divider--element-align-center elementor-widget elementor-widget-divider\" data-id=\"3d0b804\" data-element_type=\"widget\" data-e-type=\"widget\" data-widget_type=\"divider.default\">\n\t\t\t\t<div class=\"elementor-widget-container\">\n\t\t\t\t\t\t\t<div class=\"elementor-divider\">\n\t\t\t<span class=\"elementor-divider-separator\">\n\t\t\t\t\t\t\t<div class=\"elementor-icon elementor-divider__element\">\n\t\t\t\t\t<i aria-hidden=\"true\" class=\"fas fa-heart\"><\/i><\/div>\n\t\t\t\t\t\t<\/span>\n\t\t<\/div>\n\t\t\t\t\t\t<\/div>\n\t\t\t\t<\/div>\n\t\t\t\t<div class=\"elementor-element elementor-element-b3de2cd elementor-widget elementor-widget-text-editor\" data-id=\"b3de2cd\" data-element_type=\"widget\" data-e-type=\"widget\" data-widget_type=\"text-editor.default\">\n\t\t\t\t<div class=\"elementor-widget-container\">\n\t\t\t\t\t\t\t\t\t<p><strong>Son lieu coup de coeur :<\/strong> la Coll\u00e9giale Saint-Gengoult<\/p><p><strong>Ses passions :<\/strong> l&#8217;Histoire, la lecture, les langues et les voyages<\/p><p><strong>Ses valeurs :<\/strong> le partage, l&#8217;inclusivit\u00e9 et l&#8217;investissement envers l&#8217;acc\u00e8s \u00e0 la culture<\/p>\t\t\t\t\t\t\t\t<\/div>\n\t\t\t\t<\/div>\n\t\t\t\t\t<\/div>\n\t\t<\/div>\n\t\t\t\t\t<\/div>\n\t\t<\/section>\n\t\t\t\t<\/div>\n\t\t","protected":false},"excerpt":{"rendered":"<p>Pr\u00e9parez votre visite, vivez l&#8217;exp\u00e9rience !\u00a0 R\u00e9servez en ligne vos prochaines d\u00e9couvertes sur notre billetterie en ligne : visites guid\u00e9es incontournables, balades th\u00e9matiques ou repas insolites au coeur du patrimoine. Que vous soyez curieux d&#8217;histoire, amateur de nature ou fin gourmet, il y a forc\u00e9ment une exp\u00e9rience faite pour vous. Et pour vous accompagner ? [&hellip;]<\/p>\n","protected":false},"author":13,"featured_media":525122,"parent":0,"menu_order":0,"comment_status":"closed","ping_status":"closed","template":"","meta":{"_acf_changed":false,"footnotes":""},"class_list":["post-524819","page","type-page","status-publish","has-post-thumbnail","hentry"],"acf":[],"yoast_head":"<!-- This site is optimized with the Yoast SEO plugin v27.3 - https:\/\/yoast.com\/product\/yoast-seo-wordpress\/ -->\n<title>Billetterie - Terres Touloises Tourist Office<\/title>\n<meta name=\"description\" content=\"D\u00e9couvrez la billetterie de nos nombreuses visites guid\u00e9es entre nature et patrimoine, sur Toul et aux alentours !\" \/>\n<meta name=\"robots\" content=\"index, follow, max-snippet:-1, max-image-preview:large, max-video-preview:-1\" \/>\n<link rel=\"canonical\" href=\"https:\/\/tourisme-terrestouloises.com\/en\/billetterie\/\" \/>\n<meta property=\"og:locale\" content=\"en_US\" \/>\n<meta property=\"og:type\" content=\"article\" \/>\n<meta property=\"og:title\" content=\"Billetterie - Terres Touloises Tourist Office\" \/>\n<meta property=\"og:description\" content=\"D\u00e9couvrez la billetterie de nos nombreuses visites guid\u00e9es entre nature et patrimoine, sur Toul et aux alentours !\" \/>\n<meta property=\"og:url\" content=\"https:\/\/tourisme-terrestouloises.com\/en\/billetterie\/\" \/>\n<meta property=\"og:site_name\" content=\"Terres Touloises Tourist Office\" \/>\n<meta property=\"article:modified_time\" content=\"2025-06-26T13:09:23+00:00\" \/>\n<meta property=\"og:image\" content=\"https:\/\/tourisme-terrestouloises.com\/wp-content\/uploads\/2025\/02\/andy-li-A_dJOYpxEVU-unsplash-scaled.jpg\" \/>\n\t<meta property=\"og:image:width\" content=\"2560\" \/>\n\t<meta property=\"og:image:height\" content=\"1707\" \/>\n\t<meta property=\"og:image:type\" content=\"image\/jpeg\" \/>\n<meta name=\"twitter:card\" content=\"summary_large_image\" \/>\n<meta name=\"twitter:label1\" content=\"Est. reading time\" \/>\n\t<meta name=\"twitter:data1\" content=\"2 minutes\" \/>\n<script type=\"application\/ld+json\" class=\"yoast-schema-graph\">{\"@context\":\"https:\\\/\\\/schema.org\",\"@graph\":[{\"@type\":\"WebPage\",\"@id\":\"https:\\\/\\\/tourisme-terrestouloises.com\\\/en\\\/billetterie\\\/\",\"url\":\"https:\\\/\\\/tourisme-terrestouloises.com\\\/en\\\/billetterie\\\/\",\"name\":\"Billetterie - Terres Touloises Tourist Office\",\"isPartOf\":{\"@id\":\"https:\\\/\\\/tourisme-terrestouloises.com\\\/en\\\/#website\"},\"primaryImageOfPage\":{\"@id\":\"https:\\\/\\\/tourisme-terrestouloises.com\\\/en\\\/billetterie\\\/#primaryimage\"},\"image\":{\"@id\":\"https:\\\/\\\/tourisme-terrestouloises.com\\\/en\\\/billetterie\\\/#primaryimage\"},\"thumbnailUrl\":\"https:\\\/\\\/tourisme-terrestouloises.com\\\/wp-content\\\/uploads\\\/2025\\\/02\\\/andy-li-A_dJOYpxEVU-unsplash-scaled.jpg\",\"datePublished\":\"2024-12-05T13:38:44+00:00\",\"dateModified\":\"2025-06-26T13:09:23+00:00\",\"description\":\"D\u00e9couvrez la billetterie de nos nombreuses visites guid\u00e9es entre nature et patrimoine, sur Toul et aux alentours !\",\"breadcrumb\":{\"@id\":\"https:\\\/\\\/tourisme-terrestouloises.com\\\/en\\\/billetterie\\\/#breadcrumb\"},\"inLanguage\":\"en-US\",\"potentialAction\":[{\"@type\":\"ReadAction\",\"target\":[\"https:\\\/\\\/tourisme-terrestouloises.com\\\/en\\\/billetterie\\\/\"]}]},{\"@type\":\"ImageObject\",\"inLanguage\":\"en-US\",\"@id\":\"https:\\\/\\\/tourisme-terrestouloises.com\\\/en\\\/billetterie\\\/#primaryimage\",\"url\":\"https:\\\/\\\/tourisme-terrestouloises.com\\\/wp-content\\\/uploads\\\/2025\\\/02\\\/andy-li-A_dJOYpxEVU-unsplash-scaled.jpg\",\"contentUrl\":\"https:\\\/\\\/tourisme-terrestouloises.com\\\/wp-content\\\/uploads\\\/2025\\\/02\\\/andy-li-A_dJOYpxEVU-unsplash-scaled.jpg\",\"width\":2560,\"height\":1707,\"caption\":\"\u00a9Unsplash\"},{\"@type\":\"BreadcrumbList\",\"@id\":\"https:\\\/\\\/tourisme-terrestouloises.com\\\/en\\\/billetterie\\\/#breadcrumb\",\"itemListElement\":[{\"@type\":\"ListItem\",\"position\":1,\"name\":\"Accueil\",\"item\":\"https:\\\/\\\/tourisme-terrestouloises.com\\\/en\\\/\"},{\"@type\":\"ListItem\",\"position\":2,\"name\":\"Billetterie\"}]},{\"@type\":\"WebSite\",\"@id\":\"https:\\\/\\\/tourisme-terrestouloises.com\\\/en\\\/#website\",\"url\":\"https:\\\/\\\/tourisme-terrestouloises.com\\\/en\\\/\",\"name\":\"Terres Touloises Tourist Office\",\"description\":\"Bienvenue en Terres Touloises\",\"publisher\":{\"@id\":\"https:\\\/\\\/tourisme-terrestouloises.com\\\/en\\\/#organization\"},\"potentialAction\":[{\"@type\":\"SearchAction\",\"target\":{\"@type\":\"EntryPoint\",\"urlTemplate\":\"https:\\\/\\\/tourisme-terrestouloises.com\\\/en\\\/?s={search_term_string}\"},\"query-input\":{\"@type\":\"PropertyValueSpecification\",\"valueRequired\":true,\"valueName\":\"search_term_string\"}}],\"inLanguage\":\"en-US\"},{\"@type\":\"Organization\",\"@id\":\"https:\\\/\\\/tourisme-terrestouloises.com\\\/en\\\/#organization\",\"name\":\"Terres Touloises Tourist Office\",\"url\":\"https:\\\/\\\/tourisme-terrestouloises.com\\\/en\\\/\",\"logo\":{\"@type\":\"ImageObject\",\"inLanguage\":\"en-US\",\"@id\":\"https:\\\/\\\/tourisme-terrestouloises.com\\\/en\\\/#\\\/schema\\\/logo\\\/image\\\/\",\"url\":\"https:\\\/\\\/tourisme-terrestouloises.com\\\/wp-content\\\/uploads\\\/2021\\\/11\\\/TerresTouloises_Tourisme.svg\",\"contentUrl\":\"https:\\\/\\\/tourisme-terrestouloises.com\\\/wp-content\\\/uploads\\\/2021\\\/11\\\/TerresTouloises_Tourisme.svg\",\"width\":126,\"height\":166,\"caption\":\"Terres Touloises Tourist Office\"},\"image\":{\"@id\":\"https:\\\/\\\/tourisme-terrestouloises.com\\\/en\\\/#\\\/schema\\\/logo\\\/image\\\/\"}}]}<\/script>\n<!-- \/ Yoast SEO plugin. -->","yoast_head_json":{"title":"Billetterie - Terres Touloises Tourist Office","description":"D\u00e9couvrez la billetterie de nos nombreuses visites guid\u00e9es entre nature et patrimoine, sur Toul et aux alentours !","robots":{"index":"index","follow":"follow","max-snippet":"max-snippet:-1","max-image-preview":"max-image-preview:large","max-video-preview":"max-video-preview:-1"},"canonical":"https:\/\/tourisme-terrestouloises.com\/en\/billetterie\/","og_locale":"en_US","og_type":"article","og_title":"Billetterie - Terres Touloises Tourist Office","og_description":"D\u00e9couvrez la billetterie de nos nombreuses visites guid\u00e9es entre nature et patrimoine, sur Toul et aux alentours !","og_url":"https:\/\/tourisme-terrestouloises.com\/en\/billetterie\/","og_site_name":"Terres Touloises Tourist Office","article_modified_time":"2025-06-26T13:09:23+00:00","og_image":[{"width":2560,"height":1707,"url":"https:\/\/tourisme-terrestouloises.com\/wp-content\/uploads\/2025\/02\/andy-li-A_dJOYpxEVU-unsplash-scaled.jpg","type":"image\/jpeg"}],"twitter_card":"summary_large_image","twitter_misc":{"Est. reading time":"2 minutes"},"schema":{"@context":"https:\/\/schema.org","@graph":[{"@type":"WebPage","@id":"https:\/\/tourisme-terrestouloises.com\/en\/billetterie\/","url":"https:\/\/tourisme-terrestouloises.com\/en\/billetterie\/","name":"Billetterie - Terres Touloises Tourist Office","isPartOf":{"@id":"https:\/\/tourisme-terrestouloises.com\/en\/#website"},"primaryImageOfPage":{"@id":"https:\/\/tourisme-terrestouloises.com\/en\/billetterie\/#primaryimage"},"image":{"@id":"https:\/\/tourisme-terrestouloises.com\/en\/billetterie\/#primaryimage"},"thumbnailUrl":"https:\/\/tourisme-terrestouloises.com\/wp-content\/uploads\/2025\/02\/andy-li-A_dJOYpxEVU-unsplash-scaled.jpg","datePublished":"2024-12-05T13:38:44+00:00","dateModified":"2025-06-26T13:09:23+00:00","description":"D\u00e9couvrez la billetterie de nos nombreuses visites guid\u00e9es entre nature et patrimoine, sur Toul et aux alentours !","breadcrumb":{"@id":"https:\/\/tourisme-terrestouloises.com\/en\/billetterie\/#breadcrumb"},"inLanguage":"en-US","potentialAction":[{"@type":"ReadAction","target":["https:\/\/tourisme-terrestouloises.com\/en\/billetterie\/"]}]},{"@type":"ImageObject","inLanguage":"en-US","@id":"https:\/\/tourisme-terrestouloises.com\/en\/billetterie\/#primaryimage","url":"https:\/\/tourisme-terrestouloises.com\/wp-content\/uploads\/2025\/02\/andy-li-A_dJOYpxEVU-unsplash-scaled.jpg","contentUrl":"https:\/\/tourisme-terrestouloises.com\/wp-content\/uploads\/2025\/02\/andy-li-A_dJOYpxEVU-unsplash-scaled.jpg","width":2560,"height":1707,"caption":"\u00a9Unsplash"},{"@type":"BreadcrumbList","@id":"https:\/\/tourisme-terrestouloises.com\/en\/billetterie\/#breadcrumb","itemListElement":[{"@type":"ListItem","position":1,"name":"Accueil","item":"https:\/\/tourisme-terrestouloises.com\/en\/"},{"@type":"ListItem","position":2,"name":"Billetterie"}]},{"@type":"WebSite","@id":"https:\/\/tourisme-terrestouloises.com\/en\/#website","url":"https:\/\/tourisme-terrestouloises.com\/en\/","name":"Terres Touloises Tourist Office","description":"Bienvenue en Terres Touloises","publisher":{"@id":"https:\/\/tourisme-terrestouloises.com\/en\/#organization"},"potentialAction":[{"@type":"SearchAction","target":{"@type":"EntryPoint","urlTemplate":"https:\/\/tourisme-terrestouloises.com\/en\/?s={search_term_string}"},"query-input":{"@type":"PropertyValueSpecification","valueRequired":true,"valueName":"search_term_string"}}],"inLanguage":"en-US"},{"@type":"Organization","@id":"https:\/\/tourisme-terrestouloises.com\/en\/#organization","name":"Terres Touloises Tourist Office","url":"https:\/\/tourisme-terrestouloises.com\/en\/","logo":{"@type":"ImageObject","inLanguage":"en-US","@id":"https:\/\/tourisme-terrestouloises.com\/en\/#\/schema\/logo\/image\/","url":"https:\/\/tourisme-terrestouloises.com\/wp-content\/uploads\/2021\/11\/TerresTouloises_Tourisme.svg","contentUrl":"https:\/\/tourisme-terrestouloises.com\/wp-content\/uploads\/2021\/11\/TerresTouloises_Tourisme.svg","width":126,"height":166,"caption":"Terres Touloises Tourist Office"},"image":{"@id":"https:\/\/tourisme-terrestouloises.com\/en\/#\/schema\/logo\/image\/"}}]}},"_links":{"self":[{"href":"https:\/\/tourisme-terrestouloises.com\/en\/wp-json\/wp\/v2\/pages\/524819","targetHints":{"allow":["GET"]}}],"collection":[{"href":"https:\/\/tourisme-terrestouloises.com\/en\/wp-json\/wp\/v2\/pages"}],"about":[{"href":"https:\/\/tourisme-terrestouloises.com\/en\/wp-json\/wp\/v2\/types\/page"}],"author":[{"embeddable":true,"href":"https:\/\/tourisme-terrestouloises.com\/en\/wp-json\/wp\/v2\/users\/13"}],"replies":[{"embeddable":true,"href":"https:\/\/tourisme-terrestouloises.com\/en\/wp-json\/wp\/v2\/comments?post=524819"}],"version-history":[{"count":45,"href":"https:\/\/tourisme-terrestouloises.com\/en\/wp-json\/wp\/v2\/pages\/524819\/revisions"}],"predecessor-version":[{"id":525726,"href":"https:\/\/tourisme-terrestouloises.com\/en\/wp-json\/wp\/v2\/pages\/524819\/revisions\/525726"}],"wp:featuredmedia":[{"embeddable":true,"href":"https:\/\/tourisme-terrestouloises.com\/en\/wp-json\/wp\/v2\/media\/525122"}],"wp:attachment":[{"href":"https:\/\/tourisme-terrestouloises.com\/en\/wp-json\/wp\/v2\/media?parent=524819"}],"curies":[{"name":"wp","href":"https:\/\/api.w.org\/{rel}","templated":true}]}}