{"id":525386,"date":"2025-04-09T17:05:57","date_gmt":"2025-04-09T15:05:57","guid":{"rendered":"https:\/\/tourisme-terrestouloises.com\/?page_id=525386"},"modified":"2025-04-11T12:20:37","modified_gmt":"2025-04-11T10:20:37","slug":"atelier-de-travail-velo","status":"publish","type":"page","link":"https:\/\/tourisme-terrestouloises.com\/en\/pro\/les-rendez-vous-pro\/atelier-de-travail-velo\/","title":{"rendered":"Atelier de travail v\u00e9lo"},"content":{"rendered":"\t\t<div data-elementor-type=\"wp-page\" data-elementor-id=\"525386\" class=\"elementor elementor-525386\" data-elementor-post-type=\"page\">\n\t\t\t\t\t\t<section class=\"elementor-section elementor-top-section elementor-element elementor-element-2be8e94 elementor-section-boxed elementor-section-height-default elementor-section-height-default\" data-id=\"2be8e94\" data-element_type=\"section\" data-e-type=\"section\">\n\t\t\t\t\t\t<div class=\"elementor-container elementor-column-gap-default\">\n\t\t\t\t\t<div class=\"elementor-column elementor-col-100 elementor-top-column elementor-element elementor-element-bd91330\" data-id=\"bd91330\" data-element_type=\"column\" data-e-type=\"column\">\n\t\t\t<div class=\"elementor-widget-wrap elementor-element-populated\">\n\t\t\t\t\t\t<div class=\"elementor-element elementor-element-2a114d9 elementor-widget elementor-widget-text-editor\" data-id=\"2a114d9\" data-element_type=\"widget\" data-e-type=\"widget\" data-widget_type=\"text-editor.default\">\n\t\t\t\t<div class=\"elementor-widget-container\">\n\t\t\t\t\t\t\t\t\t<p>L&#8217;atelier de travail v\u00e9lo a \u00e9t\u00e9 mise en place \u00e0 la suite des assises du tourisme 2025 consacr\u00e9es aux enjeux du tourisme \u00e0 v\u00e9lo.<\/p><p>Retrouvez sur cette page les compte-rendus des ateliers.<\/p>\t\t\t\t\t\t\t\t<\/div>\n\t\t\t\t<\/div>\n\t\t\t\t<div class=\"elementor-element elementor-element-e37c903 elementor-widget elementor-widget-text-editor\" data-id=\"e37c903\" data-element_type=\"widget\" data-e-type=\"widget\" data-widget_type=\"text-editor.default\">\n\t\t\t\t<div class=\"elementor-widget-container\">\n\t\t\t\t\t\t\t\t\t<p><a href=\"https:\/\/tourisme-terrestouloises.com\/pro\/les-rendez-vous-pro\/les-assises-du-tourisme\/\">Retrouvez ici les informations sur les Assises du tourisme 2025<\/a><\/p>\t\t\t\t\t\t\t\t<\/div>\n\t\t\t\t<\/div>\n\t\t\t\t\t<\/div>\n\t\t<\/div>\n\t\t\t\t\t<\/div>\n\t\t<\/section>\n\t\t\t\t<section class=\"elementor-section elementor-top-section elementor-element elementor-element-b0783ff elementor-section-boxed elementor-section-height-default elementor-section-height-default\" data-id=\"b0783ff\" data-element_type=\"section\" data-e-type=\"section\">\n\t\t\t\t\t\t<div class=\"elementor-container elementor-column-gap-default\">\n\t\t\t\t\t<div class=\"elementor-column elementor-col-66 elementor-top-column elementor-element elementor-element-365228a\" data-id=\"365228a\" data-element_type=\"column\" data-e-type=\"column\">\n\t\t\t<div class=\"elementor-widget-wrap elementor-element-populated\">\n\t\t\t\t\t\t<div class=\"elementor-element elementor-element-66e377c elementor-widget elementor-widget-image\" data-id=\"66e377c\" data-element_type=\"widget\" data-e-type=\"widget\" data-widget_type=\"image.default\">\n\t\t\t\t<div class=\"elementor-widget-container\">\n\t\t\t\t\t\t\t\t\t\t\t\t\t\t\t<img fetchpriority=\"high\" decoding=\"async\" width=\"640\" height=\"480\" src=\"https:\/\/tourisme-terrestouloises.com\/wp-content\/uploads\/2025\/04\/atelier_travail2025@HeleneAttenontValentin-1024x768.jpg\" class=\"attachment-large size-large wp-image-525388\" alt=\"\" srcset=\"https:\/\/tourisme-terrestouloises.com\/wp-content\/uploads\/2025\/04\/atelier_travail2025@HeleneAttenontValentin-1024x768.jpg 1024w, https:\/\/tourisme-terrestouloises.com\/wp-content\/uploads\/2025\/04\/atelier_travail2025@HeleneAttenontValentin-300x225.jpg 300w, https:\/\/tourisme-terrestouloises.com\/wp-content\/uploads\/2025\/04\/atelier_travail2025@HeleneAttenontValentin-768x576.jpg 768w, https:\/\/tourisme-terrestouloises.com\/wp-content\/uploads\/2025\/04\/atelier_travail2025@HeleneAttenontValentin-1536x1152.jpg 1536w, https:\/\/tourisme-terrestouloises.com\/wp-content\/uploads\/2025\/04\/atelier_travail2025@HeleneAttenontValentin-2048x1536.jpg 2048w, https:\/\/tourisme-terrestouloises.com\/wp-content\/uploads\/2025\/04\/atelier_travail2025@HeleneAttenontValentin-225x169.jpg 225w, https:\/\/tourisme-terrestouloises.com\/wp-content\/uploads\/2025\/04\/atelier_travail2025@HeleneAttenontValentin-24x18.jpg 24w, https:\/\/tourisme-terrestouloises.com\/wp-content\/uploads\/2025\/04\/atelier_travail2025@HeleneAttenontValentin-36x27.jpg 36w, https:\/\/tourisme-terrestouloises.com\/wp-content\/uploads\/2025\/04\/atelier_travail2025@HeleneAttenontValentin-48x36.jpg 48w\" sizes=\"(max-width: 640px) 100vw, 640px\" \/>\t\t\t\t\t\t\t\t\t\t\t\t\t\t\t<\/div>\n\t\t\t\t<\/div>\n\t\t\t\t\t<\/div>\n\t\t<\/div>\n\t\t\t\t<div class=\"elementor-column elementor-col-33 elementor-top-column elementor-element elementor-element-ac07ec7\" data-id=\"ac07ec7\" data-element_type=\"column\" data-e-type=\"column\">\n\t\t\t<div class=\"elementor-widget-wrap elementor-element-populated\">\n\t\t\t\t\t\t<div class=\"elementor-element elementor-element-8e52744 elementor-widget elementor-widget-spacer\" data-id=\"8e52744\" data-element_type=\"widget\" data-e-type=\"widget\" data-widget_type=\"spacer.default\">\n\t\t\t\t<div class=\"elementor-widget-container\">\n\t\t\t\t\t\t\t<div class=\"elementor-spacer\">\n\t\t\t<div class=\"elementor-spacer-inner\"><\/div>\n\t\t<\/div>\n\t\t\t\t\t\t<\/div>\n\t\t\t\t<\/div>\n\t\t\t\t<div class=\"elementor-element elementor-element-8d84d72 elementor-widget elementor-widget-spacer\" data-id=\"8d84d72\" data-element_type=\"widget\" data-e-type=\"widget\" data-widget_type=\"spacer.default\">\n\t\t\t\t<div class=\"elementor-widget-container\">\n\t\t\t\t\t\t\t<div class=\"elementor-spacer\">\n\t\t\t<div class=\"elementor-spacer-inner\"><\/div>\n\t\t<\/div>\n\t\t\t\t\t\t<\/div>\n\t\t\t\t<\/div>\n\t\t\t\t<div class=\"elementor-element elementor-element-1d32fa0 elementor-widget elementor-widget-text-editor\" data-id=\"1d32fa0\" data-element_type=\"widget\" data-e-type=\"widget\" data-widget_type=\"text-editor.default\">\n\t\t\t\t<div class=\"elementor-widget-container\">\n\t\t\t\t\t\t\t\t\t<p><a href=\"https:\/\/tourisme-terrestouloises.com\/wp-content\/uploads\/2025\/04\/2025.03.28_Atelier_velo.pdf\" target=\"_blank\" rel=\"noopener\">Atelier V\u00e9lo n\u00b01 : 28 mars 2025<\/a><\/p>\t\t\t\t\t\t\t\t<\/div>\n\t\t\t\t<\/div>\n\t\t\t\t\t<\/div>\n\t\t<\/div>\n\t\t\t\t\t<\/div>\n\t\t<\/section>\n\t\t\t\t<\/div>\n\t\t","protected":false},"excerpt":{"rendered":"<p>L&#8217;atelier de travail v\u00e9lo a \u00e9t\u00e9 mise en place \u00e0 la suite des assises du tourisme 2025 consacr\u00e9es aux enjeux du tourisme \u00e0 v\u00e9lo. Retrouvez sur cette page les compte-rendus des ateliers. Retrouvez ici les informations sur les Assises du tourisme 2025 Atelier V\u00e9lo n\u00b01 : 28 mars 2025<\/p>\n","protected":false},"author":13,"featured_media":0,"parent":525326,"menu_order":0,"comment_status":"closed","ping_status":"closed","template":"","meta":{"_acf_changed":false,"footnotes":""},"class_list":["post-525386","page","type-page","status-publish","hentry"],"acf":[],"yoast_head":"<!-- This site is optimized with the Yoast SEO plugin v27.3 - https:\/\/yoast.com\/product\/yoast-seo-wordpress\/ -->\n<title>Atelier de travail v\u00e9lo - Terres Touloises Tourist Office<\/title>\n<meta name=\"robots\" content=\"index, follow, max-snippet:-1, max-image-preview:large, max-video-preview:-1\" \/>\n<link rel=\"canonical\" href=\"https:\/\/tourisme-terrestouloises.com\/en\/pro\/les-rendez-vous-pro\/atelier-de-travail-velo\/\" \/>\n<meta property=\"og:locale\" content=\"en_US\" \/>\n<meta property=\"og:type\" content=\"article\" \/>\n<meta property=\"og:title\" content=\"Atelier de travail v\u00e9lo - Terres Touloises Tourist Office\" \/>\n<meta property=\"og:description\" content=\"L&#8217;atelier de travail v\u00e9lo a \u00e9t\u00e9 mise en place \u00e0 la suite des assises du tourisme 2025 consacr\u00e9es aux enjeux du tourisme \u00e0 v\u00e9lo. Retrouvez sur cette page les compte-rendus des ateliers. Retrouvez ici les informations sur les Assises du tourisme 2025 Atelier V\u00e9lo n\u00b01 : 28 mars 2025\" \/>\n<meta property=\"og:url\" content=\"https:\/\/tourisme-terrestouloises.com\/en\/pro\/les-rendez-vous-pro\/atelier-de-travail-velo\/\" \/>\n<meta property=\"og:site_name\" content=\"Terres Touloises Tourist Office\" \/>\n<meta property=\"article:modified_time\" content=\"2025-04-11T10:20:37+00:00\" \/>\n<meta property=\"og:image\" content=\"https:\/\/tourisme-terrestouloises.com\/wp-content\/uploads\/2025\/04\/atelier_travail2025@HeleneAttenontValentin-scaled.jpg\" \/>\n\t<meta property=\"og:image:width\" content=\"2560\" \/>\n\t<meta property=\"og:image:height\" content=\"1920\" \/>\n\t<meta property=\"og:image:type\" content=\"image\/jpeg\" \/>\n<meta name=\"twitter:card\" content=\"summary_large_image\" \/>\n<meta name=\"twitter:label1\" content=\"Est. reading time\" \/>\n\t<meta name=\"twitter:data1\" content=\"1 minute\" \/>\n<script type=\"application\/ld+json\" class=\"yoast-schema-graph\">{\"@context\":\"https:\\\/\\\/schema.org\",\"@graph\":[{\"@type\":\"WebPage\",\"@id\":\"https:\\\/\\\/tourisme-terrestouloises.com\\\/en\\\/pro\\\/les-rendez-vous-pro\\\/atelier-de-travail-velo\\\/\",\"url\":\"https:\\\/\\\/tourisme-terrestouloises.com\\\/en\\\/pro\\\/les-rendez-vous-pro\\\/atelier-de-travail-velo\\\/\",\"name\":\"Atelier de travail v\u00e9lo - Terres Touloises Tourist Office\",\"isPartOf\":{\"@id\":\"https:\\\/\\\/tourisme-terrestouloises.com\\\/en\\\/#website\"},\"primaryImageOfPage\":{\"@id\":\"https:\\\/\\\/tourisme-terrestouloises.com\\\/en\\\/pro\\\/les-rendez-vous-pro\\\/atelier-de-travail-velo\\\/#primaryimage\"},\"image\":{\"@id\":\"https:\\\/\\\/tourisme-terrestouloises.com\\\/en\\\/pro\\\/les-rendez-vous-pro\\\/atelier-de-travail-velo\\\/#primaryimage\"},\"thumbnailUrl\":\"https:\\\/\\\/tourisme-terrestouloises.com\\\/wp-content\\\/uploads\\\/2025\\\/04\\\/atelier_travail2025@HeleneAttenontValentin-1024x768.jpg\",\"datePublished\":\"2025-04-09T15:05:57+00:00\",\"dateModified\":\"2025-04-11T10:20:37+00:00\",\"breadcrumb\":{\"@id\":\"https:\\\/\\\/tourisme-terrestouloises.com\\\/en\\\/pro\\\/les-rendez-vous-pro\\\/atelier-de-travail-velo\\\/#breadcrumb\"},\"inLanguage\":\"en-US\",\"potentialAction\":[{\"@type\":\"ReadAction\",\"target\":[\"https:\\\/\\\/tourisme-terrestouloises.com\\\/en\\\/pro\\\/les-rendez-vous-pro\\\/atelier-de-travail-velo\\\/\"]}]},{\"@type\":\"ImageObject\",\"inLanguage\":\"en-US\",\"@id\":\"https:\\\/\\\/tourisme-terrestouloises.com\\\/en\\\/pro\\\/les-rendez-vous-pro\\\/atelier-de-travail-velo\\\/#primaryimage\",\"url\":\"https:\\\/\\\/tourisme-terrestouloises.com\\\/wp-content\\\/uploads\\\/2025\\\/04\\\/atelier_travail2025@HeleneAttenontValentin-1024x768.jpg\",\"contentUrl\":\"https:\\\/\\\/tourisme-terrestouloises.com\\\/wp-content\\\/uploads\\\/2025\\\/04\\\/atelier_travail2025@HeleneAttenontValentin-1024x768.jpg\"},{\"@type\":\"BreadcrumbList\",\"@id\":\"https:\\\/\\\/tourisme-terrestouloises.com\\\/en\\\/pro\\\/les-rendez-vous-pro\\\/atelier-de-travail-velo\\\/#breadcrumb\",\"itemListElement\":[{\"@type\":\"ListItem\",\"position\":1,\"name\":\"Accueil\",\"item\":\"https:\\\/\\\/tourisme-terrestouloises.com\\\/en\\\/\"},{\"@type\":\"ListItem\",\"position\":2,\"name\":\"Espace pro\",\"item\":\"https:\\\/\\\/tourisme-terrestouloises.com\\\/en\\\/pro\\\/\"},{\"@type\":\"ListItem\",\"position\":3,\"name\":\"Les Rendez-vous Pro\",\"item\":\"https:\\\/\\\/tourisme-terrestouloises.com\\\/en\\\/pro\\\/les-rendez-vous-pro\\\/\"},{\"@type\":\"ListItem\",\"position\":4,\"name\":\"Atelier de travail v\u00e9lo\"}]},{\"@type\":\"WebSite\",\"@id\":\"https:\\\/\\\/tourisme-terrestouloises.com\\\/en\\\/#website\",\"url\":\"https:\\\/\\\/tourisme-terrestouloises.com\\\/en\\\/\",\"name\":\"Terres Touloises Tourist Office\",\"description\":\"Bienvenue en Terres Touloises\",\"publisher\":{\"@id\":\"https:\\\/\\\/tourisme-terrestouloises.com\\\/en\\\/#organization\"},\"potentialAction\":[{\"@type\":\"SearchAction\",\"target\":{\"@type\":\"EntryPoint\",\"urlTemplate\":\"https:\\\/\\\/tourisme-terrestouloises.com\\\/en\\\/?s={search_term_string}\"},\"query-input\":{\"@type\":\"PropertyValueSpecification\",\"valueRequired\":true,\"valueName\":\"search_term_string\"}}],\"inLanguage\":\"en-US\"},{\"@type\":\"Organization\",\"@id\":\"https:\\\/\\\/tourisme-terrestouloises.com\\\/en\\\/#organization\",\"name\":\"Terres Touloises Tourist Office\",\"url\":\"https:\\\/\\\/tourisme-terrestouloises.com\\\/en\\\/\",\"logo\":{\"@type\":\"ImageObject\",\"inLanguage\":\"en-US\",\"@id\":\"https:\\\/\\\/tourisme-terrestouloises.com\\\/en\\\/#\\\/schema\\\/logo\\\/image\\\/\",\"url\":\"https:\\\/\\\/tourisme-terrestouloises.com\\\/wp-content\\\/uploads\\\/2021\\\/11\\\/TerresTouloises_Tourisme.svg\",\"contentUrl\":\"https:\\\/\\\/tourisme-terrestouloises.com\\\/wp-content\\\/uploads\\\/2021\\\/11\\\/TerresTouloises_Tourisme.svg\",\"width\":126,\"height\":166,\"caption\":\"Terres Touloises Tourist Office\"},\"image\":{\"@id\":\"https:\\\/\\\/tourisme-terrestouloises.com\\\/en\\\/#\\\/schema\\\/logo\\\/image\\\/\"}}]}<\/script>\n<!-- \/ Yoast SEO plugin. -->","yoast_head_json":{"title":"Atelier de travail v\u00e9lo - Terres Touloises Tourist Office","robots":{"index":"index","follow":"follow","max-snippet":"max-snippet:-1","max-image-preview":"max-image-preview:large","max-video-preview":"max-video-preview:-1"},"canonical":"https:\/\/tourisme-terrestouloises.com\/en\/pro\/les-rendez-vous-pro\/atelier-de-travail-velo\/","og_locale":"en_US","og_type":"article","og_title":"Atelier de travail v\u00e9lo - Terres Touloises Tourist Office","og_description":"L&#8217;atelier de travail v\u00e9lo a \u00e9t\u00e9 mise en place \u00e0 la suite des assises du tourisme 2025 consacr\u00e9es aux enjeux du tourisme \u00e0 v\u00e9lo. Retrouvez sur cette page les compte-rendus des ateliers. Retrouvez ici les informations sur les Assises du tourisme 2025 Atelier V\u00e9lo n\u00b01 : 28 mars 2025","og_url":"https:\/\/tourisme-terrestouloises.com\/en\/pro\/les-rendez-vous-pro\/atelier-de-travail-velo\/","og_site_name":"Terres Touloises Tourist Office","article_modified_time":"2025-04-11T10:20:37+00:00","og_image":[{"width":2560,"height":1920,"url":"https:\/\/tourisme-terrestouloises.com\/wp-content\/uploads\/2025\/04\/atelier_travail2025@HeleneAttenontValentin-scaled.jpg","type":"image\/jpeg"}],"twitter_card":"summary_large_image","twitter_misc":{"Est. reading time":"1 minute"},"schema":{"@context":"https:\/\/schema.org","@graph":[{"@type":"WebPage","@id":"https:\/\/tourisme-terrestouloises.com\/en\/pro\/les-rendez-vous-pro\/atelier-de-travail-velo\/","url":"https:\/\/tourisme-terrestouloises.com\/en\/pro\/les-rendez-vous-pro\/atelier-de-travail-velo\/","name":"Atelier de travail v\u00e9lo - Terres Touloises Tourist Office","isPartOf":{"@id":"https:\/\/tourisme-terrestouloises.com\/en\/#website"},"primaryImageOfPage":{"@id":"https:\/\/tourisme-terrestouloises.com\/en\/pro\/les-rendez-vous-pro\/atelier-de-travail-velo\/#primaryimage"},"image":{"@id":"https:\/\/tourisme-terrestouloises.com\/en\/pro\/les-rendez-vous-pro\/atelier-de-travail-velo\/#primaryimage"},"thumbnailUrl":"https:\/\/tourisme-terrestouloises.com\/wp-content\/uploads\/2025\/04\/atelier_travail2025@HeleneAttenontValentin-1024x768.jpg","datePublished":"2025-04-09T15:05:57+00:00","dateModified":"2025-04-11T10:20:37+00:00","breadcrumb":{"@id":"https:\/\/tourisme-terrestouloises.com\/en\/pro\/les-rendez-vous-pro\/atelier-de-travail-velo\/#breadcrumb"},"inLanguage":"en-US","potentialAction":[{"@type":"ReadAction","target":["https:\/\/tourisme-terrestouloises.com\/en\/pro\/les-rendez-vous-pro\/atelier-de-travail-velo\/"]}]},{"@type":"ImageObject","inLanguage":"en-US","@id":"https:\/\/tourisme-terrestouloises.com\/en\/pro\/les-rendez-vous-pro\/atelier-de-travail-velo\/#primaryimage","url":"https:\/\/tourisme-terrestouloises.com\/wp-content\/uploads\/2025\/04\/atelier_travail2025@HeleneAttenontValentin-1024x768.jpg","contentUrl":"https:\/\/tourisme-terrestouloises.com\/wp-content\/uploads\/2025\/04\/atelier_travail2025@HeleneAttenontValentin-1024x768.jpg"},{"@type":"BreadcrumbList","@id":"https:\/\/tourisme-terrestouloises.com\/en\/pro\/les-rendez-vous-pro\/atelier-de-travail-velo\/#breadcrumb","itemListElement":[{"@type":"ListItem","position":1,"name":"Accueil","item":"https:\/\/tourisme-terrestouloises.com\/en\/"},{"@type":"ListItem","position":2,"name":"Espace pro","item":"https:\/\/tourisme-terrestouloises.com\/en\/pro\/"},{"@type":"ListItem","position":3,"name":"Les Rendez-vous Pro","item":"https:\/\/tourisme-terrestouloises.com\/en\/pro\/les-rendez-vous-pro\/"},{"@type":"ListItem","position":4,"name":"Atelier de travail v\u00e9lo"}]},{"@type":"WebSite","@id":"https:\/\/tourisme-terrestouloises.com\/en\/#website","url":"https:\/\/tourisme-terrestouloises.com\/en\/","name":"Terres Touloises Tourist Office","description":"Bienvenue en Terres Touloises","publisher":{"@id":"https:\/\/tourisme-terrestouloises.com\/en\/#organization"},"potentialAction":[{"@type":"SearchAction","target":{"@type":"EntryPoint","urlTemplate":"https:\/\/tourisme-terrestouloises.com\/en\/?s={search_term_string}"},"query-input":{"@type":"PropertyValueSpecification","valueRequired":true,"valueName":"search_term_string"}}],"inLanguage":"en-US"},{"@type":"Organization","@id":"https:\/\/tourisme-terrestouloises.com\/en\/#organization","name":"Terres Touloises Tourist Office","url":"https:\/\/tourisme-terrestouloises.com\/en\/","logo":{"@type":"ImageObject","inLanguage":"en-US","@id":"https:\/\/tourisme-terrestouloises.com\/en\/#\/schema\/logo\/image\/","url":"https:\/\/tourisme-terrestouloises.com\/wp-content\/uploads\/2021\/11\/TerresTouloises_Tourisme.svg","contentUrl":"https:\/\/tourisme-terrestouloises.com\/wp-content\/uploads\/2021\/11\/TerresTouloises_Tourisme.svg","width":126,"height":166,"caption":"Terres Touloises Tourist Office"},"image":{"@id":"https:\/\/tourisme-terrestouloises.com\/en\/#\/schema\/logo\/image\/"}}]}},"_links":{"self":[{"href":"https:\/\/tourisme-terrestouloises.com\/en\/wp-json\/wp\/v2\/pages\/525386","targetHints":{"allow":["GET"]}}],"collection":[{"href":"https:\/\/tourisme-terrestouloises.com\/en\/wp-json\/wp\/v2\/pages"}],"about":[{"href":"https:\/\/tourisme-terrestouloises.com\/en\/wp-json\/wp\/v2\/types\/page"}],"author":[{"embeddable":true,"href":"https:\/\/tourisme-terrestouloises.com\/en\/wp-json\/wp\/v2\/users\/13"}],"replies":[{"embeddable":true,"href":"https:\/\/tourisme-terrestouloises.com\/en\/wp-json\/wp\/v2\/comments?post=525386"}],"version-history":[{"count":13,"href":"https:\/\/tourisme-terrestouloises.com\/en\/wp-json\/wp\/v2\/pages\/525386\/revisions"}],"predecessor-version":[{"id":525431,"href":"https:\/\/tourisme-terrestouloises.com\/en\/wp-json\/wp\/v2\/pages\/525386\/revisions\/525431"}],"up":[{"embeddable":true,"href":"https:\/\/tourisme-terrestouloises.com\/en\/wp-json\/wp\/v2\/pages\/525326"}],"wp:attachment":[{"href":"https:\/\/tourisme-terrestouloises.com\/en\/wp-json\/wp\/v2\/media?parent=525386"}],"curies":[{"name":"wp","href":"https:\/\/api.w.org\/{rel}","templated":true}]}}